{"id":29160,"date":"2024-07-02T18:05:25","date_gmt":"2024-07-02T17:05:25","guid":{"rendered":"https:\/\/docmarket-dz.com\/?post_type=product&#038;p=29160"},"modified":"2025-12-18T13:19:02","modified_gmt":"2025-12-18T12:19:02","slug":"microperfuseur-a-ailettes-epicranienne-vaccu-21g-draina","status":"publish","type":"product","link":"https:\/\/docmarket-dz.com\/index.php\/product\/microperfuseur-a-ailettes-epicranienne-vaccu-21g-draina\/","title":{"rendered":"Microperfuseur \u00e0 ailettes &#8211; EPICRANIENNE VACCU 21G &#8211; DRAINA"},"content":{"rendered":"","protected":false},"excerpt":{"rendered":"","protected":false},"featured_media":29162,"comment_status":"open","ping_status":"closed","template":"","meta":{"content-type":"","om_disable_all_campaigns":false,"_uf_show_specific_survey":0,"_uf_disable_surveys":false,"jetpack_publicize_message":"","jetpack_publicize_feature_enabled":true,"jetpack_social_post_already_shared":true,"jetpack_social_options":{"image_generator_settings":{"template":"highway","default_image_id":0,"font":"","enabled":false},"version":2}},"product_brand":[],"product_cat":[487],"product_tag":[],"class_list":{"0":"post-29160","1":"product","2":"type-product","3":"status-publish","4":"has-post-thumbnail","6":"product_cat-medical","8":"first","9":"onbackorder","10":"purchasable","11":"product-type-simple"},"supplier_id":24810,"supplier_sku":"","barcode":null,"atum_controlled":true,"out_stock_date":"2025-12-18 13:19:03","out_stock_threshold":null,"inheritable":false,"inbound_stock":0,"stock_on_hold":0,"sold_today":0,"sales_last_days":0,"reserved_stock":0,"customer_returns":0,"warehouse_damage":0,"lost_in_post":0,"other_logs":0,"out_stock_days":118,"lost_sales":0,"has_location":false,"update_date":"2026-04-16T00:08:00","atum_locations":[],"atum_stock_status":"onbackorder","restock_status":false,"low_stock_amount":"","sales_update_date":"2026-04-16T00:08:00","calc_backorders":0,"aioseo_notices":[],"jetpack_publicize_connections":[],"jetpack-related-posts":[{"id":29095,"url":"https:\/\/docmarket-dz.com\/index.php\/product\/microperfuseur-a-ailettes-epicranienne-vaccu-21g-kdm\/","url_meta":{"origin":29160,"position":0},"title":"Microperfuseur \u00e0 ailettes &#8211; EPICRANIENNE VACCU 21G &#8211; KDM\u00ae","author":"Sofiane Arbouche","date":"20\/06\/2024","format":false,"excerpt":"","rel":"","context":"Article similaire","block_context":{"text":"Article similaire","link":""},"img":{"alt_text":"","src":"https:\/\/i0.wp.com\/docmarket-dz.com\/wp-content\/uploads\/2024\/06\/Sans-titre-3.png?fit=201%2C251&ssl=1&resize=350%2C200","width":350,"height":200},"classes":[]},{"id":26148,"url":"https:\/\/docmarket-dz.com\/index.php\/product\/microperfuseur-a-ailettes-epicranienne-vaccu-23g-nipro\/","url_meta":{"origin":29160,"position":1},"title":"Microperfuseur \u00e0 ailettes &#8211; EPICRANIENNE VACCU 23G NIPRO &#8211; Boite de 100 unit\u00e9s","author":"falek.h","date":"12\/03\/2023","format":false,"excerpt":"","rel":"","context":"Article similaire","block_context":{"text":"Article similaire","link":""},"img":{"alt_text":"","src":"https:\/\/i0.wp.com\/docmarket-dz.com\/wp-content\/uploads\/2023\/03\/Sans-titre.png?fit=201%2C251&ssl=1&resize=350%2C200","width":350,"height":200},"classes":[]},{"id":28737,"url":"https:\/\/docmarket-dz.com\/index.php\/product\/aerateur-transtympanique-shepard-drain-transtympanique-tube-t\/","url_meta":{"origin":29160,"position":2},"title":"A\u00e9rateur transtympanique \u201d Drain transtympanique \u201c TUBE T","author":"fatmazohra.nasri","date":"31\/03\/2024","format":false,"excerpt":"Les a\u00e9rateurs transtympaniques se placent \u00e0 travers la membrane tympanique et procurent une a\u00e9ration entre l\u2019oreille moyenne et le conduit auditif externe.Ce passage non obstru\u00e9 permet \u00e9galement le drainage des liquides, r\u00e9sultant de l\u2019otite moyenne aig\u00fce ou chronique. Par ailleurs, le placement chirurgical d\u2019un a\u00e9rateur transtympanique permet d\u2019\u00e9quilibrer les pressions\u2026","rel":"","context":"Article similaire","block_context":{"text":"Article similaire","link":""},"img":{"alt_text":"","src":"https:\/\/i0.wp.com\/docmarket-dz.com\/wp-content\/uploads\/2024\/03\/T-Tube.png?fit=647%2C601&ssl=1&resize=350%2C200","width":350,"height":200,"srcset":"https:\/\/i0.wp.com\/docmarket-dz.com\/wp-content\/uploads\/2024\/03\/T-Tube.png?fit=647%2C601&ssl=1&resize=350%2C200 1x, https:\/\/i0.wp.com\/docmarket-dz.com\/wp-content\/uploads\/2024\/03\/T-Tube.png?fit=647%2C601&ssl=1&resize=525%2C300 1.5x"},"classes":[]},{"id":26196,"url":"https:\/\/docmarket-dz.com\/index.php\/product\/microperfuseur-g22-n\/","url_meta":{"origin":29160,"position":3},"title":"MICROPERFUSEUR G22 (N)","author":"falek.h","date":"12\/03\/2023","format":false,"excerpt":"","rel":"","context":"Article similaire","block_context":{"text":"Article similaire","link":""},"img":{"alt_text":"","src":"https:\/\/i0.wp.com\/docmarket-dz.com\/wp-content\/uploads\/2023\/03\/MICROPERFUSEUR-G22-N-e1680440235618.jpg?fit=600%2C600&ssl=1&resize=350%2C200","width":350,"height":200,"srcset":"https:\/\/i0.wp.com\/docmarket-dz.com\/wp-content\/uploads\/2023\/03\/MICROPERFUSEUR-G22-N-e1680440235618.jpg?fit=600%2C600&ssl=1&resize=350%2C200 1x, https:\/\/i0.wp.com\/docmarket-dz.com\/wp-content\/uploads\/2023\/03\/MICROPERFUSEUR-G22-N-e1680440235618.jpg?fit=600%2C600&ssl=1&resize=525%2C300 1.5x"},"classes":[]},{"id":26193,"url":"https:\/\/docmarket-dz.com\/index.php\/product\/microperfuseur-g19-jc\/","url_meta":{"origin":29160,"position":4},"title":"MICROPERFUSEUR G19 (JC)","author":"falek.h","date":"12\/03\/2023","format":false,"excerpt":"","rel":"","context":"Article similaire","block_context":{"text":"Article similaire","link":""},"img":{"alt_text":"","src":"https:\/\/i0.wp.com\/docmarket-dz.com\/wp-content\/uploads\/2023\/03\/MICROPERFUSEUR-G19.jpg?fit=458%2C458&ssl=1&resize=350%2C200","width":350,"height":200},"classes":[]},{"id":26194,"url":"https:\/\/docmarket-dz.com\/index.php\/product\/microperfuseur-g20-jf\/","url_meta":{"origin":29160,"position":5},"title":"MICROPERFUSEUR G20 (JF)","author":"falek.h","date":"12\/03\/2023","format":false,"excerpt":"","rel":"","context":"Article similaire","block_context":{"text":"Article similaire","link":""},"img":{"alt_text":"","src":"https:\/\/i0.wp.com\/docmarket-dz.com\/wp-content\/uploads\/2023\/03\/MICROPERFUSEUR-G20-JF-e1680440369263.jpg?fit=462%2C600&ssl=1&resize=350%2C200","width":350,"height":200},"classes":[]}],"jetpack_sharing_enabled":true,"tiered_pricing_type":"fixed","tiered_pricing_fixed_rules":[],"tiered_pricing_product_settings":{"layout":"default","base_unit_name":{"singular":null,"plural":null},"default_variation":null},"tiered_pricing_minimum_quantity":null,"tiered_pricing_roles_data":[],"tiered_pricing_percentage_rules":[],"_links":{"self":[{"href":"https:\/\/docmarket-dz.com\/index.php\/wp-json\/wp\/v2\/product\/29160","targetHints":{"allow":["GET"]}}],"collection":[{"href":"https:\/\/docmarket-dz.com\/index.php\/wp-json\/wp\/v2\/product"}],"about":[{"href":"https:\/\/docmarket-dz.com\/index.php\/wp-json\/wp\/v2\/types\/product"}],"replies":[{"embeddable":true,"href":"https:\/\/docmarket-dz.com\/index.php\/wp-json\/wp\/v2\/comments?post=29160"}],"wp:featuredmedia":[{"embeddable":true,"href":"https:\/\/docmarket-dz.com\/index.php\/wp-json\/wp\/v2\/media\/29162"}],"wp:attachment":[{"href":"https:\/\/docmarket-dz.com\/index.php\/wp-json\/wp\/v2\/media?parent=29160"}],"wp:term":[{"taxonomy":"product_brand","embeddable":true,"href":"https:\/\/docmarket-dz.com\/index.php\/wp-json\/wp\/v2\/product_brand?post=29160"},{"taxonomy":"product_cat","embeddable":true,"href":"https:\/\/docmarket-dz.com\/index.php\/wp-json\/wp\/v2\/product_cat?post=29160"},{"taxonomy":"product_tag","embeddable":true,"href":"https:\/\/docmarket-dz.com\/index.php\/wp-json\/wp\/v2\/product_tag?post=29160"}],"curies":[{"name":"wp","href":"https:\/\/api.w.org\/{rel}","templated":true}]}}