{"id":29167,"date":"2024-07-03T12:56:42","date_gmt":"2024-07-03T11:56:42","guid":{"rendered":"https:\/\/docmarket-dz.com\/?post_type=product&#038;p=29167"},"modified":"2025-12-17T23:00:27","modified_gmt":"2025-12-17T22:00:27","slug":"parure-de-drap-3-piece-non-tisse-blanc-adulte","status":"publish","type":"product","link":"https:\/\/docmarket-dz.com\/index.php\/product\/parure-de-drap-3-piece-non-tisse-blanc-adulte\/","title":{"rendered":"Parure De Drap 3 Pi\u00e8ce Non tiss\u00e9   Blanc Adulte"},"content":{"rendered":"","protected":false},"excerpt":{"rendered":"","protected":false},"featured_media":28684,"comment_status":"open","ping_status":"closed","template":"","meta":{"content-type":"","om_disable_all_campaigns":false,"_uf_show_specific_survey":0,"_uf_disable_surveys":false,"jetpack_publicize_message":"","jetpack_publicize_feature_enabled":true,"jetpack_social_post_already_shared":true,"jetpack_social_options":{"image_generator_settings":{"template":"highway","default_image_id":0,"font":"","enabled":false},"version":2}},"product_brand":[],"product_cat":[904,487],"product_tag":[],"class_list":{"0":"post-29167","1":"product","2":"type-product","3":"status-publish","4":"has-post-thumbnail","6":"product_cat-literie","7":"product_cat-medical","9":"first","10":"instock","11":"taxable","12":"shipping-taxable","13":"purchasable","14":"product-type-simple"},"supplier_id":null,"supplier_sku":"","barcode":null,"atum_controlled":true,"out_stock_date":null,"out_stock_threshold":null,"inheritable":false,"inbound_stock":80,"stock_on_hold":0,"sold_today":0,"sales_last_days":0,"reserved_stock":0,"customer_returns":0,"warehouse_damage":0,"lost_in_post":0,"other_logs":0,"out_stock_days":0,"lost_sales":0,"has_location":true,"update_date":"2026-04-10T00:05:05","atum_locations":[{"id":948,"name":"D","slug":"d"}],"atum_stock_status":"instock","restock_status":false,"low_stock_amount":"","sales_update_date":"2026-04-10T00:05:05","calc_backorders":0,"aioseo_notices":[],"jetpack_publicize_connections":[],"jetpack-related-posts":[{"id":30424,"url":"https:\/\/docmarket-dz.com\/index.php\/product\/drap-de-consultation-blanc-non-tisse-64-cm-x-27-metre\/","url_meta":{"origin":29167,"position":0},"title":"Drap de consultation blanc  non tisse  64 CM x 27 m\u00e8tre","author":"Amel","date":"28\/10\/2025","format":false,"excerpt":"","rel":"","context":"Article similaire","block_context":{"text":"Article similaire","link":""},"img":{"alt_text":"","src":"","width":0,"height":0},"classes":[]},{"id":28661,"url":"https:\/\/docmarket-dz.com\/index.php\/product\/couette-en-fibre-silicone\/","url_meta":{"origin":29167,"position":1},"title":"Parure de draps (3 pi\u00e8ces)","author":"TIKELALINE Amel","date":"20\/03\/2024","format":false,"excerpt":"Parure de draps (3 pi\u00e8ces) 01 Places Dim:240\/150 Drap housse 0.90\/190 Drap plat 240\/150 1 Taies d'oreiller 50\/70","rel":"","context":"Article similaire","block_context":{"text":"Article similaire","link":""},"img":{"alt_text":"","src":"https:\/\/i0.wp.com\/docmarket-dz.com\/wp-content\/uploads\/2024\/03\/20240321_154348-002-Photoroom.png-Photoroom.jpg?fit=597%2C671&ssl=1&resize=350%2C200","width":350,"height":200,"srcset":"https:\/\/i0.wp.com\/docmarket-dz.com\/wp-content\/uploads\/2024\/03\/20240321_154348-002-Photoroom.png-Photoroom.jpg?fit=597%2C671&ssl=1&resize=350%2C200 1x, https:\/\/i0.wp.com\/docmarket-dz.com\/wp-content\/uploads\/2024\/03\/20240321_154348-002-Photoroom.png-Photoroom.jpg?fit=597%2C671&ssl=1&resize=525%2C300 1.5x"},"classes":[]},{"id":25251,"url":"https:\/\/docmarket-dz.com\/index.php\/product\/draps-jetables-en-non-tisse-160cm-x-240-cm\/","url_meta":{"origin":29167,"position":2},"title":"Draps jetables en non tiss\u00e9 (160cm x 210 cm)","author":"falek.h","date":"28\/02\/2023","format":false,"excerpt":"","rel":"","context":"Article similaire","block_context":{"text":"Article similaire","link":""},"img":{"alt_text":"","src":"https:\/\/i0.wp.com\/docmarket-dz.com\/wp-content\/uploads\/2023\/02\/DRA.jpg?fit=800%2C336&ssl=1&resize=350%2C200","width":350,"height":200,"srcset":"https:\/\/i0.wp.com\/docmarket-dz.com\/wp-content\/uploads\/2023\/02\/DRA.jpg?fit=800%2C336&ssl=1&resize=350%2C200 1x, https:\/\/i0.wp.com\/docmarket-dz.com\/wp-content\/uploads\/2023\/02\/DRA.jpg?fit=800%2C336&ssl=1&resize=525%2C300 1.5x, https:\/\/i0.wp.com\/docmarket-dz.com\/wp-content\/uploads\/2023\/02\/DRA.jpg?fit=800%2C336&ssl=1&resize=700%2C400 2x"},"classes":[]},{"id":29493,"url":"https:\/\/docmarket-dz.com\/index.php\/product\/drap-de-consultation-bleu-non-tisse-27-cm-64-cm\/","url_meta":{"origin":29167,"position":3},"title":"Drap de consultation bleu non tisse  65 CM x 40 M","author":"Sofiane Arbouche","date":"06\/10\/2024","format":false,"excerpt":"","rel":"","context":"Article similaire","block_context":{"text":"Article similaire","link":""},"img":{"alt_text":"","src":"","width":0,"height":0},"classes":[]},{"id":30179,"url":"https:\/\/docmarket-dz.com\/index.php\/product\/drap-de-consultation-bleu-non-tisse-80-cm-x-80-metre\/","url_meta":{"origin":29167,"position":4},"title":"Drap de consultation bleu non tisse  80 CM x 80 metre","author":"Sofiane Arbouche","date":"21\/06\/2025","format":false,"excerpt":"Caract\u00e9ristiques principales : Dimensions : 80 cm de largeur sur 80 m\u00e8tres de longueur, adapt\u00e9 aux tables d'examen standard. Mat\u00e9riau : non tiss\u00e9, offrant une bonne r\u00e9sistance et un confort pour le patient. Couleur : bleu, souvent utilis\u00e9e dans les environnements m\u00e9dicaux pour son aspect professionnel et apaisant. Utilisation :\u2026","rel":"","context":"Article similaire","block_context":{"text":"Article similaire","link":""},"img":{"alt_text":"","src":"","width":0,"height":0},"classes":[]},{"id":30036,"url":"https:\/\/docmarket-dz.com\/index.php\/product\/drap-de-consultation-bleu-non-tisse-80-cm-x-40-metre\/","url_meta":{"origin":29167,"position":5},"title":"Drap de consultation bleu non tisse  80 CM x 40 metre","author":"Sofiane Arbouche","date":"18\/04\/2025","format":false,"excerpt":"Caract\u00e9ristiques principales : Dimensions : 80 cm de largeur sur 40 m\u00e8tres de longueur, adapt\u00e9 aux tables d'examen standard. Mat\u00e9riau : non tiss\u00e9, offrant une bonne r\u00e9sistance et un confort pour le patient. Couleur : bleu, souvent utilis\u00e9e dans les environnements m\u00e9dicaux pour son aspect professionnel et apaisant. Utilisation :\u2026","rel":"","context":"Article similaire","block_context":{"text":"Article similaire","link":""},"img":{"alt_text":"","src":"","width":0,"height":0},"classes":[]}],"jetpack_sharing_enabled":true,"tiered_pricing_type":"fixed","tiered_pricing_fixed_rules":[],"tiered_pricing_product_settings":{"layout":"default","base_unit_name":{"singular":null,"plural":null},"default_variation":null},"tiered_pricing_minimum_quantity":null,"tiered_pricing_roles_data":[],"tiered_pricing_percentage_rules":[],"_links":{"self":[{"href":"https:\/\/docmarket-dz.com\/index.php\/wp-json\/wp\/v2\/product\/29167","targetHints":{"allow":["GET"]}}],"collection":[{"href":"https:\/\/docmarket-dz.com\/index.php\/wp-json\/wp\/v2\/product"}],"about":[{"href":"https:\/\/docmarket-dz.com\/index.php\/wp-json\/wp\/v2\/types\/product"}],"replies":[{"embeddable":true,"href":"https:\/\/docmarket-dz.com\/index.php\/wp-json\/wp\/v2\/comments?post=29167"}],"wp:featuredmedia":[{"embeddable":true,"href":"https:\/\/docmarket-dz.com\/index.php\/wp-json\/wp\/v2\/media\/28684"}],"wp:attachment":[{"href":"https:\/\/docmarket-dz.com\/index.php\/wp-json\/wp\/v2\/media?parent=29167"}],"wp:term":[{"taxonomy":"product_brand","embeddable":true,"href":"https:\/\/docmarket-dz.com\/index.php\/wp-json\/wp\/v2\/product_brand?post=29167"},{"taxonomy":"product_cat","embeddable":true,"href":"https:\/\/docmarket-dz.com\/index.php\/wp-json\/wp\/v2\/product_cat?post=29167"},{"taxonomy":"product_tag","embeddable":true,"href":"https:\/\/docmarket-dz.com\/index.php\/wp-json\/wp\/v2\/product_tag?post=29167"}],"curies":[{"name":"wp","href":"https:\/\/api.w.org\/{rel}","templated":true}]}}