{"id":29179,"date":"2024-07-10T10:39:45","date_gmt":"2024-07-10T09:39:45","guid":{"rendered":"https:\/\/docmarket-dz.com\/?post_type=product&#038;p=29179"},"modified":"2025-04-16T14:43:42","modified_gmt":"2025-04-16T13:43:42","slug":"gant-nitril-box-de-100-unite-exam-gloves","status":"publish","type":"product","link":"https:\/\/docmarket-dz.com\/index.php\/product\/gant-nitril-box-de-100-unite-exam-gloves\/","title":{"rendered":"Gant NITRIL- Box de 100 unit\u00e9-EXAM GLOVES"},"content":{"rendered":"<p><strong>Gants d\u2019examen en Nitrile (boite de 100 unit\u00e9s) :<\/strong><\/p>\n<ul>\n<li>Non st\u00e9rile<\/li>\n<li>Ambidextre<\/li>\n<li>Usage unique<\/li>\n<\/ul>\n","protected":false},"excerpt":{"rendered":"<p>Gants d\u2019examen en Nitrile (boite de 100 unit\u00e9s) : Non st\u00e9rile Ambidextre Usage unique<\/p>\n","protected":false},"featured_media":29183,"comment_status":"open","ping_status":"closed","template":"","meta":{"content-type":"","om_disable_all_campaigns":false,"_uf_show_specific_survey":0,"_uf_disable_surveys":false,"jetpack_publicize_message":"","jetpack_publicize_feature_enabled":true,"jetpack_social_post_already_shared":true,"jetpack_social_options":{"image_generator_settings":{"template":"highway","default_image_id":0,"font":"","enabled":false},"version":2}},"product_brand":[],"product_cat":[487],"product_tag":[],"class_list":{"0":"post-29179","1":"product","2":"type-product","3":"status-publish","4":"has-post-thumbnail","6":"product_cat-medical","8":"first","9":"instock","10":"featured","11":"taxable","12":"shipping-taxable","13":"purchasable","14":"product-type-variable"},"supplier_id":null,"supplier_sku":"","barcode":null,"atum_controlled":true,"out_stock_date":null,"out_stock_threshold":null,"inheritable":true,"inbound_stock":0,"stock_on_hold":0,"sold_today":0,"sales_last_days":0,"reserved_stock":0,"customer_returns":0,"warehouse_damage":0,"lost_in_post":0,"other_logs":0,"out_stock_days":0,"lost_sales":0,"has_location":true,"update_date":"2026-04-16T00:07:55","atum_locations":[{"id":921,"name":"A","slug":"a"}],"atum_stock_status":"instock","restock_status":false,"low_stock_amount":"","sales_update_date":"2026-04-16T00:07:55","calc_backorders":null,"aioseo_notices":[],"jetpack_publicize_connections":[],"jetpack-related-posts":[{"id":29077,"url":"https:\/\/docmarket-dz.com\/index.php\/product\/gant-nitril-box-de-100-unite-medcare\/","url_meta":{"origin":29179,"position":0},"title":"Gant NITRIL- Box de 100 unit\u00e9-MEDCARE","author":"Sofiane Arbouche","date":"19\/06\/2024","format":false,"excerpt":"Gants d\u2019examen en Nitrile (boite de 100 unit\u00e9s) : Non st\u00e9rile Ambidextre Usage unique","rel":"","context":"Article similaire","block_context":{"text":"Article similaire","link":""},"img":{"alt_text":"","src":"https:\/\/i0.wp.com\/docmarket-dz.com\/wp-content\/uploads\/2024\/06\/Sans-titre-1.png?fit=225%2C225&ssl=1&resize=350%2C200","width":350,"height":200},"classes":[]},{"id":27635,"url":"https:\/\/docmarket-dz.com\/index.php\/product\/gant-nitril-box-de-100-unite-maxwell\/","url_meta":{"origin":29179,"position":1},"title":"Gant NITRIL  &#8211; Box de 100 unit\u00e9-MAXWELL","author":"Somia Belmadani","date":"26\/10\/2023","format":false,"excerpt":"Gants d\u2019examen en latex (boite de 100 unit\u00e9s) : Non st\u00e9rile Ambidextre Usage unique L\u00e9g\u00e8rement poudr\u00e9e","rel":"","context":"Article similaire","block_context":{"text":"Article similaire","link":""},"img":{"alt_text":"","src":"https:\/\/i0.wp.com\/docmarket-dz.com\/wp-content\/uploads\/2023\/10\/fewr-1-e1697710044629.jpg?fit=600%2C501&ssl=1&resize=350%2C200","width":350,"height":200,"srcset":"https:\/\/i0.wp.com\/docmarket-dz.com\/wp-content\/uploads\/2023\/10\/fewr-1-e1697710044629.jpg?fit=600%2C501&ssl=1&resize=350%2C200 1x, https:\/\/i0.wp.com\/docmarket-dz.com\/wp-content\/uploads\/2023\/10\/fewr-1-e1697710044629.jpg?fit=600%2C501&ssl=1&resize=525%2C300 1.5x"},"classes":[]},{"id":30768,"url":"https:\/\/docmarket-dz.com\/index.php\/product\/gant-nitril-floreo-bleu-s\/","url_meta":{"origin":29179,"position":2},"title":"Gant NITRIL FLOREO BLEU S","author":"Amel","date":"25\/03\/2026","format":false,"excerpt":"Gants d\u2019examen en Nitrile (boite de 100 unit\u00e9s) : Non st\u00e9rile Ambidextre Usage unique","rel":"","context":"Article similaire","block_context":{"text":"Article similaire","link":""},"img":{"alt_text":"","src":"https:\/\/i0.wp.com\/docmarket-dz.com\/wp-content\/uploads\/2024\/06\/Sans-titre-1.png?fit=225%2C225&ssl=1&resize=350%2C200","width":350,"height":200},"classes":[]},{"id":27631,"url":"https:\/\/docmarket-dz.com\/index.php\/product\/gant-latex-box-de-100-unite-hand-guard\/","url_meta":{"origin":29179,"position":3},"title":"Gant LATEX- Box de 100 unit\u00e9-HAND GUARD","author":"Somia Belmadani","date":"19\/10\/2023","format":false,"excerpt":"Gants d\u2019examen en latex (boite de 100 unit\u00e9s) : Non st\u00e9rile Ambidextre Usage unique L\u00e9g\u00e8rement poudr\u00e9e","rel":"","context":"Article similaire","block_context":{"text":"Article similaire","link":""},"img":{"alt_text":"","src":"https:\/\/i0.wp.com\/docmarket-dz.com\/wp-content\/uploads\/2023\/10\/Imacge1-e1697708715975.png?fit=992%2C1200&ssl=1&resize=350%2C200","width":350,"height":200,"srcset":"https:\/\/i0.wp.com\/docmarket-dz.com\/wp-content\/uploads\/2023\/10\/Imacge1-e1697708715975.png?fit=992%2C1200&ssl=1&resize=350%2C200 1x, https:\/\/i0.wp.com\/docmarket-dz.com\/wp-content\/uploads\/2023\/10\/Imacge1-e1697708715975.png?fit=992%2C1200&ssl=1&resize=525%2C300 1.5x, https:\/\/i0.wp.com\/docmarket-dz.com\/wp-content\/uploads\/2023\/10\/Imacge1-e1697708715975.png?fit=992%2C1200&ssl=1&resize=700%2C400 2x"},"classes":[]},{"id":27629,"url":"https:\/\/docmarket-dz.com\/index.php\/product\/gant-latex-box-de-100-unite-exam-gloves\/","url_meta":{"origin":29179,"position":4},"title":"Gant LATEX- Box de 100 unit\u00e9-EXAM GLOVES","author":"Somia Belmadani","date":"19\/10\/2023","format":false,"excerpt":"","rel":"","context":"Article similaire","block_context":{"text":"Article similaire","link":""},"img":{"alt_text":"","src":"https:\/\/i0.wp.com\/docmarket-dz.com\/wp-content\/uploads\/2023\/10\/EXAMGLOVES-LATEX.png?fit=1200%2C1050&ssl=1&resize=350%2C200","width":350,"height":200,"srcset":"https:\/\/i0.wp.com\/docmarket-dz.com\/wp-content\/uploads\/2023\/10\/EXAMGLOVES-LATEX.png?fit=1200%2C1050&ssl=1&resize=350%2C200 1x, https:\/\/i0.wp.com\/docmarket-dz.com\/wp-content\/uploads\/2023\/10\/EXAMGLOVES-LATEX.png?fit=1200%2C1050&ssl=1&resize=525%2C300 1.5x, https:\/\/i0.wp.com\/docmarket-dz.com\/wp-content\/uploads\/2023\/10\/EXAMGLOVES-LATEX.png?fit=1200%2C1050&ssl=1&resize=700%2C400 2x, https:\/\/i0.wp.com\/docmarket-dz.com\/wp-content\/uploads\/2023\/10\/EXAMGLOVES-LATEX.png?fit=1200%2C1050&ssl=1&resize=1050%2C600 3x"},"classes":[]},{"id":27836,"url":"https:\/\/docmarket-dz.com\/index.php\/product\/gants-non-poudre\/","url_meta":{"origin":29179,"position":5},"title":"Gants Non poudr\u00e9","author":"fatmazohra.nasri","date":"14\/11\/2023","format":false,"excerpt":"Gants d'examen en nitrile jetables, r\u00e9sistance chimique, sans poudre, non st\u00e9riles, ambidextres. Marque allemande, haut-de-gamme","rel":"","context":"Article similaire","block_context":{"text":"Article similaire","link":""},"img":{"alt_text":"","src":"https:\/\/i0.wp.com\/docmarket-dz.com\/wp-content\/uploads\/2023\/11\/IMG_1885-PhotoRoom.png-PhotoRoom.png?fit=607%2C599&ssl=1&resize=350%2C200","width":350,"height":200,"srcset":"https:\/\/i0.wp.com\/docmarket-dz.com\/wp-content\/uploads\/2023\/11\/IMG_1885-PhotoRoom.png-PhotoRoom.png?fit=607%2C599&ssl=1&resize=350%2C200 1x, https:\/\/i0.wp.com\/docmarket-dz.com\/wp-content\/uploads\/2023\/11\/IMG_1885-PhotoRoom.png-PhotoRoom.png?fit=607%2C599&ssl=1&resize=525%2C300 1.5x"},"classes":[]}],"jetpack_sharing_enabled":true,"tiered_pricing_type":"fixed","tiered_pricing_fixed_rules":[],"tiered_pricing_product_settings":{"layout":"default","base_unit_name":{"singular":null,"plural":null},"default_variation":null},"tiered_pricing_minimum_quantity":null,"tiered_pricing_roles_data":[],"tiered_pricing_percentage_rules":[],"_links":{"self":[{"href":"https:\/\/docmarket-dz.com\/index.php\/wp-json\/wp\/v2\/product\/29179","targetHints":{"allow":["GET"]}}],"collection":[{"href":"https:\/\/docmarket-dz.com\/index.php\/wp-json\/wp\/v2\/product"}],"about":[{"href":"https:\/\/docmarket-dz.com\/index.php\/wp-json\/wp\/v2\/types\/product"}],"replies":[{"embeddable":true,"href":"https:\/\/docmarket-dz.com\/index.php\/wp-json\/wp\/v2\/comments?post=29179"}],"wp:featuredmedia":[{"embeddable":true,"href":"https:\/\/docmarket-dz.com\/index.php\/wp-json\/wp\/v2\/media\/29183"}],"wp:attachment":[{"href":"https:\/\/docmarket-dz.com\/index.php\/wp-json\/wp\/v2\/media?parent=29179"}],"wp:term":[{"taxonomy":"product_brand","embeddable":true,"href":"https:\/\/docmarket-dz.com\/index.php\/wp-json\/wp\/v2\/product_brand?post=29179"},{"taxonomy":"product_cat","embeddable":true,"href":"https:\/\/docmarket-dz.com\/index.php\/wp-json\/wp\/v2\/product_cat?post=29179"},{"taxonomy":"product_tag","embeddable":true,"href":"https:\/\/docmarket-dz.com\/index.php\/wp-json\/wp\/v2\/product_tag?post=29179"}],"curies":[{"name":"wp","href":"https:\/\/api.w.org\/{rel}","templated":true}]}}