{"id":29194,"date":"2024-07-14T17:14:58","date_gmt":"2024-07-14T16:14:58","guid":{"rendered":"https:\/\/docmarket-dz.com\/?post_type=product&#038;p=29194"},"modified":"2025-04-18T18:59:17","modified_gmt":"2025-04-18T17:59:17","slug":"camisole-30g","status":"publish","type":"product","link":"https:\/\/docmarket-dz.com\/index.php\/product\/camisole-30g\/","title":{"rendered":"Camisole 30G"},"content":{"rendered":"","protected":false},"excerpt":{"rendered":"","protected":false},"featured_media":29217,"comment_status":"open","ping_status":"closed","template":"","meta":{"content-type":"","om_disable_all_campaigns":false,"_uf_show_specific_survey":0,"_uf_disable_surveys":false,"jetpack_publicize_message":"","jetpack_publicize_feature_enabled":true,"jetpack_social_post_already_shared":true,"jetpack_social_options":{"image_generator_settings":{"template":"highway","default_image_id":0,"font":"","enabled":false},"version":2}},"product_brand":[],"product_cat":[739],"product_tag":[],"class_list":{"0":"post-29194","1":"product","2":"type-product","3":"status-publish","4":"has-post-thumbnail","6":"product_cat-acupuncture","8":"first","9":"outofstock","10":"taxable","11":"shipping-taxable","12":"purchasable","13":"product-type-simple"},"supplier_id":null,"supplier_sku":"","barcode":null,"atum_controlled":true,"out_stock_date":"2025-04-18 18:59:17","out_stock_threshold":null,"inheritable":false,"inbound_stock":0,"stock_on_hold":0,"sold_today":0,"sales_last_days":0,"reserved_stock":0,"customer_returns":0,"warehouse_damage":0,"lost_in_post":0,"other_logs":0,"out_stock_days":360,"lost_sales":0,"has_location":false,"update_date":"2026-04-14T00:06:20","atum_locations":[],"atum_stock_status":"outofstock","restock_status":false,"low_stock_amount":"","sales_update_date":"2026-04-14T00:06:20","calc_backorders":null,"aioseo_notices":[],"jetpack_publicize_connections":[],"jetpack-related-posts":[{"id":28430,"url":"https:\/\/docmarket-dz.com\/index.php\/product\/aiguille-de-mesotherapie-30g-4mm\/","url_meta":{"origin":29194,"position":0},"title":"Aiguille de m\u00e9soth\u00e9rapie 30g 4mm","author":"TIKELALINE Amel","date":"31\/01\/2024","format":false,"excerpt":"","rel":"","context":"Article similaire","block_context":{"text":"Article similaire","link":""},"img":{"alt_text":"","src":"https:\/\/i0.wp.com\/docmarket-dz.com\/wp-content\/uploads\/2023\/11\/C3apture-e1699448656363.jpg?fit=600%2C591&ssl=1&resize=350%2C200","width":350,"height":200,"srcset":"https:\/\/i0.wp.com\/docmarket-dz.com\/wp-content\/uploads\/2023\/11\/C3apture-e1699448656363.jpg?fit=600%2C591&ssl=1&resize=350%2C200 1x, https:\/\/i0.wp.com\/docmarket-dz.com\/wp-content\/uploads\/2023\/11\/C3apture-e1699448656363.jpg?fit=600%2C591&ssl=1&resize=525%2C300 1.5x"},"classes":[]},{"id":28464,"url":"https:\/\/docmarket-dz.com\/index.php\/product\/camisol-patient-giap\/","url_meta":{"origin":29194,"position":1},"title":"CAMISOL patient GIAP","author":"fatmazohra.nasri","date":"05\/02\/2024","format":false,"excerpt":"","rel":"","context":"Article similaire","block_context":{"text":"Article similaire","link":""},"img":{"alt_text":"","src":"https:\/\/i0.wp.com\/docmarket-dz.com\/wp-content\/uploads\/2024\/02\/DSC5443-Photoroom.png-Photoroom.png?fit=596%2C604&ssl=1&resize=350%2C200","width":350,"height":200,"srcset":"https:\/\/i0.wp.com\/docmarket-dz.com\/wp-content\/uploads\/2024\/02\/DSC5443-Photoroom.png-Photoroom.png?fit=596%2C604&ssl=1&resize=350%2C200 1x, https:\/\/i0.wp.com\/docmarket-dz.com\/wp-content\/uploads\/2024\/02\/DSC5443-Photoroom.png-Photoroom.png?fit=596%2C604&ssl=1&resize=525%2C300 1.5x"},"classes":[]},{"id":30038,"url":"https:\/\/docmarket-dz.com\/index.php\/product\/camisole-de-soin-bleu-35g\/","url_meta":{"origin":29194,"position":2},"title":"Camisole de soin bleu 35G","author":"Sofiane Arbouche","date":"18\/04\/2025","format":false,"excerpt":"Camisole de Soin M\u00e9dical Jetable 35G \u2013 Protection et Confort pour les Professionnels de Sant\u00e9 Assurez la s\u00e9curit\u00e9 et le confort de vos patients avec cette camisole de soin jetable 35G, con\u00e7ue pour r\u00e9pondre aux exigences des environnements m\u00e9dicaux. Fabriqu\u00e9e en polypropyl\u00e8ne non tiss\u00e9 de 35 grammes, elle offre une\u2026","rel":"","context":"Article similaire","block_context":{"text":"Article similaire","link":""},"img":{"alt_text":"","src":"https:\/\/i0.wp.com\/docmarket-dz.com\/wp-content\/uploads\/2024\/07\/Sans-titre-4.png?fit=200%2C200&ssl=1&resize=350%2C200","width":350,"height":200},"classes":[]},{"id":30405,"url":"https:\/\/docmarket-dz.com\/index.php\/product\/camisole-de-soin-blanche-35g\/","url_meta":{"origin":29194,"position":3},"title":"Camisole de soin blanche 35G","author":"Sofiane Arbouche","date":"20\/10\/2025","format":false,"excerpt":"Camisole de Soin M\u00e9dical Jetable 35G \u2013 Protection et Confort pour les Professionnels de Sant\u00e9 Assurez la s\u00e9curit\u00e9 et le confort de vos patients avec cette camisole de soin jetable 35G, con\u00e7ue pour r\u00e9pondre aux exigences des environnements m\u00e9dicaux. Fabriqu\u00e9e en polypropyl\u00e8ne non tiss\u00e9 de 35 grammes, elle offre une\u2026","rel":"","context":"Article similaire","block_context":{"text":"Article similaire","link":""},"img":{"alt_text":"","src":"https:\/\/i0.wp.com\/docmarket-dz.com\/wp-content\/uploads\/2024\/07\/Sans-titre-4.png?fit=200%2C200&ssl=1&resize=350%2C200","width":350,"height":200},"classes":[]}],"jetpack_sharing_enabled":true,"tiered_pricing_type":"fixed","tiered_pricing_fixed_rules":[],"tiered_pricing_product_settings":{"layout":"default","base_unit_name":{"singular":null,"plural":null},"default_variation":null},"tiered_pricing_minimum_quantity":null,"tiered_pricing_roles_data":[],"tiered_pricing_percentage_rules":[],"_links":{"self":[{"href":"https:\/\/docmarket-dz.com\/index.php\/wp-json\/wp\/v2\/product\/29194","targetHints":{"allow":["GET"]}}],"collection":[{"href":"https:\/\/docmarket-dz.com\/index.php\/wp-json\/wp\/v2\/product"}],"about":[{"href":"https:\/\/docmarket-dz.com\/index.php\/wp-json\/wp\/v2\/types\/product"}],"replies":[{"embeddable":true,"href":"https:\/\/docmarket-dz.com\/index.php\/wp-json\/wp\/v2\/comments?post=29194"}],"wp:featuredmedia":[{"embeddable":true,"href":"https:\/\/docmarket-dz.com\/index.php\/wp-json\/wp\/v2\/media\/29217"}],"wp:attachment":[{"href":"https:\/\/docmarket-dz.com\/index.php\/wp-json\/wp\/v2\/media?parent=29194"}],"wp:term":[{"taxonomy":"product_brand","embeddable":true,"href":"https:\/\/docmarket-dz.com\/index.php\/wp-json\/wp\/v2\/product_brand?post=29194"},{"taxonomy":"product_cat","embeddable":true,"href":"https:\/\/docmarket-dz.com\/index.php\/wp-json\/wp\/v2\/product_cat?post=29194"},{"taxonomy":"product_tag","embeddable":true,"href":"https:\/\/docmarket-dz.com\/index.php\/wp-json\/wp\/v2\/product_tag?post=29194"}],"curies":[{"name":"wp","href":"https:\/\/api.w.org\/{rel}","templated":true}]}}