{"id":29226,"date":"2024-08-01T11:26:00","date_gmt":"2024-08-01T10:26:00","guid":{"rendered":"https:\/\/docmarket-dz.com\/?post_type=product&#038;p=29226"},"modified":"2024-08-01T11:26:01","modified_gmt":"2024-08-01T10:26:01","slug":"gant-nitrile-high-max-taille-m","status":"publish","type":"product","link":"https:\/\/docmarket-dz.com\/index.php\/product\/gant-nitrile-high-max-taille-m\/","title":{"rendered":"Gant NITRILE High-Max Taille M"},"content":{"rendered":"","protected":false},"excerpt":{"rendered":"","protected":false},"featured_media":0,"comment_status":"open","ping_status":"closed","template":"","meta":{"content-type":"","om_disable_all_campaigns":false,"_uf_show_specific_survey":0,"_uf_disable_surveys":false,"jetpack_publicize_message":"","jetpack_publicize_feature_enabled":true,"jetpack_social_post_already_shared":true,"jetpack_social_options":{"image_generator_settings":{"template":"highway","default_image_id":0,"font":"","enabled":false},"version":2}},"product_brand":[],"product_cat":[100,560,486,487],"product_tag":[],"class_list":{"0":"post-29226","1":"product","2":"type-product","3":"status-publish","5":"product_cat-dentaire","6":"product_cat-hygiene","7":"product_cat-laboratoire","8":"product_cat-medical","10":"first","11":"instock","12":"taxable","13":"shipping-taxable","14":"purchasable","15":"product-type-simple"},"supplier_id":null,"supplier_sku":"","barcode":null,"atum_controlled":true,"out_stock_date":null,"out_stock_threshold":null,"inheritable":false,"inbound_stock":0,"stock_on_hold":0,"sold_today":0,"sales_last_days":0,"reserved_stock":0,"customer_returns":0,"warehouse_damage":0,"lost_in_post":0,"other_logs":0,"out_stock_days":0,"lost_sales":0,"has_location":false,"update_date":"2026-04-10T22:18:57","atum_locations":[],"atum_stock_status":"instock","restock_status":false,"low_stock_amount":"","sales_update_date":"2026-04-10T22:18:57","calc_backorders":null,"aioseo_notices":[],"jetpack_publicize_connections":[],"jetpack-related-posts":[{"id":30768,"url":"https:\/\/docmarket-dz.com\/index.php\/product\/gant-nitril-floreo-bleu-s\/","url_meta":{"origin":29226,"position":0},"title":"Gant NITRIL FLOREO BLEU S","author":"Amel","date":"25\/03\/2026","format":false,"excerpt":"Gants d\u2019examen en Nitrile (boite de 100 unit\u00e9s) : Non st\u00e9rile Ambidextre Usage unique","rel":"","context":"Article similaire","block_context":{"text":"Article similaire","link":""},"img":{"alt_text":"","src":"https:\/\/i0.wp.com\/docmarket-dz.com\/wp-content\/uploads\/2024\/06\/Sans-titre-1.png?fit=225%2C225&ssl=1&resize=350%2C200","width":350,"height":200},"classes":[]},{"id":29227,"url":"https:\/\/docmarket-dz.com\/index.php\/product\/gant-nitrile-ahpc-l\/","url_meta":{"origin":29226,"position":1},"title":"Gant NITRILE AHPC L","author":"TIKELALINE Amel","date":"01\/08\/2024","format":false,"excerpt":"","rel":"","context":"Article similaire","block_context":{"text":"Article similaire","link":""},"img":{"alt_text":"","src":"","width":0,"height":0},"classes":[]},{"id":29077,"url":"https:\/\/docmarket-dz.com\/index.php\/product\/gant-nitril-box-de-100-unite-medcare\/","url_meta":{"origin":29226,"position":2},"title":"Gant NITRIL- Box de 100 unit\u00e9-MEDCARE","author":"Sofiane Arbouche","date":"19\/06\/2024","format":false,"excerpt":"Gants d\u2019examen en Nitrile (boite de 100 unit\u00e9s) : Non st\u00e9rile Ambidextre Usage unique","rel":"","context":"Article similaire","block_context":{"text":"Article similaire","link":""},"img":{"alt_text":"","src":"https:\/\/i0.wp.com\/docmarket-dz.com\/wp-content\/uploads\/2024\/06\/Sans-titre-1.png?fit=225%2C225&ssl=1&resize=350%2C200","width":350,"height":200},"classes":[]},{"id":29179,"url":"https:\/\/docmarket-dz.com\/index.php\/product\/gant-nitril-box-de-100-unite-exam-gloves\/","url_meta":{"origin":29226,"position":3},"title":"Gant NITRIL- Box de 100 unit\u00e9-EXAM GLOVES","author":"Sofiane Arbouche","date":"10\/07\/2024","format":false,"excerpt":"Gants d\u2019examen en Nitrile (boite de 100 unit\u00e9s) : Non st\u00e9rile Ambidextre Usage unique","rel":"","context":"Article similaire","block_context":{"text":"Article similaire","link":""},"img":{"alt_text":"","src":"https:\/\/i0.wp.com\/docmarket-dz.com\/wp-content\/uploads\/2024\/07\/Sans-titre-1.png?fit=210%2C240&ssl=1&resize=350%2C200","width":350,"height":200},"classes":[]},{"id":27635,"url":"https:\/\/docmarket-dz.com\/index.php\/product\/gant-nitril-box-de-100-unite-maxwell\/","url_meta":{"origin":29226,"position":4},"title":"Gant NITRIL  &#8211; Box de 100 unit\u00e9-MAXWELL","author":"Somia Belmadani","date":"26\/10\/2023","format":false,"excerpt":"Gants d\u2019examen en latex (boite de 100 unit\u00e9s) : Non st\u00e9rile Ambidextre Usage unique L\u00e9g\u00e8rement poudr\u00e9e","rel":"","context":"Article similaire","block_context":{"text":"Article similaire","link":""},"img":{"alt_text":"","src":"https:\/\/i0.wp.com\/docmarket-dz.com\/wp-content\/uploads\/2023\/10\/fewr-1-e1697710044629.jpg?fit=600%2C501&ssl=1&resize=350%2C200","width":350,"height":200,"srcset":"https:\/\/i0.wp.com\/docmarket-dz.com\/wp-content\/uploads\/2023\/10\/fewr-1-e1697710044629.jpg?fit=600%2C501&ssl=1&resize=350%2C200 1x, https:\/\/i0.wp.com\/docmarket-dz.com\/wp-content\/uploads\/2023\/10\/fewr-1-e1697710044629.jpg?fit=600%2C501&ssl=1&resize=525%2C300 1.5x"},"classes":[]},{"id":27836,"url":"https:\/\/docmarket-dz.com\/index.php\/product\/gants-non-poudre\/","url_meta":{"origin":29226,"position":5},"title":"Gants Non poudr\u00e9","author":"fatmazohra.nasri","date":"14\/11\/2023","format":false,"excerpt":"Gants d'examen en nitrile jetables, r\u00e9sistance chimique, sans poudre, non st\u00e9riles, ambidextres. Marque allemande, haut-de-gamme","rel":"","context":"Article similaire","block_context":{"text":"Article similaire","link":""},"img":{"alt_text":"","src":"https:\/\/i0.wp.com\/docmarket-dz.com\/wp-content\/uploads\/2023\/11\/IMG_1885-PhotoRoom.png-PhotoRoom.png?fit=607%2C599&ssl=1&resize=350%2C200","width":350,"height":200,"srcset":"https:\/\/i0.wp.com\/docmarket-dz.com\/wp-content\/uploads\/2023\/11\/IMG_1885-PhotoRoom.png-PhotoRoom.png?fit=607%2C599&ssl=1&resize=350%2C200 1x, https:\/\/i0.wp.com\/docmarket-dz.com\/wp-content\/uploads\/2023\/11\/IMG_1885-PhotoRoom.png-PhotoRoom.png?fit=607%2C599&ssl=1&resize=525%2C300 1.5x"},"classes":[]}],"jetpack_sharing_enabled":true,"tiered_pricing_type":"fixed","tiered_pricing_fixed_rules":[],"tiered_pricing_product_settings":{"layout":"default","base_unit_name":{"singular":null,"plural":null},"default_variation":null},"tiered_pricing_minimum_quantity":null,"tiered_pricing_roles_data":[],"tiered_pricing_percentage_rules":[],"_links":{"self":[{"href":"https:\/\/docmarket-dz.com\/index.php\/wp-json\/wp\/v2\/product\/29226","targetHints":{"allow":["GET"]}}],"collection":[{"href":"https:\/\/docmarket-dz.com\/index.php\/wp-json\/wp\/v2\/product"}],"about":[{"href":"https:\/\/docmarket-dz.com\/index.php\/wp-json\/wp\/v2\/types\/product"}],"replies":[{"embeddable":true,"href":"https:\/\/docmarket-dz.com\/index.php\/wp-json\/wp\/v2\/comments?post=29226"}],"wp:attachment":[{"href":"https:\/\/docmarket-dz.com\/index.php\/wp-json\/wp\/v2\/media?parent=29226"}],"wp:term":[{"taxonomy":"product_brand","embeddable":true,"href":"https:\/\/docmarket-dz.com\/index.php\/wp-json\/wp\/v2\/product_brand?post=29226"},{"taxonomy":"product_cat","embeddable":true,"href":"https:\/\/docmarket-dz.com\/index.php\/wp-json\/wp\/v2\/product_cat?post=29226"},{"taxonomy":"product_tag","embeddable":true,"href":"https:\/\/docmarket-dz.com\/index.php\/wp-json\/wp\/v2\/product_tag?post=29226"}],"curies":[{"name":"wp","href":"https:\/\/api.w.org\/{rel}","templated":true}]}}