{"id":29308,"date":"2024-09-09T14:18:50","date_gmt":"2024-09-09T13:18:50","guid":{"rendered":"https:\/\/docmarket-dz.com\/?post_type=product&#038;p=29308"},"modified":"2026-01-29T10:43:49","modified_gmt":"2026-01-29T09:43:49","slug":"attelles-a-depression","status":"publish","type":"product","link":"https:\/\/docmarket-dz.com\/index.php\/product\/attelles-a-depression\/","title":{"rendered":"Attelles  \u00e0 d\u00e9pression"},"content":{"rendered":"<p>Attelles r\u00e9utilisables \u00e0 d\u00e9pression permet une parfaite immobilisation du membre, dimensionn\u00e9s pour traiter les blessures les plus courantes n\u00e9cessitant attelles \u00e0 d\u00e9pression.<\/p>\n<p>La m\u00e9thode est simple, s\u00fbre et efficace des attelles de secours des extr\u00e9mit\u00e9s fractur\u00e9es.<\/p>\n<p>L&#8217;attelle est tout simplement construite \u00e0 partir de b\u00e2ches en vinyle. Comportant billes de polystyr\u00e8ne.<\/p>\n<p>L\u2019\u00e9vacuation de l&#8217;air provoque l&#8217;attelle \u00e0 devenir rigide, offrant ainsi la stabilit\u00e9 et l&#8217;immobilisation du membre.<\/p>\n<p>&nbsp;<\/p>\n<p><strong><u>COMPOSITION<\/u><\/strong><strong>:<\/strong><\/p>\n<ol>\n<li>Petite attelle<\/li>\n<li>Attelle moyenne<\/li>\n<li>Grande attelle<\/li>\n<li>Pompe \u00e0 vide d&#8217;aluminium<\/li>\n<li>Sac de transport<\/li>\n<\/ol>\n<p><strong><u>SPECIFICATION<\/u><\/strong><strong>\u00a0:<\/strong><\/p>\n<p><strong><u>Dimensions:<\/u><\/strong><br \/>\n<strong><br \/>\nGrande attelle : <\/strong>100 cm x 75 cm<br \/>\n<strong>Attelle moyenne: <\/strong>70 cm x 50 cm<br \/>\n<strong>Petite attelle: <\/strong>50 cm x 33 cm<\/p>\n<p><strong><u>POIDS<\/u>:<\/strong><\/p>\n<p><strong>Grande attelle : <\/strong>0.96 kg<br \/>\n<strong>Attelle moyenne:<\/strong> 0.53 kg<br \/>\n<strong>Petite attelle :<\/strong> 0.27 kg<br \/>\n<strong>Poids total<\/strong> : 2.5 kg<\/p>\n<p>&nbsp;<\/p>\n<p>&nbsp;<\/p>\n","protected":false},"excerpt":{"rendered":"<p>Attelles r\u00e9utilisables \u00e0 d\u00e9pression permet une parfaite immobilisation du membre, dimensionn\u00e9s pour traiter les blessures les plus courantes n\u00e9cessitant attelles \u00e0 d\u00e9pression. La m\u00e9thode est simple, s\u00fbre et efficace des attelles de secours des extr\u00e9mit\u00e9s fractur\u00e9es. L&#8217;attelle est tout simplement construite \u00e0 partir de b\u00e2ches en vinyle. Comportant billes de polystyr\u00e8ne. L\u2019\u00e9vacuation de l&#8217;air provoque [&hellip;]<\/p>\n","protected":false},"featured_media":29309,"comment_status":"open","ping_status":"closed","template":"","meta":{"content-type":"","om_disable_all_campaigns":false,"_uf_show_specific_survey":0,"_uf_disable_surveys":false,"jetpack_publicize_message":"","jetpack_publicize_feature_enabled":true,"jetpack_social_post_already_shared":true,"jetpack_social_options":{"image_generator_settings":{"template":"highway","default_image_id":0,"font":"","enabled":false},"version":2}},"product_brand":[],"product_cat":[739],"product_tag":[],"class_list":{"0":"post-29308","1":"product","2":"type-product","3":"status-publish","4":"has-post-thumbnail","6":"product_cat-acupuncture","8":"first","9":"onbackorder","10":"taxable","11":"shipping-taxable","12":"product-type-simple"},"supplier_id":null,"supplier_sku":"","barcode":null,"atum_controlled":true,"out_stock_date":"2026-01-10 08:41:31","out_stock_threshold":null,"inheritable":false,"inbound_stock":0,"stock_on_hold":0,"sold_today":0,"sales_last_days":0,"reserved_stock":0,"customer_returns":0,"warehouse_damage":0,"lost_in_post":0,"other_logs":0,"out_stock_days":93,"lost_sales":0,"has_location":false,"update_date":"2026-04-14T00:06:30","atum_locations":[],"atum_stock_status":"onbackorder","restock_status":false,"low_stock_amount":"","sales_update_date":"2026-04-14T00:06:30","calc_backorders":null,"aioseo_notices":[],"jetpack_publicize_connections":[],"jetpack-related-posts":[{"id":26586,"url":"https:\/\/docmarket-dz.com\/index.php\/product\/composite-composan-ceram-promedica\/","url_meta":{"origin":29308,"position":0},"title":"COMPOSITE COMPOSAN CERAM PROMEDICA","author":"falek.h","date":"01\/01\/1970","format":false,"excerpt":"LES INDICATIONS\u00a0 Obturations des classes I \u00e0 V Reconstruction des parties ant\u00e9rieures traumatis\u00e9es Corrections de couleur et de forme pour une apparence esth\u00e9tique am\u00e9lior\u00e9e Verrouillage, attelle des parties ant\u00e9rieures l\u00e2ches Scellement prolong\u00e9 des fissures pour molaires et pr\u00e9molaires R\u00e9paration de facettes Accumulations de base Particuli\u00e8rement adapt\u00e9 aux inlays composites AVANTAGES\u2026","rel":"","context":"Article similaire","block_context":{"text":"Article similaire","link":""},"img":{"alt_text":"","src":"https:\/\/i0.wp.com\/docmarket-dz.com\/wp-content\/uploads\/1970\/01\/1861-D002762.jpg?fit=500%2C500&ssl=1&resize=350%2C200","width":350,"height":200},"classes":[]},{"id":26409,"url":"https:\/\/docmarket-dz.com\/index.php\/product\/trousse-ophtalmique-sterile-couvre-table-140-cm-x-190-cm-champ-ophtalmique-100cm-x-120-cm-avec-02-poches-de-recueil\/","url_meta":{"origin":29308,"position":1},"title":"Trousse Ophtalmique sterile : Couvre table (140 cm x 190 cm) Champ ophtalmique (100cm x 120 cm) Avec 02 poches de recueil","author":"falek.h","date":"12\/03\/2023","format":false,"excerpt":"La trousse st\u00e9rile d'ophtalmologie \u00e0 usage unique\u00a0 est compos\u00e9e d'un grand champ avec fen\u00eatre adh\u00e9sive, film \u00e0 inciser, 2 poches de recueil et de barrettes conformables.","rel":"","context":"Article similaire","block_context":{"text":"Article similaire","link":""},"img":{"alt_text":"","src":"https:\/\/i0.wp.com\/docmarket-dz.com\/wp-content\/uploads\/2023\/03\/trousse-d-ophtalmologie-sterile.jpg?fit=800%2C600&ssl=1&resize=350%2C200","width":350,"height":200,"srcset":"https:\/\/i0.wp.com\/docmarket-dz.com\/wp-content\/uploads\/2023\/03\/trousse-d-ophtalmologie-sterile.jpg?fit=800%2C600&ssl=1&resize=350%2C200 1x, https:\/\/i0.wp.com\/docmarket-dz.com\/wp-content\/uploads\/2023\/03\/trousse-d-ophtalmologie-sterile.jpg?fit=800%2C600&ssl=1&resize=525%2C300 1.5x, https:\/\/i0.wp.com\/docmarket-dz.com\/wp-content\/uploads\/2023\/03\/trousse-d-ophtalmologie-sterile.jpg?fit=800%2C600&ssl=1&resize=700%2C400 2x"},"classes":[]},{"id":28799,"url":"https:\/\/docmarket-dz.com\/index.php\/product\/boite-daccouchement-simple-complete10-articles\/","url_meta":{"origin":29308,"position":2},"title":"Boite d&#8217;accouchement Simple Compl\u00e8te(10 Articles)","author":"fatmazohra.nasri","date":"04\/04\/2024","format":false,"excerpt":"La\u00a0bo\u00eete pour accouchement simple\u00a0de la marque Holtex contient des instruments\u00a0\u00e0 destination des professionnels de sant\u00e9\u00a0et en particulier des sages-femmes, con\u00e7us pour permettre de\u00a0pratiquer un accouchement sans complication. Tous ces instruments sont fabriqu\u00e9s en\u00a0acier inoxydable\u00a0et b\u00e9n\u00e9ficient d\u2019une\u00a0excellente r\u00e9sistance. Robuste, ce mat\u00e9riel r\u00e9pond aux exigences des normes en vigueur et\u00a0supporte les nettoyages\u2026","rel":"","context":"Article similaire","block_context":{"text":"Article similaire","link":""},"img":{"alt_text":"","src":"https:\/\/i0.wp.com\/docmarket-dz.com\/wp-content\/uploads\/2024\/04\/boite-accouchement-Photoroom.png-Photoroom.jpg?fit=609%2C606&ssl=1&resize=350%2C200","width":350,"height":200,"srcset":"https:\/\/i0.wp.com\/docmarket-dz.com\/wp-content\/uploads\/2024\/04\/boite-accouchement-Photoroom.png-Photoroom.jpg?fit=609%2C606&ssl=1&resize=350%2C200 1x, https:\/\/i0.wp.com\/docmarket-dz.com\/wp-content\/uploads\/2024\/04\/boite-accouchement-Photoroom.png-Photoroom.jpg?fit=609%2C606&ssl=1&resize=525%2C300 1.5x"},"classes":[]},{"id":30424,"url":"https:\/\/docmarket-dz.com\/index.php\/product\/drap-de-consultation-blanc-non-tisse-64-cm-x-27-metre\/","url_meta":{"origin":29308,"position":3},"title":"Drap de consultation blanc  non tisse  64 CM x 27 m\u00e8tre","author":"Amel","date":"28\/10\/2025","format":false,"excerpt":"","rel":"","context":"Article similaire","block_context":{"text":"Article similaire","link":""},"img":{"alt_text":"","src":"","width":0,"height":0},"classes":[]},{"id":29493,"url":"https:\/\/docmarket-dz.com\/index.php\/product\/drap-de-consultation-bleu-non-tisse-27-cm-64-cm\/","url_meta":{"origin":29308,"position":4},"title":"Drap de consultation bleu non tisse  65 CM x 40 M","author":"Sofiane Arbouche","date":"06\/10\/2024","format":false,"excerpt":"","rel":"","context":"Article similaire","block_context":{"text":"Article similaire","link":""},"img":{"alt_text":"","src":"","width":0,"height":0},"classes":[]},{"id":25251,"url":"https:\/\/docmarket-dz.com\/index.php\/product\/draps-jetables-en-non-tisse-160cm-x-240-cm\/","url_meta":{"origin":29308,"position":5},"title":"Draps jetables en non tiss\u00e9 (160cm x 210 cm)","author":"falek.h","date":"28\/02\/2023","format":false,"excerpt":"","rel":"","context":"Article similaire","block_context":{"text":"Article similaire","link":""},"img":{"alt_text":"","src":"https:\/\/i0.wp.com\/docmarket-dz.com\/wp-content\/uploads\/2023\/02\/DRA.jpg?fit=800%2C336&ssl=1&resize=350%2C200","width":350,"height":200,"srcset":"https:\/\/i0.wp.com\/docmarket-dz.com\/wp-content\/uploads\/2023\/02\/DRA.jpg?fit=800%2C336&ssl=1&resize=350%2C200 1x, https:\/\/i0.wp.com\/docmarket-dz.com\/wp-content\/uploads\/2023\/02\/DRA.jpg?fit=800%2C336&ssl=1&resize=525%2C300 1.5x, https:\/\/i0.wp.com\/docmarket-dz.com\/wp-content\/uploads\/2023\/02\/DRA.jpg?fit=800%2C336&ssl=1&resize=700%2C400 2x"},"classes":[]}],"jetpack_sharing_enabled":true,"tiered_pricing_type":"fixed","tiered_pricing_fixed_rules":[],"tiered_pricing_product_settings":{"layout":"default","base_unit_name":{"singular":null,"plural":null},"default_variation":null},"tiered_pricing_minimum_quantity":null,"tiered_pricing_roles_data":[],"tiered_pricing_percentage_rules":[],"_links":{"self":[{"href":"https:\/\/docmarket-dz.com\/index.php\/wp-json\/wp\/v2\/product\/29308","targetHints":{"allow":["GET"]}}],"collection":[{"href":"https:\/\/docmarket-dz.com\/index.php\/wp-json\/wp\/v2\/product"}],"about":[{"href":"https:\/\/docmarket-dz.com\/index.php\/wp-json\/wp\/v2\/types\/product"}],"replies":[{"embeddable":true,"href":"https:\/\/docmarket-dz.com\/index.php\/wp-json\/wp\/v2\/comments?post=29308"}],"wp:featuredmedia":[{"embeddable":true,"href":"https:\/\/docmarket-dz.com\/index.php\/wp-json\/wp\/v2\/media\/29309"}],"wp:attachment":[{"href":"https:\/\/docmarket-dz.com\/index.php\/wp-json\/wp\/v2\/media?parent=29308"}],"wp:term":[{"taxonomy":"product_brand","embeddable":true,"href":"https:\/\/docmarket-dz.com\/index.php\/wp-json\/wp\/v2\/product_brand?post=29308"},{"taxonomy":"product_cat","embeddable":true,"href":"https:\/\/docmarket-dz.com\/index.php\/wp-json\/wp\/v2\/product_cat?post=29308"},{"taxonomy":"product_tag","embeddable":true,"href":"https:\/\/docmarket-dz.com\/index.php\/wp-json\/wp\/v2\/product_tag?post=29308"}],"curies":[{"name":"wp","href":"https:\/\/api.w.org\/{rel}","templated":true}]}}