{"id":29341,"date":"2024-09-19T17:07:32","date_gmt":"2024-09-19T16:07:32","guid":{"rendered":"https:\/\/docmarket-dz.com\/?post_type=product&#038;p=29341"},"modified":"2024-10-14T23:10:55","modified_gmt":"2024-10-14T22:10:55","slug":"tabouret-importation-a-gaz-avec-dossier","status":"publish","type":"product","link":"https:\/\/docmarket-dz.com\/index.php\/product\/tabouret-importation-a-gaz-avec-dossier\/","title":{"rendered":"TABOURET IMPORTATION A GAZ AVEC DOSSIER"},"content":{"rendered":"","protected":false},"excerpt":{"rendered":"","protected":false},"featured_media":0,"comment_status":"open","ping_status":"closed","template":"","meta":{"content-type":"","om_disable_all_campaigns":false,"_uf_show_specific_survey":0,"_uf_disable_surveys":false,"jetpack_publicize_message":"","jetpack_publicize_feature_enabled":true,"jetpack_social_post_already_shared":true,"jetpack_social_options":{"image_generator_settings":{"template":"highway","default_image_id":0,"font":"","enabled":false},"version":2}},"product_brand":[],"product_cat":[739],"product_tag":[],"class_list":{"0":"post-29341","1":"product","2":"type-product","3":"status-publish","5":"product_cat-acupuncture","7":"first","8":"onbackorder","9":"taxable","10":"shipping-taxable","11":"purchasable","12":"product-type-simple"},"supplier_id":null,"supplier_sku":"","barcode":null,"atum_controlled":true,"out_stock_date":"2024-10-14 23:10:55","out_stock_threshold":null,"inheritable":false,"inbound_stock":0,"stock_on_hold":0,"sold_today":0,"sales_last_days":0,"reserved_stock":0,"customer_returns":0,"warehouse_damage":0,"lost_in_post":0,"other_logs":0,"out_stock_days":546,"lost_sales":0,"has_location":false,"update_date":"2026-04-14T00:06:20","atum_locations":[],"atum_stock_status":"onbackorder","restock_status":false,"low_stock_amount":"","sales_update_date":"2026-04-14T00:06:20","calc_backorders":0,"aioseo_notices":[],"jetpack_publicize_connections":[],"jetpack-related-posts":[{"id":29345,"url":"https:\/\/docmarket-dz.com\/index.php\/product\/tabouret-importation-a-gaz-avec-dossier-noir\/","url_meta":{"origin":29341,"position":0},"title":"TABOURET IMPORTATION A GAZ AVEC DOSSIER Noir","author":"TIKELALINE Amel","date":"19\/09\/2024","format":false,"excerpt":"","rel":"","context":"Article similaire","block_context":{"text":"Article similaire","link":""},"img":{"alt_text":"","src":"","width":0,"height":0},"classes":[]},{"id":24610,"url":"https:\/\/docmarket-dz.com\/index.php\/product\/bandes-a-gaze\/","url_meta":{"origin":29341,"position":1},"title":"Bandes a gaze","author":"falek.h","date":"07\/01\/2023","format":false,"excerpt":"","rel":"","context":"Article similaire","block_context":{"text":"Article similaire","link":""},"img":{"alt_text":"","src":"https:\/\/i0.wp.com\/docmarket-dz.com\/wp-content\/uploads\/2023\/01\/bandes-a-gaze-socothyd.jpg?fit=800%2C600&ssl=1&resize=350%2C200","width":350,"height":200,"srcset":"https:\/\/i0.wp.com\/docmarket-dz.com\/wp-content\/uploads\/2023\/01\/bandes-a-gaze-socothyd.jpg?fit=800%2C600&ssl=1&resize=350%2C200 1x, https:\/\/i0.wp.com\/docmarket-dz.com\/wp-content\/uploads\/2023\/01\/bandes-a-gaze-socothyd.jpg?fit=800%2C600&ssl=1&resize=525%2C300 1.5x, https:\/\/i0.wp.com\/docmarket-dz.com\/wp-content\/uploads\/2023\/01\/bandes-a-gaze-socothyd.jpg?fit=800%2C600&ssl=1&resize=700%2C400 2x"},"classes":[]},{"id":30126,"url":"https:\/\/docmarket-dz.com\/index.php\/product\/housse-de-camera-sterile-pour-endoscopie\/","url_meta":{"origin":29341,"position":2},"title":"Housse de camera st\u00e9rile pour endoscopie","author":"Sofiane Arbouche","date":"19\/05\/2025","format":false,"excerpt":"Housses de protection pour cam\u00e9ras endoscopiques - St\u00e9rile: Fabriqu\u00e9 en Poly\u00e9thyl\u00e8ne \"imperm\u00e9able\" et st\u00e9rilis\u00e9 au gaz d'oxyde d'\u00e9thyl\u00e8ne, elle contribue a minimiser le risque de contamination bact\u00e9rienne, d'infections. Elles prot\u00e8gent les \u00e9quipements des fluides et sont faciles a manipuler","rel":"","context":"Article similaire","block_context":{"text":"Article similaire","link":""},"img":{"alt_text":"","src":"https:\/\/i0.wp.com\/docmarket-dz.com\/wp-content\/uploads\/2025\/05\/Sans-titre-3.jpg?fit=801%2C1200&ssl=1&resize=350%2C200","width":350,"height":200,"srcset":"https:\/\/i0.wp.com\/docmarket-dz.com\/wp-content\/uploads\/2025\/05\/Sans-titre-3.jpg?fit=801%2C1200&ssl=1&resize=350%2C200 1x, https:\/\/i0.wp.com\/docmarket-dz.com\/wp-content\/uploads\/2025\/05\/Sans-titre-3.jpg?fit=801%2C1200&ssl=1&resize=525%2C300 1.5x, https:\/\/i0.wp.com\/docmarket-dz.com\/wp-content\/uploads\/2025\/05\/Sans-titre-3.jpg?fit=801%2C1200&ssl=1&resize=700%2C400 2x"},"classes":[]},{"id":24609,"url":"https:\/\/docmarket-dz.com\/index.php\/product\/bande-hydrophile-060-x-100-tarlatane\/","url_meta":{"origin":29341,"position":3},"title":"Bande hydrophile (gaze) 0.60 X 100 (Tarlatane)","author":"falek.h","date":"07\/01\/2023","format":false,"excerpt":"","rel":"","context":"Article similaire","block_context":{"text":"Article similaire","link":""},"img":{"alt_text":"","src":"https:\/\/i0.wp.com\/docmarket-dz.com\/wp-content\/uploads\/2023\/01\/rouleau-gaz-tarlatane-e1673278875514.jpg?fit=600%2C254&ssl=1&resize=350%2C200","width":350,"height":200,"srcset":"https:\/\/i0.wp.com\/docmarket-dz.com\/wp-content\/uploads\/2023\/01\/rouleau-gaz-tarlatane-e1673278875514.jpg?fit=600%2C254&ssl=1&resize=350%2C200 1x, https:\/\/i0.wp.com\/docmarket-dz.com\/wp-content\/uploads\/2023\/01\/rouleau-gaz-tarlatane-e1673278875514.jpg?fit=600%2C254&ssl=1&resize=525%2C300 1.5x"},"classes":[]},{"id":28026,"url":"https:\/\/docmarket-dz.com\/index.php\/product\/bechtoscope-plus-liquide-desinfectant-concentre-1l\/","url_meta":{"origin":29341,"position":4},"title":"Bechtoscope Plus &#8211; liquide d\u00e9sinfectant concentr\u00e9 1L","author":"Sofiane Arbouche","date":"06\/12\/2023","format":false,"excerpt":"\u00a0Le produit Bechtoscope plus est une solution de d\u00e9sinfection pour instruments m\u00e9dicaux, invasifs et non invasifs, ainsi que pour les dispositifs m\u00e9dicaux, y compris les endoscopes rigides et flexibles. \u2022\u00a0 \u00a0 \u00a0 \u00a0Propri\u00e9t\u00e9s: Il est compos\u00e9 d\u2019ald\u00e9hydes et de compos\u00e9s d\u2019ammonium quaternaire, avec une forte activit\u00e9 microbiologique \u00e0 faible concentration.\u2026","rel":"","context":"Article similaire","block_context":{"text":"Article similaire","link":""},"img":{"alt_text":"","src":"https:\/\/i0.wp.com\/docmarket-dz.com\/wp-content\/uploads\/2023\/12\/IMG_2131.png?fit=599%2C601&ssl=1&resize=350%2C200","width":350,"height":200,"srcset":"https:\/\/i0.wp.com\/docmarket-dz.com\/wp-content\/uploads\/2023\/12\/IMG_2131.png?fit=599%2C601&ssl=1&resize=350%2C200 1x, https:\/\/i0.wp.com\/docmarket-dz.com\/wp-content\/uploads\/2023\/12\/IMG_2131.png?fit=599%2C601&ssl=1&resize=525%2C300 1.5x"},"classes":[]},{"id":26382,"url":"https:\/\/docmarket-dz.com\/index.php\/product\/test-antigenique-importation-allemand\/","url_meta":{"origin":29341,"position":5},"title":"TEST ANTIGENIQUE IMPORTATION ALLEMAND","author":"falek.h","date":"12\/03\/2023","format":false,"excerpt":"","rel":"","context":"Article similaire","block_context":{"text":"Article similaire","link":""},"img":{"alt_text":"","src":"","width":0,"height":0},"classes":[]}],"jetpack_sharing_enabled":true,"tiered_pricing_type":"fixed","tiered_pricing_fixed_rules":[],"tiered_pricing_product_settings":{"layout":"default","base_unit_name":{"singular":null,"plural":null},"default_variation":null},"tiered_pricing_minimum_quantity":null,"tiered_pricing_roles_data":[],"tiered_pricing_percentage_rules":[],"_links":{"self":[{"href":"https:\/\/docmarket-dz.com\/index.php\/wp-json\/wp\/v2\/product\/29341","targetHints":{"allow":["GET"]}}],"collection":[{"href":"https:\/\/docmarket-dz.com\/index.php\/wp-json\/wp\/v2\/product"}],"about":[{"href":"https:\/\/docmarket-dz.com\/index.php\/wp-json\/wp\/v2\/types\/product"}],"replies":[{"embeddable":true,"href":"https:\/\/docmarket-dz.com\/index.php\/wp-json\/wp\/v2\/comments?post=29341"}],"wp:attachment":[{"href":"https:\/\/docmarket-dz.com\/index.php\/wp-json\/wp\/v2\/media?parent=29341"}],"wp:term":[{"taxonomy":"product_brand","embeddable":true,"href":"https:\/\/docmarket-dz.com\/index.php\/wp-json\/wp\/v2\/product_brand?post=29341"},{"taxonomy":"product_cat","embeddable":true,"href":"https:\/\/docmarket-dz.com\/index.php\/wp-json\/wp\/v2\/product_cat?post=29341"},{"taxonomy":"product_tag","embeddable":true,"href":"https:\/\/docmarket-dz.com\/index.php\/wp-json\/wp\/v2\/product_tag?post=29341"}],"curies":[{"name":"wp","href":"https:\/\/api.w.org\/{rel}","templated":true}]}}