{"id":29343,"date":"2024-09-19T18:23:09","date_gmt":"2024-09-19T17:23:09","guid":{"rendered":"https:\/\/docmarket-dz.com\/?post_type=product&#038;p=29343"},"modified":"2024-10-14T23:10:13","modified_gmt":"2024-10-14T22:10:13","slug":"lampe-stylo-marque-minston","status":"publish","type":"product","link":"https:\/\/docmarket-dz.com\/index.php\/product\/lampe-stylo-marque-minston\/","title":{"rendered":"LAMPE STYLO MARQUE MINSTON"},"content":{"rendered":"","protected":false},"excerpt":{"rendered":"","protected":false},"featured_media":0,"comment_status":"open","ping_status":"closed","template":"","meta":{"content-type":"","om_disable_all_campaigns":false,"_uf_show_specific_survey":0,"_uf_disable_surveys":false,"jetpack_publicize_message":"","jetpack_publicize_feature_enabled":true,"jetpack_social_post_already_shared":true,"jetpack_social_options":{"image_generator_settings":{"template":"highway","default_image_id":0,"font":"","enabled":false},"version":2}},"product_brand":[],"product_cat":[487],"product_tag":[],"class_list":{"0":"post-29343","1":"product","2":"type-product","3":"status-publish","5":"product_cat-medical","7":"first","8":"onbackorder","9":"taxable","10":"shipping-taxable","11":"purchasable","12":"product-type-simple"},"supplier_id":null,"supplier_sku":"","barcode":null,"atum_controlled":true,"out_stock_date":"2024-10-14 23:10:14","out_stock_threshold":null,"inheritable":false,"inbound_stock":0,"stock_on_hold":0,"sold_today":0,"sales_last_days":0,"reserved_stock":0,"customer_returns":0,"warehouse_damage":0,"lost_in_post":0,"other_logs":0,"out_stock_days":548,"lost_sales":0,"has_location":false,"update_date":"2026-04-16T00:07:58","atum_locations":[],"atum_stock_status":"onbackorder","restock_status":false,"low_stock_amount":"","sales_update_date":"2026-04-16T00:07:58","calc_backorders":0,"aioseo_notices":[],"jetpack_publicize_connections":[],"jetpack-related-posts":[{"id":28151,"url":"https:\/\/docmarket-dz.com\/index.php\/product\/lampe-stylo-dexamen\/","url_meta":{"origin":29343,"position":0},"title":"Lampe stylo d\u2019examen","author":"fatmazohra.nasri","date":"18\/12\/2023","format":false,"excerpt":"","rel":"","context":"Article similaire","block_context":{"text":"Article similaire","link":""},"img":{"alt_text":"","src":"","width":0,"height":0},"classes":[]},{"id":28680,"url":"https:\/\/docmarket-dz.com\/index.php\/product\/lampe-stylo-diagnostique\/","url_meta":{"origin":29343,"position":1},"title":"Lampe stylo &#8221; DIAGNOSTIQUE&#8221;","author":"s.arbouche","date":"24\/03\/2024","format":false,"excerpt":"","rel":"","context":"Article similaire","block_context":{"text":"Article similaire","link":""},"img":{"alt_text":"","src":"https:\/\/i0.wp.com\/docmarket-dz.com\/wp-content\/uploads\/2024\/03\/IMG-20240324-WA0005-removebg-preview-e1740070818475.png?fit=335%2C518&ssl=1&resize=350%2C200","width":350,"height":200},"classes":[]},{"id":25425,"url":"https:\/\/docmarket-dz.com\/index.php\/product\/lampe-20w-sur-roulettes\/","url_meta":{"origin":29343,"position":2},"title":"LAMPE 20W  SUR ROULETTES","author":"falek.h","date":"12\/03\/2023","format":false,"excerpt":"","rel":"","context":"Article similaire","block_context":{"text":"Article similaire","link":""},"img":{"alt_text":"","src":"","width":0,"height":0},"classes":[]},{"id":24384,"url":"https:\/\/docmarket-dz.com\/index.php\/product\/lampe-diagnostic-dexamen-lumiere-led\/","url_meta":{"origin":29343,"position":3},"title":"LAMPE DIAGNOSTIC D&#8217;EXAMEN LUMIERE LED","author":"falek.h","date":"23\/12\/2022","format":false,"excerpt":"","rel":"","context":"Article similaire","block_context":{"text":"Article similaire","link":""},"img":{"alt_text":"","src":"https:\/\/i0.wp.com\/docmarket-dz.com\/wp-content\/uploads\/2022\/12\/lampe-diagnostic-led.jpg?fit=500%2C500&ssl=1&resize=350%2C200","width":350,"height":200},"classes":[]},{"id":28807,"url":"https:\/\/docmarket-dz.com\/index.php\/product\/lampe-a-ultra-violet-a-un-neon\/","url_meta":{"origin":29343,"position":4},"title":"Lampe \u00e0 ultra-violet \u00e0 un n\u00e9on","author":"fatmazohra.nasri","date":"04\/04\/2024","format":false,"excerpt":"Fabriqu\u00e9e en inox avec une seule porte horizontale. Un tube \u00e9met des rayons ultra-violets germicides et transforme l\u2019oxyg\u00e8ne en ozone, l\u2019effet du rayonnement U.V. est bact\u00e9ricide, vermicide et g\u00e9nocide. Puissance : 30 W Dur\u00e9e de st\u00e9rilisation : 1000 heures. Dimensions : Largeur : 200 mm, Longueur : 1200 mm, Profondeur\u2026","rel":"","context":"Article similaire","block_context":{"text":"Article similaire","link":""},"img":{"alt_text":"","src":"","width":0,"height":0},"classes":[]},{"id":27933,"url":"https:\/\/docmarket-dz.com\/index.php\/product\/defibrillateur-externe-semiautomatique-de-marque-starcare\/","url_meta":{"origin":29343,"position":5},"title":"DEFIBRILLATEUR EXTERNE SEMIAUTOMATIQUE DE MARQUE STARCARE","author":"fatmazohra.nasri","date":"27\/10\/2023","format":false,"excerpt":"","rel":"","context":"Article similaire","block_context":{"text":"Article similaire","link":""},"img":{"alt_text":"","src":"","width":0,"height":0},"classes":[]}],"jetpack_sharing_enabled":true,"tiered_pricing_type":"fixed","tiered_pricing_fixed_rules":[],"tiered_pricing_product_settings":{"layout":"default","base_unit_name":{"singular":null,"plural":null},"default_variation":null},"tiered_pricing_minimum_quantity":null,"tiered_pricing_roles_data":[],"tiered_pricing_percentage_rules":[],"_links":{"self":[{"href":"https:\/\/docmarket-dz.com\/index.php\/wp-json\/wp\/v2\/product\/29343","targetHints":{"allow":["GET"]}}],"collection":[{"href":"https:\/\/docmarket-dz.com\/index.php\/wp-json\/wp\/v2\/product"}],"about":[{"href":"https:\/\/docmarket-dz.com\/index.php\/wp-json\/wp\/v2\/types\/product"}],"replies":[{"embeddable":true,"href":"https:\/\/docmarket-dz.com\/index.php\/wp-json\/wp\/v2\/comments?post=29343"}],"wp:attachment":[{"href":"https:\/\/docmarket-dz.com\/index.php\/wp-json\/wp\/v2\/media?parent=29343"}],"wp:term":[{"taxonomy":"product_brand","embeddable":true,"href":"https:\/\/docmarket-dz.com\/index.php\/wp-json\/wp\/v2\/product_brand?post=29343"},{"taxonomy":"product_cat","embeddable":true,"href":"https:\/\/docmarket-dz.com\/index.php\/wp-json\/wp\/v2\/product_cat?post=29343"},{"taxonomy":"product_tag","embeddable":true,"href":"https:\/\/docmarket-dz.com\/index.php\/wp-json\/wp\/v2\/product_tag?post=29343"}],"curies":[{"name":"wp","href":"https:\/\/api.w.org\/{rel}","templated":true}]}}