{"id":29458,"date":"2024-10-02T18:16:15","date_gmt":"2024-10-02T17:16:15","guid":{"rendered":"https:\/\/docmarket-dz.com\/?post_type=product&#038;p=29458"},"modified":"2026-01-24T10:16:23","modified_gmt":"2026-01-24T09:16:23","slug":"sparadrap-multi-extensible","status":"publish","type":"product","link":"https:\/\/docmarket-dz.com\/index.php\/product\/sparadrap-multi-extensible\/","title":{"rendered":"Sparadrap Multi-extensible"},"content":{"rendered":"","protected":false},"excerpt":{"rendered":"","protected":false},"featured_media":30112,"comment_status":"open","ping_status":"closed","template":"","meta":{"content-type":"","om_disable_all_campaigns":false,"_uf_show_specific_survey":0,"_uf_disable_surveys":false,"jetpack_publicize_message":"","jetpack_publicize_feature_enabled":true,"jetpack_social_post_already_shared":true,"jetpack_social_options":{"image_generator_settings":{"template":"highway","default_image_id":0,"font":"","enabled":false},"version":2}},"product_brand":[],"product_cat":[739],"product_tag":[],"class_list":{"0":"post-29458","1":"product","2":"type-product","3":"status-publish","4":"has-post-thumbnail","6":"product_cat-acupuncture","8":"first","9":"instock","10":"taxable","11":"shipping-taxable","12":"purchasable","13":"product-type-variable"},"supplier_id":null,"supplier_sku":"","barcode":null,"atum_controlled":true,"out_stock_date":null,"out_stock_threshold":null,"inheritable":true,"inbound_stock":10,"stock_on_hold":0,"sold_today":0,"sales_last_days":0,"reserved_stock":0,"customer_returns":0,"warehouse_damage":0,"lost_in_post":0,"other_logs":0,"out_stock_days":0,"lost_sales":0,"has_location":true,"update_date":"2026-04-10T00:05:03","atum_locations":[{"id":940,"name":"C3","slug":"c3"}],"atum_stock_status":"instock","restock_status":false,"low_stock_amount":"","sales_update_date":"2026-04-10T00:05:03","calc_backorders":null,"aioseo_notices":[],"jetpack_publicize_connections":[],"jetpack-related-posts":[{"id":24366,"url":"https:\/\/docmarket-dz.com\/index.php\/product\/sparadrap-multi-extensible-10mx15-cm-non-tisse-hypo-alergenique\/","url_meta":{"origin":29458,"position":0},"title":"SPARADRAP MULTI-EXTENSIBLE 10MX15 CM NON TISSE HYPO-ALERGENIQUE","author":"falek.h","date":"23\/12\/2022","format":false,"excerpt":"Le sparadrap en non tiss\u00e9 extensible est utilis\u00e9 pour la\u00a0protection des plaies et des pansements sur des surfaces importantes. En effet, ce sparadrap m\u00e9dical est indiqu\u00e9 pour la fixation de pansements et de dispositifs m\u00e9dicaux (canules, aiguilles, drains, cath\u00e9ters...). Sparadrap Fixneir en non-tiss\u00e9 Bande adh\u00e9sive gradu\u00e9e tous les 10cm Pour\u2026","rel":"","context":"Article similaire","block_context":{"text":"Article similaire","link":""},"img":{"alt_text":"","src":"https:\/\/i0.wp.com\/docmarket-dz.com\/wp-content\/uploads\/2022\/12\/SPARADRAP-MULTI-EXTENSIBLE-10-MX-15-CM-NON-TISSE-HYPOALLERGENIQUE-e1680774926598.jpg?fit=525%2C600&ssl=1&resize=350%2C200","width":350,"height":200,"srcset":"https:\/\/i0.wp.com\/docmarket-dz.com\/wp-content\/uploads\/2022\/12\/SPARADRAP-MULTI-EXTENSIBLE-10-MX-15-CM-NON-TISSE-HYPOALLERGENIQUE-e1680774926598.jpg?fit=525%2C600&ssl=1&resize=350%2C200 1x, https:\/\/i0.wp.com\/docmarket-dz.com\/wp-content\/uploads\/2022\/12\/SPARADRAP-MULTI-EXTENSIBLE-10-MX-15-CM-NON-TISSE-HYPOALLERGENIQUE-e1680774926598.jpg?fit=525%2C600&ssl=1&resize=525%2C300 1.5x"},"classes":[]},{"id":24684,"url":"https:\/\/docmarket-dz.com\/index.php\/product\/sparadrap\/","url_meta":{"origin":29458,"position":1},"title":"Sparadrap","author":"falek.h","date":"07\/01\/2023","format":false,"excerpt":"","rel":"","context":"Article similaire","block_context":{"text":"Article similaire","link":""},"img":{"alt_text":"","src":"https:\/\/i0.wp.com\/docmarket-dz.com\/wp-content\/uploads\/2023\/01\/sparadrap-non-perfore.jpg?fit=1200%2C900&ssl=1&resize=350%2C200","width":350,"height":200,"srcset":"https:\/\/i0.wp.com\/docmarket-dz.com\/wp-content\/uploads\/2023\/01\/sparadrap-non-perfore.jpg?fit=1200%2C900&ssl=1&resize=350%2C200 1x, https:\/\/i0.wp.com\/docmarket-dz.com\/wp-content\/uploads\/2023\/01\/sparadrap-non-perfore.jpg?fit=1200%2C900&ssl=1&resize=525%2C300 1.5x, https:\/\/i0.wp.com\/docmarket-dz.com\/wp-content\/uploads\/2023\/01\/sparadrap-non-perfore.jpg?fit=1200%2C900&ssl=1&resize=700%2C400 2x, https:\/\/i0.wp.com\/docmarket-dz.com\/wp-content\/uploads\/2023\/01\/sparadrap-non-perfore.jpg?fit=1200%2C900&ssl=1&resize=1050%2C600 3x"},"classes":[]},{"id":24367,"url":"https:\/\/docmarket-dz.com\/index.php\/product\/sparadrap-perfore-4mx18cm\/","url_meta":{"origin":29458,"position":2},"title":"SPARADRAP PERFORE 4MX18CM","author":"falek.h","date":"23\/12\/2022","format":false,"excerpt":"Sparadrap perfor\u00e9 adh\u00e9sif, \u00e0 l\u2019Oxyde de Zinc \u2022\u00a0 \u00a0Neoplast- sparadrap perfor\u00e9 \u00e0 base d\u2019oxyde de Zinc \u2022\u00a0 \u00a0Bandage occlusif, adh\u00e9sif pour peaux normales \u2022\u00a0 \u00a0Fixation de\u00a0 compresses, drains et tubes \u2022\u00a0 \u00a0Perm\u00e9able \u00e0 l\u2019air \u2022\u00a0 \u00a0Se d\u00e9chire facilement \u2022\u00a0 \u00a0Dimensions : 4 M x 18 cm","rel":"","context":"Article similaire","block_context":{"text":"Article similaire","link":""},"img":{"alt_text":"","src":"https:\/\/i0.wp.com\/docmarket-dz.com\/wp-content\/uploads\/2022\/12\/SPARADRAP-PERFORE-4MX18CM-e1680775254474.jpg?fit=660%2C600&ssl=1&resize=350%2C200","width":350,"height":200,"srcset":"https:\/\/i0.wp.com\/docmarket-dz.com\/wp-content\/uploads\/2022\/12\/SPARADRAP-PERFORE-4MX18CM-e1680775254474.jpg?fit=660%2C600&ssl=1&resize=350%2C200 1x, https:\/\/i0.wp.com\/docmarket-dz.com\/wp-content\/uploads\/2022\/12\/SPARADRAP-PERFORE-4MX18CM-e1680775254474.jpg?fit=660%2C600&ssl=1&resize=525%2C300 1.5x"},"classes":[]},{"id":27733,"url":"https:\/\/docmarket-dz.com\/index.php\/product\/sparadrap-perfore-518-cm\/","url_meta":{"origin":29458,"position":3},"title":"SPARADRAP PERFORE 5*18 CM","author":"fatmazohra.nasri","date":"25\/10\/2023","format":false,"excerpt":"","rel":"","context":"Article similaire","block_context":{"text":"Article similaire","link":""},"img":{"alt_text":"","src":"https:\/\/i0.wp.com\/docmarket-dz.com\/wp-content\/uploads\/2023\/10\/spa.jpg?fit=598%2C604&ssl=1&resize=350%2C200","width":350,"height":200,"srcset":"https:\/\/i0.wp.com\/docmarket-dz.com\/wp-content\/uploads\/2023\/10\/spa.jpg?fit=598%2C604&ssl=1&resize=350%2C200 1x, https:\/\/i0.wp.com\/docmarket-dz.com\/wp-content\/uploads\/2023\/10\/spa.jpg?fit=598%2C604&ssl=1&resize=525%2C300 1.5x"},"classes":[]},{"id":27807,"url":"https:\/\/docmarket-dz.com\/index.php\/product\/sparadrap-hypoallergenique-20-cm\/","url_meta":{"origin":29458,"position":4},"title":"Sparadrap hypoallerg\u00e9nique 10m x 20 cm","author":"fatmazohra.nasri","date":"12\/11\/2023","format":false,"excerpt":"","rel":"","context":"Article similaire","block_context":{"text":"Article similaire","link":""},"img":{"alt_text":"","src":"https:\/\/i0.wp.com\/docmarket-dz.com\/wp-content\/uploads\/2023\/10\/IMG_1703.png?fit=599%2C597&ssl=1&resize=350%2C200","width":350,"height":200,"srcset":"https:\/\/i0.wp.com\/docmarket-dz.com\/wp-content\/uploads\/2023\/10\/IMG_1703.png?fit=599%2C597&ssl=1&resize=350%2C200 1x, https:\/\/i0.wp.com\/docmarket-dz.com\/wp-content\/uploads\/2023\/10\/IMG_1703.png?fit=599%2C597&ssl=1&resize=525%2C300 1.5x"},"classes":[]},{"id":30422,"url":"https:\/\/docmarket-dz.com\/index.php\/product\/sparadrap-5m125-cm-beplast\/","url_meta":{"origin":29458,"position":5},"title":"SPARADRAP 5M*1,25 CM  (BEPLAST )","author":"Amel","date":"28\/10\/2025","format":false,"excerpt":"","rel":"","context":"Article similaire","block_context":{"text":"Article similaire","link":""},"img":{"alt_text":"","src":"https:\/\/i0.wp.com\/docmarket-dz.com\/wp-content\/uploads\/2025\/10\/Sans-titre.png?fit=544%2C462&ssl=1&resize=350%2C200","width":350,"height":200,"srcset":"https:\/\/i0.wp.com\/docmarket-dz.com\/wp-content\/uploads\/2025\/10\/Sans-titre.png?fit=544%2C462&ssl=1&resize=350%2C200 1x, https:\/\/i0.wp.com\/docmarket-dz.com\/wp-content\/uploads\/2025\/10\/Sans-titre.png?fit=544%2C462&ssl=1&resize=525%2C300 1.5x"},"classes":[]}],"jetpack_sharing_enabled":true,"tiered_pricing_type":"fixed","tiered_pricing_fixed_rules":[],"tiered_pricing_product_settings":{"layout":"default","base_unit_name":{"singular":null,"plural":null},"default_variation":null},"tiered_pricing_minimum_quantity":null,"tiered_pricing_roles_data":[],"tiered_pricing_percentage_rules":[],"_links":{"self":[{"href":"https:\/\/docmarket-dz.com\/index.php\/wp-json\/wp\/v2\/product\/29458","targetHints":{"allow":["GET"]}}],"collection":[{"href":"https:\/\/docmarket-dz.com\/index.php\/wp-json\/wp\/v2\/product"}],"about":[{"href":"https:\/\/docmarket-dz.com\/index.php\/wp-json\/wp\/v2\/types\/product"}],"replies":[{"embeddable":true,"href":"https:\/\/docmarket-dz.com\/index.php\/wp-json\/wp\/v2\/comments?post=29458"}],"wp:featuredmedia":[{"embeddable":true,"href":"https:\/\/docmarket-dz.com\/index.php\/wp-json\/wp\/v2\/media\/30112"}],"wp:attachment":[{"href":"https:\/\/docmarket-dz.com\/index.php\/wp-json\/wp\/v2\/media?parent=29458"}],"wp:term":[{"taxonomy":"product_brand","embeddable":true,"href":"https:\/\/docmarket-dz.com\/index.php\/wp-json\/wp\/v2\/product_brand?post=29458"},{"taxonomy":"product_cat","embeddable":true,"href":"https:\/\/docmarket-dz.com\/index.php\/wp-json\/wp\/v2\/product_cat?post=29458"},{"taxonomy":"product_tag","embeddable":true,"href":"https:\/\/docmarket-dz.com\/index.php\/wp-json\/wp\/v2\/product_tag?post=29458"}],"curies":[{"name":"wp","href":"https:\/\/api.w.org\/{rel}","templated":true}]}}