{"id":29563,"date":"2024-10-21T11:39:45","date_gmt":"2024-10-21T10:39:45","guid":{"rendered":"https:\/\/docmarket-dz.com\/?post_type=product&#038;p=29563"},"modified":"2024-10-31T14:55:33","modified_gmt":"2024-10-31T13:55:33","slug":"mindray-m-53-cleanser-50-ml","status":"publish","type":"product","link":"https:\/\/docmarket-dz.com\/index.php\/product\/mindray-m-53-cleanser-50-ml\/","title":{"rendered":"MINDRAY M-53 CLEANSER &#8211; 50 ml"},"content":{"rendered":"<h4 class=\"sr-proMainInfo-baseInfoH1 J-baseInfo-name\">Nettoyant pour sonde pour r\u00e9actifs pour analyseur d\u2032h\u00e9matologie M-53 M-52 Mindray<\/h4>\n","protected":false},"excerpt":{"rendered":"<p>Nettoyant pour sonde pour r\u00e9actifs pour analyseur d\u2032h\u00e9matologie M-53 M-52 Mindray<\/p>\n","protected":false},"featured_media":0,"comment_status":"open","ping_status":"closed","template":"","meta":{"content-type":"","om_disable_all_campaigns":false,"_uf_show_specific_survey":0,"_uf_disable_surveys":false,"jetpack_publicize_message":"","jetpack_publicize_feature_enabled":true,"jetpack_social_post_already_shared":true,"jetpack_social_options":{"image_generator_settings":{"template":"highway","default_image_id":0,"font":"","enabled":false},"version":2}},"product_brand":[],"product_cat":[739],"product_tag":[],"class_list":{"0":"post-29563","1":"product","2":"type-product","3":"status-publish","5":"product_cat-acupuncture","7":"first","8":"instock","9":"taxable","10":"shipping-taxable","11":"purchasable","12":"product-type-simple"},"supplier_id":29565,"supplier_sku":"","barcode":null,"atum_controlled":true,"out_stock_date":null,"out_stock_threshold":null,"inheritable":false,"inbound_stock":0,"stock_on_hold":0,"sold_today":0,"sales_last_days":0,"reserved_stock":0,"customer_returns":0,"warehouse_damage":0,"lost_in_post":0,"other_logs":0,"out_stock_days":0,"lost_sales":0,"has_location":false,"update_date":"2026-04-10T00:05:03","atum_locations":[],"atum_stock_status":"instock","restock_status":false,"low_stock_amount":"","sales_update_date":"2026-04-10T00:05:03","calc_backorders":null,"aioseo_notices":[],"jetpack_publicize_connections":[],"jetpack-related-posts":[{"id":25366,"url":"https:\/\/docmarket-dz.com\/index.php\/product\/cable-ecg-pour-moniteur-mindray-pm-5000-6000\/","url_meta":{"origin":29563,"position":0},"title":"CABLE ECG POUR MONITEUR  Mindray PM 5000-6000","author":"falek.h","date":"12\/03\/2023","format":false,"excerpt":"CABLE ECG POUR MONITEUR Mindray PM 5000-6000","rel":"","context":"Article similaire","block_context":{"text":"Article similaire","link":""},"img":{"alt_text":"","src":"https:\/\/i0.wp.com\/docmarket-dz.com\/wp-content\/uploads\/2023\/03\/CABLE-ECG-POUR-MONITEUR-Mindray-PM-5000-6000-PhotoRoom.png-PhotoRoom-PhotoRoom-e1680778252977.jpg?fit=600%2C600&ssl=1&resize=350%2C200","width":350,"height":200,"srcset":"https:\/\/i0.wp.com\/docmarket-dz.com\/wp-content\/uploads\/2023\/03\/CABLE-ECG-POUR-MONITEUR-Mindray-PM-5000-6000-PhotoRoom.png-PhotoRoom-PhotoRoom-e1680778252977.jpg?fit=600%2C600&ssl=1&resize=350%2C200 1x, https:\/\/i0.wp.com\/docmarket-dz.com\/wp-content\/uploads\/2023\/03\/CABLE-ECG-POUR-MONITEUR-Mindray-PM-5000-6000-PhotoRoom.png-PhotoRoom-PhotoRoom-e1680778252977.jpg?fit=600%2C600&ssl=1&resize=525%2C300 1.5x"},"classes":[]},{"id":27809,"url":"https:\/\/docmarket-dz.com\/index.php\/product\/cleaning-spray\/","url_meta":{"origin":29563,"position":1},"title":"Spray nettoyant pour sonde","author":"fatmazohra.nasri","date":"12\/11\/2023","format":false,"excerpt":"Nettoyant lotion pour sonde transductrice, usage \u00e9conomique, soluble dans l\u2019eau, \u00e0 usage externe uniquement.","rel":"","context":"Article similaire","block_context":{"text":"Article similaire","link":""},"img":{"alt_text":"","src":"","width":0,"height":0},"classes":[]},{"id":30632,"url":"https:\/\/docmarket-dz.com\/index.php\/product\/sonde-nasogastrique-ch16-bt-50\/","url_meta":{"origin":29563,"position":2},"title":"Sonde Nasogastrique  CH16 BT\/50","author":"Amel","date":"07\/01\/2026","format":false,"excerpt":"","rel":"","context":"Article similaire","block_context":{"text":"Article similaire","link":""},"img":{"alt_text":"","src":"","width":0,"height":0},"classes":[]},{"id":26647,"url":"https:\/\/docmarket-dz.com\/index.php\/product\/desinfectant-spray-surfasaf\/","url_meta":{"origin":29563,"position":3},"title":"SPRAY SURFA&#8217;SAFE PREMIUM D\u00e9sinfectant FL\/750 ML","author":"falek.h","date":"17\/03\/2023","format":false,"excerpt":"\u00a0 \u00a0 \u00a0 \u00a0 INDICATIONS: Mousse d\u00e9tergente d\u00e9sinfectante, destin\u00e9e au nettoyage et \u00e0 la d\u00e9sinfection des surfaces, des structures externes des \u00e9quipements (respirateurs, g\u00e9n\u00e9rateurs d\u2019h\u00e9modialyse\u2026) et des dispositifs m\u00e9dicaux non immergeables et non invasifs (sondes \u00e9chographiques classiques, c\u00e2bles et connectiques, capteurs de pression, testeurs de glyc\u00e9mie, tensiom\u00e8tres, marteaux \u00e0 r\u00e9flexe\u2026)\u2026","rel":"","context":"Article similaire","block_context":{"text":"Article similaire","link":""},"img":{"alt_text":"","src":"https:\/\/i0.wp.com\/docmarket-dz.com\/wp-content\/uploads\/2023\/03\/DESINFECTANT-SPRAY-SURFASAF-e1680615017544.jpg?fit=600%2C600&ssl=1&resize=350%2C200","width":350,"height":200,"srcset":"https:\/\/i0.wp.com\/docmarket-dz.com\/wp-content\/uploads\/2023\/03\/DESINFECTANT-SPRAY-SURFASAF-e1680615017544.jpg?fit=600%2C600&ssl=1&resize=350%2C200 1x, https:\/\/i0.wp.com\/docmarket-dz.com\/wp-content\/uploads\/2023\/03\/DESINFECTANT-SPRAY-SURFASAF-e1680615017544.jpg?fit=600%2C600&ssl=1&resize=525%2C300 1.5x"},"classes":[]},{"id":28112,"url":"https:\/\/docmarket-dz.com\/index.php\/product\/ldh-cebio-r1-240-ml-r2-120-ml100-tests\/","url_meta":{"origin":29563,"position":4},"title":"LDH CEBIO R1 2*40 ml  R2 1*20 ml(100 tests)","author":"Sofiane Arbouche","date":"12\/12\/2023","format":false,"excerpt":"R\u00e9actif pour le dosage quantitatif de l'activit\u00e9 Lactate Deshydrog\u00e9nase dans le s\u00e9rum et le piasma humains.","rel":"","context":"Article similaire","block_context":{"text":"Article similaire","link":""},"img":{"alt_text":"","src":"https:\/\/i0.wp.com\/docmarket-dz.com\/wp-content\/uploads\/2023\/12\/IMG_2177.png?fit=600%2C605&ssl=1&resize=350%2C200","width":350,"height":200,"srcset":"https:\/\/i0.wp.com\/docmarket-dz.com\/wp-content\/uploads\/2023\/12\/IMG_2177.png?fit=600%2C605&ssl=1&resize=350%2C200 1x, https:\/\/i0.wp.com\/docmarket-dz.com\/wp-content\/uploads\/2023\/12\/IMG_2177.png?fit=600%2C605&ssl=1&resize=525%2C300 1.5x"},"classes":[]},{"id":24527,"url":"https:\/\/docmarket-dz.com\/index.php\/product\/desinfectant-sols-et-surfaces-500-ml\/","url_meta":{"origin":29563,"position":5},"title":"desinfectant nettoyant multisurface 500 ML","author":"falek.h","date":"01\/01\/2023","format":false,"excerpt":"Le d\u00e9sinfectant sols et surfaces BacterClean est une pr\u00e9paration combin\u00e9e pour la d\u00e9sinfection et le nettoyage de mat\u00e9riels m\u00e9dicaux, de dispositifs m\u00e9dicaux et de tous types de surfaces. Il est \u00e9labor\u00e9 \u00e0 base d'ammonium quaternaire, il est sans parfum, sans ald\u00e9hydes, ni ph\u00e9nols et se caract\u00e9rise par une bonne puissance\u2026","rel":"","context":"Article similaire","block_context":{"text":"Article similaire","link":""},"img":{"alt_text":"","src":"https:\/\/i0.wp.com\/docmarket-dz.com\/wp-content\/uploads\/2023\/01\/desinfectant-PhotoRoom-e1672563198479.jpg?fit=600%2C531&ssl=1&resize=350%2C200","width":350,"height":200,"srcset":"https:\/\/i0.wp.com\/docmarket-dz.com\/wp-content\/uploads\/2023\/01\/desinfectant-PhotoRoom-e1672563198479.jpg?fit=600%2C531&ssl=1&resize=350%2C200 1x, https:\/\/i0.wp.com\/docmarket-dz.com\/wp-content\/uploads\/2023\/01\/desinfectant-PhotoRoom-e1672563198479.jpg?fit=600%2C531&ssl=1&resize=525%2C300 1.5x"},"classes":[]}],"jetpack_sharing_enabled":true,"tiered_pricing_type":"fixed","tiered_pricing_fixed_rules":[],"tiered_pricing_product_settings":{"layout":"default","base_unit_name":{"singular":null,"plural":null},"default_variation":null},"tiered_pricing_minimum_quantity":null,"tiered_pricing_roles_data":[],"tiered_pricing_percentage_rules":[],"_links":{"self":[{"href":"https:\/\/docmarket-dz.com\/index.php\/wp-json\/wp\/v2\/product\/29563","targetHints":{"allow":["GET"]}}],"collection":[{"href":"https:\/\/docmarket-dz.com\/index.php\/wp-json\/wp\/v2\/product"}],"about":[{"href":"https:\/\/docmarket-dz.com\/index.php\/wp-json\/wp\/v2\/types\/product"}],"replies":[{"embeddable":true,"href":"https:\/\/docmarket-dz.com\/index.php\/wp-json\/wp\/v2\/comments?post=29563"}],"wp:attachment":[{"href":"https:\/\/docmarket-dz.com\/index.php\/wp-json\/wp\/v2\/media?parent=29563"}],"wp:term":[{"taxonomy":"product_brand","embeddable":true,"href":"https:\/\/docmarket-dz.com\/index.php\/wp-json\/wp\/v2\/product_brand?post=29563"},{"taxonomy":"product_cat","embeddable":true,"href":"https:\/\/docmarket-dz.com\/index.php\/wp-json\/wp\/v2\/product_cat?post=29563"},{"taxonomy":"product_tag","embeddable":true,"href":"https:\/\/docmarket-dz.com\/index.php\/wp-json\/wp\/v2\/product_tag?post=29563"}],"curies":[{"name":"wp","href":"https:\/\/api.w.org\/{rel}","templated":true}]}}