{"id":29676,"date":"2024-11-18T11:42:36","date_gmt":"2024-11-18T10:42:36","guid":{"rendered":"https:\/\/docmarket-dz.com\/?post_type=product&#038;p=29676"},"modified":"2024-11-19T10:22:38","modified_gmt":"2024-11-19T09:22:38","slug":"uree-berthelot-4x125-ml-biosearch","status":"publish","type":"product","link":"https:\/\/docmarket-dz.com\/index.php\/product\/uree-berthelot-4x125-ml-biosearch\/","title":{"rendered":"Kit Ur\u00e9e &#8211; R1 4X35 ml + R2 2X18 ml"},"content":{"rendered":"","protected":false},"excerpt":{"rendered":"","protected":false},"featured_media":29685,"comment_status":"open","ping_status":"closed","template":"","meta":{"content-type":"","om_disable_all_campaigns":false,"_uf_show_specific_survey":0,"_uf_disable_surveys":false,"jetpack_publicize_message":"","jetpack_publicize_feature_enabled":true,"jetpack_social_post_already_shared":true,"jetpack_social_options":{"image_generator_settings":{"template":"highway","default_image_id":0,"font":"","enabled":false},"version":2}},"product_brand":[],"product_cat":[739],"product_tag":[],"class_list":{"0":"post-29676","1":"product","2":"type-product","3":"status-publish","4":"has-post-thumbnail","6":"product_cat-acupuncture","7":"ts_product_brand-biosearch","8":"ts_product_brand-mindray","10":"first","11":"onbackorder","12":"taxable","13":"shipping-taxable","14":"purchasable","15":"product-type-simple"},"supplier_id":null,"supplier_sku":"","barcode":null,"atum_controlled":true,"out_stock_date":"2024-11-19 10:22:37","out_stock_threshold":null,"inheritable":false,"inbound_stock":0,"stock_on_hold":0,"sold_today":0,"sales_last_days":0,"reserved_stock":0,"customer_returns":0,"warehouse_damage":0,"lost_in_post":0,"other_logs":0,"out_stock_days":506,"lost_sales":0,"has_location":false,"update_date":"2026-04-10T00:05:03","atum_locations":[],"atum_stock_status":"onbackorder","restock_status":false,"low_stock_amount":"","sales_update_date":"2026-04-10T00:05:03","calc_backorders":0,"aioseo_notices":[],"jetpack_publicize_connections":[],"jetpack-related-posts":[{"id":28112,"url":"https:\/\/docmarket-dz.com\/index.php\/product\/ldh-cebio-r1-240-ml-r2-120-ml100-tests\/","url_meta":{"origin":29676,"position":0},"title":"LDH CEBIO R1 2*40 ml  R2 1*20 ml(100 tests)","author":"Sofiane Arbouche","date":"12\/12\/2023","format":false,"excerpt":"R\u00e9actif pour le dosage quantitatif de l'activit\u00e9 Lactate Deshydrog\u00e9nase dans le s\u00e9rum et le piasma humains.","rel":"","context":"Article similaire","block_context":{"text":"Article similaire","link":""},"img":{"alt_text":"","src":"https:\/\/i0.wp.com\/docmarket-dz.com\/wp-content\/uploads\/2023\/12\/IMG_2177.png?fit=600%2C605&ssl=1&resize=350%2C200","width":350,"height":200,"srcset":"https:\/\/i0.wp.com\/docmarket-dz.com\/wp-content\/uploads\/2023\/12\/IMG_2177.png?fit=600%2C605&ssl=1&resize=350%2C200 1x, https:\/\/i0.wp.com\/docmarket-dz.com\/wp-content\/uploads\/2023\/12\/IMG_2177.png?fit=600%2C605&ssl=1&resize=525%2C300 1.5x"},"classes":[]},{"id":29697,"url":"https:\/\/docmarket-dz.com\/index.php\/product\/kit-uree-diazone\/","url_meta":{"origin":29676,"position":1},"title":"Kit Ur\u00e9e Diazone","author":"Amel","date":"20\/11\/2024","format":false,"excerpt":"","rel":"","context":"Article similaire","block_context":{"text":"Article similaire","link":""},"img":{"alt_text":"","src":"","width":0,"height":0},"classes":[]},{"id":26567,"url":"https:\/\/docmarket-dz.com\/index.php\/product\/coffret-composite-prime-dent-photo\/","url_meta":{"origin":29676,"position":2},"title":"COFFRET COMPOSITE PRIME-DENT","author":"falek.h","date":"01\/01\/1970","format":false,"excerpt":"Le kit composite hybride dentaire Prime est un kit de restauration contenant une r\u00e9sine composite, un agent de gravure et un agent de liaison.\u00a07 seringues de 4,5 g chacune de composite photopolym\u00e9risable sont incluses dans le kit de restauration.\u00a0De plus, un flacon d'enchantement (7,5 ml) et de la colle de\u2026","rel":"","context":"Article similaire","block_context":{"text":"Article similaire","link":""},"img":{"alt_text":"","src":"https:\/\/i0.wp.com\/docmarket-dz.com\/wp-content\/uploads\/1970\/01\/prime-dent-kit-min-e1697012420677.webp?fit=600%2C600&ssl=1&resize=350%2C200","width":350,"height":200,"srcset":"https:\/\/i0.wp.com\/docmarket-dz.com\/wp-content\/uploads\/1970\/01\/prime-dent-kit-min-e1697012420677.webp?fit=600%2C600&ssl=1&resize=350%2C200 1x, https:\/\/i0.wp.com\/docmarket-dz.com\/wp-content\/uploads\/1970\/01\/prime-dent-kit-min-e1697012420677.webp?fit=600%2C600&ssl=1&resize=525%2C300 1.5x"},"classes":[]},{"id":26587,"url":"https:\/\/docmarket-dz.com\/index.php\/product\/composite-essentia-gc-kit-4\/","url_meta":{"origin":29676,"position":3},"title":"COMPOSITE ESSENTIA GC KIT\/4","author":"falek.h","date":"01\/01\/1970","format":false,"excerpt":"Starter kit de composite : Con\u00e7u pour la technique de stratification des composites. Couleur universelle. La brillance \u00e0 long terme est excellente gr\u00e2ce \u00e0 l'utilisation de particules de remplissage ultrafines. 7 seringues (1 de chaque couleur) Ld, Md, Dd, Le, De, U, Ml et 20 embouts.","rel":"","context":"Article similaire","block_context":{"text":"Article similaire","link":""},"img":{"alt_text":"","src":"https:\/\/i0.wp.com\/docmarket-dz.com\/wp-content\/uploads\/1970\/01\/wqr-e1697016581855.jpg?fit=600%2C440&ssl=1&resize=350%2C200","width":350,"height":200,"srcset":"https:\/\/i0.wp.com\/docmarket-dz.com\/wp-content\/uploads\/1970\/01\/wqr-e1697016581855.jpg?fit=600%2C440&ssl=1&resize=350%2C200 1x, https:\/\/i0.wp.com\/docmarket-dz.com\/wp-content\/uploads\/1970\/01\/wqr-e1697016581855.jpg?fit=600%2C440&ssl=1&resize=525%2C300 1.5x"},"classes":[]},{"id":26583,"url":"https:\/\/docmarket-dz.com\/index.php\/product\/composite-coffret-ventura-7ser\/","url_meta":{"origin":29676,"position":4},"title":"COMPOSITE COFFRET VENTURA 7SER","author":"falek.h","date":"01\/01\/1970","format":false,"excerpt":"DESCRIPTION Composite nano-hybride. Le composite nano-hybride universel photopolym\u00e9risable qui permet de r\u00e9aliser d'excellentes restaurations ant\u00e9rieures et post\u00e9rieures de haute qualit\u00e9. Il s'agit d'un composite hybride moderne modifi\u00e9 avec des nanoparticules de c\u00e9ramique. Il pr\u00e9sente donc d'excellentes propri\u00e9t\u00e9s de manipulation et garantit des restaurations esth\u00e9tiques, s\u00fbres et durables gr\u00e2ce \u00e0 sa\u2026","rel":"","context":"Article similaire","block_context":{"text":"Article similaire","link":""},"img":{"alt_text":"","src":"https:\/\/i0.wp.com\/docmarket-dz.com\/wp-content\/uploads\/1970\/01\/73120-13618021-e1697015782133.jpg?fit=600%2C333&ssl=1&resize=350%2C200","width":350,"height":200,"srcset":"https:\/\/i0.wp.com\/docmarket-dz.com\/wp-content\/uploads\/1970\/01\/73120-13618021-e1697015782133.jpg?fit=600%2C333&ssl=1&resize=350%2C200 1x, https:\/\/i0.wp.com\/docmarket-dz.com\/wp-content\/uploads\/1970\/01\/73120-13618021-e1697015782133.jpg?fit=600%2C333&ssl=1&resize=525%2C300 1.5x"},"classes":[]},{"id":27557,"url":"https:\/\/docmarket-dz.com\/index.php\/product\/betadine-moussante-250-ml\/","url_meta":{"origin":29676,"position":5},"title":"BETADINE MOUSSANTE -250 ML","author":"Somia Belmadani","date":"17\/10\/2023","format":false,"excerpt":"B\u00c9TADINE SCRUB 4 % : solution moussante pour application cutan\u00e9e ; flacon de 250 ML","rel":"","context":"Article similaire","block_context":{"text":"Article similaire","link":""},"img":{"alt_text":"","src":"https:\/\/i0.wp.com\/docmarket-dz.com\/wp-content\/uploads\/2023\/10\/BETADINE-MOUSSANTE-4-500-ML-PhotoRoom-e1672565769588.webp?fit=600%2C544&ssl=1&resize=350%2C200","width":350,"height":200,"srcset":"https:\/\/i0.wp.com\/docmarket-dz.com\/wp-content\/uploads\/2023\/10\/BETADINE-MOUSSANTE-4-500-ML-PhotoRoom-e1672565769588.webp?fit=600%2C544&ssl=1&resize=350%2C200 1x, https:\/\/i0.wp.com\/docmarket-dz.com\/wp-content\/uploads\/2023\/10\/BETADINE-MOUSSANTE-4-500-ML-PhotoRoom-e1672565769588.webp?fit=600%2C544&ssl=1&resize=525%2C300 1.5x"},"classes":[]}],"jetpack_sharing_enabled":true,"tiered_pricing_type":"fixed","tiered_pricing_fixed_rules":[],"tiered_pricing_product_settings":{"layout":"default","base_unit_name":{"singular":null,"plural":null},"default_variation":null},"tiered_pricing_minimum_quantity":null,"tiered_pricing_roles_data":[],"tiered_pricing_percentage_rules":[],"_links":{"self":[{"href":"https:\/\/docmarket-dz.com\/index.php\/wp-json\/wp\/v2\/product\/29676","targetHints":{"allow":["GET"]}}],"collection":[{"href":"https:\/\/docmarket-dz.com\/index.php\/wp-json\/wp\/v2\/product"}],"about":[{"href":"https:\/\/docmarket-dz.com\/index.php\/wp-json\/wp\/v2\/types\/product"}],"replies":[{"embeddable":true,"href":"https:\/\/docmarket-dz.com\/index.php\/wp-json\/wp\/v2\/comments?post=29676"}],"wp:featuredmedia":[{"embeddable":true,"href":"https:\/\/docmarket-dz.com\/index.php\/wp-json\/wp\/v2\/media\/29685"}],"wp:attachment":[{"href":"https:\/\/docmarket-dz.com\/index.php\/wp-json\/wp\/v2\/media?parent=29676"}],"wp:term":[{"taxonomy":"product_brand","embeddable":true,"href":"https:\/\/docmarket-dz.com\/index.php\/wp-json\/wp\/v2\/product_brand?post=29676"},{"taxonomy":"product_cat","embeddable":true,"href":"https:\/\/docmarket-dz.com\/index.php\/wp-json\/wp\/v2\/product_cat?post=29676"},{"taxonomy":"product_tag","embeddable":true,"href":"https:\/\/docmarket-dz.com\/index.php\/wp-json\/wp\/v2\/product_tag?post=29676"}],"curies":[{"name":"wp","href":"https:\/\/api.w.org\/{rel}","templated":true}]}}