{"id":29677,"date":"2024-11-18T11:46:25","date_gmt":"2024-11-18T10:46:25","guid":{"rendered":"https:\/\/docmarket-dz.com\/?post_type=product&#038;p=29677"},"modified":"2024-11-19T11:48:28","modified_gmt":"2024-11-19T10:48:28","slug":"calcium-ocpc-6x50-ml-biosearch","status":"publish","type":"product","link":"https:\/\/docmarket-dz.com\/index.php\/product\/calcium-ocpc-6x50-ml-biosearch\/","title":{"rendered":"CALCIUM ARSENAZO &#8211; 2&#215;125 ml"},"content":{"rendered":"","protected":false},"excerpt":{"rendered":"","protected":false},"featured_media":0,"comment_status":"open","ping_status":"closed","template":"","meta":{"content-type":"","om_disable_all_campaigns":false,"_uf_show_specific_survey":0,"_uf_disable_surveys":false,"jetpack_publicize_message":"","jetpack_publicize_feature_enabled":true,"jetpack_social_post_already_shared":true,"jetpack_social_options":{"image_generator_settings":{"template":"highway","default_image_id":0,"font":"","enabled":false},"version":2}},"product_brand":[],"product_cat":[739],"product_tag":[],"class_list":{"0":"post-29677","1":"product","2":"type-product","3":"status-publish","5":"product_cat-acupuncture","6":"ts_product_brand-biosearch","8":"first","9":"instock","10":"taxable","11":"shipping-taxable","12":"product-type-simple"},"supplier_id":null,"supplier_sku":"","barcode":null,"atum_controlled":true,"out_stock_date":null,"out_stock_threshold":null,"inheritable":false,"inbound_stock":0,"stock_on_hold":0,"sold_today":0,"sales_last_days":0,"reserved_stock":0,"customer_returns":0,"warehouse_damage":0,"lost_in_post":0,"other_logs":0,"out_stock_days":0,"lost_sales":0,"has_location":false,"update_date":"2026-04-10T00:05:04","atum_locations":[],"atum_stock_status":"instock","restock_status":false,"low_stock_amount":"","sales_update_date":"2026-04-10T00:05:04","calc_backorders":null,"aioseo_notices":[],"jetpack_publicize_connections":[],"jetpack-related-posts":[{"id":30456,"url":"https:\/\/docmarket-dz.com\/index.php\/product\/phosphore-uv-molybdate-2x125-ml-bioresearch\/","url_meta":{"origin":29677,"position":0},"title":"Phosphore, UV-molybdate 2X125 ML ( Bioresearch )","author":"Amel","date":"09\/11\/2025","format":false,"excerpt":"","rel":"","context":"Article similaire","block_context":{"text":"Article similaire","link":""},"img":{"alt_text":"","src":"https:\/\/i0.wp.com\/docmarket-dz.com\/wp-content\/uploads\/2025\/11\/Sans-titre.jpg?fit=962%2C800&ssl=1&resize=350%2C200","width":350,"height":200,"srcset":"https:\/\/i0.wp.com\/docmarket-dz.com\/wp-content\/uploads\/2025\/11\/Sans-titre.jpg?fit=962%2C800&ssl=1&resize=350%2C200 1x, https:\/\/i0.wp.com\/docmarket-dz.com\/wp-content\/uploads\/2025\/11\/Sans-titre.jpg?fit=962%2C800&ssl=1&resize=525%2C300 1.5x, https:\/\/i0.wp.com\/docmarket-dz.com\/wp-content\/uploads\/2025\/11\/Sans-titre.jpg?fit=962%2C800&ssl=1&resize=700%2C400 2x"},"classes":[]},{"id":29699,"url":"https:\/\/docmarket-dz.com\/index.php\/product\/calcium-diazone\/","url_meta":{"origin":29677,"position":1},"title":"Calcium Diazone","author":"Amel","date":"20\/11\/2024","format":false,"excerpt":"","rel":"","context":"Article similaire","block_context":{"text":"Article similaire","link":""},"img":{"alt_text":"","src":"","width":0,"height":0},"classes":[]},{"id":26533,"url":"https:\/\/docmarket-dz.com\/index.php\/product\/ceraseal-sealer-bioceramique\/","url_meta":{"origin":29677,"position":2},"title":"CERASEAL SEALER BIOCERAMIC","author":"falek.h","date":"01\/01\/1970","format":false,"excerpt":"Scellant Canalaire \u00c0 Base De Bioc\u00e9ramique, Seringue 2g AVANTAGES Antimicrobien Biocompatibilit\u00e9 Optimale Excellente Capacit\u00e9 D'\u00e9tanch\u00e9it\u00e9 Le Silicate De Calcium Produit Un Gel CAH (Calcium Aluminate Hydrate) Et Un Gel CSH (Calcium Silicate Hydrate) En Absorbant L'humidit\u00e9 Des Tissus Environnants Dans Le Canal Radiculaire Et Une Certaine Cristallisation De L'hydroxyde De\u2026","rel":"","context":"Article similaire","block_context":{"text":"Article similaire","link":""},"img":{"alt_text":"","src":"https:\/\/i0.wp.com\/docmarket-dz.com\/wp-content\/uploads\/1970\/01\/274abd46ce2704fbad2627c4661443de-e1696412976894.png?fit=600%2C450&ssl=1&resize=350%2C200","width":350,"height":200,"srcset":"https:\/\/i0.wp.com\/docmarket-dz.com\/wp-content\/uploads\/1970\/01\/274abd46ce2704fbad2627c4661443de-e1696412976894.png?fit=600%2C450&ssl=1&resize=350%2C200 1x, https:\/\/i0.wp.com\/docmarket-dz.com\/wp-content\/uploads\/1970\/01\/274abd46ce2704fbad2627c4661443de-e1696412976894.png?fit=600%2C450&ssl=1&resize=525%2C300 1.5x"},"classes":[]},{"id":26478,"url":"https:\/\/docmarket-dz.com\/index.php\/product\/biner-lc-metabiomed\/","url_meta":{"origin":29677,"position":3},"title":"BINER LC METABIOMED","author":"falek.h","date":"17\/03\/2023","format":false,"excerpt":"Biner LC contient le phosphate de calcium hydroxy. Biner LC est un traitement l\u00e9ger, fluorure lib\u00e9rant, rev\u00eatement radio-opaque de cavit\u00e9 et mati\u00e8re premi\u00e8re speciallyformulated pour l'usage avec des adh\u00e9sifs et des compos\u00e9s et avec les mat\u00e9riaux fortifiants conventionnels.Biner LC contient le phosphate de calcium hydroxy dans une r\u00e9sine de dimethacrylate\u2026","rel":"","context":"Article similaire","block_context":{"text":"Article similaire","link":""},"img":{"alt_text":"","src":"https:\/\/i0.wp.com\/docmarket-dz.com\/wp-content\/uploads\/2023\/03\/BINER-LC-METABIOMED-e1680694988613.webp?fit=600%2C600&ssl=1&resize=350%2C200","width":350,"height":200,"srcset":"https:\/\/i0.wp.com\/docmarket-dz.com\/wp-content\/uploads\/2023\/03\/BINER-LC-METABIOMED-e1680694988613.webp?fit=600%2C600&ssl=1&resize=350%2C200 1x, https:\/\/i0.wp.com\/docmarket-dz.com\/wp-content\/uploads\/2023\/03\/BINER-LC-METABIOMED-e1680694988613.webp?fit=600%2C600&ssl=1&resize=525%2C300 1.5x"},"classes":[]},{"id":29676,"url":"https:\/\/docmarket-dz.com\/index.php\/product\/uree-berthelot-4x125-ml-biosearch\/","url_meta":{"origin":29677,"position":4},"title":"Kit Ur\u00e9e &#8211; R1 4X35 ml + R2 2X18 ml","author":"Sofiane Arbouche","date":"18\/11\/2024","format":false,"excerpt":"","rel":"","context":"Article similaire","block_context":{"text":"Article similaire","link":""},"img":{"alt_text":"","src":"https:\/\/i0.wp.com\/docmarket-dz.com\/wp-content\/uploads\/2024\/11\/Sans-titre-5.jpg?fit=1080%2C1080&ssl=1&resize=350%2C200","width":350,"height":200,"srcset":"https:\/\/i0.wp.com\/docmarket-dz.com\/wp-content\/uploads\/2024\/11\/Sans-titre-5.jpg?fit=1080%2C1080&ssl=1&resize=350%2C200 1x, https:\/\/i0.wp.com\/docmarket-dz.com\/wp-content\/uploads\/2024\/11\/Sans-titre-5.jpg?fit=1080%2C1080&ssl=1&resize=525%2C300 1.5x, https:\/\/i0.wp.com\/docmarket-dz.com\/wp-content\/uploads\/2024\/11\/Sans-titre-5.jpg?fit=1080%2C1080&ssl=1&resize=700%2C400 2x, https:\/\/i0.wp.com\/docmarket-dz.com\/wp-content\/uploads\/2024\/11\/Sans-titre-5.jpg?fit=1080%2C1080&ssl=1&resize=1050%2C600 3x"},"classes":[]},{"id":27557,"url":"https:\/\/docmarket-dz.com\/index.php\/product\/betadine-moussante-250-ml\/","url_meta":{"origin":29677,"position":5},"title":"BETADINE MOUSSANTE -250 ML","author":"Somia Belmadani","date":"17\/10\/2023","format":false,"excerpt":"B\u00c9TADINE SCRUB 4 % : solution moussante pour application cutan\u00e9e ; flacon de 250 ML","rel":"","context":"Article similaire","block_context":{"text":"Article similaire","link":""},"img":{"alt_text":"","src":"https:\/\/i0.wp.com\/docmarket-dz.com\/wp-content\/uploads\/2023\/10\/BETADINE-MOUSSANTE-4-500-ML-PhotoRoom-e1672565769588.webp?fit=600%2C544&ssl=1&resize=350%2C200","width":350,"height":200,"srcset":"https:\/\/i0.wp.com\/docmarket-dz.com\/wp-content\/uploads\/2023\/10\/BETADINE-MOUSSANTE-4-500-ML-PhotoRoom-e1672565769588.webp?fit=600%2C544&ssl=1&resize=350%2C200 1x, https:\/\/i0.wp.com\/docmarket-dz.com\/wp-content\/uploads\/2023\/10\/BETADINE-MOUSSANTE-4-500-ML-PhotoRoom-e1672565769588.webp?fit=600%2C544&ssl=1&resize=525%2C300 1.5x"},"classes":[]}],"jetpack_sharing_enabled":true,"tiered_pricing_type":"fixed","tiered_pricing_fixed_rules":[],"tiered_pricing_product_settings":{"layout":"default","base_unit_name":{"singular":null,"plural":null},"default_variation":null},"tiered_pricing_minimum_quantity":null,"tiered_pricing_roles_data":[],"tiered_pricing_percentage_rules":[],"_links":{"self":[{"href":"https:\/\/docmarket-dz.com\/index.php\/wp-json\/wp\/v2\/product\/29677","targetHints":{"allow":["GET"]}}],"collection":[{"href":"https:\/\/docmarket-dz.com\/index.php\/wp-json\/wp\/v2\/product"}],"about":[{"href":"https:\/\/docmarket-dz.com\/index.php\/wp-json\/wp\/v2\/types\/product"}],"replies":[{"embeddable":true,"href":"https:\/\/docmarket-dz.com\/index.php\/wp-json\/wp\/v2\/comments?post=29677"}],"wp:attachment":[{"href":"https:\/\/docmarket-dz.com\/index.php\/wp-json\/wp\/v2\/media?parent=29677"}],"wp:term":[{"taxonomy":"product_brand","embeddable":true,"href":"https:\/\/docmarket-dz.com\/index.php\/wp-json\/wp\/v2\/product_brand?post=29677"},{"taxonomy":"product_cat","embeddable":true,"href":"https:\/\/docmarket-dz.com\/index.php\/wp-json\/wp\/v2\/product_cat?post=29677"},{"taxonomy":"product_tag","embeddable":true,"href":"https:\/\/docmarket-dz.com\/index.php\/wp-json\/wp\/v2\/product_tag?post=29677"}],"curies":[{"name":"wp","href":"https:\/\/api.w.org\/{rel}","templated":true}]}}