{"id":29695,"date":"2024-11-20T16:11:43","date_gmt":"2024-11-20T15:11:43","guid":{"rendered":"https:\/\/docmarket-dz.com\/?post_type=product&#038;p=29695"},"modified":"2025-09-09T21:35:19","modified_gmt":"2025-09-09T20:35:19","slug":"prolongateur-150cm-decomed","status":"publish","type":"product","link":"https:\/\/docmarket-dz.com\/index.php\/product\/prolongateur-150cm-decomed\/","title":{"rendered":"PROLONGATEUR 150CM DECOMED+"},"content":{"rendered":"","protected":false},"excerpt":{"rendered":"","protected":false},"featured_media":30107,"comment_status":"open","ping_status":"closed","template":"","meta":{"content-type":"","om_disable_all_campaigns":false,"_uf_show_specific_survey":0,"_uf_disable_surveys":false,"jetpack_publicize_message":"","jetpack_publicize_feature_enabled":true,"jetpack_social_post_already_shared":true,"jetpack_social_options":{"image_generator_settings":{"template":"highway","default_image_id":0,"font":"","enabled":false},"version":2}},"product_brand":[],"product_cat":[487],"product_tag":[],"class_list":{"0":"post-29695","1":"product","2":"type-product","3":"status-publish","4":"has-post-thumbnail","6":"product_cat-medical","7":"ts_product_brand-decomed","9":"first","10":"instock","11":"purchasable","12":"product-type-simple"},"supplier_id":null,"supplier_sku":"","barcode":null,"atum_controlled":true,"out_stock_date":null,"out_stock_threshold":null,"inheritable":false,"inbound_stock":0,"stock_on_hold":0,"sold_today":0,"sales_last_days":0,"reserved_stock":0,"customer_returns":0,"warehouse_damage":0,"lost_in_post":0,"other_logs":0,"out_stock_days":0,"lost_sales":0,"has_location":true,"update_date":"2026-04-16T00:07:58","atum_locations":[{"id":970,"name":"B0","slug":"b0"}],"atum_stock_status":"instock","restock_status":false,"low_stock_amount":35,"sales_update_date":"2026-04-16T00:07:58","calc_backorders":0,"aioseo_notices":[],"jetpack_publicize_connections":[],"jetpack-related-posts":[{"id":26221,"url":"https:\/\/docmarket-dz.com\/index.php\/product\/prolongateur-150cm\/","url_meta":{"origin":29695,"position":0},"title":"PROLONGATEUR 150CM","author":"falek.h","date":"12\/03\/2023","format":false,"excerpt":"","rel":"","context":"Article similaire","block_context":{"text":"Article similaire","link":""},"img":{"alt_text":"","src":"https:\/\/i0.wp.com\/docmarket-dz.com\/wp-content\/uploads\/2023\/03\/IMG_20240318_103356-scaled.jpg?fit=1200%2C900&ssl=1&resize=350%2C200","width":350,"height":200,"srcset":"https:\/\/i0.wp.com\/docmarket-dz.com\/wp-content\/uploads\/2023\/03\/IMG_20240318_103356-scaled.jpg?fit=1200%2C900&ssl=1&resize=350%2C200 1x, https:\/\/i0.wp.com\/docmarket-dz.com\/wp-content\/uploads\/2023\/03\/IMG_20240318_103356-scaled.jpg?fit=1200%2C900&ssl=1&resize=525%2C300 1.5x, https:\/\/i0.wp.com\/docmarket-dz.com\/wp-content\/uploads\/2023\/03\/IMG_20240318_103356-scaled.jpg?fit=1200%2C900&ssl=1&resize=700%2C400 2x, https:\/\/i0.wp.com\/docmarket-dz.com\/wp-content\/uploads\/2023\/03\/IMG_20240318_103356-scaled.jpg?fit=1200%2C900&ssl=1&resize=1050%2C600 3x"},"classes":[]},{"id":28991,"url":"https:\/\/docmarket-dz.com\/index.php\/product\/sonde-daspiration-ch18-decomed\/","url_meta":{"origin":29695,"position":1},"title":"Sonde d&#8217;aspiration CH 16","author":"Sofiane Arbouche","date":"22\/05\/2024","format":false,"excerpt":"","rel":"","context":"Article similaire","block_context":{"text":"Article similaire","link":""},"img":{"alt_text":"","src":"https:\/\/i0.wp.com\/docmarket-dz.com\/wp-content\/uploads\/2023\/03\/SONDE-ROUGR-1.png?fit=347%2C260&ssl=1&resize=350%2C200","width":350,"height":200},"classes":[]},{"id":25192,"url":"https:\/\/docmarket-dz.com\/index.php\/product\/champ-de-table-sterile-200cm150cm\/","url_meta":{"origin":29695,"position":2},"title":"CHAMP DE TABLE STERILE 200CM*150CM","author":"falek.h","date":"25\/02\/2023","format":false,"excerpt":"","rel":"","context":"Article similaire","block_context":{"text":"Article similaire","link":""},"img":{"alt_text":"","src":"https:\/\/i0.wp.com\/docmarket-dz.com\/wp-content\/uploads\/2023\/02\/champ-de-table-operatoire-sterile-75-x-90-cm-foliodrape-e1677330545134.jpg?fit=570%2C697&ssl=1&resize=350%2C200","width":350,"height":200,"srcset":"https:\/\/i0.wp.com\/docmarket-dz.com\/wp-content\/uploads\/2023\/02\/champ-de-table-operatoire-sterile-75-x-90-cm-foliodrape-e1677330545134.jpg?fit=570%2C697&ssl=1&resize=350%2C200 1x, https:\/\/i0.wp.com\/docmarket-dz.com\/wp-content\/uploads\/2023\/02\/champ-de-table-operatoire-sterile-75-x-90-cm-foliodrape-e1677330545134.jpg?fit=570%2C697&ssl=1&resize=525%2C300 1.5x"},"classes":[]},{"id":29253,"url":"https:\/\/docmarket-dz.com\/index.php\/product\/prolongateur-100-cm\/","url_meta":{"origin":29695,"position":3},"title":"Prolongateur 100 Cm","author":"TIKELALINE Amel","date":"08\/08\/2024","format":false,"excerpt":"","rel":"","context":"Article similaire","block_context":{"text":"Article similaire","link":""},"img":{"alt_text":"","src":"","width":0,"height":0},"classes":[]},{"id":26586,"url":"https:\/\/docmarket-dz.com\/index.php\/product\/composite-composan-ceram-promedica\/","url_meta":{"origin":29695,"position":4},"title":"COMPOSITE COMPOSAN CERAM PROMEDICA","author":"falek.h","date":"01\/01\/1970","format":false,"excerpt":"LES INDICATIONS\u00a0 Obturations des classes I \u00e0 V Reconstruction des parties ant\u00e9rieures traumatis\u00e9es Corrections de couleur et de forme pour une apparence esth\u00e9tique am\u00e9lior\u00e9e Verrouillage, attelle des parties ant\u00e9rieures l\u00e2ches Scellement prolong\u00e9 des fissures pour molaires et pr\u00e9molaires R\u00e9paration de facettes Accumulations de base Particuli\u00e8rement adapt\u00e9 aux inlays composites AVANTAGES\u2026","rel":"","context":"Article similaire","block_context":{"text":"Article similaire","link":""},"img":{"alt_text":"","src":"https:\/\/i0.wp.com\/docmarket-dz.com\/wp-content\/uploads\/1970\/01\/1861-D002762.jpg?fit=500%2C500&ssl=1&resize=350%2C200","width":350,"height":200},"classes":[]}],"jetpack_sharing_enabled":true,"tiered_pricing_type":"fixed","tiered_pricing_fixed_rules":{"200":80},"tiered_pricing_product_settings":{"layout":"default","base_unit_name":{"singular":null,"plural":null},"default_variation":null},"tiered_pricing_minimum_quantity":null,"tiered_pricing_roles_data":[],"tiered_pricing_percentage_rules":[],"_links":{"self":[{"href":"https:\/\/docmarket-dz.com\/index.php\/wp-json\/wp\/v2\/product\/29695","targetHints":{"allow":["GET"]}}],"collection":[{"href":"https:\/\/docmarket-dz.com\/index.php\/wp-json\/wp\/v2\/product"}],"about":[{"href":"https:\/\/docmarket-dz.com\/index.php\/wp-json\/wp\/v2\/types\/product"}],"replies":[{"embeddable":true,"href":"https:\/\/docmarket-dz.com\/index.php\/wp-json\/wp\/v2\/comments?post=29695"}],"wp:featuredmedia":[{"embeddable":true,"href":"https:\/\/docmarket-dz.com\/index.php\/wp-json\/wp\/v2\/media\/30107"}],"wp:attachment":[{"href":"https:\/\/docmarket-dz.com\/index.php\/wp-json\/wp\/v2\/media?parent=29695"}],"wp:term":[{"taxonomy":"product_brand","embeddable":true,"href":"https:\/\/docmarket-dz.com\/index.php\/wp-json\/wp\/v2\/product_brand?post=29695"},{"taxonomy":"product_cat","embeddable":true,"href":"https:\/\/docmarket-dz.com\/index.php\/wp-json\/wp\/v2\/product_cat?post=29695"},{"taxonomy":"product_tag","embeddable":true,"href":"https:\/\/docmarket-dz.com\/index.php\/wp-json\/wp\/v2\/product_tag?post=29695"}],"curies":[{"name":"wp","href":"https:\/\/api.w.org\/{rel}","templated":true}]}}