{"id":29737,"date":"2024-12-05T12:33:31","date_gmt":"2024-12-05T11:33:31","guid":{"rendered":"https:\/\/docmarket-dz.com\/?post_type=product&#038;p=29737"},"modified":"2025-05-12T18:19:39","modified_gmt":"2025-05-12T17:19:39","slug":"trousse-chirurgie-generale-sottex","status":"publish","type":"product","link":"https:\/\/docmarket-dz.com\/index.php\/product\/trousse-chirurgie-generale-sottex\/","title":{"rendered":"Trousse Chirurgie G\u00e9n\u00e9rale (SOTTEX)"},"content":{"rendered":"","protected":false},"excerpt":{"rendered":"","protected":false},"featured_media":0,"comment_status":"open","ping_status":"closed","template":"","meta":{"content-type":"","om_disable_all_campaigns":false,"_uf_show_specific_survey":0,"_uf_disable_surveys":false,"jetpack_publicize_message":"","jetpack_publicize_feature_enabled":true,"jetpack_social_post_already_shared":true,"jetpack_social_options":{"image_generator_settings":{"template":"highway","default_image_id":0,"font":"","enabled":false},"version":2}},"product_brand":[],"product_cat":[739],"product_tag":[],"class_list":{"0":"post-29737","1":"product","2":"type-product","3":"status-publish","5":"product_cat-acupuncture","7":"first","8":"instock","9":"taxable","10":"shipping-taxable","11":"purchasable","12":"product-type-simple"},"supplier_id":null,"supplier_sku":"","barcode":null,"atum_controlled":true,"out_stock_date":null,"out_stock_threshold":null,"inheritable":false,"inbound_stock":0,"stock_on_hold":0,"sold_today":0,"sales_last_days":0,"reserved_stock":0,"customer_returns":0,"warehouse_damage":0,"lost_in_post":0,"other_logs":0,"out_stock_days":0,"lost_sales":0,"has_location":true,"update_date":"2026-04-10T00:04:59","atum_locations":[{"id":915,"name":"B","slug":"b"}],"atum_stock_status":"instock","restock_status":false,"low_stock_amount":"","sales_update_date":"2026-04-10T00:04:59","calc_backorders":0,"aioseo_notices":[],"jetpack_publicize_connections":[],"jetpack-related-posts":[{"id":26394,"url":"https:\/\/docmarket-dz.com\/index.php\/product\/trousse-de-chirurgie-renforce\/","url_meta":{"origin":29737,"position":0},"title":"TROUSSE DE CHIRURGIE RENFORCE","author":"falek.h","date":"12\/03\/2023","format":false,"excerpt":"","rel":"","context":"Article similaire","block_context":{"text":"Article similaire","link":""},"img":{"alt_text":"","src":"","width":0,"height":0},"classes":[]},{"id":26390,"url":"https:\/\/docmarket-dz.com\/index.php\/product\/trousse-celioscopie-sterile\/","url_meta":{"origin":29737,"position":1},"title":"TROUSSE COELIOSCOPIE STERILE","author":"falek.h","date":"12\/03\/2023","format":false,"excerpt":"Les champs de la trousse de c\u0153lioscopie sont soigneusement con\u00e7us pour garantir la s\u00e9curit\u00e9 et l\u2019efficacit\u00e9 face aux exigences particuli\u00e8res de la chirurgie c\u0153lioscopie, et renforcer l\u2019efficacit\u00e9 au bloc op\u00e9ratoire. Les passes tubulures et bandes adh\u00e9sives permettent d\u2019organiser la zone de travail et de conserver un environnement propre et st\u00e9rile,\u2026","rel":"","context":"Article similaire","block_context":{"text":"Article similaire","link":""},"img":{"alt_text":"","src":"https:\/\/i0.wp.com\/docmarket-dz.com\/wp-content\/uploads\/2023\/03\/Capture-tousse-coeloscopie.png?fit=432%2C267&ssl=1&resize=350%2C200","width":350,"height":200},"classes":[]},{"id":29234,"url":"https:\/\/docmarket-dz.com\/index.php\/product\/kit-trousse-de-circoncision\/","url_meta":{"origin":29737,"position":2},"title":"KIT &#8211; Trousse de circoncision","author":"Sofiane Arbouche","date":"05\/08\/2024","format":false,"excerpt":"\u00a0\u00a0\u00a0 \u00a0\u00a0\u00a0\u00a0\u00a0\u00a0\u00a0\u00a0\u00a0\u00a0\u00a0\u00a0\u00a0\u00a0\u00a0\u00a0SET \u00a0DE CIRCONCISION\u00a0: 2 x Paires de gants de chirurgie Champ op\u00e9ratoire lamin\u00e9 45 x50 cm Pince h\u00e9mostatique courb\u00e9 Bistouri lame 11 Pince kocher 5 x compresse 5 x 7.5","rel":"","context":"Article similaire","block_context":{"text":"Article similaire","link":""},"img":{"alt_text":"","src":"","width":0,"height":0},"classes":[]},{"id":30191,"url":"https:\/\/docmarket-dz.com\/index.php\/product\/champ-ophtalmique-avec-poche-11090-sottex\/","url_meta":{"origin":29737,"position":3},"title":"Champ Ophtalmique avec poche 110*90 SOTTEX","author":"Amel","date":"23\/06\/2025","format":false,"excerpt":"","rel":"","context":"Article similaire","block_context":{"text":"Article similaire","link":""},"img":{"alt_text":"","src":"","width":0,"height":0},"classes":[]},{"id":30636,"url":"https:\/\/docmarket-dz.com\/index.php\/product\/champ-ophtalmique-sans-poche-4040-sottex\/","url_meta":{"origin":29737,"position":4},"title":"Champ Ophtalmique sans poche 40*40 SOTTEX","author":"Amel","date":"07\/01\/2026","format":false,"excerpt":"","rel":"","context":"Article similaire","block_context":{"text":"Article similaire","link":""},"img":{"alt_text":"","src":"","width":0,"height":0},"classes":[]},{"id":30637,"url":"https:\/\/docmarket-dz.com\/index.php\/product\/champ-ophtalmique-sans-poche-10070-sottex\/","url_meta":{"origin":29737,"position":5},"title":"Champ Ophtalmique sans poche 100*70 SOTTEX","author":"Amel","date":"07\/01\/2026","format":false,"excerpt":"","rel":"","context":"Article similaire","block_context":{"text":"Article similaire","link":""},"img":{"alt_text":"","src":"","width":0,"height":0},"classes":[]}],"jetpack_sharing_enabled":true,"tiered_pricing_type":"fixed","tiered_pricing_fixed_rules":[],"tiered_pricing_product_settings":{"layout":"default","base_unit_name":{"singular":null,"plural":null},"default_variation":null},"tiered_pricing_minimum_quantity":null,"tiered_pricing_roles_data":[],"tiered_pricing_percentage_rules":[],"_links":{"self":[{"href":"https:\/\/docmarket-dz.com\/index.php\/wp-json\/wp\/v2\/product\/29737","targetHints":{"allow":["GET"]}}],"collection":[{"href":"https:\/\/docmarket-dz.com\/index.php\/wp-json\/wp\/v2\/product"}],"about":[{"href":"https:\/\/docmarket-dz.com\/index.php\/wp-json\/wp\/v2\/types\/product"}],"replies":[{"embeddable":true,"href":"https:\/\/docmarket-dz.com\/index.php\/wp-json\/wp\/v2\/comments?post=29737"}],"wp:attachment":[{"href":"https:\/\/docmarket-dz.com\/index.php\/wp-json\/wp\/v2\/media?parent=29737"}],"wp:term":[{"taxonomy":"product_brand","embeddable":true,"href":"https:\/\/docmarket-dz.com\/index.php\/wp-json\/wp\/v2\/product_brand?post=29737"},{"taxonomy":"product_cat","embeddable":true,"href":"https:\/\/docmarket-dz.com\/index.php\/wp-json\/wp\/v2\/product_cat?post=29737"},{"taxonomy":"product_tag","embeddable":true,"href":"https:\/\/docmarket-dz.com\/index.php\/wp-json\/wp\/v2\/product_tag?post=29737"}],"curies":[{"name":"wp","href":"https:\/\/api.w.org\/{rel}","templated":true}]}}