{"id":29801,"date":"2024-12-26T10:45:21","date_gmt":"2024-12-26T09:45:21","guid":{"rendered":"https:\/\/docmarket-dz.com\/?post_type=product&#038;p=29801"},"modified":"2024-12-26T10:45:22","modified_gmt":"2024-12-26T09:45:22","slug":"papier-ecg-12020","status":"publish","type":"product","link":"https:\/\/docmarket-dz.com\/index.php\/product\/papier-ecg-12020\/","title":{"rendered":"Papier ECG 120*20"},"content":{"rendered":"","protected":false},"excerpt":{"rendered":"","protected":false},"featured_media":0,"comment_status":"open","ping_status":"closed","template":"","meta":{"content-type":"","om_disable_all_campaigns":false,"_uf_show_specific_survey":0,"_uf_disable_surveys":false,"jetpack_publicize_message":"","jetpack_publicize_feature_enabled":true,"jetpack_social_post_already_shared":true,"jetpack_social_options":{"image_generator_settings":{"template":"highway","default_image_id":0,"font":"","enabled":false},"version":2}},"product_brand":[],"product_cat":[739],"product_tag":[],"class_list":{"0":"post-29801","1":"product","2":"type-product","3":"status-publish","5":"product_cat-acupuncture","7":"first","8":"instock","9":"taxable","10":"shipping-taxable","11":"purchasable","12":"product-type-simple"},"supplier_id":null,"supplier_sku":"","barcode":null,"atum_controlled":true,"out_stock_date":null,"out_stock_threshold":null,"inheritable":false,"inbound_stock":0,"stock_on_hold":0,"sold_today":0,"sales_last_days":0,"reserved_stock":0,"customer_returns":0,"warehouse_damage":0,"lost_in_post":0,"other_logs":0,"out_stock_days":0,"lost_sales":0,"has_location":false,"update_date":"2026-04-10T00:04:59","atum_locations":[],"atum_stock_status":"instock","restock_status":false,"low_stock_amount":"","sales_update_date":"2026-04-10T00:04:59","calc_backorders":null,"aioseo_notices":[],"jetpack_publicize_connections":[],"jetpack-related-posts":[{"id":30328,"url":"https:\/\/docmarket-dz.com\/index.php\/product\/papier-ecg-58-x-20-pack-de-10-rouleaux\/","url_meta":{"origin":29801,"position":0},"title":"Papier ECG 58 x 20 pack de 10 rouleaux","author":"Amel","date":"07\/09\/2025","format":false,"excerpt":"","rel":"","context":"Article similaire","block_context":{"text":"Article similaire","link":""},"img":{"alt_text":"","src":"","width":0,"height":0},"classes":[]},{"id":28332,"url":"https:\/\/docmarket-dz.com\/index.php\/product\/papier-pour-ecg-10020\/","url_meta":{"origin":29801,"position":1},"title":"Papier pour ECG 110*20 &#8211; Pack de 10 rouleaux","author":"TIKELALINE Amel","date":"14\/01\/2024","format":false,"excerpt":"","rel":"","context":"Article similaire","block_context":{"text":"Article similaire","link":""},"img":{"alt_text":"","src":"https:\/\/i0.wp.com\/docmarket-dz.com\/wp-content\/uploads\/2024\/01\/PAPIER-ECG-100L.jpg?fit=300%2C300&ssl=1&resize=350%2C200","width":350,"height":200},"classes":[]},{"id":27977,"url":"https:\/\/docmarket-dz.com\/index.php\/product\/ecg-12-pistes-avec-interpretation-1200g-contec\/","url_meta":{"origin":29801,"position":2},"title":"ECG 12 PISTES AVEC INTERPRETATION 1200G CONTEC","author":"fatmazohra.nasri","date":"04\/12\/2023","format":false,"excerpt":"ECG 12 PISTES AVEC INTERPRETATION 1200G CONTEC ECG 12 pistes avec mesure et interpr\u00e9tation automatique. Enregistrement des 12 d\u00e9rivations standards. Gestion de la base de donn\u00e9es (nom, \u00e2ge, sexe, taille, poids, etc..) Impression Multi formats (A4). Ecran LCD tactile 160 x 120 m. Enregistrement automatique ou manuel. M\u00e9moire interne de\u2026","rel":"","context":"Article similaire","block_context":{"text":"Article similaire","link":""},"img":{"alt_text":"","src":"https:\/\/i0.wp.com\/docmarket-dz.com\/wp-content\/uploads\/2023\/12\/ecg-12-pistes-avec-interpretation-1200g-contec-2.jpg?fit=608%2C601&ssl=1&resize=350%2C200","width":350,"height":200,"srcset":"https:\/\/i0.wp.com\/docmarket-dz.com\/wp-content\/uploads\/2023\/12\/ecg-12-pistes-avec-interpretation-1200g-contec-2.jpg?fit=608%2C601&ssl=1&resize=350%2C200 1x, https:\/\/i0.wp.com\/docmarket-dz.com\/wp-content\/uploads\/2023\/12\/ecg-12-pistes-avec-interpretation-1200g-contec-2.jpg?fit=608%2C601&ssl=1&resize=525%2C300 1.5x"},"classes":[]},{"id":29800,"url":"https:\/\/docmarket-dz.com\/index.php\/product\/papier-ecg-110140142\/","url_meta":{"origin":29801,"position":3},"title":"Papier ECG 110*140*142","author":"Amel","date":"26\/12\/2024","format":false,"excerpt":"","rel":"","context":"Article similaire","block_context":{"text":"Article similaire","link":""},"img":{"alt_text":"","src":"","width":0,"height":0},"classes":[]},{"id":28080,"url":"https:\/\/docmarket-dz.com\/index.php\/product\/papier-ecg-210x140x200\/","url_meta":{"origin":29801,"position":4},"title":"Papier ECG 210x140x200","author":"fatmazohra.nasri","date":"10\/12\/2023","format":false,"excerpt":"","rel":"","context":"Article similaire","block_context":{"text":"Article similaire","link":""},"img":{"alt_text":"","src":"https:\/\/i0.wp.com\/docmarket-dz.com\/wp-content\/uploads\/2023\/12\/IMG_2133-PhotoRoom.png-PhotoRoom.png?fit=640%2C480&ssl=1&resize=350%2C200","width":350,"height":200,"srcset":"https:\/\/i0.wp.com\/docmarket-dz.com\/wp-content\/uploads\/2023\/12\/IMG_2133-PhotoRoom.png-PhotoRoom.png?fit=640%2C480&ssl=1&resize=350%2C200 1x, https:\/\/i0.wp.com\/docmarket-dz.com\/wp-content\/uploads\/2023\/12\/IMG_2133-PhotoRoom.png-PhotoRoom.png?fit=640%2C480&ssl=1&resize=525%2C300 1.5x"},"classes":[]},{"id":28479,"url":"https:\/\/docmarket-dz.com\/index.php\/product\/papier-ecg-112x30-biocare\/","url_meta":{"origin":29801,"position":5},"title":"Papier ECG 112X30 BIOCARE","author":"fatmazohra.nasri","date":"06\/02\/2024","format":false,"excerpt":"","rel":"","context":"Article similaire","block_context":{"text":"Article similaire","link":""},"img":{"alt_text":"","src":"https:\/\/i0.wp.com\/docmarket-dz.com\/wp-content\/uploads\/2024\/02\/images.jpg?fit=225%2C225&ssl=1&resize=350%2C200","width":350,"height":200},"classes":[]}],"jetpack_sharing_enabled":true,"tiered_pricing_type":"fixed","tiered_pricing_fixed_rules":[],"tiered_pricing_product_settings":{"layout":"default","base_unit_name":{"singular":null,"plural":null},"default_variation":null},"tiered_pricing_minimum_quantity":null,"tiered_pricing_roles_data":[],"tiered_pricing_percentage_rules":[],"_links":{"self":[{"href":"https:\/\/docmarket-dz.com\/index.php\/wp-json\/wp\/v2\/product\/29801","targetHints":{"allow":["GET"]}}],"collection":[{"href":"https:\/\/docmarket-dz.com\/index.php\/wp-json\/wp\/v2\/product"}],"about":[{"href":"https:\/\/docmarket-dz.com\/index.php\/wp-json\/wp\/v2\/types\/product"}],"replies":[{"embeddable":true,"href":"https:\/\/docmarket-dz.com\/index.php\/wp-json\/wp\/v2\/comments?post=29801"}],"wp:attachment":[{"href":"https:\/\/docmarket-dz.com\/index.php\/wp-json\/wp\/v2\/media?parent=29801"}],"wp:term":[{"taxonomy":"product_brand","embeddable":true,"href":"https:\/\/docmarket-dz.com\/index.php\/wp-json\/wp\/v2\/product_brand?post=29801"},{"taxonomy":"product_cat","embeddable":true,"href":"https:\/\/docmarket-dz.com\/index.php\/wp-json\/wp\/v2\/product_cat?post=29801"},{"taxonomy":"product_tag","embeddable":true,"href":"https:\/\/docmarket-dz.com\/index.php\/wp-json\/wp\/v2\/product_tag?post=29801"}],"curies":[{"name":"wp","href":"https:\/\/api.w.org\/{rel}","templated":true}]}}