{"id":29836,"date":"2025-01-14T12:24:14","date_gmt":"2025-01-14T11:24:14","guid":{"rendered":"https:\/\/docmarket-dz.com\/?post_type=product&#038;p=29836"},"modified":"2026-03-10T09:21:43","modified_gmt":"2026-03-10T08:21:43","slug":"masques-de-protection-jetables-a-3-couches-boite-de50unites","status":"publish","type":"product","link":"https:\/\/docmarket-dz.com\/index.php\/product\/masques-de-protection-jetables-a-3-couches-boite-de50unites\/","title":{"rendered":"Bavette &#8211; Masques de protection jetables \u00e0 3 couches &#8211; Boite de 50 unit\u00e9s"},"content":{"rendered":"<p>Le masque chirurgical ou bavette est un masque \u00e0 usage unique con\u00e7u pour limiter la propagation des germes en retenant les gouttelettes respiratoires. Il est principalement utilis\u00e9 par les professionnels de la sant\u00e9 lors d&#8217;interventions chirurgicales et par les personnes contagieuses pour prot\u00e9ger leur entourage<\/p>\n","protected":false},"excerpt":{"rendered":"<p>Le masque chirurgical ou bavette est un masque \u00e0 usage unique con\u00e7u pour limiter la propagation des germes en retenant les gouttelettes respiratoires. Il est principalement utilis\u00e9 par les professionnels de la sant\u00e9 lors d&#8217;interventions chirurgicales et par les personnes contagieuses pour prot\u00e9ger leur entourage<\/p>\n","protected":false},"featured_media":16842,"comment_status":"open","ping_status":"closed","template":"","meta":{"content-type":"","om_disable_all_campaigns":false,"_uf_show_specific_survey":0,"_uf_disable_surveys":false,"jetpack_publicize_message":"","jetpack_publicize_feature_enabled":true,"jetpack_social_post_already_shared":true,"jetpack_social_options":{"image_generator_settings":{"template":"highway","default_image_id":0,"font":"","enabled":false},"version":2}},"product_brand":[],"product_cat":[560,487],"product_tag":[80,86,88,89],"class_list":{"0":"post-29836","1":"product","2":"type-product","3":"status-publish","4":"has-post-thumbnail","6":"product_cat-hygiene","7":"product_cat-medical","8":"product_tag-theme-sky","9":"product_tag-upstore","10":"product_tag-woocommerce","11":"product_tag-wordpress","13":"first","14":"instock","15":"featured","16":"taxable","17":"shipping-taxable","18":"purchasable","19":"product-type-simple"},"supplier_id":24814,"supplier_sku":"","barcode":null,"atum_controlled":true,"out_stock_date":null,"out_stock_threshold":null,"inheritable":false,"inbound_stock":0,"stock_on_hold":0,"sold_today":0,"sales_last_days":0,"reserved_stock":0,"customer_returns":0,"warehouse_damage":0,"lost_in_post":0,"other_logs":0,"out_stock_days":0,"lost_sales":0,"has_location":true,"update_date":"2026-04-16T00:08:12","atum_locations":[{"id":963,"name":"D5","slug":"d5"}],"atum_stock_status":"instock","restock_status":false,"low_stock_amount":"","sales_update_date":"2026-04-16T00:08:12","calc_backorders":0,"aioseo_notices":[],"jetpack_publicize_connections":[],"jetpack-related-posts":[{"id":30519,"url":"https:\/\/docmarket-dz.com\/index.php\/product\/bavette-masques-de-protection-jetables-a-3-couches-boite-de-100-unites-giap\/","url_meta":{"origin":29836,"position":0},"title":"Bavette &#8211; Masques de protection jetables \u00e0 3 couches &#8211; Boite de 100 unit\u00e9s GIAP","author":"Amel","date":"27\/11\/2025","format":false,"excerpt":"Le masque chirurgical ou bavette est un masque \u00e0 usage unique con\u00e7u pour limiter la propagation des germes en retenant les gouttelettes respiratoires. Il est principalement utilis\u00e9 par les professionnels de la sant\u00e9 lors d'interventions chirurgicales et par les personnes contagieuses pour prot\u00e9ger leur entourage","rel":"","context":"Article similaire","block_context":{"text":"Article similaire","link":""},"img":{"alt_text":"","src":"https:\/\/i0.wp.com\/docmarket-dz.com\/wp-content\/uploads\/2020\/08\/face-masks.jpg?fit=465%2C351&ssl=1&resize=350%2C200","width":350,"height":200},"classes":[]},{"id":26185,"url":"https:\/\/docmarket-dz.com\/index.php\/product\/masque-doxygene-a-haute-concentration\/","url_meta":{"origin":29836,"position":1},"title":"MASQUE D&#8217;OXYGENE A HAUTE CONCENTRATION","author":"falek.h","date":"12\/03\/2023","format":false,"excerpt":"","rel":"","context":"Article similaire","block_context":{"text":"Article similaire","link":""},"img":{"alt_text":"","src":"","width":0,"height":0},"classes":[]},{"id":26186,"url":"https:\/\/docmarket-dz.com\/index.php\/product\/masque-doxygene-a-haute-concentration-intersurgical\/","url_meta":{"origin":29836,"position":2},"title":"MASQUE D&#8217;OXYGENE A HAUTE CONCENTRATION INTERSURGICAL","author":"falek.h","date":"12\/03\/2023","format":false,"excerpt":"","rel":"","context":"Article similaire","block_context":{"text":"Article similaire","link":""},"img":{"alt_text":"","src":"","width":0,"height":0},"classes":[]},{"id":25358,"url":"https:\/\/docmarket-dz.com\/index.php\/product\/masque-kn95-avec-valve\/","url_meta":{"origin":29836,"position":3},"title":"Masque KN95 AVEC VALVE","author":"falek.h","date":"12\/03\/2023","format":false,"excerpt":"","rel":"","context":"Article similaire","block_context":{"text":"Article similaire","link":""},"img":{"alt_text":"","src":"https:\/\/i0.wp.com\/docmarket-dz.com\/wp-content\/uploads\/2023\/03\/KN95-Mask-with-Valve-Filter-e1678598673363.webp?fit=600%2C600&ssl=1&resize=350%2C200","width":350,"height":200,"srcset":"https:\/\/i0.wp.com\/docmarket-dz.com\/wp-content\/uploads\/2023\/03\/KN95-Mask-with-Valve-Filter-e1678598673363.webp?fit=600%2C600&ssl=1&resize=350%2C200 1x, https:\/\/i0.wp.com\/docmarket-dz.com\/wp-content\/uploads\/2023\/03\/KN95-Mask-with-Valve-Filter-e1678598673363.webp?fit=600%2C600&ssl=1&resize=525%2C300 1.5x"},"classes":[]},{"id":25428,"url":"https:\/\/docmarket-dz.com\/index.php\/product\/masque-doxygene-adulte\/","url_meta":{"origin":29836,"position":4},"title":"MASQUE D&#8217;OXYGENE ADULTE","author":"falek.h","date":"12\/03\/2023","format":false,"excerpt":"","rel":"","context":"Article similaire","block_context":{"text":"Article similaire","link":""},"img":{"alt_text":"","src":"","width":0,"height":0},"classes":[]},{"id":26187,"url":"https:\/\/docmarket-dz.com\/index.php\/product\/masque-doxygene-enfant\/","url_meta":{"origin":29836,"position":5},"title":"MASQUE D&#8217;OXYGENE ENFANT","author":"falek.h","date":"12\/03\/2023","format":false,"excerpt":"","rel":"","context":"Article similaire","block_context":{"text":"Article similaire","link":""},"img":{"alt_text":"","src":"","width":0,"height":0},"classes":[]}],"jetpack_sharing_enabled":true,"tiered_pricing_type":"fixed","tiered_pricing_fixed_rules":[],"tiered_pricing_product_settings":{"layout":"default","base_unit_name":{"singular":null,"plural":null},"default_variation":null},"tiered_pricing_minimum_quantity":null,"tiered_pricing_roles_data":[],"tiered_pricing_percentage_rules":[],"_links":{"self":[{"href":"https:\/\/docmarket-dz.com\/index.php\/wp-json\/wp\/v2\/product\/29836","targetHints":{"allow":["GET"]}}],"collection":[{"href":"https:\/\/docmarket-dz.com\/index.php\/wp-json\/wp\/v2\/product"}],"about":[{"href":"https:\/\/docmarket-dz.com\/index.php\/wp-json\/wp\/v2\/types\/product"}],"replies":[{"embeddable":true,"href":"https:\/\/docmarket-dz.com\/index.php\/wp-json\/wp\/v2\/comments?post=29836"}],"wp:featuredmedia":[{"embeddable":true,"href":"https:\/\/docmarket-dz.com\/index.php\/wp-json\/wp\/v2\/media\/16842"}],"wp:attachment":[{"href":"https:\/\/docmarket-dz.com\/index.php\/wp-json\/wp\/v2\/media?parent=29836"}],"wp:term":[{"taxonomy":"product_brand","embeddable":true,"href":"https:\/\/docmarket-dz.com\/index.php\/wp-json\/wp\/v2\/product_brand?post=29836"},{"taxonomy":"product_cat","embeddable":true,"href":"https:\/\/docmarket-dz.com\/index.php\/wp-json\/wp\/v2\/product_cat?post=29836"},{"taxonomy":"product_tag","embeddable":true,"href":"https:\/\/docmarket-dz.com\/index.php\/wp-json\/wp\/v2\/product_tag?post=29836"}],"curies":[{"name":"wp","href":"https:\/\/api.w.org\/{rel}","templated":true}]}}