{"id":29907,"date":"2025-02-20T16:59:23","date_gmt":"2025-02-20T15:59:23","guid":{"rendered":"https:\/\/docmarket-dz.com\/?post_type=product&#038;p=29907"},"modified":"2025-02-20T17:46:32","modified_gmt":"2025-02-20T16:46:32","slug":"thermometre-enfant-a-sonde-flexible-babycare","status":"publish","type":"product","link":"https:\/\/docmarket-dz.com\/index.php\/product\/thermometre-enfant-a-sonde-flexible-babycare\/","title":{"rendered":"THERMOMETRE ENFANT A SONDE FLEXIBLE BABYCARE"},"content":{"rendered":"<p>THERMOMETRE EXPRESS pour les mesures quasi instantan\u00e9es<\/p>\n<p>Pointes flexibles<\/p>\n<p>Affichage extra grand<\/p>\n<p>ne contient pas de mercure<\/p>\n<p>pr\u00e9cision +\/- 0.1 C\u00b0<\/p>\n","protected":false},"excerpt":{"rendered":"<p>THERMOMETRE EXPRESS pour les mesures quasi instantan\u00e9es Pointes flexibles Affichage extra grand ne contient pas de mercure pr\u00e9cision +\/- 0.1 C\u00b0<\/p>\n","protected":false},"featured_media":29908,"comment_status":"open","ping_status":"closed","template":"","meta":{"content-type":"","om_disable_all_campaigns":false,"_uf_show_specific_survey":0,"_uf_disable_surveys":false,"jetpack_publicize_message":"","jetpack_publicize_feature_enabled":true,"jetpack_social_post_already_shared":true,"jetpack_social_options":{"image_generator_settings":{"template":"highway","default_image_id":0,"font":"","enabled":false},"version":2}},"product_brand":[],"product_cat":[487],"product_tag":[],"class_list":{"0":"post-29907","1":"product","2":"type-product","3":"status-publish","4":"has-post-thumbnail","6":"product_cat-medical","7":"ts_product_brand-beurer","9":"first","10":"instock","11":"taxable","12":"shipping-taxable","13":"purchasable","14":"product-type-simple"},"supplier_id":24810,"supplier_sku":"","barcode":null,"atum_controlled":true,"out_stock_date":null,"out_stock_threshold":null,"inheritable":false,"inbound_stock":0,"stock_on_hold":0,"sold_today":0,"sales_last_days":0,"reserved_stock":0,"customer_returns":0,"warehouse_damage":0,"lost_in_post":0,"other_logs":0,"out_stock_days":0,"lost_sales":0,"has_location":true,"update_date":"2026-04-16T00:07:59","atum_locations":[{"id":939,"name":"C2","slug":"c2"}],"atum_stock_status":"instock","restock_status":false,"low_stock_amount":"","sales_update_date":"2026-04-16T00:07:59","calc_backorders":0,"aioseo_notices":[],"jetpack_publicize_connections":[],"jetpack-related-posts":[{"id":25331,"url":"https:\/\/docmarket-dz.com\/index.php\/product\/thermometre-enfant-a-sonde-flexible-swingmed\/","url_meta":{"origin":29907,"position":0},"title":"THERMOMETRE ENFANT A SONDE FLEXIBLE SWINGMED","author":"falek.h","date":"03\/03\/2023","format":false,"excerpt":"","rel":"","context":"Article similaire","block_context":{"text":"Article similaire","link":""},"img":{"alt_text":"","src":"https:\/\/i0.wp.com\/docmarket-dz.com\/wp-content\/uploads\/2023\/03\/THERMOMETRE-ENFANT-A-SONDE-FLEXIBLE-SWINGMED.jpg?fit=600%2C600&ssl=1&resize=350%2C200","width":350,"height":200,"srcset":"https:\/\/i0.wp.com\/docmarket-dz.com\/wp-content\/uploads\/2023\/03\/THERMOMETRE-ENFANT-A-SONDE-FLEXIBLE-SWINGMED.jpg?fit=600%2C600&ssl=1&resize=350%2C200 1x, https:\/\/i0.wp.com\/docmarket-dz.com\/wp-content\/uploads\/2023\/03\/THERMOMETRE-ENFANT-A-SONDE-FLEXIBLE-SWINGMED.jpg?fit=600%2C600&ssl=1&resize=525%2C300 1.5x"},"classes":[]},{"id":25329,"url":"https:\/\/docmarket-dz.com\/index.php\/product\/thermometre-adulte-a-sonde-flexible-swingmed\/","url_meta":{"origin":29907,"position":1},"title":"Thermometre numerique a pointe flexible  model DMT 4318","author":"falek.h","date":"03\/03\/2023","format":false,"excerpt":"","rel":"","context":"Article similaire","block_context":{"text":"Article similaire","link":""},"img":{"alt_text":"","src":"","width":0,"height":0},"classes":[]},{"id":25333,"url":"https:\/\/docmarket-dz.com\/index.php\/product\/thermometre-frontal-yobekan\/","url_meta":{"origin":29907,"position":2},"title":"THERMOMETRE FRONTAL YOBEKAN","author":"falek.h","date":"03\/03\/2023","format":false,"excerpt":"","rel":"","context":"Article similaire","block_context":{"text":"Article similaire","link":""},"img":{"alt_text":"","src":"https:\/\/i0.wp.com\/docmarket-dz.com\/wp-content\/uploads\/2023\/03\/thermometre-frontal-infrarouge-kv-11-thermometre-s.jpg?fit=700%2C700&ssl=1&resize=350%2C200","width":350,"height":200,"srcset":"https:\/\/i0.wp.com\/docmarket-dz.com\/wp-content\/uploads\/2023\/03\/thermometre-frontal-infrarouge-kv-11-thermometre-s.jpg?fit=700%2C700&ssl=1&resize=350%2C200 1x, https:\/\/i0.wp.com\/docmarket-dz.com\/wp-content\/uploads\/2023\/03\/thermometre-frontal-infrarouge-kv-11-thermometre-s.jpg?fit=700%2C700&ssl=1&resize=525%2C300 1.5x, https:\/\/i0.wp.com\/docmarket-dz.com\/wp-content\/uploads\/2023\/03\/thermometre-frontal-infrarouge-kv-11-thermometre-s.jpg?fit=700%2C700&ssl=1&resize=700%2C400 2x"},"classes":[]},{"id":30815,"url":"https:\/\/docmarket-dz.com\/index.php\/product\/thermometre-frontal-aique\/","url_meta":{"origin":29907,"position":3},"title":"THERMOMETRE FRONTAL (AIQUE)","author":"Amel","date":"12\/04\/2026","format":false,"excerpt":"","rel":"","context":"Article similaire","block_context":{"text":"Article similaire","link":""},"img":{"alt_text":"","src":"","width":0,"height":0},"classes":[]},{"id":25336,"url":"https:\/\/docmarket-dz.com\/index.php\/product\/thermometre-infra-rouge-auriculaire-frontal-swing-med\/","url_meta":{"origin":29907,"position":4},"title":"THERMOMETRE INFRA ROUGE AURICULAIRE \/ FRONTAL SWING MED","author":"falek.h","date":"03\/03\/2023","format":false,"excerpt":"Deux fonctions ensemble: temp\u00e9rature de la t\u00eate et temp\u00e9rature de l'oreille; Lecture rapide en 1 seconde 9 s\u00e9ries de mesures Rappel sonore Mesure Sanns Contact (Non touchant) Convient aux adultes et aux nourrissons Arr\u00eat automatique: 30 secondes sans op\u00e9ration. \u00c9cran r\u00e9tro-\u00e9clair\u00e9 avec 3 couleurs: vert, orange, rouge","rel":"","context":"Article similaire","block_context":{"text":"Article similaire","link":""},"img":{"alt_text":"","src":"https:\/\/i0.wp.com\/docmarket-dz.com\/wp-content\/uploads\/2023\/03\/THERMOMETRE-INFRA-ROUGE-AURICULAIRE-FRONTAL-SWING-MED-PhotoRoom.png-PhotoRoom.png?fit=526%2C509&ssl=1&resize=350%2C200","width":350,"height":200,"srcset":"https:\/\/i0.wp.com\/docmarket-dz.com\/wp-content\/uploads\/2023\/03\/THERMOMETRE-INFRA-ROUGE-AURICULAIRE-FRONTAL-SWING-MED-PhotoRoom.png-PhotoRoom.png?fit=526%2C509&ssl=1&resize=350%2C200 1x, https:\/\/i0.wp.com\/docmarket-dz.com\/wp-content\/uploads\/2023\/03\/THERMOMETRE-INFRA-ROUGE-AURICULAIRE-FRONTAL-SWING-MED-PhotoRoom.png-PhotoRoom.png?fit=526%2C509&ssl=1&resize=525%2C300 1.5x"},"classes":[]},{"id":28026,"url":"https:\/\/docmarket-dz.com\/index.php\/product\/bechtoscope-plus-liquide-desinfectant-concentre-1l\/","url_meta":{"origin":29907,"position":5},"title":"Bechtoscope Plus &#8211; liquide d\u00e9sinfectant concentr\u00e9 1L","author":"Sofiane Arbouche","date":"06\/12\/2023","format":false,"excerpt":"\u00a0Le produit Bechtoscope plus est une solution de d\u00e9sinfection pour instruments m\u00e9dicaux, invasifs et non invasifs, ainsi que pour les dispositifs m\u00e9dicaux, y compris les endoscopes rigides et flexibles. \u2022\u00a0 \u00a0 \u00a0 \u00a0Propri\u00e9t\u00e9s: Il est compos\u00e9 d\u2019ald\u00e9hydes et de compos\u00e9s d\u2019ammonium quaternaire, avec une forte activit\u00e9 microbiologique \u00e0 faible concentration.\u2026","rel":"","context":"Article similaire","block_context":{"text":"Article similaire","link":""},"img":{"alt_text":"","src":"https:\/\/i0.wp.com\/docmarket-dz.com\/wp-content\/uploads\/2023\/12\/IMG_2131.png?fit=599%2C601&ssl=1&resize=350%2C200","width":350,"height":200,"srcset":"https:\/\/i0.wp.com\/docmarket-dz.com\/wp-content\/uploads\/2023\/12\/IMG_2131.png?fit=599%2C601&ssl=1&resize=350%2C200 1x, https:\/\/i0.wp.com\/docmarket-dz.com\/wp-content\/uploads\/2023\/12\/IMG_2131.png?fit=599%2C601&ssl=1&resize=525%2C300 1.5x"},"classes":[]}],"jetpack_sharing_enabled":true,"tiered_pricing_type":"fixed","tiered_pricing_fixed_rules":[],"tiered_pricing_product_settings":{"layout":"default","base_unit_name":{"singular":null,"plural":null},"default_variation":null},"tiered_pricing_minimum_quantity":null,"tiered_pricing_roles_data":[],"tiered_pricing_percentage_rules":[],"_links":{"self":[{"href":"https:\/\/docmarket-dz.com\/index.php\/wp-json\/wp\/v2\/product\/29907","targetHints":{"allow":["GET"]}}],"collection":[{"href":"https:\/\/docmarket-dz.com\/index.php\/wp-json\/wp\/v2\/product"}],"about":[{"href":"https:\/\/docmarket-dz.com\/index.php\/wp-json\/wp\/v2\/types\/product"}],"replies":[{"embeddable":true,"href":"https:\/\/docmarket-dz.com\/index.php\/wp-json\/wp\/v2\/comments?post=29907"}],"wp:featuredmedia":[{"embeddable":true,"href":"https:\/\/docmarket-dz.com\/index.php\/wp-json\/wp\/v2\/media\/29908"}],"wp:attachment":[{"href":"https:\/\/docmarket-dz.com\/index.php\/wp-json\/wp\/v2\/media?parent=29907"}],"wp:term":[{"taxonomy":"product_brand","embeddable":true,"href":"https:\/\/docmarket-dz.com\/index.php\/wp-json\/wp\/v2\/product_brand?post=29907"},{"taxonomy":"product_cat","embeddable":true,"href":"https:\/\/docmarket-dz.com\/index.php\/wp-json\/wp\/v2\/product_cat?post=29907"},{"taxonomy":"product_tag","embeddable":true,"href":"https:\/\/docmarket-dz.com\/index.php\/wp-json\/wp\/v2\/product_tag?post=29907"}],"curies":[{"name":"wp","href":"https:\/\/api.w.org\/{rel}","templated":true}]}}