{"id":29938,"date":"2025-03-04T19:44:40","date_gmt":"2025-03-04T18:44:40","guid":{"rendered":"https:\/\/docmarket-dz.com\/?post_type=product&#038;p=29938"},"modified":"2025-05-12T18:28:07","modified_gmt":"2025-05-12T17:28:07","slug":"tambour-inox-200mm-x-200mm","status":"publish","type":"product","link":"https:\/\/docmarket-dz.com\/index.php\/product\/tambour-inox-200mm-x-200mm\/","title":{"rendered":"TAMBOUR INOX 200mm X 200mm"},"content":{"rendered":"<p>Les tambours de st\u00e9rilisation sont indispensables au sein du bloc op\u00e9ratoire ou du cabinet m\u00e9dical. Ces derniers permettent la st\u00e9rilisation de vos instruments chirurgicaux tels que les ciseaux m\u00e9dicaux et les pinces chirurgicales.<\/p>\n","protected":false},"excerpt":{"rendered":"<p>TAMBOUR INOX\u00a0 d&#8217;une dimension de 200mm * 200mm<\/p>\n","protected":false},"featured_media":24466,"comment_status":"closed","ping_status":"closed","template":"","meta":{"content-type":"","om_disable_all_campaigns":false,"_uf_show_specific_survey":0,"_uf_disable_surveys":false,"jetpack_publicize_message":"","jetpack_publicize_feature_enabled":true,"jetpack_social_post_already_shared":true,"jetpack_social_options":{"image_generator_settings":{"template":"highway","default_image_id":0,"font":"","enabled":false},"version":2}},"product_brand":[],"product_cat":[487],"product_tag":[],"class_list":{"0":"post-29938","1":"product","2":"type-product","3":"status-publish","4":"has-post-thumbnail","6":"product_cat-medical","8":"first","9":"instock","10":"featured","11":"taxable","12":"shipping-taxable","13":"purchasable","14":"product-type-simple"},"supplier_id":null,"supplier_sku":"","barcode":null,"atum_controlled":true,"out_stock_date":null,"out_stock_threshold":null,"inheritable":false,"inbound_stock":0,"stock_on_hold":0,"sold_today":0,"sales_last_days":0,"reserved_stock":0,"customer_returns":0,"warehouse_damage":0,"lost_in_post":0,"other_logs":0,"out_stock_days":0,"lost_sales":0,"has_location":true,"update_date":"2026-04-16T00:07:59","atum_locations":[{"id":963,"name":"D5","slug":"d5"}],"atum_stock_status":"instock","restock_status":false,"low_stock_amount":"","sales_update_date":"2026-04-16T00:07:59","calc_backorders":0,"aioseo_notices":[],"jetpack_publicize_connections":[],"jetpack-related-posts":[{"id":24368,"url":"https:\/\/docmarket-dz.com\/index.php\/product\/tambour-inox-290mm-x-145mm\/","url_meta":{"origin":29938,"position":0},"title":"TAMBOUR INOX 290MM X 145MM","author":"falek.h","date":"23\/12\/2022","format":false,"excerpt":"","rel":"","context":"Article similaire","block_context":{"text":"Article similaire","link":""},"img":{"alt_text":"","src":"https:\/\/i0.wp.com\/docmarket-dz.com\/wp-content\/uploads\/2022\/12\/TAMBOUR-INOX-290MM-X-145MM.jpg?fit=416%2C426&ssl=1&resize=350%2C200","width":350,"height":200},"classes":[]},{"id":28496,"url":"https:\/\/docmarket-dz.com\/index.php\/product\/ciseaux-iridectomie-droit-115-cm\/","url_meta":{"origin":29938,"position":1},"title":"Ciseaux iridectomie droit 11.5 cm","author":"fatmazohra.nasri","date":"07\/02\/2024","format":false,"excerpt":"Les\u00a0ciseaux iridectomie droits 11.5 cm\u00a0sont des instruments m\u00e9dicaux et chirurgicaux de service g\u00e9n\u00e9ral pour les petits soins. Pr\u00e9cis gr\u00e2ce \u00e0 ses lames fines \u00e0 bouts pointues, il est compos\u00e9 d'inox d'excellente qualit\u00e9. Pr\u00e9caution d'emploi : - Tenir les instruments propres et d\u00e9sinfecter apr\u00e8s chaque utilisation. - A manipuler par des\u2026","rel":"","context":"Article similaire","block_context":{"text":"Article similaire","link":""},"img":{"alt_text":"","src":"https:\/\/i0.wp.com\/docmarket-dz.com\/wp-content\/uploads\/2024\/02\/CISEAUX-IRIDECTOMIE-DROITS-115-CM.jpg?fit=602%2C602&ssl=1&resize=350%2C200","width":350,"height":200,"srcset":"https:\/\/i0.wp.com\/docmarket-dz.com\/wp-content\/uploads\/2024\/02\/CISEAUX-IRIDECTOMIE-DROITS-115-CM.jpg?fit=602%2C602&ssl=1&resize=350%2C200 1x, https:\/\/i0.wp.com\/docmarket-dz.com\/wp-content\/uploads\/2024\/02\/CISEAUX-IRIDECTOMIE-DROITS-115-CM.jpg?fit=602%2C602&ssl=1&resize=525%2C300 1.5x"},"classes":[]},{"id":28498,"url":"https:\/\/docmarket-dz.com\/index.php\/product\/ciseaux-iridectomie-courbe12cm\/","url_meta":{"origin":29938,"position":2},"title":"Ciseaux iridectomie Courbe11.5 cm","author":"fatmazohra.nasri","date":"07\/02\/2024","format":false,"excerpt":"Ciseaux \u00e0 iridectomie usage unique avec embouts droits ou courbes adapt\u00e9s \u00e0 tous les environnements d'intervention clinique et petite chirurgie. Mat\u00e9riaux: Acier inoxydable \/ chirurgical St\u00e9rilis\u00e9: Oui","rel":"","context":"Article similaire","block_context":{"text":"Article similaire","link":""},"img":{"alt_text":"","src":"https:\/\/i0.wp.com\/docmarket-dz.com\/wp-content\/uploads\/2024\/02\/ciseaux-a-iridectomie-courbe-12cm.jpg?fit=602%2C599&ssl=1&resize=350%2C200","width":350,"height":200,"srcset":"https:\/\/i0.wp.com\/docmarket-dz.com\/wp-content\/uploads\/2024\/02\/ciseaux-a-iridectomie-courbe-12cm.jpg?fit=602%2C599&ssl=1&resize=350%2C200 1x, https:\/\/i0.wp.com\/docmarket-dz.com\/wp-content\/uploads\/2024\/02\/ciseaux-a-iridectomie-courbe-12cm.jpg?fit=602%2C599&ssl=1&resize=525%2C300 1.5x"},"classes":[]},{"id":27999,"url":"https:\/\/docmarket-dz.com\/index.php\/product\/autoclave-de-paillasse-45-l-classe-b-avec-imprimante-integree\/","url_meta":{"origin":29938,"position":3},"title":"Autoclave de paillasse 45 L classe B avec imprimante int\u00e9gr\u00e9e","author":"fatmazohra.nasri","date":"04\/12\/2023","format":false,"excerpt":"3 Afficheurs Num\u00e9riques Chambre int\u00e9rieure en inox : \u00d8 315 x 575 mm 04 pr\u00e9programmes de st\u00e9rilisation 02 Programme test : B&D, Vide Porte avec verrouillage automatique s\u00e9curis\u00e9 Protection contre la surchauffe, la suppression, protection de g\u00e9n\u00e9rateur de vapeur G\u00e9n\u00e9rateur de vapeur int\u00e9gr\u00e9 Temp\u00e9rature de st\u00e9rilisation : 121\u00b0C - 134\u00b0C","rel":"","context":"Article similaire","block_context":{"text":"Article similaire","link":""},"img":{"alt_text":"","src":"https:\/\/i0.wp.com\/docmarket-dz.com\/wp-content\/uploads\/2023\/12\/380_1_prod.png?fit=599%2C601&ssl=1&resize=350%2C200","width":350,"height":200,"srcset":"https:\/\/i0.wp.com\/docmarket-dz.com\/wp-content\/uploads\/2023\/12\/380_1_prod.png?fit=599%2C601&ssl=1&resize=350%2C200 1x, https:\/\/i0.wp.com\/docmarket-dz.com\/wp-content\/uploads\/2023\/12\/380_1_prod.png?fit=599%2C601&ssl=1&resize=525%2C300 1.5x"},"classes":[]},{"id":25243,"url":"https:\/\/docmarket-dz.com\/index.php\/product\/gaine-de-sterilisation\/","url_meta":{"origin":29938,"position":4},"title":"GAINE DE STERILISATION","author":"falek.h","date":"26\/02\/2023","format":false,"excerpt":"","rel":"","context":"Article similaire","block_context":{"text":"Article similaire","link":""},"img":{"alt_text":"","src":"https:\/\/i0.wp.com\/docmarket-dz.com\/wp-content\/uploads\/2023\/02\/gaine-de-sterilisation-plate-100mm-x-200m-promotal_300_300-153827.jpg?fit=300%2C300&ssl=1&resize=350%2C200","width":350,"height":200},"classes":[]},{"id":26247,"url":"https:\/\/docmarket-dz.com\/index.php\/product\/pulverisateur-de-sterilisation-16l-2\/","url_meta":{"origin":29938,"position":5},"title":"PULVERISATEUR DE STERILISATION 16L","author":"falek.h","date":"12\/03\/2023","format":false,"excerpt":"","rel":"","context":"Article similaire","block_context":{"text":"Article similaire","link":""},"img":{"alt_text":"","src":"","width":0,"height":0},"classes":[]}],"jetpack_sharing_enabled":true,"tiered_pricing_type":"fixed","tiered_pricing_fixed_rules":[],"tiered_pricing_product_settings":{"layout":"default","base_unit_name":{"singular":null,"plural":null},"default_variation":null},"tiered_pricing_minimum_quantity":null,"tiered_pricing_roles_data":[],"tiered_pricing_percentage_rules":[],"_links":{"self":[{"href":"https:\/\/docmarket-dz.com\/index.php\/wp-json\/wp\/v2\/product\/29938","targetHints":{"allow":["GET"]}}],"collection":[{"href":"https:\/\/docmarket-dz.com\/index.php\/wp-json\/wp\/v2\/product"}],"about":[{"href":"https:\/\/docmarket-dz.com\/index.php\/wp-json\/wp\/v2\/types\/product"}],"replies":[{"embeddable":true,"href":"https:\/\/docmarket-dz.com\/index.php\/wp-json\/wp\/v2\/comments?post=29938"}],"wp:featuredmedia":[{"embeddable":true,"href":"https:\/\/docmarket-dz.com\/index.php\/wp-json\/wp\/v2\/media\/24466"}],"wp:attachment":[{"href":"https:\/\/docmarket-dz.com\/index.php\/wp-json\/wp\/v2\/media?parent=29938"}],"wp:term":[{"taxonomy":"product_brand","embeddable":true,"href":"https:\/\/docmarket-dz.com\/index.php\/wp-json\/wp\/v2\/product_brand?post=29938"},{"taxonomy":"product_cat","embeddable":true,"href":"https:\/\/docmarket-dz.com\/index.php\/wp-json\/wp\/v2\/product_cat?post=29938"},{"taxonomy":"product_tag","embeddable":true,"href":"https:\/\/docmarket-dz.com\/index.php\/wp-json\/wp\/v2\/product_tag?post=29938"}],"curies":[{"name":"wp","href":"https:\/\/api.w.org\/{rel}","templated":true}]}}