{"id":29940,"date":"2025-03-05T12:51:45","date_gmt":"2025-03-05T11:51:45","guid":{"rendered":"https:\/\/docmarket-dz.com\/?post_type=product&#038;p=29940"},"modified":"2025-03-05T13:00:39","modified_gmt":"2025-03-05T12:00:39","slug":"table-a-manger-en-thermoforme","status":"publish","type":"product","link":"https:\/\/docmarket-dz.com\/index.php\/product\/table-a-manger-en-thermoforme\/","title":{"rendered":"TABLE A MANGER EN THERMOFORME"},"content":{"rendered":"","protected":false},"excerpt":{"rendered":"","protected":false},"featured_media":29941,"comment_status":"open","ping_status":"closed","template":"","meta":{"content-type":"","om_disable_all_campaigns":false,"_uf_show_specific_survey":0,"_uf_disable_surveys":false,"jetpack_publicize_message":"","jetpack_publicize_feature_enabled":true,"jetpack_social_post_already_shared":true,"jetpack_social_options":{"image_generator_settings":{"template":"highway","default_image_id":0,"font":"","enabled":false},"version":2}},"product_brand":[],"product_cat":[487],"product_tag":[],"class_list":{"0":"post-29940","1":"product","2":"type-product","3":"status-publish","4":"has-post-thumbnail","6":"product_cat-medical","8":"first","9":"onbackorder","10":"taxable","11":"shipping-taxable","12":"purchasable","13":"product-type-simple"},"supplier_id":null,"supplier_sku":"","barcode":null,"atum_controlled":true,"out_stock_date":null,"out_stock_threshold":null,"inheritable":false,"inbound_stock":0,"stock_on_hold":0,"sold_today":0,"sales_last_days":0,"reserved_stock":0,"customer_returns":0,"warehouse_damage":0,"lost_in_post":0,"other_logs":0,"out_stock_days":0,"lost_sales":0,"has_location":false,"update_date":"2026-04-18T00:08:15","atum_locations":[],"atum_stock_status":"onbackorder","restock_status":false,"low_stock_amount":"","sales_update_date":"2026-04-18T00:08:15","calc_backorders":null,"aioseo_notices":[],"jetpack_publicize_connections":[],"jetpack-related-posts":[{"id":25452,"url":"https:\/\/docmarket-dz.com\/index.php\/product\/table-a-platre-avce-cuvette\/","url_meta":{"origin":29940,"position":0},"title":"TABLE A PLATRE AVCE CUVETTE","author":"falek.h","date":"12\/03\/2023","format":false,"excerpt":"","rel":"","context":"Article similaire","block_context":{"text":"Article similaire","link":""},"img":{"alt_text":"","src":"","width":0,"height":0},"classes":[]},{"id":27931,"url":"https:\/\/docmarket-dz.com\/index.php\/product\/table-assistant-muet-table-de-mayo-sur-roues\/","url_meta":{"origin":29940,"position":1},"title":"TABLE ASSISTANT MUET -TABLE DE MAYO SUR ROUES","author":"fatmazohra.nasri","date":"27\/11\/2023","format":false,"excerpt":"","rel":"","context":"Article similaire","block_context":{"text":"Article similaire","link":""},"img":{"alt_text":"","src":"","width":0,"height":0},"classes":[]},{"id":26409,"url":"https:\/\/docmarket-dz.com\/index.php\/product\/trousse-ophtalmique-sterile-couvre-table-140-cm-x-190-cm-champ-ophtalmique-100cm-x-120-cm-avec-02-poches-de-recueil\/","url_meta":{"origin":29940,"position":2},"title":"Trousse Ophtalmique sterile : Couvre table (140 cm x 190 cm) Champ ophtalmique (100cm x 120 cm) Avec 02 poches de recueil","author":"falek.h","date":"12\/03\/2023","format":false,"excerpt":"La trousse st\u00e9rile d'ophtalmologie \u00e0 usage unique\u00a0 est compos\u00e9e d'un grand champ avec fen\u00eatre adh\u00e9sive, film \u00e0 inciser, 2 poches de recueil et de barrettes conformables.","rel":"","context":"Article similaire","block_context":{"text":"Article similaire","link":""},"img":{"alt_text":"","src":"https:\/\/i0.wp.com\/docmarket-dz.com\/wp-content\/uploads\/2023\/03\/trousse-d-ophtalmologie-sterile.jpg?fit=800%2C600&ssl=1&resize=350%2C200","width":350,"height":200,"srcset":"https:\/\/i0.wp.com\/docmarket-dz.com\/wp-content\/uploads\/2023\/03\/trousse-d-ophtalmologie-sterile.jpg?fit=800%2C600&ssl=1&resize=350%2C200 1x, https:\/\/i0.wp.com\/docmarket-dz.com\/wp-content\/uploads\/2023\/03\/trousse-d-ophtalmologie-sterile.jpg?fit=800%2C600&ssl=1&resize=525%2C300 1.5x, https:\/\/i0.wp.com\/docmarket-dz.com\/wp-content\/uploads\/2023\/03\/trousse-d-ophtalmologie-sterile.jpg?fit=800%2C600&ssl=1&resize=700%2C400 2x"},"classes":[]},{"id":25453,"url":"https:\/\/docmarket-dz.com\/index.php\/product\/table-dexamen\/","url_meta":{"origin":29940,"position":3},"title":"TABLE D&#8217;EXAMEN","author":"falek.h","date":"12\/03\/2023","format":false,"excerpt":"","rel":"","context":"Article similaire","block_context":{"text":"Article similaire","link":""},"img":{"alt_text":"","src":"","width":0,"height":0},"classes":[]},{"id":25454,"url":"https:\/\/docmarket-dz.com\/index.php\/product\/table-gynecologique\/","url_meta":{"origin":29940,"position":4},"title":"TABLE GYNECOLOGIQUE","author":"falek.h","date":"12\/03\/2023","format":false,"excerpt":"","rel":"","context":"Article similaire","block_context":{"text":"Article similaire","link":""},"img":{"alt_text":"","src":"","width":0,"height":0},"classes":[]},{"id":25455,"url":"https:\/\/docmarket-dz.com\/index.php\/product\/table-gynecologique-chromee\/","url_meta":{"origin":29940,"position":5},"title":"TABLE GYNECOLOGIQUE CHROMEE","author":"falek.h","date":"12\/03\/2023","format":false,"excerpt":"","rel":"","context":"Article similaire","block_context":{"text":"Article similaire","link":""},"img":{"alt_text":"","src":"","width":0,"height":0},"classes":[]}],"jetpack_sharing_enabled":true,"tiered_pricing_type":"fixed","tiered_pricing_fixed_rules":[],"tiered_pricing_product_settings":{"layout":"default","base_unit_name":{"singular":null,"plural":null},"default_variation":null},"tiered_pricing_minimum_quantity":null,"tiered_pricing_roles_data":[],"tiered_pricing_percentage_rules":[],"_links":{"self":[{"href":"https:\/\/docmarket-dz.com\/index.php\/wp-json\/wp\/v2\/product\/29940","targetHints":{"allow":["GET"]}}],"collection":[{"href":"https:\/\/docmarket-dz.com\/index.php\/wp-json\/wp\/v2\/product"}],"about":[{"href":"https:\/\/docmarket-dz.com\/index.php\/wp-json\/wp\/v2\/types\/product"}],"replies":[{"embeddable":true,"href":"https:\/\/docmarket-dz.com\/index.php\/wp-json\/wp\/v2\/comments?post=29940"}],"wp:featuredmedia":[{"embeddable":true,"href":"https:\/\/docmarket-dz.com\/index.php\/wp-json\/wp\/v2\/media\/29941"}],"wp:attachment":[{"href":"https:\/\/docmarket-dz.com\/index.php\/wp-json\/wp\/v2\/media?parent=29940"}],"wp:term":[{"taxonomy":"product_brand","embeddable":true,"href":"https:\/\/docmarket-dz.com\/index.php\/wp-json\/wp\/v2\/product_brand?post=29940"},{"taxonomy":"product_cat","embeddable":true,"href":"https:\/\/docmarket-dz.com\/index.php\/wp-json\/wp\/v2\/product_cat?post=29940"},{"taxonomy":"product_tag","embeddable":true,"href":"https:\/\/docmarket-dz.com\/index.php\/wp-json\/wp\/v2\/product_tag?post=29940"}],"curies":[{"name":"wp","href":"https:\/\/api.w.org\/{rel}","templated":true}]}}