{"id":30026,"date":"2025-04-17T13:03:57","date_gmt":"2025-04-17T12:03:57","guid":{"rendered":"https:\/\/docmarket-dz.com\/?post_type=product&#038;p=30026"},"modified":"2025-12-08T15:54:34","modified_gmt":"2025-12-08T14:54:34","slug":"bande-de-resine-altocast-n2-5cmx360","status":"publish","type":"product","link":"https:\/\/docmarket-dz.com\/index.php\/product\/bande-de-resine-altocast-n2-5cmx360\/","title":{"rendered":"BANDE DE RESINE ALTOCAST N2- 5cmx360"},"content":{"rendered":"<p><strong>Description:<\/strong><\/p>\n<p>Est un produit en fibre de verre impr\u00e9gn\u00e9 de r\u00e9sine.<\/p>\n<p>Il durcit lorsqu\u2019il humidifi\u00e9 et s\u00e9ch\u00e9 au contact de l\u2019air ( une sorte de pl\u00e2tre). Il est utilis\u00e9 pour fixer et soutenir une partie du corps fractur\u00e9 et autre maladie orthop\u00e9dique.<\/p>\n<p>&nbsp;<\/p>\n","protected":false},"excerpt":{"rendered":"<p>Description: Est un produit en fibre de verre impr\u00e9gn\u00e9 de r\u00e9sine. Il durcit lorsqu\u2019il humidifi\u00e9 et s\u00e9ch\u00e9 au contact de l\u2019air ( une sorte de pl\u00e2tre). Il est utilis\u00e9 pour fixer et soutenir une partie du corps fractur\u00e9 et autre maladie orthop\u00e9dique. &nbsp;<\/p>\n","protected":false},"featured_media":30027,"comment_status":"open","ping_status":"closed","template":"","meta":{"content-type":"","om_disable_all_campaigns":false,"_uf_show_specific_survey":0,"_uf_disable_surveys":false,"jetpack_publicize_message":"","jetpack_publicize_feature_enabled":true,"jetpack_social_post_already_shared":true,"jetpack_social_options":{"image_generator_settings":{"template":"highway","default_image_id":0,"font":"","enabled":false},"version":2}},"product_brand":[],"product_cat":[739],"product_tag":[],"class_list":{"0":"post-30026","1":"product","2":"type-product","3":"status-publish","4":"has-post-thumbnail","6":"product_cat-acupuncture","8":"first","9":"onbackorder","10":"taxable","11":"shipping-taxable","12":"purchasable","13":"product-type-simple"},"supplier_id":null,"supplier_sku":"","barcode":null,"atum_controlled":true,"out_stock_date":"2025-12-08 15:54:34","out_stock_threshold":null,"inheritable":false,"inbound_stock":0,"stock_on_hold":0,"sold_today":0,"sales_last_days":0,"reserved_stock":0,"customer_returns":0,"warehouse_damage":0,"lost_in_post":0,"other_logs":0,"out_stock_days":126,"lost_sales":0,"has_location":true,"update_date":"2026-04-14T00:06:18","atum_locations":[{"id":915,"name":"B","slug":"b"}],"atum_stock_status":"onbackorder","restock_status":false,"low_stock_amount":"","sales_update_date":"2026-04-14T00:06:18","calc_backorders":0,"aioseo_notices":[],"jetpack_publicize_connections":[],"jetpack-related-posts":[{"id":27568,"url":"https:\/\/docmarket-dz.com\/index.php\/product\/bande-de-resine-fix-cast-n4-10cmx360\/","url_meta":{"origin":30026,"position":0},"title":"BANDE DE RESINE FIX CAST N4- 10cmx360","author":"Somia Belmadani","date":"17\/10\/2023","format":false,"excerpt":"Description: Est un produit en fibre de verre impr\u00e9gn\u00e9 de r\u00e9sine. Il durcit lorsqu\u2019il humidifi\u00e9 et s\u00e9ch\u00e9 au contact de l\u2019air ( une sorte de pl\u00e2tre). Il est utilis\u00e9 pour fixer et soutenir une partie du corps fractur\u00e9 et autre maladie orthop\u00e9dique. \u00a0","rel":"","context":"Article similaire","block_context":{"text":"Article similaire","link":""},"img":{"alt_text":"","src":"https:\/\/i0.wp.com\/docmarket-dz.com\/wp-content\/uploads\/2023\/10\/ImDWage1-e1697547695952.jpg?fit=600%2C599&ssl=1&resize=350%2C200","width":350,"height":200,"srcset":"https:\/\/i0.wp.com\/docmarket-dz.com\/wp-content\/uploads\/2023\/10\/ImDWage1-e1697547695952.jpg?fit=600%2C599&ssl=1&resize=350%2C200 1x, https:\/\/i0.wp.com\/docmarket-dz.com\/wp-content\/uploads\/2023\/10\/ImDWage1-e1697547695952.jpg?fit=600%2C599&ssl=1&resize=525%2C300 1.5x"},"classes":[]},{"id":27566,"url":"https:\/\/docmarket-dz.com\/index.php\/product\/bande-de-resine-fix-cast-n3-7-5cmx360\/","url_meta":{"origin":30026,"position":1},"title":"BANDE DE RESINE FIX CAST N3- 7.5cmx360","author":"Somia Belmadani","date":"17\/10\/2023","format":false,"excerpt":"Description: Est un produit en fibre de verre impr\u00e9gn\u00e9 de r\u00e9sine. Il durcit lorsqu\u2019il humidifi\u00e9 et s\u00e9ch\u00e9 au contact de l\u2019air ( une sorte de pl\u00e2tre). Il est utilis\u00e9 pour fixer et soutenir une partie du corps fractur\u00e9 et autre maladie orthop\u00e9dique. \u00a0","rel":"","context":"Article similaire","block_context":{"text":"Article similaire","link":""},"img":{"alt_text":"","src":"https:\/\/i0.wp.com\/docmarket-dz.com\/wp-content\/uploads\/2023\/10\/FIXCAST-N%C2%B03Semiomed-PhotoRoom-e1697546804186.jpg?fit=600%2C600&ssl=1&resize=350%2C200","width":350,"height":200,"srcset":"https:\/\/i0.wp.com\/docmarket-dz.com\/wp-content\/uploads\/2023\/10\/FIXCAST-N%C2%B03Semiomed-PhotoRoom-e1697546804186.jpg?fit=600%2C600&ssl=1&resize=350%2C200 1x, https:\/\/i0.wp.com\/docmarket-dz.com\/wp-content\/uploads\/2023\/10\/FIXCAST-N%C2%B03Semiomed-PhotoRoom-e1697546804186.jpg?fit=600%2C600&ssl=1&resize=525%2C300 1.5x"},"classes":[]},{"id":27562,"url":"https:\/\/docmarket-dz.com\/index.php\/product\/bande-de-resine-fix-cast-n2-5cmx360\/","url_meta":{"origin":30026,"position":2},"title":"BANDE DE RESINE FIX CAST N2- 5cmx360","author":"Somia Belmadani","date":"17\/10\/2023","format":false,"excerpt":"Description: Est un produit en fibre de verre impr\u00e9gn\u00e9 de r\u00e9sine. Il durcit lorsqu\u2019il humidifi\u00e9 et s\u00e9ch\u00e9 au contact de l\u2019air ( une sorte de pl\u00e2tre). Il est utilis\u00e9 pour fixer et soutenir une partie du corps fractur\u00e9 et autre maladie orthop\u00e9dique. \u00a0","rel":"","context":"Article similaire","block_context":{"text":"Article similaire","link":""},"img":{"alt_text":"","src":"https:\/\/i0.wp.com\/docmarket-dz.com\/wp-content\/uploads\/2023\/10\/fixcast-resine-2-PhotoRoom-1-e1697546610540.jpg?fit=600%2C600&ssl=1&resize=350%2C200","width":350,"height":200,"srcset":"https:\/\/i0.wp.com\/docmarket-dz.com\/wp-content\/uploads\/2023\/10\/fixcast-resine-2-PhotoRoom-1-e1697546610540.jpg?fit=600%2C600&ssl=1&resize=350%2C200 1x, https:\/\/i0.wp.com\/docmarket-dz.com\/wp-content\/uploads\/2023\/10\/fixcast-resine-2-PhotoRoom-1-e1697546610540.jpg?fit=600%2C600&ssl=1&resize=525%2C300 1.5x"},"classes":[]},{"id":27572,"url":"https:\/\/docmarket-dz.com\/index.php\/product\/bande-de-resine-fix-cast-n5-12-5cmx360\/","url_meta":{"origin":30026,"position":3},"title":"BANDE DE RESINE FIX CAST N5- 12.5cmx360","author":"Somia Belmadani","date":"17\/10\/2023","format":false,"excerpt":"Description: Est un produit en fibre de verre impr\u00e9gn\u00e9 de r\u00e9sine. Il durcit lorsqu\u2019il humidifi\u00e9 et s\u00e9ch\u00e9 au contact de l\u2019air ( une sorte de pl\u00e2tre). Il est utilis\u00e9 pour fixer et soutenir une partie du corps fractur\u00e9 et autre maladie orthop\u00e9dique. \u00a0","rel":"","context":"Article similaire","block_context":{"text":"Article similaire","link":""},"img":{"alt_text":"","src":"https:\/\/i0.wp.com\/docmarket-dz.com\/wp-content\/uploads\/2023\/10\/29662354_348796252294349_6864899408686758028_o-removebg-preview.png?fit=567%2C440&ssl=1&resize=350%2C200","width":350,"height":200,"srcset":"https:\/\/i0.wp.com\/docmarket-dz.com\/wp-content\/uploads\/2023\/10\/29662354_348796252294349_6864899408686758028_o-removebg-preview.png?fit=567%2C440&ssl=1&resize=350%2C200 1x, https:\/\/i0.wp.com\/docmarket-dz.com\/wp-content\/uploads\/2023\/10\/29662354_348796252294349_6864899408686758028_o-removebg-preview.png?fit=567%2C440&ssl=1&resize=525%2C300 1.5x"},"classes":[]},{"id":26478,"url":"https:\/\/docmarket-dz.com\/index.php\/product\/biner-lc-metabiomed\/","url_meta":{"origin":30026,"position":4},"title":"BINER LC METABIOMED","author":"falek.h","date":"17\/03\/2023","format":false,"excerpt":"Biner LC contient le phosphate de calcium hydroxy. Biner LC est un traitement l\u00e9ger, fluorure lib\u00e9rant, rev\u00eatement radio-opaque de cavit\u00e9 et mati\u00e8re premi\u00e8re speciallyformulated pour l'usage avec des adh\u00e9sifs et des compos\u00e9s et avec les mat\u00e9riaux fortifiants conventionnels.Biner LC contient le phosphate de calcium hydroxy dans une r\u00e9sine de dimethacrylate\u2026","rel":"","context":"Article similaire","block_context":{"text":"Article similaire","link":""},"img":{"alt_text":"","src":"https:\/\/i0.wp.com\/docmarket-dz.com\/wp-content\/uploads\/2023\/03\/BINER-LC-METABIOMED-e1680694988613.webp?fit=600%2C600&ssl=1&resize=350%2C200","width":350,"height":200,"srcset":"https:\/\/i0.wp.com\/docmarket-dz.com\/wp-content\/uploads\/2023\/03\/BINER-LC-METABIOMED-e1680694988613.webp?fit=600%2C600&ssl=1&resize=350%2C200 1x, https:\/\/i0.wp.com\/docmarket-dz.com\/wp-content\/uploads\/2023\/03\/BINER-LC-METABIOMED-e1680694988613.webp?fit=600%2C600&ssl=1&resize=525%2C300 1.5x"},"classes":[]},{"id":26636,"url":"https:\/\/docmarket-dz.com\/index.php\/product\/dentocrown\/","url_meta":{"origin":30026,"position":5},"title":"DENTOCROWN","author":"falek.h","date":"17\/03\/2023","format":false,"excerpt":"R\u00e9sine composite ch\u00e9mo-polym\u00e9risable pour la confection de couronnes et de bridges provisoires. Dentocrown est extr\u00eamement r\u00e9sistant et dur, la forme est conserv\u00e9e m\u00eame lors de compression, de m\u00eame il a un fini tr\u00e8s esth\u00e9tique gr\u00e2ce \u00e0 la fluorescence naturelle qui ressemble fortement \u00e0 la teinte de la dent. Malgr\u00e9 le\u2026","rel":"","context":"Article similaire","block_context":{"text":"Article similaire","link":""},"img":{"alt_text":"","src":"https:\/\/i0.wp.com\/docmarket-dz.com\/wp-content\/uploads\/2023\/03\/DENTOCROWN-e1680616169279.jpg?fit=600%2C600&ssl=1&resize=350%2C200","width":350,"height":200,"srcset":"https:\/\/i0.wp.com\/docmarket-dz.com\/wp-content\/uploads\/2023\/03\/DENTOCROWN-e1680616169279.jpg?fit=600%2C600&ssl=1&resize=350%2C200 1x, https:\/\/i0.wp.com\/docmarket-dz.com\/wp-content\/uploads\/2023\/03\/DENTOCROWN-e1680616169279.jpg?fit=600%2C600&ssl=1&resize=525%2C300 1.5x"},"classes":[]}],"jetpack_sharing_enabled":true,"tiered_pricing_type":"fixed","tiered_pricing_fixed_rules":[],"tiered_pricing_product_settings":{"layout":"default","base_unit_name":{"singular":null,"plural":null},"default_variation":null},"tiered_pricing_minimum_quantity":null,"tiered_pricing_roles_data":[],"tiered_pricing_percentage_rules":[],"_links":{"self":[{"href":"https:\/\/docmarket-dz.com\/index.php\/wp-json\/wp\/v2\/product\/30026","targetHints":{"allow":["GET"]}}],"collection":[{"href":"https:\/\/docmarket-dz.com\/index.php\/wp-json\/wp\/v2\/product"}],"about":[{"href":"https:\/\/docmarket-dz.com\/index.php\/wp-json\/wp\/v2\/types\/product"}],"replies":[{"embeddable":true,"href":"https:\/\/docmarket-dz.com\/index.php\/wp-json\/wp\/v2\/comments?post=30026"}],"wp:featuredmedia":[{"embeddable":true,"href":"https:\/\/docmarket-dz.com\/index.php\/wp-json\/wp\/v2\/media\/30027"}],"wp:attachment":[{"href":"https:\/\/docmarket-dz.com\/index.php\/wp-json\/wp\/v2\/media?parent=30026"}],"wp:term":[{"taxonomy":"product_brand","embeddable":true,"href":"https:\/\/docmarket-dz.com\/index.php\/wp-json\/wp\/v2\/product_brand?post=30026"},{"taxonomy":"product_cat","embeddable":true,"href":"https:\/\/docmarket-dz.com\/index.php\/wp-json\/wp\/v2\/product_cat?post=30026"},{"taxonomy":"product_tag","embeddable":true,"href":"https:\/\/docmarket-dz.com\/index.php\/wp-json\/wp\/v2\/product_tag?post=30026"}],"curies":[{"name":"wp","href":"https:\/\/api.w.org\/{rel}","templated":true}]}}