{"id":30029,"date":"2025-04-17T13:18:08","date_gmt":"2025-04-17T12:18:08","guid":{"rendered":"https:\/\/docmarket-dz.com\/?post_type=product&#038;p=30029"},"modified":"2026-03-10T09:16:58","modified_gmt":"2026-03-10T08:16:58","slug":"seringue-20ml-nipro","status":"publish","type":"product","link":"https:\/\/docmarket-dz.com\/index.php\/product\/seringue-20ml-nipro\/","title":{"rendered":"SERINGUE 20mL &#8211; NIPRO"},"content":{"rendered":"","protected":false},"excerpt":{"rendered":"","protected":false},"featured_media":27592,"comment_status":"open","ping_status":"closed","template":"","meta":{"content-type":"","om_disable_all_campaigns":false,"_uf_show_specific_survey":0,"_uf_disable_surveys":false,"jetpack_publicize_message":"","jetpack_publicize_feature_enabled":true,"jetpack_social_post_already_shared":true,"jetpack_social_options":{"image_generator_settings":{"template":"highway","default_image_id":0,"font":"","enabled":false},"version":2}},"product_brand":[],"product_cat":[739],"product_tag":[],"class_list":{"0":"post-30029","1":"product","2":"type-product","3":"status-publish","4":"has-post-thumbnail","6":"product_cat-acupuncture","8":"first","9":"onbackorder","10":"taxable","11":"shipping-taxable","12":"purchasable","13":"product-type-simple"},"supplier_id":null,"supplier_sku":"","barcode":null,"atum_controlled":true,"out_stock_date":null,"out_stock_threshold":null,"inheritable":false,"inbound_stock":0,"stock_on_hold":2,"sold_today":0,"sales_last_days":0,"reserved_stock":0,"customer_returns":0,"warehouse_damage":0,"lost_in_post":0,"other_logs":0,"out_stock_days":0,"lost_sales":0,"has_location":true,"update_date":"2026-04-10T00:05:12","atum_locations":[{"id":963,"name":"D5","slug":"d5"}],"atum_stock_status":"onbackorder","restock_status":false,"low_stock_amount":90,"sales_update_date":"2026-04-10T00:05:12","calc_backorders":-2,"aioseo_notices":[],"jetpack_publicize_connections":[],"jetpack-related-posts":[{"id":27781,"url":"https:\/\/docmarket-dz.com\/index.php\/product\/seringue-50ml-luer-lock-nipro\/","url_meta":{"origin":30029,"position":0},"title":"SERINGUE 50ML LUER LOCK NIPRO","author":"fatmazohra.nasri","date":"04\/11\/2023","format":false,"excerpt":"","rel":"","context":"Article similaire","block_context":{"text":"Article similaire","link":""},"img":{"alt_text":"","src":"https:\/\/i0.wp.com\/docmarket-dz.com\/wp-content\/uploads\/2023\/10\/IMG_1708-1-1.jpg?fit=603%2C601&ssl=1&resize=350%2C200","width":350,"height":200,"srcset":"https:\/\/i0.wp.com\/docmarket-dz.com\/wp-content\/uploads\/2023\/10\/IMG_1708-1-1.jpg?fit=603%2C601&ssl=1&resize=350%2C200 1x, https:\/\/i0.wp.com\/docmarket-dz.com\/wp-content\/uploads\/2023\/10\/IMG_1708-1-1.jpg?fit=603%2C601&ssl=1&resize=525%2C300 1.5x"},"classes":[]},{"id":27707,"url":"https:\/\/docmarket-dz.com\/index.php\/product\/seringue-1cc-nipro\/","url_meta":{"origin":30029,"position":1},"title":"Seringue 1CC","author":"fatmazohra.nasri","date":"24\/10\/2023","format":false,"excerpt":"","rel":"","context":"Article similaire","block_context":{"text":"Article similaire","link":""},"img":{"alt_text":"","src":"https:\/\/i0.wp.com\/docmarket-dz.com\/wp-content\/uploads\/2023\/10\/IMG_1707.png?fit=599%2C601&ssl=1&resize=350%2C200","width":350,"height":200,"srcset":"https:\/\/i0.wp.com\/docmarket-dz.com\/wp-content\/uploads\/2023\/10\/IMG_1707.png?fit=599%2C601&ssl=1&resize=350%2C200 1x, https:\/\/i0.wp.com\/docmarket-dz.com\/wp-content\/uploads\/2023\/10\/IMG_1707.png?fit=599%2C601&ssl=1&resize=525%2C300 1.5x"},"classes":[]},{"id":27704,"url":"https:\/\/docmarket-dz.com\/index.php\/product\/seringue-2-5cc-g25-nipro\/","url_meta":{"origin":30029,"position":2},"title":"Seringue 2 mL G25 NIPRO","author":"fatmazohra.nasri","date":"24\/10\/2023","format":false,"excerpt":"Instrument (petite pompe munie d'une aiguille) utilis\u00e9 pour injecter des liquides dans l'organisme ou en pr\u00e9lever","rel":"","context":"Article similaire","block_context":{"text":"Article similaire","link":""},"img":{"alt_text":"","src":"https:\/\/i0.wp.com\/docmarket-dz.com\/wp-content\/uploads\/2023\/10\/IMG_1705.png?fit=603%2C600&ssl=1&resize=350%2C200","width":350,"height":200,"srcset":"https:\/\/i0.wp.com\/docmarket-dz.com\/wp-content\/uploads\/2023\/10\/IMG_1705.png?fit=603%2C600&ssl=1&resize=350%2C200 1x, https:\/\/i0.wp.com\/docmarket-dz.com\/wp-content\/uploads\/2023\/10\/IMG_1705.png?fit=603%2C600&ssl=1&resize=525%2C300 1.5x"},"classes":[]},{"id":26148,"url":"https:\/\/docmarket-dz.com\/index.php\/product\/microperfuseur-a-ailettes-epicranienne-vaccu-23g-nipro\/","url_meta":{"origin":30029,"position":3},"title":"Microperfuseur \u00e0 ailettes &#8211; EPICRANIENNE VACCU 23G NIPRO &#8211; Boite de 100 unit\u00e9s","author":"falek.h","date":"12\/03\/2023","format":false,"excerpt":"","rel":"","context":"Article similaire","block_context":{"text":"Article similaire","link":""},"img":{"alt_text":"","src":"https:\/\/i0.wp.com\/docmarket-dz.com\/wp-content\/uploads\/2023\/03\/Sans-titre.png?fit=201%2C251&ssl=1&resize=350%2C200","width":350,"height":200},"classes":[]},{"id":27716,"url":"https:\/\/docmarket-dz.com\/index.php\/product\/seringue-10cc-pronto\/","url_meta":{"origin":30029,"position":4},"title":"Seringue 10CC PRONTO","author":"fatmazohra.nasri","date":"24\/10\/2023","format":false,"excerpt":"Seringues 10 ml avec embout centr\u00e9","rel":"","context":"Article similaire","block_context":{"text":"Article similaire","link":""},"img":{"alt_text":"","src":"https:\/\/i0.wp.com\/docmarket-dz.com\/wp-content\/uploads\/2023\/10\/IMG_1706.jpg?fit=606%2C602&ssl=1&resize=350%2C200","width":350,"height":200,"srcset":"https:\/\/i0.wp.com\/docmarket-dz.com\/wp-content\/uploads\/2023\/10\/IMG_1706.jpg?fit=606%2C602&ssl=1&resize=350%2C200 1x, https:\/\/i0.wp.com\/docmarket-dz.com\/wp-content\/uploads\/2023\/10\/IMG_1706.jpg?fit=606%2C602&ssl=1&resize=525%2C300 1.5x"},"classes":[]},{"id":26653,"url":"https:\/\/docmarket-dz.com\/index.php\/product\/diaflex-diadent-seringue\/","url_meta":{"origin":30029,"position":5},"title":"DIAFLEX DIADENT SERINGUE","author":"falek.h","date":"17\/03\/2023","format":false,"excerpt":"DiaFlex (Seringue d'irrigation pour canal radiculaire) Seringue \u00e0 embout souple en polypropyl\u00e8ne souple pour l'irrigation canalaire. Autoclavable et chimiclavable pour usage multiple jusqu'\u00e0 50 fois. Volume de 1,3 ml imprim\u00e9 \u00e0 intervalles de 1 mm. Effet clinique maximal en un minimum de temps. DiaFlex est compatible avec les seringues Luer\u2026","rel":"","context":"Article similaire","block_context":{"text":"Article similaire","link":""},"img":{"alt_text":"","src":"https:\/\/i0.wp.com\/docmarket-dz.com\/wp-content\/uploads\/2023\/03\/DIAFLEX-DIADENT-SERINGUE-e1680614398697.jpg?fit=600%2C600&ssl=1&resize=350%2C200","width":350,"height":200,"srcset":"https:\/\/i0.wp.com\/docmarket-dz.com\/wp-content\/uploads\/2023\/03\/DIAFLEX-DIADENT-SERINGUE-e1680614398697.jpg?fit=600%2C600&ssl=1&resize=350%2C200 1x, https:\/\/i0.wp.com\/docmarket-dz.com\/wp-content\/uploads\/2023\/03\/DIAFLEX-DIADENT-SERINGUE-e1680614398697.jpg?fit=600%2C600&ssl=1&resize=525%2C300 1.5x"},"classes":[]}],"jetpack_sharing_enabled":true,"tiered_pricing_type":"fixed","tiered_pricing_fixed_rules":[],"tiered_pricing_product_settings":{"layout":"default","base_unit_name":{"singular":null,"plural":null},"default_variation":null},"tiered_pricing_minimum_quantity":null,"tiered_pricing_roles_data":[],"tiered_pricing_percentage_rules":[],"_links":{"self":[{"href":"https:\/\/docmarket-dz.com\/index.php\/wp-json\/wp\/v2\/product\/30029","targetHints":{"allow":["GET"]}}],"collection":[{"href":"https:\/\/docmarket-dz.com\/index.php\/wp-json\/wp\/v2\/product"}],"about":[{"href":"https:\/\/docmarket-dz.com\/index.php\/wp-json\/wp\/v2\/types\/product"}],"replies":[{"embeddable":true,"href":"https:\/\/docmarket-dz.com\/index.php\/wp-json\/wp\/v2\/comments?post=30029"}],"wp:featuredmedia":[{"embeddable":true,"href":"https:\/\/docmarket-dz.com\/index.php\/wp-json\/wp\/v2\/media\/27592"}],"wp:attachment":[{"href":"https:\/\/docmarket-dz.com\/index.php\/wp-json\/wp\/v2\/media?parent=30029"}],"wp:term":[{"taxonomy":"product_brand","embeddable":true,"href":"https:\/\/docmarket-dz.com\/index.php\/wp-json\/wp\/v2\/product_brand?post=30029"},{"taxonomy":"product_cat","embeddable":true,"href":"https:\/\/docmarket-dz.com\/index.php\/wp-json\/wp\/v2\/product_cat?post=30029"},{"taxonomy":"product_tag","embeddable":true,"href":"https:\/\/docmarket-dz.com\/index.php\/wp-json\/wp\/v2\/product_tag?post=30029"}],"curies":[{"name":"wp","href":"https:\/\/api.w.org\/{rel}","templated":true}]}}