{"id":30075,"date":"2025-05-05T18:11:13","date_gmt":"2025-05-05T17:11:13","guid":{"rendered":"https:\/\/docmarket-dz.com\/?post_type=product&#038;p=30075"},"modified":"2026-03-02T11:41:16","modified_gmt":"2026-03-02T10:41:16","slug":"seringue-2-ml-g25-pronto","status":"publish","type":"product","link":"https:\/\/docmarket-dz.com\/index.php\/product\/seringue-2-ml-g25-pronto\/","title":{"rendered":"Seringue 2 mL G25 PRONTO"},"content":{"rendered":"<p>Instrument (petite pompe munie d&#8217;une aiguille) utilis\u00e9 pour injecter des liquides dans l&#8217;organisme ou en pr\u00e9lever<\/p>\n","protected":false},"excerpt":{"rendered":"<p>Instrument (petite pompe munie d&#8217;une aiguille) utilis\u00e9 pour injecter des liquides dans l&#8217;organisme ou en pr\u00e9lever<\/p>\n","protected":false},"featured_media":27763,"comment_status":"open","ping_status":"closed","template":"","meta":{"content-type":"","om_disable_all_campaigns":false,"_uf_show_specific_survey":0,"_uf_disable_surveys":false,"jetpack_publicize_message":"","jetpack_publicize_feature_enabled":true,"jetpack_social_post_already_shared":true,"jetpack_social_options":{"image_generator_settings":{"template":"highway","default_image_id":0,"font":"","enabled":false},"version":2}},"product_brand":[],"product_cat":[487],"product_tag":[],"class_list":{"0":"post-30075","1":"product","2":"type-product","3":"status-publish","4":"has-post-thumbnail","6":"product_cat-medical","8":"first","9":"onbackorder","10":"taxable","11":"shipping-taxable","12":"purchasable","13":"product-type-simple"},"supplier_id":null,"supplier_sku":"","barcode":null,"atum_controlled":true,"out_stock_date":null,"out_stock_threshold":null,"inheritable":false,"inbound_stock":0,"stock_on_hold":1000,"sold_today":0,"sales_last_days":0,"reserved_stock":0,"customer_returns":0,"warehouse_damage":0,"lost_in_post":0,"other_logs":0,"out_stock_days":0,"lost_sales":0,"has_location":true,"update_date":"2026-04-16T02:09:14","atum_locations":[{"id":941,"name":"C4","slug":"c4"}],"atum_stock_status":"onbackorder","restock_status":false,"low_stock_amount":100,"sales_update_date":"2026-04-16T02:09:14","calc_backorders":-200,"aioseo_notices":[],"jetpack_publicize_connections":[],"jetpack-related-posts":[{"id":27704,"url":"https:\/\/docmarket-dz.com\/index.php\/product\/seringue-2-5cc-g25-nipro\/","url_meta":{"origin":30075,"position":0},"title":"Seringue 2 mL G25 NIPRO","author":"fatmazohra.nasri","date":"24\/10\/2023","format":false,"excerpt":"Instrument (petite pompe munie d'une aiguille) utilis\u00e9 pour injecter des liquides dans l'organisme ou en pr\u00e9lever","rel":"","context":"Article similaire","block_context":{"text":"Article similaire","link":""},"img":{"alt_text":"","src":"https:\/\/i0.wp.com\/docmarket-dz.com\/wp-content\/uploads\/2023\/10\/IMG_1705.png?fit=603%2C600&ssl=1&resize=350%2C200","width":350,"height":200,"srcset":"https:\/\/i0.wp.com\/docmarket-dz.com\/wp-content\/uploads\/2023\/10\/IMG_1705.png?fit=603%2C600&ssl=1&resize=350%2C200 1x, https:\/\/i0.wp.com\/docmarket-dz.com\/wp-content\/uploads\/2023\/10\/IMG_1705.png?fit=603%2C600&ssl=1&resize=525%2C300 1.5x"},"classes":[]},{"id":30491,"url":"https:\/\/docmarket-dz.com\/index.php\/product\/seringue-2-ml-g22-pronto-g\/","url_meta":{"origin":30075,"position":1},"title":"Seringue 2 ML G22 PRONTO (G)","author":"Amel","date":"20\/11\/2025","format":false,"excerpt":"Instrument (petite pompe munie d'une aiguille) utilis\u00e9 pour injecter des liquides dans l'organisme ou en pr\u00e9lever","rel":"","context":"Article similaire","block_context":{"text":"Article similaire","link":""},"img":{"alt_text":"","src":"https:\/\/i0.wp.com\/docmarket-dz.com\/wp-content\/uploads\/2023\/10\/IMG_1705.png?fit=603%2C600&ssl=1&resize=350%2C200","width":350,"height":200,"srcset":"https:\/\/i0.wp.com\/docmarket-dz.com\/wp-content\/uploads\/2023\/10\/IMG_1705.png?fit=603%2C600&ssl=1&resize=350%2C200 1x, https:\/\/i0.wp.com\/docmarket-dz.com\/wp-content\/uploads\/2023\/10\/IMG_1705.png?fit=603%2C600&ssl=1&resize=525%2C300 1.5x"},"classes":[]},{"id":27716,"url":"https:\/\/docmarket-dz.com\/index.php\/product\/seringue-10cc-pronto\/","url_meta":{"origin":30075,"position":2},"title":"Seringue 10CC PRONTO","author":"fatmazohra.nasri","date":"24\/10\/2023","format":false,"excerpt":"Seringues 10 ml avec embout centr\u00e9","rel":"","context":"Article similaire","block_context":{"text":"Article similaire","link":""},"img":{"alt_text":"","src":"https:\/\/i0.wp.com\/docmarket-dz.com\/wp-content\/uploads\/2023\/10\/IMG_1706.jpg?fit=606%2C602&ssl=1&resize=350%2C200","width":350,"height":200,"srcset":"https:\/\/i0.wp.com\/docmarket-dz.com\/wp-content\/uploads\/2023\/10\/IMG_1706.jpg?fit=606%2C602&ssl=1&resize=350%2C200 1x, https:\/\/i0.wp.com\/docmarket-dz.com\/wp-content\/uploads\/2023\/10\/IMG_1706.jpg?fit=606%2C602&ssl=1&resize=525%2C300 1.5x"},"classes":[]},{"id":29188,"url":"https:\/\/docmarket-dz.com\/index.php\/product\/aiguille-hypodermique-g25\/","url_meta":{"origin":30075,"position":3},"title":"Aiguille Hypodermique G25","author":"TIKELALINE Amel","date":"11\/07\/2024","format":false,"excerpt":"","rel":"","context":"Article similaire","block_context":{"text":"Article similaire","link":""},"img":{"alt_text":"","src":"https:\/\/i0.wp.com\/docmarket-dz.com\/wp-content\/uploads\/2024\/07\/Sans-titre-5.png?fit=225%2C225&ssl=1&resize=350%2C200","width":350,"height":200},"classes":[]},{"id":29088,"url":"https:\/\/docmarket-dz.com\/index.php\/product\/aiguille-individuelle-g25-boite-de-100-unites\/","url_meta":{"origin":30075,"position":4},"title":"Aiguille individuelle G25 &#8211; boite de 100 unit\u00e9s","author":"Sofiane Arbouche","date":"20\/06\/2024","format":false,"excerpt":"","rel":"","context":"Article similaire","block_context":{"text":"Article similaire","link":""},"img":{"alt_text":"","src":"https:\/\/i0.wp.com\/docmarket-dz.com\/wp-content\/uploads\/2024\/06\/Sans-titre-2.png?fit=215%2C234&ssl=1&resize=350%2C200","width":350,"height":200},"classes":[]},{"id":26151,"url":"https:\/\/docmarket-dz.com\/index.php\/product\/aiguille-spinal-sans-introducteur\/","url_meta":{"origin":30075,"position":5},"title":"AIGUILLE SPINAL SANS INTRODUCTEUR","author":"falek.h","date":"12\/03\/2023","format":false,"excerpt":"Aiguille spinale\u00a0 avec embase transparente et mandrin obturateur. L'embase du mandrin comporte un code couleur normalis\u00e9 correspondant au diam\u00e8tre ext\u00e9rieur de l'aiguille. L'embase de l'aiguille est en plastique transparent pour visualiser le reflux du liquide c\u00e9phalo-rachidien, et est ergonomique pour assurer une prise en main et une manipulation facile. Le\u2026","rel":"","context":"Article similaire","block_context":{"text":"Article similaire","link":""},"img":{"alt_text":"","src":"https:\/\/i0.wp.com\/docmarket-dz.com\/wp-content\/uploads\/2023\/03\/prd_disp_img_00518005a1-scaled-e1696406736651.jpg?fit=860%2C316&ssl=1&resize=350%2C200","width":350,"height":200,"srcset":"https:\/\/i0.wp.com\/docmarket-dz.com\/wp-content\/uploads\/2023\/03\/prd_disp_img_00518005a1-scaled-e1696406736651.jpg?fit=860%2C316&ssl=1&resize=350%2C200 1x, https:\/\/i0.wp.com\/docmarket-dz.com\/wp-content\/uploads\/2023\/03\/prd_disp_img_00518005a1-scaled-e1696406736651.jpg?fit=860%2C316&ssl=1&resize=525%2C300 1.5x, https:\/\/i0.wp.com\/docmarket-dz.com\/wp-content\/uploads\/2023\/03\/prd_disp_img_00518005a1-scaled-e1696406736651.jpg?fit=860%2C316&ssl=1&resize=700%2C400 2x"},"classes":[]}],"jetpack_sharing_enabled":true,"tiered_pricing_type":"fixed","tiered_pricing_fixed_rules":[],"tiered_pricing_product_settings":{"layout":"default","base_unit_name":{"singular":null,"plural":null},"default_variation":null},"tiered_pricing_minimum_quantity":null,"tiered_pricing_roles_data":[],"tiered_pricing_percentage_rules":[],"_links":{"self":[{"href":"https:\/\/docmarket-dz.com\/index.php\/wp-json\/wp\/v2\/product\/30075","targetHints":{"allow":["GET"]}}],"collection":[{"href":"https:\/\/docmarket-dz.com\/index.php\/wp-json\/wp\/v2\/product"}],"about":[{"href":"https:\/\/docmarket-dz.com\/index.php\/wp-json\/wp\/v2\/types\/product"}],"replies":[{"embeddable":true,"href":"https:\/\/docmarket-dz.com\/index.php\/wp-json\/wp\/v2\/comments?post=30075"}],"wp:featuredmedia":[{"embeddable":true,"href":"https:\/\/docmarket-dz.com\/index.php\/wp-json\/wp\/v2\/media\/27763"}],"wp:attachment":[{"href":"https:\/\/docmarket-dz.com\/index.php\/wp-json\/wp\/v2\/media?parent=30075"}],"wp:term":[{"taxonomy":"product_brand","embeddable":true,"href":"https:\/\/docmarket-dz.com\/index.php\/wp-json\/wp\/v2\/product_brand?post=30075"},{"taxonomy":"product_cat","embeddable":true,"href":"https:\/\/docmarket-dz.com\/index.php\/wp-json\/wp\/v2\/product_cat?post=30075"},{"taxonomy":"product_tag","embeddable":true,"href":"https:\/\/docmarket-dz.com\/index.php\/wp-json\/wp\/v2\/product_tag?post=30075"}],"curies":[{"name":"wp","href":"https:\/\/api.w.org\/{rel}","templated":true}]}}