{"id":30126,"date":"2025-05-19T15:08:47","date_gmt":"2025-05-19T14:08:47","guid":{"rendered":"https:\/\/docmarket-dz.com\/?post_type=product&#038;p=30126"},"modified":"2025-12-08T15:54:35","modified_gmt":"2025-12-08T14:54:35","slug":"housse-de-camera-sterile-pour-endoscopie","status":"publish","type":"product","link":"https:\/\/docmarket-dz.com\/index.php\/product\/housse-de-camera-sterile-pour-endoscopie\/","title":{"rendered":"Housse de camera st\u00e9rile pour endoscopie"},"content":{"rendered":"<h1 class=\"concept left\">Housses de protection pour cam\u00e9ras endoscopiques &#8211; St\u00e9rile:<\/h1>\n<p>Fabriqu\u00e9 en Poly\u00e9thyl\u00e8ne &#8220;imperm\u00e9able&#8221; et st\u00e9rilis\u00e9 au gaz d&#8217;oxyde d&#8217;\u00e9thyl\u00e8ne, elle contribue a minimiser le risque de contamination bact\u00e9rienne, d&#8217;infections.<\/p>\n<p>Elles prot\u00e8gent les \u00e9quipements des fluides et sont faciles a manipuler<\/p>\n","protected":false},"excerpt":{"rendered":"<p>Housses de protection pour cam\u00e9ras endoscopiques &#8211; St\u00e9rile: Fabriqu\u00e9 en Poly\u00e9thyl\u00e8ne &#8220;imperm\u00e9able&#8221; et st\u00e9rilis\u00e9 au gaz d&#8217;oxyde d&#8217;\u00e9thyl\u00e8ne, elle contribue a minimiser le risque de contamination bact\u00e9rienne, d&#8217;infections. Elles prot\u00e8gent les \u00e9quipements des fluides et sont faciles a manipuler<\/p>\n","protected":false},"featured_media":30127,"comment_status":"open","ping_status":"closed","template":"","meta":{"content-type":"","om_disable_all_campaigns":false,"_uf_show_specific_survey":0,"_uf_disable_surveys":false,"jetpack_publicize_message":"","jetpack_publicize_feature_enabled":true,"jetpack_social_post_already_shared":true,"jetpack_social_options":{"image_generator_settings":{"template":"highway","default_image_id":0,"font":"","enabled":false},"version":2}},"product_brand":[],"product_cat":[739],"product_tag":[],"class_list":{"0":"post-30126","1":"product","2":"type-product","3":"status-publish","4":"has-post-thumbnail","6":"product_cat-acupuncture","8":"first","9":"onbackorder","10":"taxable","11":"shipping-taxable","12":"purchasable","13":"product-type-simple"},"supplier_id":null,"supplier_sku":"","barcode":null,"atum_controlled":true,"out_stock_date":"2025-12-08 15:54:35","out_stock_threshold":null,"inheritable":false,"inbound_stock":1,"stock_on_hold":0,"sold_today":0,"sales_last_days":0,"reserved_stock":0,"customer_returns":0,"warehouse_damage":0,"lost_in_post":0,"other_logs":0,"out_stock_days":126,"lost_sales":0,"has_location":true,"update_date":"2026-04-14T00:06:25","atum_locations":[{"id":960,"name":"D2","slug":"d2"}],"atum_stock_status":"onbackorder","restock_status":false,"low_stock_amount":"","sales_update_date":"2026-04-14T00:06:25","calc_backorders":0,"aioseo_notices":[],"jetpack_publicize_connections":[],"jetpack-related-posts":[{"id":27909,"url":"https:\/\/docmarket-dz.com\/index.php\/product\/housse-dechographe-petit-format\/","url_meta":{"origin":30126,"position":0},"title":"Housse d&#8217;echographe petit format","author":"fatmazohra.nasri","date":"26\/11\/2023","format":false,"excerpt":"","rel":"","context":"Article similaire","block_context":{"text":"Article similaire","link":""},"img":{"alt_text":"","src":"https:\/\/i0.wp.com\/docmarket-dz.com\/wp-content\/uploads\/2023\/11\/IMG_2333.jpeg?fit=768%2C1020&ssl=1&resize=350%2C200","width":350,"height":200,"srcset":"https:\/\/i0.wp.com\/docmarket-dz.com\/wp-content\/uploads\/2023\/11\/IMG_2333.jpeg?fit=768%2C1020&ssl=1&resize=350%2C200 1x, https:\/\/i0.wp.com\/docmarket-dz.com\/wp-content\/uploads\/2023\/11\/IMG_2333.jpeg?fit=768%2C1020&ssl=1&resize=525%2C300 1.5x, https:\/\/i0.wp.com\/docmarket-dz.com\/wp-content\/uploads\/2023\/11\/IMG_2333.jpeg?fit=768%2C1020&ssl=1&resize=700%2C400 2x"},"classes":[]},{"id":27911,"url":"https:\/\/docmarket-dz.com\/index.php\/product\/housse-dechographe-grand-format\/","url_meta":{"origin":30126,"position":1},"title":"Housse d&#8217;echographe grand format","author":"fatmazohra.nasri","date":"26\/11\/2023","format":false,"excerpt":"","rel":"","context":"Article similaire","block_context":{"text":"Article similaire","link":""},"img":{"alt_text":"","src":"https:\/\/i0.wp.com\/docmarket-dz.com\/wp-content\/uploads\/2023\/11\/IMG_2333.jpeg?fit=768%2C1020&ssl=1&resize=350%2C200","width":350,"height":200,"srcset":"https:\/\/i0.wp.com\/docmarket-dz.com\/wp-content\/uploads\/2023\/11\/IMG_2333.jpeg?fit=768%2C1020&ssl=1&resize=350%2C200 1x, https:\/\/i0.wp.com\/docmarket-dz.com\/wp-content\/uploads\/2023\/11\/IMG_2333.jpeg?fit=768%2C1020&ssl=1&resize=525%2C300 1.5x, https:\/\/i0.wp.com\/docmarket-dz.com\/wp-content\/uploads\/2023\/11\/IMG_2333.jpeg?fit=768%2C1020&ssl=1&resize=700%2C400 2x"},"classes":[]},{"id":25198,"url":"https:\/\/docmarket-dz.com\/index.php\/product\/champ-sterile\/","url_meta":{"origin":30126,"position":2},"title":"CHAMP STERILE","author":"falek.h","date":"25\/02\/2023","format":false,"excerpt":"","rel":"","context":"Article similaire","block_context":{"text":"Article similaire","link":""},"img":{"alt_text":"","src":"https:\/\/i0.wp.com\/docmarket-dz.com\/wp-content\/uploads\/2023\/02\/579-large_default-PhotoRoom.png-PhotoRoom.png?fit=458%2C458&ssl=1&resize=350%2C200","width":350,"height":200},"classes":[]},{"id":27678,"url":"https:\/\/docmarket-dz.com\/index.php\/product\/champ-sterile-110cm90cm\/","url_meta":{"origin":30126,"position":3},"title":"CHAMP STERILE 110CM*90CM","author":"fatmazohra.nasri","date":"23\/10\/2023","format":false,"excerpt":"","rel":"","context":"Article similaire","block_context":{"text":"Article similaire","link":""},"img":{"alt_text":"","src":"https:\/\/i0.wp.com\/docmarket-dz.com\/wp-content\/uploads\/2023\/10\/129-medium_default.jpg?fit=598%2C593&ssl=1&resize=350%2C200","width":350,"height":200,"srcset":"https:\/\/i0.wp.com\/docmarket-dz.com\/wp-content\/uploads\/2023\/10\/129-medium_default.jpg?fit=598%2C593&ssl=1&resize=350%2C200 1x, https:\/\/i0.wp.com\/docmarket-dz.com\/wp-content\/uploads\/2023\/10\/129-medium_default.jpg?fit=598%2C593&ssl=1&resize=525%2C300 1.5x"},"classes":[]},{"id":25190,"url":"https:\/\/docmarket-dz.com\/index.php\/product\/boite-de-petri-90mm-sterile\/","url_meta":{"origin":30126,"position":4},"title":"BOITE DE PETRI 90MM STERILE","author":"falek.h","date":"25\/02\/2023","format":false,"excerpt":"","rel":"","context":"Article similaire","block_context":{"text":"Article similaire","link":""},"img":{"alt_text":"","src":"https:\/\/i0.wp.com\/docmarket-dz.com\/wp-content\/uploads\/2023\/02\/boite-de-petri-o90-mm-en-polystyrene-e1677330303253.jpg?fit=304%2C360&ssl=1&resize=350%2C200","width":350,"height":200},"classes":[]},{"id":26396,"url":"https:\/\/docmarket-dz.com\/index.php\/product\/trousse-universelle-de-base-sterile\/","url_meta":{"origin":30126,"position":5},"title":"TROUSSE UNIVERSELLE DE BASE STERILE","author":"falek.h","date":"12\/03\/2023","format":false,"excerpt":"","rel":"","context":"Article similaire","block_context":{"text":"Article similaire","link":""},"img":{"alt_text":"","src":"https:\/\/i0.wp.com\/docmarket-dz.com\/wp-content\/uploads\/2023\/03\/trousse-universelle-standard-sterile-e1696498968979.jpg?fit=600%2C450&ssl=1&resize=350%2C200","width":350,"height":200,"srcset":"https:\/\/i0.wp.com\/docmarket-dz.com\/wp-content\/uploads\/2023\/03\/trousse-universelle-standard-sterile-e1696498968979.jpg?fit=600%2C450&ssl=1&resize=350%2C200 1x, https:\/\/i0.wp.com\/docmarket-dz.com\/wp-content\/uploads\/2023\/03\/trousse-universelle-standard-sterile-e1696498968979.jpg?fit=600%2C450&ssl=1&resize=525%2C300 1.5x"},"classes":[]}],"jetpack_sharing_enabled":true,"tiered_pricing_type":"fixed","tiered_pricing_fixed_rules":[],"tiered_pricing_product_settings":{"layout":"default","base_unit_name":{"singular":null,"plural":null},"default_variation":null},"tiered_pricing_minimum_quantity":null,"tiered_pricing_roles_data":[],"tiered_pricing_percentage_rules":[],"_links":{"self":[{"href":"https:\/\/docmarket-dz.com\/index.php\/wp-json\/wp\/v2\/product\/30126","targetHints":{"allow":["GET"]}}],"collection":[{"href":"https:\/\/docmarket-dz.com\/index.php\/wp-json\/wp\/v2\/product"}],"about":[{"href":"https:\/\/docmarket-dz.com\/index.php\/wp-json\/wp\/v2\/types\/product"}],"replies":[{"embeddable":true,"href":"https:\/\/docmarket-dz.com\/index.php\/wp-json\/wp\/v2\/comments?post=30126"}],"wp:featuredmedia":[{"embeddable":true,"href":"https:\/\/docmarket-dz.com\/index.php\/wp-json\/wp\/v2\/media\/30127"}],"wp:attachment":[{"href":"https:\/\/docmarket-dz.com\/index.php\/wp-json\/wp\/v2\/media?parent=30126"}],"wp:term":[{"taxonomy":"product_brand","embeddable":true,"href":"https:\/\/docmarket-dz.com\/index.php\/wp-json\/wp\/v2\/product_brand?post=30126"},{"taxonomy":"product_cat","embeddable":true,"href":"https:\/\/docmarket-dz.com\/index.php\/wp-json\/wp\/v2\/product_cat?post=30126"},{"taxonomy":"product_tag","embeddable":true,"href":"https:\/\/docmarket-dz.com\/index.php\/wp-json\/wp\/v2\/product_tag?post=30126"}],"curies":[{"name":"wp","href":"https:\/\/api.w.org\/{rel}","templated":true}]}}