{"id":30160,"date":"2025-06-02T13:52:32","date_gmt":"2025-06-02T12:52:32","guid":{"rendered":"https:\/\/docmarket-dz.com\/?post_type=product&#038;p=30160"},"modified":"2026-02-04T12:37:38","modified_gmt":"2026-02-04T11:37:38","slug":"gants-chirurgicaux-steriles-amola-65en-latex-box-de-50-unite","status":"publish","type":"product","link":"https:\/\/docmarket-dz.com\/index.php\/product\/gants-chirurgicaux-steriles-amola-65en-latex-box-de-50-unite\/","title":{"rendered":"GANTS CHIRURGICAUX STERILES AMOLA 6,5en LATEX &#8211; Box de 50 unit\u00e9"},"content":{"rendered":"","protected":false},"excerpt":{"rendered":"","protected":false},"featured_media":0,"comment_status":"open","ping_status":"closed","template":"","meta":{"content-type":"","om_disable_all_campaigns":false,"_uf_show_specific_survey":0,"_uf_disable_surveys":false,"jetpack_publicize_message":"","jetpack_publicize_feature_enabled":true,"jetpack_social_post_already_shared":true,"jetpack_social_options":{"image_generator_settings":{"template":"highway","default_image_id":0,"font":"","enabled":false},"version":2}},"product_brand":[],"product_cat":[882,487],"product_tag":[],"class_list":{"0":"post-30160","1":"product","2":"type-product","3":"status-publish","5":"product_cat-gynecologie","6":"product_cat-medical","8":"first","9":"onbackorder","10":"taxable","11":"shipping-taxable","12":"purchasable","13":"product-type-simple"},"supplier_id":null,"supplier_sku":"","barcode":null,"atum_controlled":true,"out_stock_date":"2026-02-04 12:37:38","out_stock_threshold":null,"inheritable":false,"inbound_stock":0,"stock_on_hold":0,"sold_today":0,"sales_last_days":0,"reserved_stock":0,"customer_returns":0,"warehouse_damage":0,"lost_in_post":0,"other_logs":0,"out_stock_days":64,"lost_sales":0,"has_location":true,"update_date":"2026-04-10T00:05:13","atum_locations":[{"id":963,"name":"D5","slug":"d5"}],"atum_stock_status":"onbackorder","restock_status":false,"low_stock_amount":"","sales_update_date":"2026-04-10T00:05:13","calc_backorders":0,"aioseo_notices":[],"jetpack_publicize_connections":[],"jetpack-related-posts":[{"id":28889,"url":"https:\/\/docmarket-dz.com\/index.php\/product\/gants-chirurgicaux-steriles-h-7-en-latex-box-de-50-unite\/","url_meta":{"origin":30160,"position":0},"title":"GANTS CHIRURGICAUX STERILES H 7 en LATEX &#8211; Box de 50 unit\u00e9","author":"Sofiane Arbouche","date":"28\/04\/2024","format":false,"excerpt":"","rel":"","context":"Article similaire","block_context":{"text":"Article similaire","link":""},"img":{"alt_text":"","src":"https:\/\/i0.wp.com\/docmarket-dz.com\/wp-content\/uploads\/2023\/10\/DSW-e1697709391199.jpg?fit=600%2C481&ssl=1&resize=350%2C200","width":350,"height":200,"srcset":"https:\/\/i0.wp.com\/docmarket-dz.com\/wp-content\/uploads\/2023\/10\/DSW-e1697709391199.jpg?fit=600%2C481&ssl=1&resize=350%2C200 1x, https:\/\/i0.wp.com\/docmarket-dz.com\/wp-content\/uploads\/2023\/10\/DSW-e1697709391199.jpg?fit=600%2C481&ssl=1&resize=525%2C300 1.5x"},"classes":[]},{"id":29864,"url":"https:\/\/docmarket-dz.com\/index.php\/product\/gants-chirurgicaux-steriles-medi9-7-5-en-latex-box-de-50-unite\/","url_meta":{"origin":30160,"position":1},"title":"GANTS CHIRURGICAUX STERILES MEDI9 7.5 en LATEX &#8211; Box de 50 unit\u00e9","author":"Sofiane Arbouche","date":"29\/01\/2025","format":false,"excerpt":"","rel":"","context":"Article similaire","block_context":{"text":"Article similaire","link":""},"img":{"alt_text":"","src":"https:\/\/i0.wp.com\/docmarket-dz.com\/wp-content\/uploads\/2025\/01\/Sans-titre-1.png?fit=201%2C251&ssl=1&resize=350%2C200","width":350,"height":200},"classes":[]},{"id":28890,"url":"https:\/\/docmarket-dz.com\/index.php\/product\/gants-chirurgicaux-steriles-h-6-5-en-latex-box-de-50-unite-copie\/","url_meta":{"origin":30160,"position":2},"title":"GANTS CHIRURGICAUX STERILES H 6.5 en LATEX &#8211; Box de 50 unit\u00e9","author":"Sofiane Arbouche","date":"28\/04\/2024","format":false,"excerpt":"","rel":"","context":"Article similaire","block_context":{"text":"Article similaire","link":""},"img":{"alt_text":"","src":"https:\/\/i0.wp.com\/docmarket-dz.com\/wp-content\/uploads\/2023\/10\/DSW-e1697709391199.jpg?fit=600%2C481&ssl=1&resize=350%2C200","width":350,"height":200,"srcset":"https:\/\/i0.wp.com\/docmarket-dz.com\/wp-content\/uploads\/2023\/10\/DSW-e1697709391199.jpg?fit=600%2C481&ssl=1&resize=350%2C200 1x, https:\/\/i0.wp.com\/docmarket-dz.com\/wp-content\/uploads\/2023\/10\/DSW-e1697709391199.jpg?fit=600%2C481&ssl=1&resize=525%2C300 1.5x"},"classes":[]},{"id":27633,"url":"https:\/\/docmarket-dz.com\/index.php\/product\/gant-latex-box-de-100-unite-gant-h\/","url_meta":{"origin":30160,"position":3},"title":"GANTS CHIRURGICAUX STERILES H 7.5 en LATEX &#8211; Box de 50 unit\u00e9","author":"Somia Belmadani","date":"19\/10\/2023","format":false,"excerpt":"","rel":"","context":"Article similaire","block_context":{"text":"Article similaire","link":""},"img":{"alt_text":"","src":"https:\/\/i0.wp.com\/docmarket-dz.com\/wp-content\/uploads\/2023\/10\/DSW-e1697709391199.jpg?fit=600%2C481&ssl=1&resize=350%2C200","width":350,"height":200,"srcset":"https:\/\/i0.wp.com\/docmarket-dz.com\/wp-content\/uploads\/2023\/10\/DSW-e1697709391199.jpg?fit=600%2C481&ssl=1&resize=350%2C200 1x, https:\/\/i0.wp.com\/docmarket-dz.com\/wp-content\/uploads\/2023\/10\/DSW-e1697709391199.jpg?fit=600%2C481&ssl=1&resize=525%2C300 1.5x"},"classes":[]},{"id":27625,"url":"https:\/\/docmarket-dz.com\/index.php\/product\/gant-chirurgical-sterile-box-de-100-unite\/","url_meta":{"origin":30160,"position":4},"title":"GANTS CHIRURGICAUX STERILES H 7.5 en LATEX &#8211; Marque GANT H","author":"Somia Belmadani","date":"19\/10\/2023","format":false,"excerpt":"","rel":"","context":"Article similaire","block_context":{"text":"Article similaire","link":""},"img":{"alt_text":"","src":"https:\/\/i0.wp.com\/docmarket-dz.com\/wp-content\/uploads\/2023\/10\/IMG_1778.jpg?fit=602%2C599&ssl=1&resize=350%2C200","width":350,"height":200,"srcset":"https:\/\/i0.wp.com\/docmarket-dz.com\/wp-content\/uploads\/2023\/10\/IMG_1778.jpg?fit=602%2C599&ssl=1&resize=350%2C200 1x, https:\/\/i0.wp.com\/docmarket-dz.com\/wp-content\/uploads\/2023\/10\/IMG_1778.jpg?fit=602%2C599&ssl=1&resize=525%2C300 1.5x"},"classes":[]},{"id":27631,"url":"https:\/\/docmarket-dz.com\/index.php\/product\/gant-latex-box-de-100-unite-hand-guard\/","url_meta":{"origin":30160,"position":5},"title":"Gant LATEX- Box de 100 unit\u00e9-HAND GUARD","author":"Somia Belmadani","date":"19\/10\/2023","format":false,"excerpt":"Gants d\u2019examen en latex (boite de 100 unit\u00e9s) : Non st\u00e9rile Ambidextre Usage unique L\u00e9g\u00e8rement poudr\u00e9e","rel":"","context":"Article similaire","block_context":{"text":"Article similaire","link":""},"img":{"alt_text":"","src":"https:\/\/i0.wp.com\/docmarket-dz.com\/wp-content\/uploads\/2023\/10\/Imacge1-e1697708715975.png?fit=992%2C1200&ssl=1&resize=350%2C200","width":350,"height":200,"srcset":"https:\/\/i0.wp.com\/docmarket-dz.com\/wp-content\/uploads\/2023\/10\/Imacge1-e1697708715975.png?fit=992%2C1200&ssl=1&resize=350%2C200 1x, https:\/\/i0.wp.com\/docmarket-dz.com\/wp-content\/uploads\/2023\/10\/Imacge1-e1697708715975.png?fit=992%2C1200&ssl=1&resize=525%2C300 1.5x, https:\/\/i0.wp.com\/docmarket-dz.com\/wp-content\/uploads\/2023\/10\/Imacge1-e1697708715975.png?fit=992%2C1200&ssl=1&resize=700%2C400 2x"},"classes":[]}],"jetpack_sharing_enabled":true,"tiered_pricing_type":"fixed","tiered_pricing_fixed_rules":[],"tiered_pricing_product_settings":{"layout":"default","base_unit_name":{"singular":null,"plural":null},"default_variation":null},"tiered_pricing_minimum_quantity":null,"tiered_pricing_roles_data":[],"tiered_pricing_percentage_rules":[],"_links":{"self":[{"href":"https:\/\/docmarket-dz.com\/index.php\/wp-json\/wp\/v2\/product\/30160","targetHints":{"allow":["GET"]}}],"collection":[{"href":"https:\/\/docmarket-dz.com\/index.php\/wp-json\/wp\/v2\/product"}],"about":[{"href":"https:\/\/docmarket-dz.com\/index.php\/wp-json\/wp\/v2\/types\/product"}],"replies":[{"embeddable":true,"href":"https:\/\/docmarket-dz.com\/index.php\/wp-json\/wp\/v2\/comments?post=30160"}],"wp:attachment":[{"href":"https:\/\/docmarket-dz.com\/index.php\/wp-json\/wp\/v2\/media?parent=30160"}],"wp:term":[{"taxonomy":"product_brand","embeddable":true,"href":"https:\/\/docmarket-dz.com\/index.php\/wp-json\/wp\/v2\/product_brand?post=30160"},{"taxonomy":"product_cat","embeddable":true,"href":"https:\/\/docmarket-dz.com\/index.php\/wp-json\/wp\/v2\/product_cat?post=30160"},{"taxonomy":"product_tag","embeddable":true,"href":"https:\/\/docmarket-dz.com\/index.php\/wp-json\/wp\/v2\/product_tag?post=30160"}],"curies":[{"name":"wp","href":"https:\/\/api.w.org\/{rel}","templated":true}]}}