{"id":30182,"date":"2025-06-22T13:38:27","date_gmt":"2025-06-22T12:38:27","guid":{"rendered":"https:\/\/docmarket-dz.com\/?post_type=product&#038;p=30182"},"modified":"2026-03-09T18:07:47","modified_gmt":"2026-03-09T17:07:47","slug":"plateau-en-inox-200-x-150-x-25-mm","status":"publish","type":"product","link":"https:\/\/docmarket-dz.com\/index.php\/product\/plateau-en-inox-200-x-150-x-25-mm\/","title":{"rendered":"PLATEAU EN  INOX 200 X 150 X 25 mm"},"content":{"rendered":"","protected":false},"excerpt":{"rendered":"","protected":false},"featured_media":29435,"comment_status":"open","ping_status":"closed","template":"","meta":{"content-type":"","om_disable_all_campaigns":false,"_uf_show_specific_survey":0,"_uf_disable_surveys":false,"jetpack_publicize_message":"","jetpack_publicize_feature_enabled":true,"jetpack_social_post_already_shared":true,"jetpack_social_options":{"image_generator_settings":{"template":"highway","default_image_id":0,"font":"","enabled":false},"version":2}},"product_brand":[],"product_cat":[487],"product_tag":[],"class_list":{"0":"post-30182","1":"product","2":"type-product","3":"status-publish","4":"has-post-thumbnail","6":"product_cat-medical","8":"first","9":"onbackorder","10":"taxable","11":"shipping-taxable","12":"purchasable","13":"product-type-simple"},"supplier_id":null,"supplier_sku":"","barcode":null,"atum_controlled":true,"out_stock_date":null,"out_stock_threshold":null,"inheritable":false,"inbound_stock":0,"stock_on_hold":1,"sold_today":0,"sales_last_days":0,"reserved_stock":0,"customer_returns":0,"warehouse_damage":0,"lost_in_post":0,"other_logs":0,"out_stock_days":0,"lost_sales":0,"has_location":true,"update_date":"2026-04-16T00:08:12","atum_locations":[{"id":942,"name":"C5","slug":"c5"}],"atum_stock_status":"onbackorder","restock_status":false,"low_stock_amount":"","sales_update_date":"2026-04-16T00:08:12","calc_backorders":-1,"aioseo_notices":[],"jetpack_publicize_connections":[],"jetpack-related-posts":[{"id":30185,"url":"https:\/\/docmarket-dz.com\/index.php\/product\/plateau-en-inox-260-x-180-x-45-mm\/","url_meta":{"origin":30182,"position":0},"title":"PLATEAU EN INOX  260 X 180 X 30 mm","author":"Sofiane Arbouche","date":"22\/06\/2025","format":false,"excerpt":"","rel":"","context":"Article similaire","block_context":{"text":"Article similaire","link":""},"img":{"alt_text":"","src":"","width":0,"height":0},"classes":[]},{"id":30186,"url":"https:\/\/docmarket-dz.com\/index.php\/product\/haricot-en-inox-2009535-mm\/","url_meta":{"origin":30182,"position":1},"title":"HARICOT EN INOX 200*95*35 MM","author":"Sofiane Arbouche","date":"22\/06\/2025","format":false,"excerpt":"","rel":"","context":"Article similaire","block_context":{"text":"Article similaire","link":""},"img":{"alt_text":"","src":"","width":0,"height":0},"classes":[]},{"id":26146,"url":"https:\/\/docmarket-dz.com\/index.php\/product\/aiguille-de-prelevement-avec-plateau-g21\/","url_meta":{"origin":30182,"position":2},"title":"AIGUILLE DE PRELEVEMENT A PLATEAU G21","author":"falek.h","date":"12\/03\/2023","format":false,"excerpt":"D\u00e9tails Aiguille de pr\u00e9l\u00e8vement facile \u00e0 manipuler. Assure une meilleure p\u00e9n\u00e9tration et le confort du patient : Tranchant du biseau trait\u00e9 par \u00e9lectrochimie. Canule lubrifi\u00e9e par \u00e9vaporation gazeuse. Manchon souple sur l'aiguille perce-bouchon. Surfaces de pr\u00e9hension plates et non polies sur les capuchons protecteurs. T\u00e9moin de non-ouverture. Caract\u00e9ristiques techniques Coloris\u00a0:\u2026","rel":"","context":"Article similaire","block_context":{"text":"Article similaire","link":""},"img":{"alt_text":"","src":"https:\/\/i0.wp.com\/docmarket-dz.com\/wp-content\/uploads\/2023\/03\/Aiguilles-de-prelevement-21G-1.png?fit=807%2C592&ssl=1&resize=350%2C200","width":350,"height":200,"srcset":"https:\/\/i0.wp.com\/docmarket-dz.com\/wp-content\/uploads\/2023\/03\/Aiguilles-de-prelevement-21G-1.png?fit=807%2C592&ssl=1&resize=350%2C200 1x, https:\/\/i0.wp.com\/docmarket-dz.com\/wp-content\/uploads\/2023\/03\/Aiguilles-de-prelevement-21G-1.png?fit=807%2C592&ssl=1&resize=525%2C300 1.5x, https:\/\/i0.wp.com\/docmarket-dz.com\/wp-content\/uploads\/2023\/03\/Aiguilles-de-prelevement-21G-1.png?fit=807%2C592&ssl=1&resize=700%2C400 2x"},"classes":[]},{"id":30208,"url":"https:\/\/docmarket-dz.com\/index.php\/product\/metre-ruban-perimetrique\/","url_meta":{"origin":30182,"position":3},"title":"M\u00e8tre ruban p\u00e9rim\u00e9trique","author":"Amel","date":"30\/06\/2025","format":false,"excerpt":"Description \u00a0 Utilisation\u00a0: Dispositif utilis\u00e9 pour mesurer des parties du corps humain \u2022 Plage de mesure : de 0 \u00e0 200 cm \u2022 Graduation : 1 mm \u2022 Enroulement automatique Dimensions Lo x la x h(mm) : Bo\u00eetier = 88 x 56 x 20 Ruban = 2000 x 14 x\u2026","rel":"","context":"Article similaire","block_context":{"text":"Article similaire","link":""},"img":{"alt_text":"","src":"https:\/\/i0.wp.com\/docmarket-dz.com\/wp-content\/uploads\/2025\/06\/ruban-mesure-perimetrique.jpg?fit=500%2C500&ssl=1&resize=350%2C200","width":350,"height":200},"classes":[]},{"id":24368,"url":"https:\/\/docmarket-dz.com\/index.php\/product\/tambour-inox-290mm-x-145mm\/","url_meta":{"origin":30182,"position":4},"title":"TAMBOUR INOX 290MM X 145MM","author":"falek.h","date":"23\/12\/2022","format":false,"excerpt":"","rel":"","context":"Article similaire","block_context":{"text":"Article similaire","link":""},"img":{"alt_text":"","src":"https:\/\/i0.wp.com\/docmarket-dz.com\/wp-content\/uploads\/2022\/12\/TAMBOUR-INOX-290MM-X-145MM.jpg?fit=416%2C426&ssl=1&resize=350%2C200","width":350,"height":200},"classes":[]},{"id":29938,"url":"https:\/\/docmarket-dz.com\/index.php\/product\/tambour-inox-200mm-x-200mm\/","url_meta":{"origin":30182,"position":5},"title":"TAMBOUR INOX 200mm X 200mm","author":"Sofiane Arbouche","date":"04\/03\/2025","format":false,"excerpt":"TAMBOUR INOX\u00a0 d'une dimension de 200mm * 200mm","rel":"","context":"Article similaire","block_context":{"text":"Article similaire","link":""},"img":{"alt_text":"","src":"https:\/\/i0.wp.com\/docmarket-dz.com\/wp-content\/uploads\/2022\/12\/TAMBOUR-INOX-290MM-X-145MM.jpg?fit=416%2C426&ssl=1&resize=350%2C200","width":350,"height":200},"classes":[]}],"jetpack_sharing_enabled":true,"tiered_pricing_type":"fixed","tiered_pricing_fixed_rules":[],"tiered_pricing_product_settings":{"layout":"default","base_unit_name":{"singular":null,"plural":null},"default_variation":null},"tiered_pricing_minimum_quantity":null,"tiered_pricing_roles_data":[],"tiered_pricing_percentage_rules":[],"_links":{"self":[{"href":"https:\/\/docmarket-dz.com\/index.php\/wp-json\/wp\/v2\/product\/30182","targetHints":{"allow":["GET"]}}],"collection":[{"href":"https:\/\/docmarket-dz.com\/index.php\/wp-json\/wp\/v2\/product"}],"about":[{"href":"https:\/\/docmarket-dz.com\/index.php\/wp-json\/wp\/v2\/types\/product"}],"replies":[{"embeddable":true,"href":"https:\/\/docmarket-dz.com\/index.php\/wp-json\/wp\/v2\/comments?post=30182"}],"wp:featuredmedia":[{"embeddable":true,"href":"https:\/\/docmarket-dz.com\/index.php\/wp-json\/wp\/v2\/media\/29435"}],"wp:attachment":[{"href":"https:\/\/docmarket-dz.com\/index.php\/wp-json\/wp\/v2\/media?parent=30182"}],"wp:term":[{"taxonomy":"product_brand","embeddable":true,"href":"https:\/\/docmarket-dz.com\/index.php\/wp-json\/wp\/v2\/product_brand?post=30182"},{"taxonomy":"product_cat","embeddable":true,"href":"https:\/\/docmarket-dz.com\/index.php\/wp-json\/wp\/v2\/product_cat?post=30182"},{"taxonomy":"product_tag","embeddable":true,"href":"https:\/\/docmarket-dz.com\/index.php\/wp-json\/wp\/v2\/product_tag?post=30182"}],"curies":[{"name":"wp","href":"https:\/\/api.w.org\/{rel}","templated":true}]}}