{"id":30201,"date":"2025-06-29T14:12:45","date_gmt":"2025-06-29T13:12:45","guid":{"rendered":"https:\/\/docmarket-dz.com\/?post_type=product&#038;p=30201"},"modified":"2025-06-29T14:14:06","modified_gmt":"2025-06-29T13:14:06","slug":"combinaison-jetable-35g","status":"publish","type":"product","link":"https:\/\/docmarket-dz.com\/index.php\/product\/combinaison-jetable-35g\/","title":{"rendered":"COMBINAISON JETABLE 35G"},"content":{"rendered":"","protected":false},"excerpt":{"rendered":"","protected":false},"featured_media":27437,"comment_status":"open","ping_status":"closed","template":"","meta":{"content-type":"","om_disable_all_campaigns":false,"_uf_show_specific_survey":0,"_uf_disable_surveys":false,"jetpack_publicize_message":"","jetpack_publicize_feature_enabled":true,"jetpack_social_post_already_shared":true,"jetpack_social_options":{"image_generator_settings":{"template":"highway","default_image_id":0,"font":"","enabled":false},"version":2}},"product_brand":[],"product_cat":[560,487],"product_tag":[],"class_list":{"0":"post-30201","1":"product","2":"type-product","3":"status-publish","4":"has-post-thumbnail","6":"product_cat-hygiene","7":"product_cat-medical","9":"first","10":"onbackorder","11":"taxable","12":"shipping-taxable","13":"purchasable","14":"product-type-simple"},"supplier_id":24810,"supplier_sku":"","barcode":null,"atum_controlled":true,"out_stock_date":null,"out_stock_threshold":null,"inheritable":false,"inbound_stock":0,"stock_on_hold":0,"sold_today":0,"sales_last_days":0,"reserved_stock":0,"customer_returns":0,"warehouse_damage":0,"lost_in_post":0,"other_logs":0,"out_stock_days":0,"lost_sales":0,"has_location":false,"update_date":"2026-04-10T00:05:09","atum_locations":[],"atum_stock_status":"onbackorder","restock_status":false,"low_stock_amount":"","sales_update_date":"2026-04-10T00:05:09","calc_backorders":null,"aioseo_notices":[],"jetpack_publicize_connections":[],"jetpack-related-posts":[{"id":26174,"url":"https:\/\/docmarket-dz.com\/index.php\/product\/kit-de-litrie-jetable-3pcs-35g\/","url_meta":{"origin":30201,"position":0},"title":"KIT DE LITRIE JETABLE 3PCS 35G","author":"falek.h","date":"12\/03\/2023","format":false,"excerpt":"","rel":"","context":"Article similaire","block_context":{"text":"Article similaire","link":""},"img":{"alt_text":"","src":"","width":0,"height":0},"classes":[]},{"id":30038,"url":"https:\/\/docmarket-dz.com\/index.php\/product\/camisole-de-soin-bleu-35g\/","url_meta":{"origin":30201,"position":1},"title":"Camisole de soin bleu 35G","author":"Sofiane Arbouche","date":"18\/04\/2025","format":false,"excerpt":"Camisole de Soin M\u00e9dical Jetable 35G \u2013 Protection et Confort pour les Professionnels de Sant\u00e9 Assurez la s\u00e9curit\u00e9 et le confort de vos patients avec cette camisole de soin jetable 35G, con\u00e7ue pour r\u00e9pondre aux exigences des environnements m\u00e9dicaux. Fabriqu\u00e9e en polypropyl\u00e8ne non tiss\u00e9 de 35 grammes, elle offre une\u2026","rel":"","context":"Article similaire","block_context":{"text":"Article similaire","link":""},"img":{"alt_text":"","src":"https:\/\/i0.wp.com\/docmarket-dz.com\/wp-content\/uploads\/2024\/07\/Sans-titre-4.png?fit=200%2C200&ssl=1&resize=350%2C200","width":350,"height":200},"classes":[]},{"id":30405,"url":"https:\/\/docmarket-dz.com\/index.php\/product\/camisole-de-soin-blanche-35g\/","url_meta":{"origin":30201,"position":2},"title":"Camisole de soin blanche 35G","author":"Sofiane Arbouche","date":"20\/10\/2025","format":false,"excerpt":"Camisole de Soin M\u00e9dical Jetable 35G \u2013 Protection et Confort pour les Professionnels de Sant\u00e9 Assurez la s\u00e9curit\u00e9 et le confort de vos patients avec cette camisole de soin jetable 35G, con\u00e7ue pour r\u00e9pondre aux exigences des environnements m\u00e9dicaux. Fabriqu\u00e9e en polypropyl\u00e8ne non tiss\u00e9 de 35 grammes, elle offre une\u2026","rel":"","context":"Article similaire","block_context":{"text":"Article similaire","link":""},"img":{"alt_text":"","src":"https:\/\/i0.wp.com\/docmarket-dz.com\/wp-content\/uploads\/2024\/07\/Sans-titre-4.png?fit=200%2C200&ssl=1&resize=350%2C200","width":350,"height":200},"classes":[]},{"id":25207,"url":"https:\/\/docmarket-dz.com\/index.php\/product\/combinaison-jetable-70g\/","url_meta":{"origin":30201,"position":3},"title":"COMBINAISON JETABLE 70G","author":"falek.h","date":"25\/02\/2023","format":false,"excerpt":"","rel":"","context":"Article similaire","block_context":{"text":"Article similaire","link":""},"img":{"alt_text":"","src":"https:\/\/i0.wp.com\/docmarket-dz.com\/wp-content\/uploads\/2023\/02\/microporous-water-proof-disposable-coverall17001709887.webp?fit=350%2C350&ssl=1&resize=350%2C200","width":350,"height":200},"classes":[]},{"id":25208,"url":"https:\/\/docmarket-dz.com\/index.php\/product\/combinaison-jetable-40g\/","url_meta":{"origin":30201,"position":4},"title":"COMBINAISON JETABLE 40G","author":"falek.h","date":"25\/02\/2023","format":false,"excerpt":"","rel":"","context":"Article similaire","block_context":{"text":"Article similaire","link":""},"img":{"alt_text":"","src":"https:\/\/i0.wp.com\/docmarket-dz.com\/wp-content\/uploads\/2023\/02\/combinaison-jetable-categorie-3-iii-type-456-blanc.jpg?fit=380%2C494&ssl=1&resize=350%2C200","width":350,"height":200},"classes":[]},{"id":24581,"url":"https:\/\/docmarket-dz.com\/index.php\/product\/seringue-jetable\/","url_meta":{"origin":30201,"position":5},"title":"Seringue jetable","author":"falek.h","date":"06\/01\/2023","format":false,"excerpt":"","rel":"","context":"Article similaire","block_context":{"text":"Article similaire","link":""},"img":{"alt_text":"","src":"https:\/\/i0.wp.com\/docmarket-dz.com\/wp-content\/uploads\/2023\/01\/Seringue-jetable-PhotoRoom-e1673006562138.png?fit=1200%2C1200&ssl=1&resize=350%2C200","width":350,"height":200,"srcset":"https:\/\/i0.wp.com\/docmarket-dz.com\/wp-content\/uploads\/2023\/01\/Seringue-jetable-PhotoRoom-e1673006562138.png?fit=1200%2C1200&ssl=1&resize=350%2C200 1x, https:\/\/i0.wp.com\/docmarket-dz.com\/wp-content\/uploads\/2023\/01\/Seringue-jetable-PhotoRoom-e1673006562138.png?fit=1200%2C1200&ssl=1&resize=525%2C300 1.5x, https:\/\/i0.wp.com\/docmarket-dz.com\/wp-content\/uploads\/2023\/01\/Seringue-jetable-PhotoRoom-e1673006562138.png?fit=1200%2C1200&ssl=1&resize=700%2C400 2x, https:\/\/i0.wp.com\/docmarket-dz.com\/wp-content\/uploads\/2023\/01\/Seringue-jetable-PhotoRoom-e1673006562138.png?fit=1200%2C1200&ssl=1&resize=1050%2C600 3x"},"classes":[]}],"jetpack_sharing_enabled":true,"tiered_pricing_type":"fixed","tiered_pricing_fixed_rules":[],"tiered_pricing_product_settings":{"layout":"default","base_unit_name":{"singular":null,"plural":null},"default_variation":null},"tiered_pricing_minimum_quantity":null,"tiered_pricing_roles_data":[],"tiered_pricing_percentage_rules":[],"_links":{"self":[{"href":"https:\/\/docmarket-dz.com\/index.php\/wp-json\/wp\/v2\/product\/30201","targetHints":{"allow":["GET"]}}],"collection":[{"href":"https:\/\/docmarket-dz.com\/index.php\/wp-json\/wp\/v2\/product"}],"about":[{"href":"https:\/\/docmarket-dz.com\/index.php\/wp-json\/wp\/v2\/types\/product"}],"replies":[{"embeddable":true,"href":"https:\/\/docmarket-dz.com\/index.php\/wp-json\/wp\/v2\/comments?post=30201"}],"wp:featuredmedia":[{"embeddable":true,"href":"https:\/\/docmarket-dz.com\/index.php\/wp-json\/wp\/v2\/media\/27437"}],"wp:attachment":[{"href":"https:\/\/docmarket-dz.com\/index.php\/wp-json\/wp\/v2\/media?parent=30201"}],"wp:term":[{"taxonomy":"product_brand","embeddable":true,"href":"https:\/\/docmarket-dz.com\/index.php\/wp-json\/wp\/v2\/product_brand?post=30201"},{"taxonomy":"product_cat","embeddable":true,"href":"https:\/\/docmarket-dz.com\/index.php\/wp-json\/wp\/v2\/product_cat?post=30201"},{"taxonomy":"product_tag","embeddable":true,"href":"https:\/\/docmarket-dz.com\/index.php\/wp-json\/wp\/v2\/product_tag?post=30201"}],"curies":[{"name":"wp","href":"https:\/\/api.w.org\/{rel}","templated":true}]}}