{"id":30208,"date":"2025-06-30T14:23:35","date_gmt":"2025-06-30T13:23:35","guid":{"rendered":"https:\/\/docmarket-dz.com\/?post_type=product&#038;p=30208"},"modified":"2025-06-30T14:23:36","modified_gmt":"2025-06-30T13:23:36","slug":"metre-ruban-perimetrique","status":"publish","type":"product","link":"https:\/\/docmarket-dz.com\/index.php\/product\/metre-ruban-perimetrique\/","title":{"rendered":"M\u00e8tre ruban p\u00e9rim\u00e9trique"},"content":{"rendered":"<h2>Description<\/h2>\n<p>&nbsp;<\/p>\n<p>Utilisation\u00a0: Dispositif utilis\u00e9 pour mesurer des parties du corps humain<\/p>\n<p>\u2022 Plage de mesure : de 0 \u00e0 200 cm<br \/>\n\u2022 Graduation : 1 mm<br \/>\n\u2022 Enroulement automatique<\/p>\n<p>Dimensions Lo x la x h(mm) :<br \/>\nBo\u00eetier = 88 x 56 x 20<br \/>\nRuban = 2000 x 14 x 0.4<\/p>\n<p>Poids net : 52 g<\/p>\n<p>Couleur : blanc<\/p>\n<p>Mati\u00e8res : Bo\u00eetier en ABS et ruban en plastique souple<\/p>\n","protected":false},"excerpt":{"rendered":"<p>Description &nbsp; Utilisation\u00a0: Dispositif utilis\u00e9 pour mesurer des parties du corps humain \u2022 Plage de mesure : de 0 \u00e0 200 cm \u2022 Graduation : 1 mm \u2022 Enroulement automatique Dimensions Lo x la x h(mm) : Bo\u00eetier = 88 x 56 x 20 Ruban = 2000 x 14 x 0.4 Poids net : 52 [&hellip;]<\/p>\n","protected":false},"featured_media":30209,"comment_status":"open","ping_status":"closed","template":"","meta":{"content-type":"","om_disable_all_campaigns":false,"_uf_show_specific_survey":0,"_uf_disable_surveys":false,"jetpack_publicize_message":"","jetpack_publicize_feature_enabled":true,"jetpack_social_post_already_shared":true,"jetpack_social_options":{"image_generator_settings":{"template":"highway","default_image_id":0,"font":"","enabled":false},"version":2}},"product_brand":[],"product_cat":[739],"product_tag":[],"class_list":{"0":"post-30208","1":"product","2":"type-product","3":"status-publish","4":"has-post-thumbnail","6":"product_cat-acupuncture","8":"first","9":"instock","10":"taxable","11":"shipping-taxable","12":"purchasable","13":"product-type-simple"},"supplier_id":null,"supplier_sku":"","barcode":null,"atum_controlled":true,"out_stock_date":null,"out_stock_threshold":null,"inheritable":false,"inbound_stock":0,"stock_on_hold":0,"sold_today":0,"sales_last_days":0,"reserved_stock":0,"customer_returns":0,"warehouse_damage":0,"lost_in_post":0,"other_logs":0,"out_stock_days":0,"lost_sales":0,"has_location":false,"update_date":"2026-04-10T00:05:06","atum_locations":[],"atum_stock_status":"instock","restock_status":false,"low_stock_amount":"","sales_update_date":"2026-04-10T00:05:06","calc_backorders":null,"aioseo_notices":[],"jetpack_publicize_connections":[],"jetpack-related-posts":[{"id":30210,"url":"https:\/\/docmarket-dz.com\/index.php\/product\/metre-ruban-enrouleur\/","url_meta":{"origin":30208,"position":0},"title":"M\u00e8tre ruban enrouleur","author":"Amel","date":"30\/06\/2025","format":false,"excerpt":"Description Plage de mesure : de 0 \u00e0 150 cm \u2022 Graduation : 1 mm \u00a0 \u00a0","rel":"","context":"Article similaire","block_context":{"text":"Article similaire","link":""},"img":{"alt_text":"","src":"https:\/\/i0.wp.com\/docmarket-dz.com\/wp-content\/uploads\/2025\/06\/metre-ruban-enrouleur.jpg?fit=500%2C500&ssl=1&resize=350%2C200","width":350,"height":200},"classes":[]},{"id":30185,"url":"https:\/\/docmarket-dz.com\/index.php\/product\/plateau-en-inox-260-x-180-x-45-mm\/","url_meta":{"origin":30208,"position":1},"title":"PLATEAU EN INOX  260 X 180 X 30 mm","author":"Sofiane Arbouche","date":"22\/06\/2025","format":false,"excerpt":"","rel":"","context":"Article similaire","block_context":{"text":"Article similaire","link":""},"img":{"alt_text":"","src":"","width":0,"height":0},"classes":[]},{"id":30182,"url":"https:\/\/docmarket-dz.com\/index.php\/product\/plateau-en-inox-200-x-150-x-25-mm\/","url_meta":{"origin":30208,"position":2},"title":"PLATEAU EN  INOX 200 X 150 X 25 mm","author":"Sofiane Arbouche","date":"22\/06\/2025","format":false,"excerpt":"","rel":"","context":"Article similaire","block_context":{"text":"Article similaire","link":""},"img":{"alt_text":"","src":"","width":0,"height":0},"classes":[]},{"id":27994,"url":"https:\/\/docmarket-dz.com\/index.php\/product\/autoclave-de-paillasse-18-l-classe-b-avec-imprimante-integree-le-prix-change-selon-larrivage\/","url_meta":{"origin":30208,"position":3},"title":"Autoclave de paillasse 18 L classe B avec imprimante int\u00e9gr\u00e9e (Le prix change selon l&#8217;arrivage)","author":"fatmazohra.nasri","date":"04\/12\/2023","format":false,"excerpt":"Autoclave st\u00e9rilisateur avec imprimante int\u00e9gr\u00e9, mod\u00e8le TANDA 18L -\u00a0\u00a0\u00a0\u00a0\u00a0 Norme Europ\u00e9enne B avec 3 temps de nettoyage et de s\u00e9chage -\u00a0\u00a0\u00a0\u00a0\u00a0 L\u2019Humidit\u00e9 r\u00e9siduelle est moins de 0,2 %\u00a0; La capacit\u00e9 du vide atteint -0,8bar -\u00a0\u00a0\u00a0\u00a0\u00a0 Imprimante int\u00e9gr\u00e9e -\u00a0\u00a0\u00a0\u00a0\u00a0 Capteur mesurant la qualit\u00e9 de l\u2019eau \u00a0 Caract\u00e9ristiques techniques : -\u00a0\u00a0\u00a0\u00a0\u00a0 Tension\u2026","rel":"","context":"Article similaire","block_context":{"text":"Article similaire","link":""},"img":{"alt_text":"","src":"https:\/\/i0.wp.com\/docmarket-dz.com\/wp-content\/uploads\/2023\/12\/2017725132534prosmallpic.jpg?fit=591%2C600&ssl=1&resize=350%2C200","width":350,"height":200,"srcset":"https:\/\/i0.wp.com\/docmarket-dz.com\/wp-content\/uploads\/2023\/12\/2017725132534prosmallpic.jpg?fit=591%2C600&ssl=1&resize=350%2C200 1x, https:\/\/i0.wp.com\/docmarket-dz.com\/wp-content\/uploads\/2023\/12\/2017725132534prosmallpic.jpg?fit=591%2C600&ssl=1&resize=525%2C300 1.5x"},"classes":[]},{"id":27987,"url":"https:\/\/docmarket-dz.com\/index.php\/product\/autoclave-de-paillasse-table-classe-b-23-litres-modele-tanda-avec-usb-le-prix-change-selon-larrivage\/","url_meta":{"origin":30208,"position":4},"title":"Autoclave de paillasse classe B 24 Litres Mod\u00e8le TANDA","author":"fatmazohra.nasri","date":"04\/12\/2023","format":false,"excerpt":"Autoclave st\u00e9rilisateur avec Port USB, mod\u00e8le TANDA 24L -\u00a0\u00a0\u00a0 \u00a0 Norme Europ\u00e9enne B avec 3 temps de nettoyage et de s\u00e9chage -\u00a0\u00a0\u00a0\u00a0\u00a0 L\u2019Humidit\u00e9 r\u00e9siduelle est moins de 0,2 %\u00a0; La capacit\u00e9 du vide atteint -0,8bar -\u00a0\u00a0\u00a0\u00a0\u00a0 Avec port USB -\u00a0\u00a0\u00a0\u00a0\u00a0 Capteur mesurant la qualit\u00e9 de l\u2019eau \u00a0 Sp\u00e9cifications techniques :\u2026","rel":"","context":"Article similaire","block_context":{"text":"Article similaire","link":""},"img":{"alt_text":"","src":"https:\/\/i0.wp.com\/docmarket-dz.com\/wp-content\/uploads\/2023\/12\/2017725132534probigpic_1.jpg?fit=598%2C600&ssl=1&resize=350%2C200","width":350,"height":200,"srcset":"https:\/\/i0.wp.com\/docmarket-dz.com\/wp-content\/uploads\/2023\/12\/2017725132534probigpic_1.jpg?fit=598%2C600&ssl=1&resize=350%2C200 1x, https:\/\/i0.wp.com\/docmarket-dz.com\/wp-content\/uploads\/2023\/12\/2017725132534probigpic_1.jpg?fit=598%2C600&ssl=1&resize=525%2C300 1.5x"},"classes":[]},{"id":29410,"url":"https:\/\/docmarket-dz.com\/index.php\/product\/trocart-ponction-moelle-osseuse-15g-x-40-mm\/","url_meta":{"origin":30208,"position":5},"title":"Trocart ponction moelle osseuse 15G X 40 mm","author":"Sofiane Arbouche","date":"01\/10\/2024","format":false,"excerpt":"","rel":"","context":"Article similaire","block_context":{"text":"Article similaire","link":""},"img":{"alt_text":"","src":"","width":0,"height":0},"classes":[]}],"jetpack_sharing_enabled":true,"tiered_pricing_type":"fixed","tiered_pricing_fixed_rules":[],"tiered_pricing_product_settings":{"layout":"default","base_unit_name":{"singular":null,"plural":null},"default_variation":null},"tiered_pricing_minimum_quantity":null,"tiered_pricing_roles_data":[],"tiered_pricing_percentage_rules":[],"_links":{"self":[{"href":"https:\/\/docmarket-dz.com\/index.php\/wp-json\/wp\/v2\/product\/30208","targetHints":{"allow":["GET"]}}],"collection":[{"href":"https:\/\/docmarket-dz.com\/index.php\/wp-json\/wp\/v2\/product"}],"about":[{"href":"https:\/\/docmarket-dz.com\/index.php\/wp-json\/wp\/v2\/types\/product"}],"replies":[{"embeddable":true,"href":"https:\/\/docmarket-dz.com\/index.php\/wp-json\/wp\/v2\/comments?post=30208"}],"wp:featuredmedia":[{"embeddable":true,"href":"https:\/\/docmarket-dz.com\/index.php\/wp-json\/wp\/v2\/media\/30209"}],"wp:attachment":[{"href":"https:\/\/docmarket-dz.com\/index.php\/wp-json\/wp\/v2\/media?parent=30208"}],"wp:term":[{"taxonomy":"product_brand","embeddable":true,"href":"https:\/\/docmarket-dz.com\/index.php\/wp-json\/wp\/v2\/product_brand?post=30208"},{"taxonomy":"product_cat","embeddable":true,"href":"https:\/\/docmarket-dz.com\/index.php\/wp-json\/wp\/v2\/product_cat?post=30208"},{"taxonomy":"product_tag","embeddable":true,"href":"https:\/\/docmarket-dz.com\/index.php\/wp-json\/wp\/v2\/product_tag?post=30208"}],"curies":[{"name":"wp","href":"https:\/\/api.w.org\/{rel}","templated":true}]}}