{"id":30210,"date":"2025-06-30T14:24:58","date_gmt":"2025-06-30T13:24:58","guid":{"rendered":"https:\/\/docmarket-dz.com\/?post_type=product&#038;p=30210"},"modified":"2025-06-30T14:29:14","modified_gmt":"2025-06-30T13:29:14","slug":"metre-ruban-enrouleur","status":"publish","type":"product","link":"https:\/\/docmarket-dz.com\/index.php\/product\/metre-ruban-enrouleur\/","title":{"rendered":"M\u00e8tre ruban enrouleur"},"content":{"rendered":"<h2>Description<\/h2>\n<p>Plage de mesure : de 0 \u00e0 150 cm<br \/>\n\u2022 Graduation : 1 mm<\/p>\n<p>&nbsp;<\/p>\n<p>&nbsp;<\/p>\n","protected":false},"excerpt":{"rendered":"<p>Description Plage de mesure : de 0 \u00e0 150 cm \u2022 Graduation : 1 mm &nbsp; &nbsp;<\/p>\n","protected":false},"featured_media":30211,"comment_status":"open","ping_status":"closed","template":"","meta":{"content-type":"","om_disable_all_campaigns":false,"_uf_show_specific_survey":0,"_uf_disable_surveys":false,"jetpack_publicize_message":"","jetpack_publicize_feature_enabled":true,"jetpack_social_post_already_shared":true,"jetpack_social_options":{"image_generator_settings":{"template":"highway","default_image_id":0,"font":"","enabled":false},"version":2}},"product_brand":[],"product_cat":[739],"product_tag":[],"class_list":{"0":"post-30210","1":"product","2":"type-product","3":"status-publish","4":"has-post-thumbnail","6":"product_cat-acupuncture","8":"first","9":"instock","10":"taxable","11":"shipping-taxable","12":"purchasable","13":"product-type-simple"},"supplier_id":null,"supplier_sku":"","barcode":null,"atum_controlled":true,"out_stock_date":null,"out_stock_threshold":null,"inheritable":false,"inbound_stock":0,"stock_on_hold":0,"sold_today":0,"sales_last_days":0,"reserved_stock":0,"customer_returns":0,"warehouse_damage":0,"lost_in_post":0,"other_logs":0,"out_stock_days":0,"lost_sales":0,"has_location":false,"update_date":"2026-04-13T00:06:22","atum_locations":[],"atum_stock_status":"instock","restock_status":false,"low_stock_amount":"","sales_update_date":"2026-04-13T00:06:22","calc_backorders":null,"aioseo_notices":[],"jetpack_publicize_connections":[],"jetpack-related-posts":[{"id":30208,"url":"https:\/\/docmarket-dz.com\/index.php\/product\/metre-ruban-perimetrique\/","url_meta":{"origin":30210,"position":0},"title":"M\u00e8tre ruban p\u00e9rim\u00e9trique","author":"Amel","date":"30\/06\/2025","format":false,"excerpt":"Description \u00a0 Utilisation\u00a0: Dispositif utilis\u00e9 pour mesurer des parties du corps humain \u2022 Plage de mesure : de 0 \u00e0 200 cm \u2022 Graduation : 1 mm \u2022 Enroulement automatique Dimensions Lo x la x h(mm) : Bo\u00eetier = 88 x 56 x 20 Ruban = 2000 x 14 x\u2026","rel":"","context":"Article similaire","block_context":{"text":"Article similaire","link":""},"img":{"alt_text":"","src":"https:\/\/i0.wp.com\/docmarket-dz.com\/wp-content\/uploads\/2025\/06\/ruban-mesure-perimetrique.jpg?fit=500%2C500&ssl=1&resize=350%2C200","width":350,"height":200},"classes":[]},{"id":24380,"url":"https:\/\/docmarket-dz.com\/index.php\/product\/negatoscope-led-02-plages-extra-plat\/","url_meta":{"origin":30210,"position":1},"title":"NEGATOSCOPE LED EXTRA PLAT &#8211;  IMPORTATION","author":"falek.h","date":"23\/12\/2022","format":false,"excerpt":"N\u00e9gatoscope extra-plat (1, 2, 3 ou 4 plages). Fabriqu\u00e9 en alliage d'aluminium haute r\u00e9sistance, la structure de l'\u00e9cran ainsi que le corps du n\u00e9gatoscope extra-plat en font un mat\u00e9riel qui r\u00e9sistera \u00e0 l'usure provoqu\u00e9e par une utilisation intensive sur une longue dur\u00e9e. Afin de parfaire la solidit\u00e9 de sa structure,\u2026","rel":"","context":"Article similaire","block_context":{"text":"Article similaire","link":""},"img":{"alt_text":"","src":"https:\/\/i0.wp.com\/docmarket-dz.com\/wp-content\/uploads\/2022\/12\/negato-led.jpg?fit=500%2C500&ssl=1&resize=350%2C200","width":350,"height":200},"classes":[]},{"id":30424,"url":"https:\/\/docmarket-dz.com\/index.php\/product\/drap-de-consultation-blanc-non-tisse-64-cm-x-27-metre\/","url_meta":{"origin":30210,"position":2},"title":"Drap de consultation blanc  non tisse  64 CM x 27 m\u00e8tre","author":"Amel","date":"28\/10\/2025","format":false,"excerpt":"","rel":"","context":"Article similaire","block_context":{"text":"Article similaire","link":""},"img":{"alt_text":"","src":"","width":0,"height":0},"classes":[]},{"id":24379,"url":"https:\/\/docmarket-dz.com\/index.php\/product\/negatoscope-standard-01-plage\/","url_meta":{"origin":30210,"position":3},"title":"NEGATOSCOPE STANDARD &#8211; LOCAL","author":"falek.h","date":"23\/12\/2022","format":false,"excerpt":"Eclairage \u00e0 neon, Fabriqu\u00e9 en aluminium et plexi, lumineux. cache en aluminum, Eclairage \u00e0 neon, Pein- ture \u00ab \u00e9poxy \u00bb. Dimensions : Largeur : 100 mm, Longueur : 680 mm, Hauteur : 440 mm.","rel":"","context":"Article similaire","block_context":{"text":"Article similaire","link":""},"img":{"alt_text":"","src":"https:\/\/i0.wp.com\/docmarket-dz.com\/wp-content\/uploads\/2022\/12\/snapedit_1671981516463.jpg?fit=1200%2C1200&ssl=1&resize=350%2C200","width":350,"height":200,"srcset":"https:\/\/i0.wp.com\/docmarket-dz.com\/wp-content\/uploads\/2022\/12\/snapedit_1671981516463.jpg?fit=1200%2C1200&ssl=1&resize=350%2C200 1x, https:\/\/i0.wp.com\/docmarket-dz.com\/wp-content\/uploads\/2022\/12\/snapedit_1671981516463.jpg?fit=1200%2C1200&ssl=1&resize=525%2C300 1.5x, https:\/\/i0.wp.com\/docmarket-dz.com\/wp-content\/uploads\/2022\/12\/snapedit_1671981516463.jpg?fit=1200%2C1200&ssl=1&resize=700%2C400 2x, https:\/\/i0.wp.com\/docmarket-dz.com\/wp-content\/uploads\/2022\/12\/snapedit_1671981516463.jpg?fit=1200%2C1200&ssl=1&resize=1050%2C600 3x"},"classes":[]},{"id":30182,"url":"https:\/\/docmarket-dz.com\/index.php\/product\/plateau-en-inox-200-x-150-x-25-mm\/","url_meta":{"origin":30210,"position":4},"title":"PLATEAU EN  INOX 200 X 150 X 25 mm","author":"Sofiane Arbouche","date":"22\/06\/2025","format":false,"excerpt":"","rel":"","context":"Article similaire","block_context":{"text":"Article similaire","link":""},"img":{"alt_text":"","src":"","width":0,"height":0},"classes":[]},{"id":30653,"url":"https:\/\/docmarket-dz.com\/index.php\/product\/champ-dophtalmologie-150-cm150-cm-fenetre-avec-poche-de-recuil\/","url_meta":{"origin":30210,"position":5},"title":"CHAMP D&#8217;OPHTALMOLOGIE 150 CM*150 CM FENETRE AVEC POCHE DE RECUIL","author":"Amel","date":"15\/01\/2026","format":false,"excerpt":"","rel":"","context":"Article similaire","block_context":{"text":"Article similaire","link":""},"img":{"alt_text":"","src":"https:\/\/i0.wp.com\/docmarket-dz.com\/wp-content\/uploads\/2023\/10\/champs-steriles-100-x-150-cm-PhotoRoom.jpg?fit=455%2C455&ssl=1&resize=350%2C200","width":350,"height":200},"classes":[]}],"jetpack_sharing_enabled":true,"tiered_pricing_type":"fixed","tiered_pricing_fixed_rules":[],"tiered_pricing_product_settings":{"layout":"default","base_unit_name":{"singular":null,"plural":null},"default_variation":null},"tiered_pricing_minimum_quantity":null,"tiered_pricing_roles_data":[],"tiered_pricing_percentage_rules":[],"_links":{"self":[{"href":"https:\/\/docmarket-dz.com\/index.php\/wp-json\/wp\/v2\/product\/30210","targetHints":{"allow":["GET"]}}],"collection":[{"href":"https:\/\/docmarket-dz.com\/index.php\/wp-json\/wp\/v2\/product"}],"about":[{"href":"https:\/\/docmarket-dz.com\/index.php\/wp-json\/wp\/v2\/types\/product"}],"replies":[{"embeddable":true,"href":"https:\/\/docmarket-dz.com\/index.php\/wp-json\/wp\/v2\/comments?post=30210"}],"wp:featuredmedia":[{"embeddable":true,"href":"https:\/\/docmarket-dz.com\/index.php\/wp-json\/wp\/v2\/media\/30211"}],"wp:attachment":[{"href":"https:\/\/docmarket-dz.com\/index.php\/wp-json\/wp\/v2\/media?parent=30210"}],"wp:term":[{"taxonomy":"product_brand","embeddable":true,"href":"https:\/\/docmarket-dz.com\/index.php\/wp-json\/wp\/v2\/product_brand?post=30210"},{"taxonomy":"product_cat","embeddable":true,"href":"https:\/\/docmarket-dz.com\/index.php\/wp-json\/wp\/v2\/product_cat?post=30210"},{"taxonomy":"product_tag","embeddable":true,"href":"https:\/\/docmarket-dz.com\/index.php\/wp-json\/wp\/v2\/product_tag?post=30210"}],"curies":[{"name":"wp","href":"https:\/\/api.w.org\/{rel}","templated":true}]}}