{"id":30214,"date":"2025-07-02T15:42:21","date_gmt":"2025-07-02T14:42:21","guid":{"rendered":"https:\/\/docmarket-dz.com\/?post_type=product&#038;p=30214"},"modified":"2025-09-09T15:50:35","modified_gmt":"2025-09-09T14:50:35","slug":"negatoscope-grand-model-local","status":"publish","type":"product","link":"https:\/\/docmarket-dz.com\/index.php\/product\/negatoscope-grand-model-local\/","title":{"rendered":"NEGATOSCOPE GRAND MODEL- LOCAL-"},"content":{"rendered":"<p><strong>Description du produit :<\/strong><br \/>\n&#8211; Coffre en t\u00f4le de10\/10eme ;<br \/>\n&#8211; Deux r\u00e9glettes duo 2 x 20 W<br \/>\n&#8211; Plage plexi blanc cristal<br \/>\n&#8211; Interrupteur poussoir<br \/>\n&#8211; Fil \u00e9lectrique 1500<br \/>\n&#8211; Traitement de fer<br \/>\n&#8211; Peinture antirouille \u2013 \u00e9poxy.<\/p>\n<p>&nbsp;<\/p>\n<p><strong>Sp\u00e9cifications techniques :<\/strong><br \/>\nDimensions 130 x 44 cm<\/p>\n","protected":false},"excerpt":{"rendered":"<p>Description du produit : &#8211; Coffre en t\u00f4le de10\/10eme ; &#8211; Deux r\u00e9glettes duo 2 x 20 W &#8211; Plage plexi blanc cristal &#8211; Interrupteur poussoir &#8211; Fil \u00e9lectrique 1500 &#8211; Traitement de fer &#8211; Peinture antirouille \u2013 \u00e9poxy. &nbsp; Sp\u00e9cifications techniques : Dimensions 130 x 44 cm<\/p>\n","protected":false},"featured_media":24448,"comment_status":"closed","ping_status":"closed","template":"","meta":{"content-type":"","om_disable_all_campaigns":false,"_uf_show_specific_survey":0,"_uf_disable_surveys":false,"jetpack_publicize_message":"","jetpack_publicize_feature_enabled":true,"jetpack_social_post_already_shared":true,"jetpack_social_options":{"image_generator_settings":{"template":"highway","default_image_id":0,"font":"","enabled":false},"version":2}},"product_brand":[],"product_cat":[487],"product_tag":[],"class_list":{"0":"post-30214","1":"product","2":"type-product","3":"status-publish","4":"has-post-thumbnail","6":"product_cat-medical","8":"first","9":"onbackorder","10":"featured","11":"taxable","12":"shipping-taxable","13":"purchasable","14":"product-type-simple"},"supplier_id":null,"supplier_sku":"","barcode":null,"atum_controlled":true,"out_stock_date":"2025-09-09 15:50:35","out_stock_threshold":null,"inheritable":false,"inbound_stock":0,"stock_on_hold":0,"sold_today":0,"sales_last_days":0,"reserved_stock":0,"customer_returns":0,"warehouse_damage":0,"lost_in_post":0,"other_logs":0,"out_stock_days":218,"lost_sales":0,"has_location":false,"update_date":"2026-04-16T00:08:02","atum_locations":[],"atum_stock_status":"onbackorder","restock_status":false,"low_stock_amount":"","sales_update_date":"2026-04-16T00:08:02","calc_backorders":0,"aioseo_notices":[],"jetpack_publicize_connections":[],"jetpack-related-posts":[{"id":30185,"url":"https:\/\/docmarket-dz.com\/index.php\/product\/plateau-en-inox-260-x-180-x-45-mm\/","url_meta":{"origin":30214,"position":0},"title":"PLATEAU EN INOX  260 X 180 X 30 mm","author":"Sofiane Arbouche","date":"22\/06\/2025","format":false,"excerpt":"","rel":"","context":"Article similaire","block_context":{"text":"Article similaire","link":""},"img":{"alt_text":"","src":"","width":0,"height":0},"classes":[]},{"id":30182,"url":"https:\/\/docmarket-dz.com\/index.php\/product\/plateau-en-inox-200-x-150-x-25-mm\/","url_meta":{"origin":30214,"position":1},"title":"PLATEAU EN  INOX 200 X 150 X 25 mm","author":"Sofiane Arbouche","date":"22\/06\/2025","format":false,"excerpt":"","rel":"","context":"Article similaire","block_context":{"text":"Article similaire","link":""},"img":{"alt_text":"","src":"","width":0,"height":0},"classes":[]},{"id":27861,"url":"https:\/\/docmarket-dz.com\/index.php\/product\/papier-ecg-80-x-90mm-x-250-plis\/","url_meta":{"origin":30214,"position":2},"title":"Papier ECG 80 X 90mm X 250 Plis (colis de 50 unit\u00e9s)","author":"Sofiane Arbouche","date":"21\/11\/2023","format":false,"excerpt":"","rel":"","context":"Article similaire","block_context":{"text":"Article similaire","link":""},"img":{"alt_text":"","src":"https:\/\/i0.wp.com\/docmarket-dz.com\/wp-content\/uploads\/2023\/11\/Papier-ECG-80x-20-M.jpg?fit=600%2C600&ssl=1&resize=350%2C200","width":350,"height":200,"srcset":"https:\/\/i0.wp.com\/docmarket-dz.com\/wp-content\/uploads\/2023\/11\/Papier-ECG-80x-20-M.jpg?fit=600%2C600&ssl=1&resize=350%2C200 1x, https:\/\/i0.wp.com\/docmarket-dz.com\/wp-content\/uploads\/2023\/11\/Papier-ECG-80x-20-M.jpg?fit=600%2C600&ssl=1&resize=525%2C300 1.5x"},"classes":[]},{"id":26579,"url":"https:\/\/docmarket-dz.com\/index.php\/product\/composite-coffret-colten-brillant\/","url_meta":{"origin":30214,"position":3},"title":"COMPOSITE COFFRET COLTEN BRILLANT","author":"falek.h","date":"01\/01\/1970","format":false,"excerpt":"Contenu : \u2022 1 x 4 g BRILLIANT NG Dentin A1\/B1 \u2022 1 x 4 g BRILLIANT NG Dentin A2\/B2 \u2022 1 x 4 g BRILLIANT NG Dentin A3\/D3 \u2022 1 x 4 g BRILLIANT NG Enamel A1\/B1 \u2022 1 x 4 g BRILLIANT NG Enamel A2\/B2 \u2022 1 x\u2026","rel":"","context":"Article similaire","block_context":{"text":"Article similaire","link":""},"img":{"alt_text":"","src":"https:\/\/i0.wp.com\/docmarket-dz.com\/wp-content\/uploads\/1970\/01\/f8FkeC5.jpeg?fit=458%2C458&ssl=1&resize=350%2C200","width":350,"height":200},"classes":[]},{"id":30208,"url":"https:\/\/docmarket-dz.com\/index.php\/product\/metre-ruban-perimetrique\/","url_meta":{"origin":30214,"position":4},"title":"M\u00e8tre ruban p\u00e9rim\u00e9trique","author":"Amel","date":"30\/06\/2025","format":false,"excerpt":"Description \u00a0 Utilisation\u00a0: Dispositif utilis\u00e9 pour mesurer des parties du corps humain \u2022 Plage de mesure : de 0 \u00e0 200 cm \u2022 Graduation : 1 mm \u2022 Enroulement automatique Dimensions Lo x la x h(mm) : Bo\u00eetier = 88 x 56 x 20 Ruban = 2000 x 14 x\u2026","rel":"","context":"Article similaire","block_context":{"text":"Article similaire","link":""},"img":{"alt_text":"","src":"https:\/\/i0.wp.com\/docmarket-dz.com\/wp-content\/uploads\/2025\/06\/ruban-mesure-perimetrique.jpg?fit=500%2C500&ssl=1&resize=350%2C200","width":350,"height":200},"classes":[]},{"id":26409,"url":"https:\/\/docmarket-dz.com\/index.php\/product\/trousse-ophtalmique-sterile-couvre-table-140-cm-x-190-cm-champ-ophtalmique-100cm-x-120-cm-avec-02-poches-de-recueil\/","url_meta":{"origin":30214,"position":5},"title":"Trousse Ophtalmique sterile : Couvre table (140 cm x 190 cm) Champ ophtalmique (100cm x 120 cm) Avec 02 poches de recueil","author":"falek.h","date":"12\/03\/2023","format":false,"excerpt":"La trousse st\u00e9rile d'ophtalmologie \u00e0 usage unique\u00a0 est compos\u00e9e d'un grand champ avec fen\u00eatre adh\u00e9sive, film \u00e0 inciser, 2 poches de recueil et de barrettes conformables.","rel":"","context":"Article similaire","block_context":{"text":"Article similaire","link":""},"img":{"alt_text":"","src":"https:\/\/i0.wp.com\/docmarket-dz.com\/wp-content\/uploads\/2023\/03\/trousse-d-ophtalmologie-sterile.jpg?fit=800%2C600&ssl=1&resize=350%2C200","width":350,"height":200,"srcset":"https:\/\/i0.wp.com\/docmarket-dz.com\/wp-content\/uploads\/2023\/03\/trousse-d-ophtalmologie-sterile.jpg?fit=800%2C600&ssl=1&resize=350%2C200 1x, https:\/\/i0.wp.com\/docmarket-dz.com\/wp-content\/uploads\/2023\/03\/trousse-d-ophtalmologie-sterile.jpg?fit=800%2C600&ssl=1&resize=525%2C300 1.5x, https:\/\/i0.wp.com\/docmarket-dz.com\/wp-content\/uploads\/2023\/03\/trousse-d-ophtalmologie-sterile.jpg?fit=800%2C600&ssl=1&resize=700%2C400 2x"},"classes":[]}],"jetpack_sharing_enabled":true,"tiered_pricing_type":"fixed","tiered_pricing_fixed_rules":[],"tiered_pricing_product_settings":{"layout":"default","base_unit_name":{"singular":null,"plural":null},"default_variation":null},"tiered_pricing_minimum_quantity":null,"tiered_pricing_roles_data":[],"tiered_pricing_percentage_rules":[],"_links":{"self":[{"href":"https:\/\/docmarket-dz.com\/index.php\/wp-json\/wp\/v2\/product\/30214","targetHints":{"allow":["GET"]}}],"collection":[{"href":"https:\/\/docmarket-dz.com\/index.php\/wp-json\/wp\/v2\/product"}],"about":[{"href":"https:\/\/docmarket-dz.com\/index.php\/wp-json\/wp\/v2\/types\/product"}],"replies":[{"embeddable":true,"href":"https:\/\/docmarket-dz.com\/index.php\/wp-json\/wp\/v2\/comments?post=30214"}],"wp:featuredmedia":[{"embeddable":true,"href":"https:\/\/docmarket-dz.com\/index.php\/wp-json\/wp\/v2\/media\/24448"}],"wp:attachment":[{"href":"https:\/\/docmarket-dz.com\/index.php\/wp-json\/wp\/v2\/media?parent=30214"}],"wp:term":[{"taxonomy":"product_brand","embeddable":true,"href":"https:\/\/docmarket-dz.com\/index.php\/wp-json\/wp\/v2\/product_brand?post=30214"},{"taxonomy":"product_cat","embeddable":true,"href":"https:\/\/docmarket-dz.com\/index.php\/wp-json\/wp\/v2\/product_cat?post=30214"},{"taxonomy":"product_tag","embeddable":true,"href":"https:\/\/docmarket-dz.com\/index.php\/wp-json\/wp\/v2\/product_tag?post=30214"}],"curies":[{"name":"wp","href":"https:\/\/api.w.org\/{rel}","templated":true}]}}