{"id":30272,"date":"2025-07-24T15:57:28","date_gmt":"2025-07-24T14:57:28","guid":{"rendered":"https:\/\/docmarket-dz.com\/?post_type=product&#038;p=30272"},"modified":"2025-09-29T14:56:05","modified_gmt":"2025-09-29T13:56:05","slug":"aiguilles-spinal-avec-introducteur-g-27","status":"publish","type":"product","link":"https:\/\/docmarket-dz.com\/index.php\/product\/aiguilles-spinal-avec-introducteur-g-27\/","title":{"rendered":"Aiguilles spinal avec Introducteur G 26"},"content":{"rendered":"","protected":false},"excerpt":{"rendered":"","protected":false},"featured_media":0,"comment_status":"open","ping_status":"closed","template":"","meta":{"content-type":"","om_disable_all_campaigns":false,"_uf_show_specific_survey":0,"_uf_disable_surveys":false,"jetpack_publicize_message":"","jetpack_publicize_feature_enabled":true,"jetpack_social_post_already_shared":true,"jetpack_social_options":{"image_generator_settings":{"template":"highway","default_image_id":0,"font":"","enabled":false},"version":2}},"product_brand":[],"product_cat":[739],"product_tag":[],"class_list":{"0":"post-30272","1":"product","2":"type-product","3":"status-publish","5":"product_cat-acupuncture","7":"first","8":"instock","9":"taxable","10":"shipping-taxable","11":"purchasable","12":"product-type-simple"},"supplier_id":null,"supplier_sku":"","barcode":null,"atum_controlled":true,"out_stock_date":null,"out_stock_threshold":null,"inheritable":false,"inbound_stock":0,"stock_on_hold":0,"sold_today":0,"sales_last_days":0,"reserved_stock":0,"customer_returns":0,"warehouse_damage":0,"lost_in_post":0,"other_logs":0,"out_stock_days":0,"lost_sales":0,"has_location":false,"update_date":"2026-04-10T00:05:06","atum_locations":[],"atum_stock_status":"instock","restock_status":false,"low_stock_amount":"","sales_update_date":"2026-04-10T00:05:06","calc_backorders":null,"aioseo_notices":[],"jetpack_publicize_connections":[],"jetpack-related-posts":[{"id":26150,"url":"https:\/\/docmarket-dz.com\/index.php\/product\/aiguille-spinal-avec-introducteur\/","url_meta":{"origin":30272,"position":0},"title":"AIGUILLE SPINAL AVEC INTRODUCTEUR","author":"falek.h","date":"12\/03\/2023","format":false,"excerpt":"","rel":"","context":"Article similaire","block_context":{"text":"Article similaire","link":""},"img":{"alt_text":"","src":"https:\/\/i0.wp.com\/docmarket-dz.com\/wp-content\/uploads\/2023\/03\/AIGUILLE-SPINAL-AVEC-INTRODUCTEUR.jpg?fit=700%2C636&ssl=1&resize=350%2C200","width":350,"height":200,"srcset":"https:\/\/i0.wp.com\/docmarket-dz.com\/wp-content\/uploads\/2023\/03\/AIGUILLE-SPINAL-AVEC-INTRODUCTEUR.jpg?fit=700%2C636&ssl=1&resize=350%2C200 1x, https:\/\/i0.wp.com\/docmarket-dz.com\/wp-content\/uploads\/2023\/03\/AIGUILLE-SPINAL-AVEC-INTRODUCTEUR.jpg?fit=700%2C636&ssl=1&resize=525%2C300 1.5x, https:\/\/i0.wp.com\/docmarket-dz.com\/wp-content\/uploads\/2023\/03\/AIGUILLE-SPINAL-AVEC-INTRODUCTEUR.jpg?fit=700%2C636&ssl=1&resize=700%2C400 2x"},"classes":[]},{"id":26151,"url":"https:\/\/docmarket-dz.com\/index.php\/product\/aiguille-spinal-sans-introducteur\/","url_meta":{"origin":30272,"position":1},"title":"AIGUILLE SPINAL SANS INTRODUCTEUR","author":"falek.h","date":"12\/03\/2023","format":false,"excerpt":"Aiguille spinale\u00a0 avec embase transparente et mandrin obturateur. L'embase du mandrin comporte un code couleur normalis\u00e9 correspondant au diam\u00e8tre ext\u00e9rieur de l'aiguille. L'embase de l'aiguille est en plastique transparent pour visualiser le reflux du liquide c\u00e9phalo-rachidien, et est ergonomique pour assurer une prise en main et une manipulation facile. Le\u2026","rel":"","context":"Article similaire","block_context":{"text":"Article similaire","link":""},"img":{"alt_text":"","src":"https:\/\/i0.wp.com\/docmarket-dz.com\/wp-content\/uploads\/2023\/03\/prd_disp_img_00518005a1-scaled-e1696406736651.jpg?fit=860%2C316&ssl=1&resize=350%2C200","width":350,"height":200,"srcset":"https:\/\/i0.wp.com\/docmarket-dz.com\/wp-content\/uploads\/2023\/03\/prd_disp_img_00518005a1-scaled-e1696406736651.jpg?fit=860%2C316&ssl=1&resize=350%2C200 1x, https:\/\/i0.wp.com\/docmarket-dz.com\/wp-content\/uploads\/2023\/03\/prd_disp_img_00518005a1-scaled-e1696406736651.jpg?fit=860%2C316&ssl=1&resize=525%2C300 1.5x, https:\/\/i0.wp.com\/docmarket-dz.com\/wp-content\/uploads\/2023\/03\/prd_disp_img_00518005a1-scaled-e1696406736651.jpg?fit=860%2C316&ssl=1&resize=700%2C400 2x"},"classes":[]},{"id":26152,"url":"https:\/\/docmarket-dz.com\/index.php\/product\/aiguille-spinale-g-25\/","url_meta":{"origin":30272,"position":2},"title":"AIGUILLE SPINALE G 25","author":"falek.h","date":"12\/03\/2023","format":false,"excerpt":"","rel":"","context":"Article similaire","block_context":{"text":"Article similaire","link":""},"img":{"alt_text":"","src":"https:\/\/i0.wp.com\/docmarket-dz.com\/wp-content\/uploads\/2023\/03\/AIGUILLE-SPINALE-G-25.jpg?fit=400%2C400&ssl=1&resize=350%2C200","width":350,"height":200},"classes":[]},{"id":29796,"url":"https:\/\/docmarket-dz.com\/index.php\/product\/aiguille-ponction-lombaire-22-g\/","url_meta":{"origin":30272,"position":3},"title":"Aiguille spinale &#8211; ponction lombaire 22 G","author":"Sofiane Arbouche","date":"25\/12\/2024","format":false,"excerpt":"Aiguille spinale pour l'anesth\u00e9sie spinale, le diagnostic et les ponctions lombaires. Longueur : 88 mm. Diam\u00e8tre : 0,70 mm. Code couleur : Noir.","rel":"","context":"Article similaire","block_context":{"text":"Article similaire","link":""},"img":{"alt_text":"","src":"","width":0,"height":0},"classes":[]},{"id":26147,"url":"https:\/\/docmarket-dz.com\/index.php\/product\/aiguille-de-rachet-g27-avec-introducteur\/","url_meta":{"origin":30272,"position":4},"title":"AIGUILLE DE RACHET G27 AVEC INTRODUCTEUR","author":"falek.h","date":"12\/03\/2023","format":false,"excerpt":"","rel":"","context":"Article similaire","block_context":{"text":"Article similaire","link":""},"img":{"alt_text":"","src":"https:\/\/i0.wp.com\/docmarket-dz.com\/wp-content\/uploads\/2023\/03\/AIGUILLE-DE-RACHET-G27-AVEC-INTRODUCTEUR.jpg?fit=556%2C284&ssl=1&resize=350%2C200","width":350,"height":200,"srcset":"https:\/\/i0.wp.com\/docmarket-dz.com\/wp-content\/uploads\/2023\/03\/AIGUILLE-DE-RACHET-G27-AVEC-INTRODUCTEUR.jpg?fit=556%2C284&ssl=1&resize=350%2C200 1x, https:\/\/i0.wp.com\/docmarket-dz.com\/wp-content\/uploads\/2023\/03\/AIGUILLE-DE-RACHET-G27-AVEC-INTRODUCTEUR.jpg?fit=556%2C284&ssl=1&resize=525%2C300 1.5x"},"classes":[]},{"id":30491,"url":"https:\/\/docmarket-dz.com\/index.php\/product\/seringue-2-ml-g22-pronto-g\/","url_meta":{"origin":30272,"position":5},"title":"Seringue 2 ML G22 PRONTO (G)","author":"Amel","date":"20\/11\/2025","format":false,"excerpt":"Instrument (petite pompe munie d'une aiguille) utilis\u00e9 pour injecter des liquides dans l'organisme ou en pr\u00e9lever","rel":"","context":"Article similaire","block_context":{"text":"Article similaire","link":""},"img":{"alt_text":"","src":"https:\/\/i0.wp.com\/docmarket-dz.com\/wp-content\/uploads\/2023\/10\/IMG_1705.png?fit=603%2C600&ssl=1&resize=350%2C200","width":350,"height":200,"srcset":"https:\/\/i0.wp.com\/docmarket-dz.com\/wp-content\/uploads\/2023\/10\/IMG_1705.png?fit=603%2C600&ssl=1&resize=350%2C200 1x, https:\/\/i0.wp.com\/docmarket-dz.com\/wp-content\/uploads\/2023\/10\/IMG_1705.png?fit=603%2C600&ssl=1&resize=525%2C300 1.5x"},"classes":[]}],"jetpack_sharing_enabled":true,"tiered_pricing_type":"fixed","tiered_pricing_fixed_rules":[],"tiered_pricing_product_settings":{"layout":"default","base_unit_name":{"singular":null,"plural":null},"default_variation":null},"tiered_pricing_minimum_quantity":null,"tiered_pricing_roles_data":[],"tiered_pricing_percentage_rules":[],"_links":{"self":[{"href":"https:\/\/docmarket-dz.com\/index.php\/wp-json\/wp\/v2\/product\/30272","targetHints":{"allow":["GET"]}}],"collection":[{"href":"https:\/\/docmarket-dz.com\/index.php\/wp-json\/wp\/v2\/product"}],"about":[{"href":"https:\/\/docmarket-dz.com\/index.php\/wp-json\/wp\/v2\/types\/product"}],"replies":[{"embeddable":true,"href":"https:\/\/docmarket-dz.com\/index.php\/wp-json\/wp\/v2\/comments?post=30272"}],"wp:attachment":[{"href":"https:\/\/docmarket-dz.com\/index.php\/wp-json\/wp\/v2\/media?parent=30272"}],"wp:term":[{"taxonomy":"product_brand","embeddable":true,"href":"https:\/\/docmarket-dz.com\/index.php\/wp-json\/wp\/v2\/product_brand?post=30272"},{"taxonomy":"product_cat","embeddable":true,"href":"https:\/\/docmarket-dz.com\/index.php\/wp-json\/wp\/v2\/product_cat?post=30272"},{"taxonomy":"product_tag","embeddable":true,"href":"https:\/\/docmarket-dz.com\/index.php\/wp-json\/wp\/v2\/product_tag?post=30272"}],"curies":[{"name":"wp","href":"https:\/\/api.w.org\/{rel}","templated":true}]}}