{"id":30307,"date":"2025-08-18T11:39:59","date_gmt":"2025-08-18T10:39:59","guid":{"rendered":"https:\/\/docmarket-dz.com\/?post_type=product&#038;p=30307"},"modified":"2025-08-18T11:41:27","modified_gmt":"2025-08-18T10:41:27","slug":"aiguille-hypodermique-g27","status":"publish","type":"product","link":"https:\/\/docmarket-dz.com\/index.php\/product\/aiguille-hypodermique-g27\/","title":{"rendered":"Aiguille Hypodermique G27"},"content":{"rendered":"","protected":false},"excerpt":{"rendered":"","protected":false},"featured_media":0,"comment_status":"open","ping_status":"closed","template":"","meta":{"content-type":"","om_disable_all_campaigns":false,"_uf_show_specific_survey":0,"_uf_disable_surveys":false,"jetpack_publicize_message":"","jetpack_publicize_feature_enabled":true,"jetpack_social_post_already_shared":true,"jetpack_social_options":{"image_generator_settings":{"template":"highway","default_image_id":0,"font":"","enabled":false},"version":2}},"product_brand":[],"product_cat":[487],"product_tag":[],"class_list":{"0":"post-30307","1":"product","2":"type-product","3":"status-publish","5":"product_cat-medical","7":"first","8":"instock","9":"taxable","10":"shipping-taxable","11":"purchasable","12":"product-type-simple"},"supplier_id":null,"supplier_sku":"","barcode":null,"atum_controlled":true,"out_stock_date":null,"out_stock_threshold":null,"inheritable":false,"inbound_stock":0,"stock_on_hold":0,"sold_today":0,"sales_last_days":0,"reserved_stock":0,"customer_returns":0,"warehouse_damage":0,"lost_in_post":0,"other_logs":0,"out_stock_days":0,"lost_sales":0,"has_location":false,"update_date":"2026-04-16T00:08:02","atum_locations":[],"atum_stock_status":"instock","restock_status":false,"low_stock_amount":"","sales_update_date":"2026-04-16T00:08:02","calc_backorders":null,"aioseo_notices":[],"jetpack_publicize_connections":[],"jetpack-related-posts":[{"id":26147,"url":"https:\/\/docmarket-dz.com\/index.php\/product\/aiguille-de-rachet-g27-avec-introducteur\/","url_meta":{"origin":30307,"position":0},"title":"AIGUILLE DE RACHET G27 AVEC INTRODUCTEUR","author":"falek.h","date":"12\/03\/2023","format":false,"excerpt":"","rel":"","context":"Article similaire","block_context":{"text":"Article similaire","link":""},"img":{"alt_text":"","src":"https:\/\/i0.wp.com\/docmarket-dz.com\/wp-content\/uploads\/2023\/03\/AIGUILLE-DE-RACHET-G27-AVEC-INTRODUCTEUR.jpg?fit=556%2C284&ssl=1&resize=350%2C200","width":350,"height":200,"srcset":"https:\/\/i0.wp.com\/docmarket-dz.com\/wp-content\/uploads\/2023\/03\/AIGUILLE-DE-RACHET-G27-AVEC-INTRODUCTEUR.jpg?fit=556%2C284&ssl=1&resize=350%2C200 1x, https:\/\/i0.wp.com\/docmarket-dz.com\/wp-content\/uploads\/2023\/03\/AIGUILLE-DE-RACHET-G27-AVEC-INTRODUCTEUR.jpg?fit=556%2C284&ssl=1&resize=525%2C300 1.5x"},"classes":[]},{"id":30492,"url":"https:\/\/docmarket-dz.com\/index.php\/product\/aiguille-hypodermique-g21\/","url_meta":{"origin":30307,"position":1},"title":"Aiguille Hypodermique G21","author":"Amel","date":"20\/11\/2025","format":false,"excerpt":"","rel":"","context":"Article similaire","block_context":{"text":"Article similaire","link":""},"img":{"alt_text":"","src":"https:\/\/i0.wp.com\/docmarket-dz.com\/wp-content\/uploads\/2024\/07\/Sans-titre-5.png?fit=225%2C225&ssl=1&resize=350%2C200","width":350,"height":200},"classes":[]},{"id":29188,"url":"https:\/\/docmarket-dz.com\/index.php\/product\/aiguille-hypodermique-g25\/","url_meta":{"origin":30307,"position":2},"title":"Aiguille Hypodermique G25","author":"TIKELALINE Amel","date":"11\/07\/2024","format":false,"excerpt":"","rel":"","context":"Article similaire","block_context":{"text":"Article similaire","link":""},"img":{"alt_text":"","src":"https:\/\/i0.wp.com\/docmarket-dz.com\/wp-content\/uploads\/2024\/07\/Sans-titre-5.png?fit=225%2C225&ssl=1&resize=350%2C200","width":350,"height":200},"classes":[]},{"id":26149,"url":"https:\/\/docmarket-dz.com\/index.php\/product\/aiguille-hypodermique-g19-l-25mm\/","url_meta":{"origin":30307,"position":3},"title":"AIGUILLE HYPODERMIQUE G19 L: 25mm","author":"falek.h","date":"12\/03\/2023","format":false,"excerpt":"","rel":"","context":"Article similaire","block_context":{"text":"Article similaire","link":""},"img":{"alt_text":"","src":"https:\/\/i0.wp.com\/docmarket-dz.com\/wp-content\/uploads\/2023\/03\/AIGUILLE-HYPODERMIQUE-G19-L-25mm.jpg?fit=1000%2C1000&ssl=1&resize=350%2C200","width":350,"height":200,"srcset":"https:\/\/i0.wp.com\/docmarket-dz.com\/wp-content\/uploads\/2023\/03\/AIGUILLE-HYPODERMIQUE-G19-L-25mm.jpg?fit=1000%2C1000&ssl=1&resize=350%2C200 1x, https:\/\/i0.wp.com\/docmarket-dz.com\/wp-content\/uploads\/2023\/03\/AIGUILLE-HYPODERMIQUE-G19-L-25mm.jpg?fit=1000%2C1000&ssl=1&resize=525%2C300 1.5x, https:\/\/i0.wp.com\/docmarket-dz.com\/wp-content\/uploads\/2023\/03\/AIGUILLE-HYPODERMIQUE-G19-L-25mm.jpg?fit=1000%2C1000&ssl=1&resize=700%2C400 2x"},"classes":[]},{"id":26151,"url":"https:\/\/docmarket-dz.com\/index.php\/product\/aiguille-spinal-sans-introducteur\/","url_meta":{"origin":30307,"position":4},"title":"AIGUILLE SPINAL SANS INTRODUCTEUR","author":"falek.h","date":"12\/03\/2023","format":false,"excerpt":"Aiguille spinale\u00a0 avec embase transparente et mandrin obturateur. L'embase du mandrin comporte un code couleur normalis\u00e9 correspondant au diam\u00e8tre ext\u00e9rieur de l'aiguille. L'embase de l'aiguille est en plastique transparent pour visualiser le reflux du liquide c\u00e9phalo-rachidien, et est ergonomique pour assurer une prise en main et une manipulation facile. Le\u2026","rel":"","context":"Article similaire","block_context":{"text":"Article similaire","link":""},"img":{"alt_text":"","src":"https:\/\/i0.wp.com\/docmarket-dz.com\/wp-content\/uploads\/2023\/03\/prd_disp_img_00518005a1-scaled-e1696406736651.jpg?fit=860%2C316&ssl=1&resize=350%2C200","width":350,"height":200,"srcset":"https:\/\/i0.wp.com\/docmarket-dz.com\/wp-content\/uploads\/2023\/03\/prd_disp_img_00518005a1-scaled-e1696406736651.jpg?fit=860%2C316&ssl=1&resize=350%2C200 1x, https:\/\/i0.wp.com\/docmarket-dz.com\/wp-content\/uploads\/2023\/03\/prd_disp_img_00518005a1-scaled-e1696406736651.jpg?fit=860%2C316&ssl=1&resize=525%2C300 1.5x, https:\/\/i0.wp.com\/docmarket-dz.com\/wp-content\/uploads\/2023\/03\/prd_disp_img_00518005a1-scaled-e1696406736651.jpg?fit=860%2C316&ssl=1&resize=700%2C400 2x"},"classes":[]},{"id":26153,"url":"https:\/\/docmarket-dz.com\/index.php\/product\/aiguille-sterille\/","url_meta":{"origin":30307,"position":5},"title":"AIGUILLE STERILLE","author":"falek.h","date":"12\/03\/2023","format":false,"excerpt":"","rel":"","context":"Article similaire","block_context":{"text":"Article similaire","link":""},"img":{"alt_text":"","src":"https:\/\/i0.wp.com\/docmarket-dz.com\/wp-content\/uploads\/2023\/03\/AIGUILLE-STERILLE.jpg?fit=700%2C700&ssl=1&resize=350%2C200","width":350,"height":200,"srcset":"https:\/\/i0.wp.com\/docmarket-dz.com\/wp-content\/uploads\/2023\/03\/AIGUILLE-STERILLE.jpg?fit=700%2C700&ssl=1&resize=350%2C200 1x, https:\/\/i0.wp.com\/docmarket-dz.com\/wp-content\/uploads\/2023\/03\/AIGUILLE-STERILLE.jpg?fit=700%2C700&ssl=1&resize=525%2C300 1.5x, https:\/\/i0.wp.com\/docmarket-dz.com\/wp-content\/uploads\/2023\/03\/AIGUILLE-STERILLE.jpg?fit=700%2C700&ssl=1&resize=700%2C400 2x"},"classes":[]}],"jetpack_sharing_enabled":true,"tiered_pricing_type":"fixed","tiered_pricing_fixed_rules":[],"tiered_pricing_product_settings":{"layout":"default","base_unit_name":{"singular":null,"plural":null},"default_variation":null},"tiered_pricing_minimum_quantity":null,"tiered_pricing_roles_data":[],"tiered_pricing_percentage_rules":[],"_links":{"self":[{"href":"https:\/\/docmarket-dz.com\/index.php\/wp-json\/wp\/v2\/product\/30307","targetHints":{"allow":["GET"]}}],"collection":[{"href":"https:\/\/docmarket-dz.com\/index.php\/wp-json\/wp\/v2\/product"}],"about":[{"href":"https:\/\/docmarket-dz.com\/index.php\/wp-json\/wp\/v2\/types\/product"}],"replies":[{"embeddable":true,"href":"https:\/\/docmarket-dz.com\/index.php\/wp-json\/wp\/v2\/comments?post=30307"}],"wp:attachment":[{"href":"https:\/\/docmarket-dz.com\/index.php\/wp-json\/wp\/v2\/media?parent=30307"}],"wp:term":[{"taxonomy":"product_brand","embeddable":true,"href":"https:\/\/docmarket-dz.com\/index.php\/wp-json\/wp\/v2\/product_brand?post=30307"},{"taxonomy":"product_cat","embeddable":true,"href":"https:\/\/docmarket-dz.com\/index.php\/wp-json\/wp\/v2\/product_cat?post=30307"},{"taxonomy":"product_tag","embeddable":true,"href":"https:\/\/docmarket-dz.com\/index.php\/wp-json\/wp\/v2\/product_tag?post=30307"}],"curies":[{"name":"wp","href":"https:\/\/api.w.org\/{rel}","templated":true}]}}