{"id":30328,"date":"2025-09-07T15:27:06","date_gmt":"2025-09-07T14:27:06","guid":{"rendered":"https:\/\/docmarket-dz.com\/?post_type=product&#038;p=30328"},"modified":"2026-02-04T12:29:31","modified_gmt":"2026-02-04T11:29:31","slug":"papier-ecg-58-x-20-pack-de-10-rouleaux","status":"publish","type":"product","link":"https:\/\/docmarket-dz.com\/index.php\/product\/papier-ecg-58-x-20-pack-de-10-rouleaux\/","title":{"rendered":"Papier ECG 58 x 20 pack de 10 rouleaux"},"content":{"rendered":"","protected":false},"excerpt":{"rendered":"","protected":false},"featured_media":0,"comment_status":"open","ping_status":"closed","template":"","meta":{"content-type":"","om_disable_all_campaigns":false,"_uf_show_specific_survey":0,"_uf_disable_surveys":false,"jetpack_publicize_message":"","jetpack_publicize_feature_enabled":true,"jetpack_social_post_already_shared":true,"jetpack_social_options":{"image_generator_settings":{"template":"highway","default_image_id":0,"font":"","enabled":false},"version":2}},"product_brand":[],"product_cat":[487,883],"product_tag":[],"class_list":{"0":"post-30328","1":"product","2":"type-product","3":"status-publish","5":"product_cat-medical","6":"product_cat-radiologie","8":"first","9":"onbackorder","10":"taxable","11":"shipping-taxable","12":"purchasable","13":"product-type-simple"},"supplier_id":null,"supplier_sku":"","barcode":null,"atum_controlled":true,"out_stock_date":"2026-02-04 12:29:31","out_stock_threshold":null,"inheritable":false,"inbound_stock":0,"stock_on_hold":0,"sold_today":0,"sales_last_days":0,"reserved_stock":0,"customer_returns":0,"warehouse_damage":0,"lost_in_post":0,"other_logs":0,"out_stock_days":64,"lost_sales":0,"has_location":true,"update_date":"2026-04-10T00:05:13","atum_locations":[{"id":959,"name":"D1","slug":"d1"}],"atum_stock_status":"onbackorder","restock_status":false,"low_stock_amount":"","sales_update_date":"2026-04-10T00:05:13","calc_backorders":0,"aioseo_notices":[],"jetpack_publicize_connections":[],"jetpack-related-posts":[{"id":28623,"url":"https:\/\/docmarket-dz.com\/index.php\/product\/papier-ecg-63x30-pack-de-10-rouleaux\/","url_meta":{"origin":30328,"position":0},"title":"Papier ECG 63X30 &#8220;Pack de 10 Rouleaux&#8221;","author":"Sofiane Arbouche","date":"13\/03\/2024","format":false,"excerpt":"","rel":"","context":"Article similaire","block_context":{"text":"Article similaire","link":""},"img":{"alt_text":"","src":"https:\/\/i0.wp.com\/docmarket-dz.com\/wp-content\/uploads\/2024\/03\/42334.L.jpg?fit=563%2C563&ssl=1&resize=350%2C200","width":350,"height":200,"srcset":"https:\/\/i0.wp.com\/docmarket-dz.com\/wp-content\/uploads\/2024\/03\/42334.L.jpg?fit=563%2C563&ssl=1&resize=350%2C200 1x, https:\/\/i0.wp.com\/docmarket-dz.com\/wp-content\/uploads\/2024\/03\/42334.L.jpg?fit=563%2C563&ssl=1&resize=525%2C300 1.5x"},"classes":[]},{"id":28332,"url":"https:\/\/docmarket-dz.com\/index.php\/product\/papier-pour-ecg-10020\/","url_meta":{"origin":30328,"position":1},"title":"Papier pour ECG 110*20 &#8211; Pack de 10 rouleaux","author":"TIKELALINE Amel","date":"14\/01\/2024","format":false,"excerpt":"","rel":"","context":"Article similaire","block_context":{"text":"Article similaire","link":""},"img":{"alt_text":"","src":"https:\/\/i0.wp.com\/docmarket-dz.com\/wp-content\/uploads\/2024\/01\/PAPIER-ECG-100L.jpg?fit=300%2C300&ssl=1&resize=350%2C200","width":350,"height":200},"classes":[]},{"id":28082,"url":"https:\/\/docmarket-dz.com\/index.php\/product\/papier-ecg-80x20\/","url_meta":{"origin":30328,"position":2},"title":"Papier ECG 80&#215;20 &#8211; Pack de 10 rouleaux","author":"fatmazohra.nasri","date":"10\/12\/2023","format":false,"excerpt":"","rel":"","context":"Article similaire","block_context":{"text":"Article similaire","link":""},"img":{"alt_text":"","src":"https:\/\/i0.wp.com\/docmarket-dz.com\/wp-content\/uploads\/2023\/10\/IMG_1701-1.jpg?fit=603%2C607&ssl=1&resize=350%2C200","width":350,"height":200,"srcset":"https:\/\/i0.wp.com\/docmarket-dz.com\/wp-content\/uploads\/2023\/10\/IMG_1701-1.jpg?fit=603%2C607&ssl=1&resize=350%2C200 1x, https:\/\/i0.wp.com\/docmarket-dz.com\/wp-content\/uploads\/2023\/10\/IMG_1701-1.jpg?fit=603%2C607&ssl=1&resize=525%2C300 1.5x"},"classes":[]},{"id":27977,"url":"https:\/\/docmarket-dz.com\/index.php\/product\/ecg-12-pistes-avec-interpretation-1200g-contec\/","url_meta":{"origin":30328,"position":3},"title":"ECG 12 PISTES AVEC INTERPRETATION 1200G CONTEC","author":"fatmazohra.nasri","date":"04\/12\/2023","format":false,"excerpt":"ECG 12 PISTES AVEC INTERPRETATION 1200G CONTEC ECG 12 pistes avec mesure et interpr\u00e9tation automatique. Enregistrement des 12 d\u00e9rivations standards. Gestion de la base de donn\u00e9es (nom, \u00e2ge, sexe, taille, poids, etc..) Impression Multi formats (A4). Ecran LCD tactile 160 x 120 m. Enregistrement automatique ou manuel. M\u00e9moire interne de\u2026","rel":"","context":"Article similaire","block_context":{"text":"Article similaire","link":""},"img":{"alt_text":"","src":"https:\/\/i0.wp.com\/docmarket-dz.com\/wp-content\/uploads\/2023\/12\/ecg-12-pistes-avec-interpretation-1200g-contec-2.jpg?fit=608%2C601&ssl=1&resize=350%2C200","width":350,"height":200,"srcset":"https:\/\/i0.wp.com\/docmarket-dz.com\/wp-content\/uploads\/2023\/12\/ecg-12-pistes-avec-interpretation-1200g-contec-2.jpg?fit=608%2C601&ssl=1&resize=350%2C200 1x, https:\/\/i0.wp.com\/docmarket-dz.com\/wp-content\/uploads\/2023\/12\/ecg-12-pistes-avec-interpretation-1200g-contec-2.jpg?fit=608%2C601&ssl=1&resize=525%2C300 1.5x"},"classes":[]},{"id":25285,"url":"https:\/\/docmarket-dz.com\/index.php\/product\/papier-thermique-imprimante\/","url_meta":{"origin":30328,"position":4},"title":"Papier Thermique 110mm x 20m &#8211; pack de 10 rouleaux","author":"falek.h","date":"01\/03\/2023","format":false,"excerpt":"","rel":"","context":"Article similaire","block_context":{"text":"Article similaire","link":""},"img":{"alt_text":"","src":"https:\/\/i0.wp.com\/docmarket-dz.com\/wp-content\/uploads\/2023\/03\/PAPIER-THERMIQUE-e1677644828304.jpg?fit=600%2C600&ssl=1&resize=350%2C200","width":350,"height":200,"srcset":"https:\/\/i0.wp.com\/docmarket-dz.com\/wp-content\/uploads\/2023\/03\/PAPIER-THERMIQUE-e1677644828304.jpg?fit=600%2C600&ssl=1&resize=350%2C200 1x, https:\/\/i0.wp.com\/docmarket-dz.com\/wp-content\/uploads\/2023\/03\/PAPIER-THERMIQUE-e1677644828304.jpg?fit=600%2C600&ssl=1&resize=525%2C300 1.5x"},"classes":[]},{"id":27861,"url":"https:\/\/docmarket-dz.com\/index.php\/product\/papier-ecg-80-x-90mm-x-250-plis\/","url_meta":{"origin":30328,"position":5},"title":"Papier ECG 80 X 90mm X 250 Plis (colis de 50 unit\u00e9s)","author":"Sofiane Arbouche","date":"21\/11\/2023","format":false,"excerpt":"","rel":"","context":"Article similaire","block_context":{"text":"Article similaire","link":""},"img":{"alt_text":"","src":"https:\/\/i0.wp.com\/docmarket-dz.com\/wp-content\/uploads\/2023\/11\/Papier-ECG-80x-20-M.jpg?fit=600%2C600&ssl=1&resize=350%2C200","width":350,"height":200,"srcset":"https:\/\/i0.wp.com\/docmarket-dz.com\/wp-content\/uploads\/2023\/11\/Papier-ECG-80x-20-M.jpg?fit=600%2C600&ssl=1&resize=350%2C200 1x, https:\/\/i0.wp.com\/docmarket-dz.com\/wp-content\/uploads\/2023\/11\/Papier-ECG-80x-20-M.jpg?fit=600%2C600&ssl=1&resize=525%2C300 1.5x"},"classes":[]}],"jetpack_sharing_enabled":true,"tiered_pricing_type":"fixed","tiered_pricing_fixed_rules":[],"tiered_pricing_product_settings":{"layout":"default","base_unit_name":{"singular":null,"plural":null},"default_variation":null},"tiered_pricing_minimum_quantity":null,"tiered_pricing_roles_data":[],"tiered_pricing_percentage_rules":[],"_links":{"self":[{"href":"https:\/\/docmarket-dz.com\/index.php\/wp-json\/wp\/v2\/product\/30328","targetHints":{"allow":["GET"]}}],"collection":[{"href":"https:\/\/docmarket-dz.com\/index.php\/wp-json\/wp\/v2\/product"}],"about":[{"href":"https:\/\/docmarket-dz.com\/index.php\/wp-json\/wp\/v2\/types\/product"}],"replies":[{"embeddable":true,"href":"https:\/\/docmarket-dz.com\/index.php\/wp-json\/wp\/v2\/comments?post=30328"}],"wp:attachment":[{"href":"https:\/\/docmarket-dz.com\/index.php\/wp-json\/wp\/v2\/media?parent=30328"}],"wp:term":[{"taxonomy":"product_brand","embeddable":true,"href":"https:\/\/docmarket-dz.com\/index.php\/wp-json\/wp\/v2\/product_brand?post=30328"},{"taxonomy":"product_cat","embeddable":true,"href":"https:\/\/docmarket-dz.com\/index.php\/wp-json\/wp\/v2\/product_cat?post=30328"},{"taxonomy":"product_tag","embeddable":true,"href":"https:\/\/docmarket-dz.com\/index.php\/wp-json\/wp\/v2\/product_tag?post=30328"}],"curies":[{"name":"wp","href":"https:\/\/api.w.org\/{rel}","templated":true}]}}