{"id":30359,"date":"2025-09-24T14:04:55","date_gmt":"2025-09-24T13:04:55","guid":{"rendered":"https:\/\/docmarket-dz.com\/?post_type=product&#038;p=30359"},"modified":"2025-12-08T15:48:56","modified_gmt":"2025-12-08T14:48:56","slug":"gel-hydroalcoolique-bouteille-1litre","status":"publish","type":"product","link":"https:\/\/docmarket-dz.com\/index.php\/product\/gel-hydroalcoolique-bouteille-1litre\/","title":{"rendered":"Gel hydroalcoolique Bouteille 1litre"},"content":{"rendered":"","protected":false},"excerpt":{"rendered":"","protected":false},"featured_media":30361,"comment_status":"open","ping_status":"closed","template":"","meta":{"content-type":"","om_disable_all_campaigns":false,"_uf_show_specific_survey":0,"_uf_disable_surveys":false,"jetpack_publicize_message":"","jetpack_publicize_feature_enabled":true,"jetpack_social_post_already_shared":true,"jetpack_social_options":{"image_generator_settings":{"template":"highway","default_image_id":0,"font":"","enabled":false},"version":2}},"product_brand":[],"product_cat":[739],"product_tag":[],"class_list":{"0":"post-30359","1":"product","2":"type-product","3":"status-publish","4":"has-post-thumbnail","6":"product_cat-acupuncture","7":"ts_product_brand-2m","9":"first","10":"onbackorder","11":"taxable","12":"shipping-taxable","13":"purchasable","14":"product-type-simple"},"supplier_id":null,"supplier_sku":"","barcode":null,"atum_controlled":true,"out_stock_date":"2025-12-08 15:48:56","out_stock_threshold":null,"inheritable":false,"inbound_stock":0,"stock_on_hold":0,"sold_today":0,"sales_last_days":0,"reserved_stock":0,"customer_returns":0,"warehouse_damage":0,"lost_in_post":0,"other_logs":0,"out_stock_days":122,"lost_sales":0,"has_location":false,"update_date":"2026-04-10T00:05:06","atum_locations":[],"atum_stock_status":"onbackorder","restock_status":false,"low_stock_amount":"","sales_update_date":"2026-04-10T00:05:06","calc_backorders":0,"aioseo_notices":[],"jetpack_publicize_connections":[],"jetpack-related-posts":[{"id":25255,"url":"https:\/\/docmarket-dz.com\/index.php\/product\/gel-hydroalcoolique-anticeptique\/","url_meta":{"origin":30359,"position":0},"title":"gel hydroalcoolique &#8211; anticeptique","author":"falek.h","date":"28\/02\/2023","format":false,"excerpt":"","rel":"","context":"Article similaire","block_context":{"text":"Article similaire","link":""},"img":{"alt_text":"","src":"https:\/\/i0.wp.com\/docmarket-dz.com\/wp-content\/uploads\/2023\/02\/gel-hydroalcoolique-desinfectant-en-bidon-PhotoRoom-PhotoRoom.png-PhotoRoom.png?fit=800%2C800&ssl=1&resize=350%2C200","width":350,"height":200,"srcset":"https:\/\/i0.wp.com\/docmarket-dz.com\/wp-content\/uploads\/2023\/02\/gel-hydroalcoolique-desinfectant-en-bidon-PhotoRoom-PhotoRoom.png-PhotoRoom.png?fit=800%2C800&ssl=1&resize=350%2C200 1x, https:\/\/i0.wp.com\/docmarket-dz.com\/wp-content\/uploads\/2023\/02\/gel-hydroalcoolique-desinfectant-en-bidon-PhotoRoom-PhotoRoom.png-PhotoRoom.png?fit=800%2C800&ssl=1&resize=525%2C300 1.5x, https:\/\/i0.wp.com\/docmarket-dz.com\/wp-content\/uploads\/2023\/02\/gel-hydroalcoolique-desinfectant-en-bidon-PhotoRoom-PhotoRoom.png-PhotoRoom.png?fit=800%2C800&ssl=1&resize=700%2C400 2x"},"classes":[]},{"id":30430,"url":"https:\/\/docmarket-dz.com\/index.php\/product\/gel-hydroalcoolique-500-ml-2m\/","url_meta":{"origin":30359,"position":1},"title":"Gel hydroalcoolique 500 ML  2M","author":"Amel","date":"30\/10\/2025","format":false,"excerpt":"","rel":"","context":"Article similaire","block_context":{"text":"Article similaire","link":""},"img":{"alt_text":"","src":"","width":0,"height":0},"classes":[]},{"id":28657,"url":"https:\/\/docmarket-dz.com\/index.php\/product\/solution-hydroalcoolique-cristal-1l\/","url_meta":{"origin":30359,"position":2},"title":"Solution Hydroalcoolique Cristal 1L","author":"TIKELALINE Amel","date":"19\/03\/2024","format":false,"excerpt":"Solution alcoolique en bouteille de 1 litre de la marque Cristal. Formul\u00e9e pour un usage externe seulement. Contient un pourcentage appropri\u00e9 d'alcool pour d\u00e9sinfecter efficacement les surfaces. Convient pour une utilisation dans les environnements m\u00e9dicaux, commerciaux et domestiques. Id\u00e9ale pour la d\u00e9sinfection des mains, des surfaces et des instruments m\u00e9dicaux.\u2026","rel":"","context":"Article similaire","block_context":{"text":"Article similaire","link":""},"img":{"alt_text":"","src":"https:\/\/i0.wp.com\/docmarket-dz.com\/wp-content\/uploads\/2024\/03\/IMG_20240324_102231-removebg-preview-2-1.png?fit=599%2C601&ssl=1&resize=350%2C200","width":350,"height":200,"srcset":"https:\/\/i0.wp.com\/docmarket-dz.com\/wp-content\/uploads\/2024\/03\/IMG_20240324_102231-removebg-preview-2-1.png?fit=599%2C601&ssl=1&resize=350%2C200 1x, https:\/\/i0.wp.com\/docmarket-dz.com\/wp-content\/uploads\/2024\/03\/IMG_20240324_102231-removebg-preview-2-1.png?fit=599%2C601&ssl=1&resize=525%2C300 1.5x"},"classes":[]},{"id":28119,"url":"https:\/\/docmarket-dz.com\/index.php\/product\/betadine-ms-1litre\/","url_meta":{"origin":30359,"position":3},"title":"B\u00e9tadine MS 1Litre","author":"fatmazohra.nasri","date":"12\/12\/2023","format":false,"excerpt":"","rel":"","context":"Article similaire","block_context":{"text":"Article similaire","link":""},"img":{"alt_text":"","src":"https:\/\/i0.wp.com\/docmarket-dz.com\/wp-content\/uploads\/2023\/12\/IMG_2188.png?fit=599%2C607&ssl=1&resize=350%2C200","width":350,"height":200,"srcset":"https:\/\/i0.wp.com\/docmarket-dz.com\/wp-content\/uploads\/2023\/12\/IMG_2188.png?fit=599%2C607&ssl=1&resize=350%2C200 1x, https:\/\/i0.wp.com\/docmarket-dz.com\/wp-content\/uploads\/2023\/12\/IMG_2188.png?fit=599%2C607&ssl=1&resize=525%2C300 1.5x"},"classes":[]},{"id":29776,"url":"https:\/\/docmarket-dz.com\/index.php\/product\/becht-section-concentre-1litre\/","url_meta":{"origin":30359,"position":4},"title":"Becht suction concentr\u00e9 1litre","author":"Sofiane Arbouche","date":"23\/12\/2024","format":false,"excerpt":"Pour la d\u00e9sinfection, le nettoyage et la d\u00e9sodorisation des syst\u00e8mes d\u2019aspiration chirurgicale et dentaire","rel":"","context":"Article similaire","block_context":{"text":"Article similaire","link":""},"img":{"alt_text":"","src":"https:\/\/i0.wp.com\/docmarket-dz.com\/wp-content\/uploads\/2024\/12\/Sans-titre.png?fit=266%2C478&ssl=1&resize=350%2C200","width":350,"height":200},"classes":[]},{"id":27483,"url":"https:\/\/docmarket-dz.com\/index.php\/product\/alcool-chirurgical-90-1l-en-bouteille\/","url_meta":{"origin":30359,"position":5},"title":"ALCOOL CHIRURGICAL  90\u00b0- 1L en Bouteille","author":"Somia Belmadani","date":"16\/10\/2023","format":false,"excerpt":"","rel":"","context":"Article similaire","block_context":{"text":"Article similaire","link":""},"img":{"alt_text":"","src":"https:\/\/i0.wp.com\/docmarket-dz.com\/wp-content\/uploads\/2023\/10\/ALCOOL-1L-90-2.jpg-PhotoRoom.png-PhotoRoom-e1697445672322.png?fit=600%2C776&ssl=1&resize=350%2C200","width":350,"height":200,"srcset":"https:\/\/i0.wp.com\/docmarket-dz.com\/wp-content\/uploads\/2023\/10\/ALCOOL-1L-90-2.jpg-PhotoRoom.png-PhotoRoom-e1697445672322.png?fit=600%2C776&ssl=1&resize=350%2C200 1x, https:\/\/i0.wp.com\/docmarket-dz.com\/wp-content\/uploads\/2023\/10\/ALCOOL-1L-90-2.jpg-PhotoRoom.png-PhotoRoom-e1697445672322.png?fit=600%2C776&ssl=1&resize=525%2C300 1.5x"},"classes":[]}],"jetpack_sharing_enabled":true,"tiered_pricing_type":"fixed","tiered_pricing_fixed_rules":[],"tiered_pricing_product_settings":{"layout":"default","base_unit_name":{"singular":null,"plural":null},"default_variation":null},"tiered_pricing_minimum_quantity":null,"tiered_pricing_roles_data":[],"tiered_pricing_percentage_rules":[],"_links":{"self":[{"href":"https:\/\/docmarket-dz.com\/index.php\/wp-json\/wp\/v2\/product\/30359","targetHints":{"allow":["GET"]}}],"collection":[{"href":"https:\/\/docmarket-dz.com\/index.php\/wp-json\/wp\/v2\/product"}],"about":[{"href":"https:\/\/docmarket-dz.com\/index.php\/wp-json\/wp\/v2\/types\/product"}],"replies":[{"embeddable":true,"href":"https:\/\/docmarket-dz.com\/index.php\/wp-json\/wp\/v2\/comments?post=30359"}],"wp:featuredmedia":[{"embeddable":true,"href":"https:\/\/docmarket-dz.com\/index.php\/wp-json\/wp\/v2\/media\/30361"}],"wp:attachment":[{"href":"https:\/\/docmarket-dz.com\/index.php\/wp-json\/wp\/v2\/media?parent=30359"}],"wp:term":[{"taxonomy":"product_brand","embeddable":true,"href":"https:\/\/docmarket-dz.com\/index.php\/wp-json\/wp\/v2\/product_brand?post=30359"},{"taxonomy":"product_cat","embeddable":true,"href":"https:\/\/docmarket-dz.com\/index.php\/wp-json\/wp\/v2\/product_cat?post=30359"},{"taxonomy":"product_tag","embeddable":true,"href":"https:\/\/docmarket-dz.com\/index.php\/wp-json\/wp\/v2\/product_tag?post=30359"}],"curies":[{"name":"wp","href":"https:\/\/api.w.org\/{rel}","templated":true}]}}