{"id":30430,"date":"2025-10-30T12:15:01","date_gmt":"2025-10-30T11:15:01","guid":{"rendered":"https:\/\/docmarket-dz.com\/?post_type=product&#038;p=30430"},"modified":"2026-01-07T13:39:02","modified_gmt":"2026-01-07T12:39:02","slug":"gel-hydroalcoolique-500-ml-2m","status":"publish","type":"product","link":"https:\/\/docmarket-dz.com\/index.php\/product\/gel-hydroalcoolique-500-ml-2m\/","title":{"rendered":"Gel hydroalcoolique 500 ML  2M"},"content":{"rendered":"","protected":false},"excerpt":{"rendered":"","protected":false},"featured_media":0,"comment_status":"open","ping_status":"closed","template":"","meta":{"content-type":"","om_disable_all_campaigns":false,"_uf_show_specific_survey":0,"_uf_disable_surveys":false,"jetpack_publicize_message":"","jetpack_publicize_feature_enabled":true,"jetpack_social_post_already_shared":true,"jetpack_social_options":{"image_generator_settings":{"template":"highway","default_image_id":0,"font":"","enabled":false},"version":2}},"product_brand":[],"product_cat":[487,739],"product_tag":[],"class_list":{"0":"post-30430","1":"product","2":"type-product","3":"status-publish","5":"product_cat-medical","6":"product_cat-acupuncture","7":"ts_product_brand-2m","9":"first","10":"instock","11":"taxable","12":"shipping-taxable","13":"purchasable","14":"product-type-simple"},"supplier_id":null,"supplier_sku":"","barcode":null,"atum_controlled":true,"out_stock_date":null,"out_stock_threshold":null,"inheritable":false,"inbound_stock":0,"stock_on_hold":0,"sold_today":0,"sales_last_days":0,"reserved_stock":0,"customer_returns":0,"warehouse_damage":0,"lost_in_post":0,"other_logs":0,"out_stock_days":0,"lost_sales":0,"has_location":true,"update_date":"2026-04-10T00:05:14","atum_locations":[{"id":960,"name":"D2","slug":"d2"}],"atum_stock_status":"instock","restock_status":false,"low_stock_amount":"","sales_update_date":"2026-04-10T00:05:14","calc_backorders":0,"aioseo_notices":[],"jetpack_publicize_connections":[],"jetpack-related-posts":[{"id":25255,"url":"https:\/\/docmarket-dz.com\/index.php\/product\/gel-hydroalcoolique-anticeptique\/","url_meta":{"origin":30430,"position":0},"title":"gel hydroalcoolique &#8211; anticeptique","author":"falek.h","date":"28\/02\/2023","format":false,"excerpt":"","rel":"","context":"Article similaire","block_context":{"text":"Article similaire","link":""},"img":{"alt_text":"","src":"https:\/\/i0.wp.com\/docmarket-dz.com\/wp-content\/uploads\/2023\/02\/gel-hydroalcoolique-desinfectant-en-bidon-PhotoRoom-PhotoRoom.png-PhotoRoom.png?fit=800%2C800&ssl=1&resize=350%2C200","width":350,"height":200,"srcset":"https:\/\/i0.wp.com\/docmarket-dz.com\/wp-content\/uploads\/2023\/02\/gel-hydroalcoolique-desinfectant-en-bidon-PhotoRoom-PhotoRoom.png-PhotoRoom.png?fit=800%2C800&ssl=1&resize=350%2C200 1x, https:\/\/i0.wp.com\/docmarket-dz.com\/wp-content\/uploads\/2023\/02\/gel-hydroalcoolique-desinfectant-en-bidon-PhotoRoom-PhotoRoom.png-PhotoRoom.png?fit=800%2C800&ssl=1&resize=525%2C300 1.5x, https:\/\/i0.wp.com\/docmarket-dz.com\/wp-content\/uploads\/2023\/02\/gel-hydroalcoolique-desinfectant-en-bidon-PhotoRoom-PhotoRoom.png-PhotoRoom.png?fit=800%2C800&ssl=1&resize=700%2C400 2x"},"classes":[]},{"id":30359,"url":"https:\/\/docmarket-dz.com\/index.php\/product\/gel-hydroalcoolique-bouteille-1litre\/","url_meta":{"origin":30430,"position":1},"title":"Gel hydroalcoolique Bouteille 1litre","author":"Sofiane Arbouche","date":"24\/09\/2025","format":false,"excerpt":"","rel":"","context":"Article similaire","block_context":{"text":"Article similaire","link":""},"img":{"alt_text":"","src":"","width":0,"height":0},"classes":[]},{"id":28367,"url":"https:\/\/docmarket-dz.com\/index.php\/product\/solute-de-dakin-500-ml-2m\/","url_meta":{"origin":30430,"position":2},"title":"SOLUT\u00c9 DE DAKIN 500 ml","author":"Sofiane Arbouche","date":"18\/01\/2024","format":false,"excerpt":"DAKIN est un m\u00e9dicament antiseptique local \u00e0 usage externe, bact\u00e9ricide, fongicide et virucide, contenant du chlore, utilis\u00e9 pour l\u2019antisepsie de la peau, des muqueuses et des plaies superficielles.","rel":"","context":"Article similaire","block_context":{"text":"Article similaire","link":""},"img":{"alt_text":"","src":"https:\/\/i0.wp.com\/docmarket-dz.com\/wp-content\/uploads\/2024\/01\/sol-PhotoRoom.png-PhotoRoom.png?fit=600%2C600&ssl=1&resize=350%2C200","width":350,"height":200,"srcset":"https:\/\/i0.wp.com\/docmarket-dz.com\/wp-content\/uploads\/2024\/01\/sol-PhotoRoom.png-PhotoRoom.png?fit=600%2C600&ssl=1&resize=350%2C200 1x, https:\/\/i0.wp.com\/docmarket-dz.com\/wp-content\/uploads\/2024\/01\/sol-PhotoRoom.png-PhotoRoom.png?fit=600%2C600&ssl=1&resize=525%2C300 1.5x"},"classes":[]},{"id":24355,"url":"https:\/\/docmarket-dz.com\/index.php\/product\/gel-echo-250-ml-local\/","url_meta":{"origin":30430,"position":3},"title":"Gel Echo 250 ml","author":"falek.h","date":"23\/12\/2022","format":false,"excerpt":"","rel":"","context":"Article similaire","block_context":{"text":"Article similaire","link":""},"img":{"alt_text":"","src":"https:\/\/i0.wp.com\/docmarket-dz.com\/wp-content\/uploads\/2022\/12\/9e8eaecc1cd65860d73df802170296a0-PhotoRoom-e1697443460320.jpg?fit=600%2C600&ssl=1&resize=350%2C200","width":350,"height":200,"srcset":"https:\/\/i0.wp.com\/docmarket-dz.com\/wp-content\/uploads\/2022\/12\/9e8eaecc1cd65860d73df802170296a0-PhotoRoom-e1697443460320.jpg?fit=600%2C600&ssl=1&resize=350%2C200 1x, https:\/\/i0.wp.com\/docmarket-dz.com\/wp-content\/uploads\/2022\/12\/9e8eaecc1cd65860d73df802170296a0-PhotoRoom-e1697443460320.jpg?fit=600%2C600&ssl=1&resize=525%2C300 1.5x"},"classes":[]},{"id":24515,"url":"https:\/\/docmarket-dz.com\/index.php\/product\/gel-ecg-eec-250-ml\/","url_meta":{"origin":30430,"position":4},"title":"GEL ECG\/EEG 250 ML","author":"falek.h","date":"27\/12\/2022","format":false,"excerpt":"","rel":"","context":"Avec 1 commentaire","block_context":{"text":"Avec 1 commentaire","link":"https:\/\/docmarket-dz.com\/index.php\/product\/gel-ecg-eec-250-ml\/#comments"},"img":{"alt_text":"","src":"https:\/\/i0.wp.com\/docmarket-dz.com\/wp-content\/uploads\/2022\/12\/Capture-PhotoRoom-e1672114967945.jpg?fit=600%2C540&ssl=1&resize=350%2C200","width":350,"height":200,"srcset":"https:\/\/i0.wp.com\/docmarket-dz.com\/wp-content\/uploads\/2022\/12\/Capture-PhotoRoom-e1672114967945.jpg?fit=600%2C540&ssl=1&resize=350%2C200 1x, https:\/\/i0.wp.com\/docmarket-dz.com\/wp-content\/uploads\/2022\/12\/Capture-PhotoRoom-e1672114967945.jpg?fit=600%2C540&ssl=1&resize=525%2C300 1.5x"},"classes":[]},{"id":27559,"url":"https:\/\/docmarket-dz.com\/index.php\/product\/betadine-moussante-500-ml\/","url_meta":{"origin":30430,"position":5},"title":"BETADINE MOUSSANTE -500 ML","author":"Somia Belmadani","date":"17\/10\/2023","format":false,"excerpt":"B\u00c9TADINE SCRUB 4 % : solution moussante pour application cutan\u00e9e ; flacon de 500 ML","rel":"","context":"Article similaire","block_context":{"text":"Article similaire","link":""},"img":{"alt_text":"","src":"https:\/\/i0.wp.com\/docmarket-dz.com\/wp-content\/uploads\/2023\/10\/BETADINE-MOUSSANTE-4-1-LITRE-PhotoRoom-e1672565645162.webp?fit=600%2C547&ssl=1&resize=350%2C200","width":350,"height":200,"srcset":"https:\/\/i0.wp.com\/docmarket-dz.com\/wp-content\/uploads\/2023\/10\/BETADINE-MOUSSANTE-4-1-LITRE-PhotoRoom-e1672565645162.webp?fit=600%2C547&ssl=1&resize=350%2C200 1x, https:\/\/i0.wp.com\/docmarket-dz.com\/wp-content\/uploads\/2023\/10\/BETADINE-MOUSSANTE-4-1-LITRE-PhotoRoom-e1672565645162.webp?fit=600%2C547&ssl=1&resize=525%2C300 1.5x"},"classes":[]}],"jetpack_sharing_enabled":true,"tiered_pricing_type":"fixed","tiered_pricing_fixed_rules":[],"tiered_pricing_product_settings":{"layout":"default","base_unit_name":{"singular":null,"plural":null},"default_variation":null},"tiered_pricing_minimum_quantity":null,"tiered_pricing_roles_data":[],"tiered_pricing_percentage_rules":[],"_links":{"self":[{"href":"https:\/\/docmarket-dz.com\/index.php\/wp-json\/wp\/v2\/product\/30430","targetHints":{"allow":["GET"]}}],"collection":[{"href":"https:\/\/docmarket-dz.com\/index.php\/wp-json\/wp\/v2\/product"}],"about":[{"href":"https:\/\/docmarket-dz.com\/index.php\/wp-json\/wp\/v2\/types\/product"}],"replies":[{"embeddable":true,"href":"https:\/\/docmarket-dz.com\/index.php\/wp-json\/wp\/v2\/comments?post=30430"}],"wp:attachment":[{"href":"https:\/\/docmarket-dz.com\/index.php\/wp-json\/wp\/v2\/media?parent=30430"}],"wp:term":[{"taxonomy":"product_brand","embeddable":true,"href":"https:\/\/docmarket-dz.com\/index.php\/wp-json\/wp\/v2\/product_brand?post=30430"},{"taxonomy":"product_cat","embeddable":true,"href":"https:\/\/docmarket-dz.com\/index.php\/wp-json\/wp\/v2\/product_cat?post=30430"},{"taxonomy":"product_tag","embeddable":true,"href":"https:\/\/docmarket-dz.com\/index.php\/wp-json\/wp\/v2\/product_tag?post=30430"}],"curies":[{"name":"wp","href":"https:\/\/api.w.org\/{rel}","templated":true}]}}