{"id":30469,"date":"2025-11-12T15:23:50","date_gmt":"2025-11-12T14:23:50","guid":{"rendered":"https:\/\/docmarket-dz.com\/?post_type=product&#038;p=30469"},"modified":"2025-11-12T15:23:51","modified_gmt":"2025-11-12T14:23:51","slug":"sur-blouse-scratch-40g","status":"publish","type":"product","link":"https:\/\/docmarket-dz.com\/index.php\/product\/sur-blouse-scratch-40g\/","title":{"rendered":"Sur Blouse Scratch 40G"},"content":{"rendered":"","protected":false},"excerpt":{"rendered":"","protected":false},"featured_media":0,"comment_status":"open","ping_status":"closed","template":"","meta":{"content-type":"","om_disable_all_campaigns":false,"_uf_show_specific_survey":0,"_uf_disable_surveys":false,"jetpack_publicize_message":"","jetpack_publicize_feature_enabled":true,"jetpack_social_post_already_shared":true,"jetpack_social_options":{"image_generator_settings":{"template":"highway","default_image_id":0,"font":"","enabled":false},"version":2}},"product_brand":[],"product_cat":[739],"product_tag":[],"class_list":{"0":"post-30469","1":"product","2":"type-product","3":"status-publish","5":"product_cat-acupuncture","7":"first","8":"instock","9":"taxable","10":"shipping-taxable","11":"purchasable","12":"product-type-simple"},"supplier_id":null,"supplier_sku":"","barcode":null,"atum_controlled":true,"out_stock_date":null,"out_stock_threshold":null,"inheritable":false,"inbound_stock":0,"stock_on_hold":0,"sold_today":0,"sales_last_days":0,"reserved_stock":0,"customer_returns":0,"warehouse_damage":0,"lost_in_post":0,"other_logs":0,"out_stock_days":0,"lost_sales":0,"has_location":false,"update_date":"2026-04-10T00:05:14","atum_locations":[],"atum_stock_status":"instock","restock_status":false,"low_stock_amount":"","sales_update_date":"2026-04-10T00:05:14","calc_backorders":null,"aioseo_notices":[],"jetpack_publicize_connections":[],"jetpack-related-posts":[{"id":25208,"url":"https:\/\/docmarket-dz.com\/index.php\/product\/combinaison-jetable-40g\/","url_meta":{"origin":30469,"position":0},"title":"COMBINAISON JETABLE 40G","author":"falek.h","date":"25\/02\/2023","format":false,"excerpt":"","rel":"","context":"Article similaire","block_context":{"text":"Article similaire","link":""},"img":{"alt_text":"","src":"https:\/\/i0.wp.com\/docmarket-dz.com\/wp-content\/uploads\/2023\/02\/combinaison-jetable-categorie-3-iii-type-456-blanc.jpg?fit=380%2C494&ssl=1&resize=350%2C200","width":350,"height":200},"classes":[]},{"id":26175,"url":"https:\/\/docmarket-dz.com\/index.php\/product\/kit-de-litrie-jetable-3pcs-40g\/","url_meta":{"origin":30469,"position":1},"title":"KIT DE LITRIE JETABLE 3PCS 40G","author":"falek.h","date":"12\/03\/2023","format":false,"excerpt":"","rel":"","context":"Article similaire","block_context":{"text":"Article similaire","link":""},"img":{"alt_text":"","src":"","width":0,"height":0},"classes":[]},{"id":26488,"url":"https:\/\/docmarket-dz.com\/index.php\/product\/blouse-isacco\/","url_meta":{"origin":30469,"position":2},"title":"BLOUSE ISACCO","author":"falek.h","date":"01\/01\/1970","format":false,"excerpt":"Cette blouse blanche m\u00e9dicale est manches longues avec une forme slim ajust\u00e9e. D\u00e9couvrez cette blouse\u00a0 m\u00e9dicale, 100% coton avec manches longues et 3 poches, se faire en bouton pressions, par la marque Isacco, une marque italienne. Confortable et pratique, tr\u00e8s bonne qualit\u00e9,\u00a0 elle est id\u00e9ale pour les m\u00e9tiers en laboratoire,\u2026","rel":"","context":"Article similaire","block_context":{"text":"Article similaire","link":""},"img":{"alt_text":"","src":"https:\/\/i0.wp.com\/docmarket-dz.com\/wp-content\/uploads\/1970\/01\/blouse-medicale-100-coton-manches-longues-isacco-pas-chere-1.jpg?fit=600%2C800&ssl=1&resize=350%2C200","width":350,"height":200,"srcset":"https:\/\/i0.wp.com\/docmarket-dz.com\/wp-content\/uploads\/1970\/01\/blouse-medicale-100-coton-manches-longues-isacco-pas-chere-1.jpg?fit=600%2C800&ssl=1&resize=350%2C200 1x, https:\/\/i0.wp.com\/docmarket-dz.com\/wp-content\/uploads\/1970\/01\/blouse-medicale-100-coton-manches-longues-isacco-pas-chere-1.jpg?fit=600%2C800&ssl=1&resize=525%2C300 1.5x"},"classes":[]},{"id":25090,"url":"https:\/\/docmarket-dz.com\/index.php\/product\/blouse-blanche-homme-38-58\/","url_meta":{"origin":30469,"position":3},"title":"BLOUSE BLANCHE &#8211; Tablier Homme","author":"falek.h","date":"24\/02\/2023","format":false,"excerpt":"","rel":"","context":"Article similaire","block_context":{"text":"Article similaire","link":""},"img":{"alt_text":"","src":"https:\/\/i0.wp.com\/docmarket-dz.com\/wp-content\/uploads\/2023\/02\/blouse-pro-blanche-ml-homme-snv-christian.jpg?fit=800%2C800&ssl=1&resize=350%2C200","width":350,"height":200,"srcset":"https:\/\/i0.wp.com\/docmarket-dz.com\/wp-content\/uploads\/2023\/02\/blouse-pro-blanche-ml-homme-snv-christian.jpg?fit=800%2C800&ssl=1&resize=350%2C200 1x, https:\/\/i0.wp.com\/docmarket-dz.com\/wp-content\/uploads\/2023\/02\/blouse-pro-blanche-ml-homme-snv-christian.jpg?fit=800%2C800&ssl=1&resize=525%2C300 1.5x, https:\/\/i0.wp.com\/docmarket-dz.com\/wp-content\/uploads\/2023\/02\/blouse-pro-blanche-ml-homme-snv-christian.jpg?fit=800%2C800&ssl=1&resize=700%2C400 2x"},"classes":[]},{"id":24378,"url":"https:\/\/docmarket-dz.com\/index.php\/product\/blouse-blanche-femme-36-50\/","url_meta":{"origin":30469,"position":4},"title":"BLOUSE BLANCHE &#8211; Tablier Femme","author":"falek.h","date":"23\/12\/2022","format":false,"excerpt":"","rel":"","context":"Article similaire","block_context":{"text":"Article similaire","link":""},"img":{"alt_text":"","src":"https:\/\/i0.wp.com\/docmarket-dz.com\/wp-content\/uploads\/2022\/12\/received_1563388824132734-PhotoRoom-e1673278215912.jpg?fit=600%2C543&ssl=1&resize=350%2C200","width":350,"height":200,"srcset":"https:\/\/i0.wp.com\/docmarket-dz.com\/wp-content\/uploads\/2022\/12\/received_1563388824132734-PhotoRoom-e1673278215912.jpg?fit=600%2C543&ssl=1&resize=350%2C200 1x, https:\/\/i0.wp.com\/docmarket-dz.com\/wp-content\/uploads\/2022\/12\/received_1563388824132734-PhotoRoom-e1673278215912.jpg?fit=600%2C543&ssl=1&resize=525%2C300 1.5x"},"classes":[]}],"jetpack_sharing_enabled":true,"tiered_pricing_type":"fixed","tiered_pricing_fixed_rules":[],"tiered_pricing_product_settings":{"layout":"default","base_unit_name":{"singular":null,"plural":null},"default_variation":null},"tiered_pricing_minimum_quantity":null,"tiered_pricing_roles_data":[],"tiered_pricing_percentage_rules":[],"_links":{"self":[{"href":"https:\/\/docmarket-dz.com\/index.php\/wp-json\/wp\/v2\/product\/30469","targetHints":{"allow":["GET"]}}],"collection":[{"href":"https:\/\/docmarket-dz.com\/index.php\/wp-json\/wp\/v2\/product"}],"about":[{"href":"https:\/\/docmarket-dz.com\/index.php\/wp-json\/wp\/v2\/types\/product"}],"replies":[{"embeddable":true,"href":"https:\/\/docmarket-dz.com\/index.php\/wp-json\/wp\/v2\/comments?post=30469"}],"wp:attachment":[{"href":"https:\/\/docmarket-dz.com\/index.php\/wp-json\/wp\/v2\/media?parent=30469"}],"wp:term":[{"taxonomy":"product_brand","embeddable":true,"href":"https:\/\/docmarket-dz.com\/index.php\/wp-json\/wp\/v2\/product_brand?post=30469"},{"taxonomy":"product_cat","embeddable":true,"href":"https:\/\/docmarket-dz.com\/index.php\/wp-json\/wp\/v2\/product_cat?post=30469"},{"taxonomy":"product_tag","embeddable":true,"href":"https:\/\/docmarket-dz.com\/index.php\/wp-json\/wp\/v2\/product_tag?post=30469"}],"curies":[{"name":"wp","href":"https:\/\/api.w.org\/{rel}","templated":true}]}}