{"id":30470,"date":"2025-11-12T15:58:36","date_gmt":"2025-11-12T14:58:36","guid":{"rendered":"https:\/\/docmarket-dz.com\/?post_type=product&#038;p=30470"},"modified":"2025-11-12T18:14:01","modified_gmt":"2025-11-12T17:14:01","slug":"test-de-grossesse-prescan-b-50-unite-circretes","status":"publish","type":"product","link":"https:\/\/docmarket-dz.com\/index.php\/product\/test-de-grossesse-prescan-b-50-unite-circretes\/","title":{"rendered":"TEST DE GROSSESSE PRESCAN B\/ 50 unit\u00e9 (CIRCRETES )"},"content":{"rendered":"","protected":false},"excerpt":{"rendered":"","protected":false},"featured_media":27399,"comment_status":"open","ping_status":"closed","template":"","meta":{"content-type":"","om_disable_all_campaigns":false,"_uf_show_specific_survey":0,"_uf_disable_surveys":false,"jetpack_publicize_message":"","jetpack_publicize_feature_enabled":true,"jetpack_social_post_already_shared":true,"jetpack_social_options":{"image_generator_settings":{"template":"highway","default_image_id":0,"font":"","enabled":false},"version":2}},"product_brand":[],"product_cat":[487],"product_tag":[],"class_list":{"0":"post-30470","1":"product","2":"type-product","3":"status-publish","4":"has-post-thumbnail","6":"product_cat-medical","8":"first","9":"onbackorder","10":"taxable","11":"shipping-taxable","12":"purchasable","13":"product-type-simple"},"supplier_id":null,"supplier_sku":"","barcode":null,"atum_controlled":true,"out_stock_date":null,"out_stock_threshold":null,"inheritable":false,"inbound_stock":0,"stock_on_hold":0,"sold_today":0,"sales_last_days":0,"reserved_stock":0,"customer_returns":0,"warehouse_damage":0,"lost_in_post":0,"other_logs":0,"out_stock_days":0,"lost_sales":0,"has_location":false,"update_date":"2026-04-15T00:07:10","atum_locations":[],"atum_stock_status":"onbackorder","restock_status":false,"low_stock_amount":"","sales_update_date":"2026-04-15T00:07:10","calc_backorders":null,"aioseo_notices":[],"jetpack_publicize_connections":[],"jetpack-related-posts":[{"id":26387,"url":"https:\/\/docmarket-dz.com\/index.php\/product\/test-de-grossesse-hcg\/","url_meta":{"origin":30470,"position":0},"title":"TEST DE GROSSESSE HCG (SANG ET URINE) Boite de 25 unit\u00e9","author":"falek.h","date":"12\/03\/2023","format":false,"excerpt":"","rel":"","context":"Article similaire","block_context":{"text":"Article similaire","link":""},"img":{"alt_text":"","src":"https:\/\/i0.wp.com\/docmarket-dz.com\/wp-content\/uploads\/2023\/03\/298108-16393421-1.jpg?fit=500%2C500&ssl=1&resize=350%2C200","width":350,"height":200},"classes":[]},{"id":28004,"url":"https:\/\/docmarket-dz.com\/index.php\/product\/autoclave-horizontal-120l-classe-b-avec-imprimante-integree-n-d-le-prix-change-selon-larrivage\/","url_meta":{"origin":30470,"position":1},"title":"Autoclave Horizontal 120L Classe B avec imprimante int\u00e9gr\u00e9e (N.D) \/(Le prix change selon l&#8217;arrivage)","author":"fatmazohra.nasri","date":"04\/11\/2023","format":false,"excerpt":"Ecran tactile avec interface HMI Chambre int\u00e9rieure circulaire horizontale : \u00d8 420 x 880 mm Structure de porte \u00e0 serrure \u00e9lectrique Protection de s\u00e9curit\u00e9 multiple (contre la surchauffe et la suppression) Programme de st\u00e9rilisation : Tissu, instrument, Liquide, BD Test, Test de Vide) Cycle de st\u00e9rilisation d\u00e9finit sur mesure Temp\u00e9rature\u2026","rel":"","context":"Article similaire","block_context":{"text":"Article similaire","link":""},"img":{"alt_text":"","src":"https:\/\/i0.wp.com\/docmarket-dz.com\/wp-content\/uploads\/2023\/12\/76504-17866691.jpg?fit=597%2C597&ssl=1&resize=350%2C200","width":350,"height":200,"srcset":"https:\/\/i0.wp.com\/docmarket-dz.com\/wp-content\/uploads\/2023\/12\/76504-17866691.jpg?fit=597%2C597&ssl=1&resize=350%2C200 1x, https:\/\/i0.wp.com\/docmarket-dz.com\/wp-content\/uploads\/2023\/12\/76504-17866691.jpg?fit=597%2C597&ssl=1&resize=525%2C300 1.5x"},"classes":[]},{"id":30160,"url":"https:\/\/docmarket-dz.com\/index.php\/product\/gants-chirurgicaux-steriles-amola-65en-latex-box-de-50-unite\/","url_meta":{"origin":30470,"position":2},"title":"GANTS CHIRURGICAUX STERILES AMOLA 6,5en LATEX &#8211; Box de 50 unit\u00e9","author":"Amel","date":"02\/06\/2025","format":false,"excerpt":"","rel":"","context":"Article similaire","block_context":{"text":"Article similaire","link":""},"img":{"alt_text":"","src":"","width":0,"height":0},"classes":[]},{"id":28889,"url":"https:\/\/docmarket-dz.com\/index.php\/product\/gants-chirurgicaux-steriles-h-7-en-latex-box-de-50-unite\/","url_meta":{"origin":30470,"position":3},"title":"GANTS CHIRURGICAUX STERILES H 7 en LATEX &#8211; Box de 50 unit\u00e9","author":"Sofiane Arbouche","date":"28\/04\/2024","format":false,"excerpt":"","rel":"","context":"Article similaire","block_context":{"text":"Article similaire","link":""},"img":{"alt_text":"","src":"https:\/\/i0.wp.com\/docmarket-dz.com\/wp-content\/uploads\/2023\/10\/DSW-e1697709391199.jpg?fit=600%2C481&ssl=1&resize=350%2C200","width":350,"height":200,"srcset":"https:\/\/i0.wp.com\/docmarket-dz.com\/wp-content\/uploads\/2023\/10\/DSW-e1697709391199.jpg?fit=600%2C481&ssl=1&resize=350%2C200 1x, https:\/\/i0.wp.com\/docmarket-dz.com\/wp-content\/uploads\/2023\/10\/DSW-e1697709391199.jpg?fit=600%2C481&ssl=1&resize=525%2C300 1.5x"},"classes":[]},{"id":29864,"url":"https:\/\/docmarket-dz.com\/index.php\/product\/gants-chirurgicaux-steriles-medi9-7-5-en-latex-box-de-50-unite\/","url_meta":{"origin":30470,"position":4},"title":"GANTS CHIRURGICAUX STERILES MEDI9 7.5 en LATEX &#8211; Box de 50 unit\u00e9","author":"Sofiane Arbouche","date":"29\/01\/2025","format":false,"excerpt":"","rel":"","context":"Article similaire","block_context":{"text":"Article similaire","link":""},"img":{"alt_text":"","src":"https:\/\/i0.wp.com\/docmarket-dz.com\/wp-content\/uploads\/2025\/01\/Sans-titre-1.png?fit=201%2C251&ssl=1&resize=350%2C200","width":350,"height":200},"classes":[]},{"id":28890,"url":"https:\/\/docmarket-dz.com\/index.php\/product\/gants-chirurgicaux-steriles-h-6-5-en-latex-box-de-50-unite-copie\/","url_meta":{"origin":30470,"position":5},"title":"GANTS CHIRURGICAUX STERILES H 6.5 en LATEX &#8211; Box de 50 unit\u00e9","author":"Sofiane Arbouche","date":"28\/04\/2024","format":false,"excerpt":"","rel":"","context":"Article similaire","block_context":{"text":"Article similaire","link":""},"img":{"alt_text":"","src":"https:\/\/i0.wp.com\/docmarket-dz.com\/wp-content\/uploads\/2023\/10\/DSW-e1697709391199.jpg?fit=600%2C481&ssl=1&resize=350%2C200","width":350,"height":200,"srcset":"https:\/\/i0.wp.com\/docmarket-dz.com\/wp-content\/uploads\/2023\/10\/DSW-e1697709391199.jpg?fit=600%2C481&ssl=1&resize=350%2C200 1x, https:\/\/i0.wp.com\/docmarket-dz.com\/wp-content\/uploads\/2023\/10\/DSW-e1697709391199.jpg?fit=600%2C481&ssl=1&resize=525%2C300 1.5x"},"classes":[]}],"jetpack_sharing_enabled":true,"tiered_pricing_type":"fixed","tiered_pricing_fixed_rules":[],"tiered_pricing_product_settings":{"layout":"default","base_unit_name":{"singular":null,"plural":null},"default_variation":null},"tiered_pricing_minimum_quantity":null,"tiered_pricing_roles_data":[],"tiered_pricing_percentage_rules":[],"_links":{"self":[{"href":"https:\/\/docmarket-dz.com\/index.php\/wp-json\/wp\/v2\/product\/30470","targetHints":{"allow":["GET"]}}],"collection":[{"href":"https:\/\/docmarket-dz.com\/index.php\/wp-json\/wp\/v2\/product"}],"about":[{"href":"https:\/\/docmarket-dz.com\/index.php\/wp-json\/wp\/v2\/types\/product"}],"replies":[{"embeddable":true,"href":"https:\/\/docmarket-dz.com\/index.php\/wp-json\/wp\/v2\/comments?post=30470"}],"wp:featuredmedia":[{"embeddable":true,"href":"https:\/\/docmarket-dz.com\/index.php\/wp-json\/wp\/v2\/media\/27399"}],"wp:attachment":[{"href":"https:\/\/docmarket-dz.com\/index.php\/wp-json\/wp\/v2\/media?parent=30470"}],"wp:term":[{"taxonomy":"product_brand","embeddable":true,"href":"https:\/\/docmarket-dz.com\/index.php\/wp-json\/wp\/v2\/product_brand?post=30470"},{"taxonomy":"product_cat","embeddable":true,"href":"https:\/\/docmarket-dz.com\/index.php\/wp-json\/wp\/v2\/product_cat?post=30470"},{"taxonomy":"product_tag","embeddable":true,"href":"https:\/\/docmarket-dz.com\/index.php\/wp-json\/wp\/v2\/product_tag?post=30470"}],"curies":[{"name":"wp","href":"https:\/\/api.w.org\/{rel}","templated":true}]}}