{"id":30527,"date":"2025-12-02T08:05:12","date_gmt":"2025-12-02T07:05:12","guid":{"rendered":"https:\/\/docmarket-dz.com\/?post_type=product&#038;p=30527"},"modified":"2025-12-02T08:38:39","modified_gmt":"2025-12-02T07:38:39","slug":"tensiometre-automatique-rossmax-modele-z1","status":"publish","type":"product","link":"https:\/\/docmarket-dz.com\/index.php\/product\/tensiometre-automatique-rossmax-modele-z1\/","title":{"rendered":"Tensiom\u00e8tre Automatique &#8211; ROSSMAX &#8211; Mod\u00e8le Z1"},"content":{"rendered":"<p>Ce moniteur de pression art\u00e9rielle a pass\u00e9 les crit\u00e8res de l&#8217;European Society of Hypertension en r\u00e9alisant toutes les exigences. En outre, ce moniteur est conforme \u00e0 la norme requise par l\u2019AAMI (AAMI\/ANSI\/ISO 81060-2).<\/p>\n<h1 class=\"uk-h3 uk-heading-bullet uk-text-primary uk-margin-remove-top uk-margin-remove-bottom\">\u00a0D\u00e9tection de mouvement<\/h1>\n<div class=\"uk-panel uk-margin uk-margin-remove-top\">La \u00abd\u00e9tection de mouvement&#8221; permet de rappeler \u00e0 l&#8217;utilisateur de rester immobile et indique tout mouvement du corps pendant la prise. L&#8217;ic\u00f4ne sp\u00e9cifi\u00e9e appara\u00eet une fois qu\u2019un \u00abmouvement du corps&#8221; ait \u00e9t\u00e9 d\u00e9tect\u00e9 pendant et apr\u00e8s chaque prise.<\/div>\n<h1 class=\"uk-h3 uk-heading-bullet uk-text-primary uk-margin-remove-bottom\">\u00a0D\u00e9tection du brassard<\/h1>\n<div class=\"uk-panel uk-margin uk-margin-remove-top\">D\u00e9tecte et indique si le brassard est enroul\u00e9 autour du bras correctement.<\/div>\n","protected":false},"excerpt":{"rendered":"<p>Ce moniteur de pression art\u00e9rielle a pass\u00e9 les crit\u00e8res de l&#8217;European Society of Hypertension en r\u00e9alisant toutes les exigences. En outre, ce moniteur est conforme \u00e0 la norme requise par l\u2019AAMI (AAMI\/ANSI\/ISO 81060-2). \u00a0D\u00e9tection de mouvement La \u00abd\u00e9tection de mouvement&#8221; permet de rappeler \u00e0 l&#8217;utilisateur de rester immobile et indique tout mouvement du corps pendant [&hellip;]<\/p>\n","protected":false},"featured_media":30529,"comment_status":"open","ping_status":"closed","template":"","meta":{"content-type":"","om_disable_all_campaigns":false,"_uf_show_specific_survey":0,"_uf_disable_surveys":false,"jetpack_publicize_message":"","jetpack_publicize_feature_enabled":true,"jetpack_social_post_already_shared":true,"jetpack_social_options":{"image_generator_settings":{"template":"highway","default_image_id":0,"font":"","enabled":false},"version":2}},"product_brand":[],"product_cat":[739],"product_tag":[],"class_list":{"0":"post-30527","1":"product","2":"type-product","3":"status-publish","4":"has-post-thumbnail","6":"product_cat-acupuncture","8":"first","9":"instock","10":"taxable","11":"shipping-taxable","12":"purchasable","13":"product-type-simple"},"supplier_id":null,"supplier_sku":"","barcode":null,"atum_controlled":true,"out_stock_date":null,"out_stock_threshold":null,"inheritable":false,"inbound_stock":0,"stock_on_hold":1,"sold_today":0,"sales_last_days":0,"reserved_stock":0,"customer_returns":0,"warehouse_damage":0,"lost_in_post":0,"other_logs":0,"out_stock_days":0,"lost_sales":0,"has_location":false,"update_date":"2026-04-10T00:05:13","atum_locations":[],"atum_stock_status":"instock","restock_status":false,"low_stock_amount":"","sales_update_date":"2026-04-10T00:05:13","calc_backorders":null,"aioseo_notices":[],"jetpack_publicize_connections":[],"jetpack-related-posts":[{"id":25389,"url":"https:\/\/docmarket-dz.com\/index.php\/product\/brassard-pour-moniteur-1-voie-pour-neonal\/","url_meta":{"origin":30527,"position":0},"title":"BRASSARD POUR MONITEUR 1 VOIE POUR NEONAL","author":"falek.h","date":"12\/03\/2023","format":false,"excerpt":"BRASSARD POUR MONITEUR 1 VOIE POUR NEONAL","rel":"","context":"Article similaire","block_context":{"text":"Article similaire","link":""},"img":{"alt_text":"","src":"","width":0,"height":0},"classes":[]},{"id":25390,"url":"https:\/\/docmarket-dz.com\/index.php\/product\/brassard-pour-moniteur-2-voie-pour-adulte\/","url_meta":{"origin":30527,"position":1},"title":"BRASSARD POUR MONITEUR 2 VOIE POUR ADULTE","author":"falek.h","date":"12\/03\/2023","format":false,"excerpt":"BRASSARD POUR MONITEUR 2 VOIE POUR ADULTE","rel":"","context":"Article similaire","block_context":{"text":"Article similaire","link":""},"img":{"alt_text":"","src":"","width":0,"height":0},"classes":[]},{"id":25391,"url":"https:\/\/docmarket-dz.com\/index.php\/product\/brassard-pour-moniteur-2-voie-pour-enfant\/","url_meta":{"origin":30527,"position":2},"title":"BRASSARD POUR MONITEUR 2 VOIE POUR ENFANT","author":"falek.h","date":"12\/03\/2023","format":false,"excerpt":"BRASSARD POUR MONITEUR 2 VOIE POUR ENFANT","rel":"","context":"Article similaire","block_context":{"text":"Article similaire","link":""},"img":{"alt_text":"","src":"","width":0,"height":0},"classes":[]},{"id":25392,"url":"https:\/\/docmarket-dz.com\/index.php\/product\/brassard-pour-moniteur-2-voie-pour-neonat\/","url_meta":{"origin":30527,"position":3},"title":"BRASSARD POUR MONITEUR 2 VOIE POUR NEONAT","author":"falek.h","date":"12\/03\/2023","format":false,"excerpt":"BRASSARD POUR MONITEUR 2 VOIE POUR NEONAT","rel":"","context":"Article similaire","block_context":{"text":"Article similaire","link":""},"img":{"alt_text":"","src":"https:\/\/i0.wp.com\/docmarket-dz.com\/wp-content\/uploads\/2023\/03\/BRASSARD-POUR-MONITEUR-2-VOIE-POUR-NEONAT-e1680781444557.jpg?fit=600%2C600&ssl=1&resize=350%2C200","width":350,"height":200,"srcset":"https:\/\/i0.wp.com\/docmarket-dz.com\/wp-content\/uploads\/2023\/03\/BRASSARD-POUR-MONITEUR-2-VOIE-POUR-NEONAT-e1680781444557.jpg?fit=600%2C600&ssl=1&resize=350%2C200 1x, https:\/\/i0.wp.com\/docmarket-dz.com\/wp-content\/uploads\/2023\/03\/BRASSARD-POUR-MONITEUR-2-VOIE-POUR-NEONAT-e1680781444557.jpg?fit=600%2C600&ssl=1&resize=525%2C300 1.5x"},"classes":[]},{"id":25388,"url":"https:\/\/docmarket-dz.com\/index.php\/product\/brassard-pour-moniteur-1-voie-pour-enfant\/","url_meta":{"origin":30527,"position":4},"title":"BRASSARD PNI POUR MONITEUR 1 VOIE POUR ENFANT TAILLE : 14 &#8211; 20 cm","author":"falek.h","date":"12\/03\/2023","format":false,"excerpt":"BRASSARD POUR MONITEUR 1 VOIE POUR ENFANT","rel":"","context":"Article similaire","block_context":{"text":"Article similaire","link":""},"img":{"alt_text":"","src":"https:\/\/i0.wp.com\/docmarket-dz.com\/wp-content\/uploads\/2023\/03\/BRASSARD-POUR-MONITEUR-1-VOIE-POUR-ENFANT-PhotoRoom-e1680781094807.jpg?fit=561%2C600&ssl=1&resize=350%2C200","width":350,"height":200,"srcset":"https:\/\/i0.wp.com\/docmarket-dz.com\/wp-content\/uploads\/2023\/03\/BRASSARD-POUR-MONITEUR-1-VOIE-POUR-ENFANT-PhotoRoom-e1680781094807.jpg?fit=561%2C600&ssl=1&resize=350%2C200 1x, https:\/\/i0.wp.com\/docmarket-dz.com\/wp-content\/uploads\/2023\/03\/BRASSARD-POUR-MONITEUR-1-VOIE-POUR-ENFANT-PhotoRoom-e1680781094807.jpg?fit=561%2C600&ssl=1&resize=525%2C300 1.5x"},"classes":[]},{"id":27492,"url":"https:\/\/docmarket-dz.com\/index.php\/product\/tensiometre-lian-nano-avec-brassard-m-marque-spengler\/","url_meta":{"origin":30527,"position":5},"title":"Tensiometre LIAN nano avec brassard M  spengler","author":"fatmazohra.nasri","date":"16\/10\/2023","format":false,"excerpt":"Tensiom\u00e8tre manopoire Spengler Lian Nano L'essentiel du savoir-faire Spengler. L\u00e9ger mais costaud : Construit en ABS,\u00a0Lian Nano p\u00e8se moins de 150 grammes tout en \u00e9tant tr\u00e8s r\u00e9sistant aux chocs et aux chutes. Contenu Le tensiom\u00e8tre est livr\u00e9 avec un brassard taille Adulte (26-34 cm) et avec une trousse en nylon\u2026","rel":"","context":"Article similaire","block_context":{"text":"Article similaire","link":""},"img":{"alt_text":"","src":"https:\/\/i0.wp.com\/docmarket-dz.com\/wp-content\/uploads\/2023\/10\/91dPMzobjL._SL1500_Spengler.jpg?fit=1034%2C1200&ssl=1&resize=350%2C200","width":350,"height":200,"srcset":"https:\/\/i0.wp.com\/docmarket-dz.com\/wp-content\/uploads\/2023\/10\/91dPMzobjL._SL1500_Spengler.jpg?fit=1034%2C1200&ssl=1&resize=350%2C200 1x, https:\/\/i0.wp.com\/docmarket-dz.com\/wp-content\/uploads\/2023\/10\/91dPMzobjL._SL1500_Spengler.jpg?fit=1034%2C1200&ssl=1&resize=525%2C300 1.5x, https:\/\/i0.wp.com\/docmarket-dz.com\/wp-content\/uploads\/2023\/10\/91dPMzobjL._SL1500_Spengler.jpg?fit=1034%2C1200&ssl=1&resize=700%2C400 2x"},"classes":[]}],"jetpack_sharing_enabled":true,"tiered_pricing_type":"fixed","tiered_pricing_fixed_rules":[],"tiered_pricing_product_settings":{"layout":"default","base_unit_name":{"singular":null,"plural":null},"default_variation":null},"tiered_pricing_minimum_quantity":null,"tiered_pricing_roles_data":[],"tiered_pricing_percentage_rules":[],"_links":{"self":[{"href":"https:\/\/docmarket-dz.com\/index.php\/wp-json\/wp\/v2\/product\/30527","targetHints":{"allow":["GET"]}}],"collection":[{"href":"https:\/\/docmarket-dz.com\/index.php\/wp-json\/wp\/v2\/product"}],"about":[{"href":"https:\/\/docmarket-dz.com\/index.php\/wp-json\/wp\/v2\/types\/product"}],"replies":[{"embeddable":true,"href":"https:\/\/docmarket-dz.com\/index.php\/wp-json\/wp\/v2\/comments?post=30527"}],"wp:featuredmedia":[{"embeddable":true,"href":"https:\/\/docmarket-dz.com\/index.php\/wp-json\/wp\/v2\/media\/30529"}],"wp:attachment":[{"href":"https:\/\/docmarket-dz.com\/index.php\/wp-json\/wp\/v2\/media?parent=30527"}],"wp:term":[{"taxonomy":"product_brand","embeddable":true,"href":"https:\/\/docmarket-dz.com\/index.php\/wp-json\/wp\/v2\/product_brand?post=30527"},{"taxonomy":"product_cat","embeddable":true,"href":"https:\/\/docmarket-dz.com\/index.php\/wp-json\/wp\/v2\/product_cat?post=30527"},{"taxonomy":"product_tag","embeddable":true,"href":"https:\/\/docmarket-dz.com\/index.php\/wp-json\/wp\/v2\/product_tag?post=30527"}],"curies":[{"name":"wp","href":"https:\/\/api.w.org\/{rel}","templated":true}]}}