{"id":30561,"date":"2025-12-09T13:18:22","date_gmt":"2025-12-09T12:18:22","guid":{"rendered":"https:\/\/docmarket-dz.com\/?post_type=product&#038;p=30561"},"modified":"2025-12-09T13:18:23","modified_gmt":"2025-12-09T12:18:23","slug":"urgo-strapping-bande-elastique-adhesive-25m-x-6cm","status":"publish","type":"product","link":"https:\/\/docmarket-dz.com\/index.php\/product\/urgo-strapping-bande-elastique-adhesive-25m-x-6cm\/","title":{"rendered":"Urgo strapping bande \u00e9lastique adh\u00e9sive 2,5m \u00d7 6cm"},"content":{"rendered":"","protected":false},"excerpt":{"rendered":"","protected":false},"featured_media":0,"comment_status":"open","ping_status":"closed","template":"","meta":{"content-type":"","om_disable_all_campaigns":false,"_uf_show_specific_survey":0,"_uf_disable_surveys":false,"jetpack_publicize_message":"","jetpack_publicize_feature_enabled":true,"jetpack_social_post_already_shared":true,"jetpack_social_options":{"image_generator_settings":{"template":"highway","default_image_id":0,"font":"","enabled":false},"version":2}},"product_brand":[],"product_cat":[739],"product_tag":[],"class_list":{"0":"post-30561","1":"product","2":"type-product","3":"status-publish","5":"product_cat-acupuncture","7":"first","8":"instock","9":"taxable","10":"shipping-taxable","11":"purchasable","12":"product-type-simple"},"supplier_id":null,"supplier_sku":"","barcode":null,"atum_controlled":true,"out_stock_date":null,"out_stock_threshold":null,"inheritable":false,"inbound_stock":0,"stock_on_hold":0,"sold_today":0,"sales_last_days":0,"reserved_stock":0,"customer_returns":0,"warehouse_damage":0,"lost_in_post":0,"other_logs":0,"out_stock_days":0,"lost_sales":0,"has_location":false,"update_date":"2026-04-10T00:05:13","atum_locations":[],"atum_stock_status":"instock","restock_status":false,"low_stock_amount":"","sales_update_date":"2026-04-10T00:05:13","calc_backorders":null,"aioseo_notices":[],"jetpack_publicize_connections":[],"jetpack-related-posts":[{"id":28622,"url":"https:\/\/docmarket-dz.com\/index.php\/product\/bande-ph-soins-optiplaste-strapping-2-515-cm\/","url_meta":{"origin":30561,"position":0},"title":"BANDE ELASTIQUE ADHESIVE PH SOINS OPTIPLASTE STRAPPING 15 CM x 2.5 M","author":"s.arbouche","date":"13\/03\/2024","format":false,"excerpt":"","rel":"","context":"Article similaire","block_context":{"text":"Article similaire","link":""},"img":{"alt_text":"","src":"https:\/\/i0.wp.com\/docmarket-dz.com\/wp-content\/uploads\/2024\/03\/IMG_20240318_122514-removebg-preview-1.png?fit=577%2C433&ssl=1&resize=350%2C200","width":350,"height":200,"srcset":"https:\/\/i0.wp.com\/docmarket-dz.com\/wp-content\/uploads\/2024\/03\/IMG_20240318_122514-removebg-preview-1.png?fit=577%2C433&ssl=1&resize=350%2C200 1x, https:\/\/i0.wp.com\/docmarket-dz.com\/wp-content\/uploads\/2024\/03\/IMG_20240318_122514-removebg-preview-1.png?fit=577%2C433&ssl=1&resize=525%2C300 1.5x"},"classes":[]},{"id":24979,"url":"https:\/\/docmarket-dz.com\/index.php\/product\/bande-elastique\/","url_meta":{"origin":30561,"position":1},"title":"Bande \u00e9lastique","author":"falek.h","date":"24\/02\/2023","format":false,"excerpt":"","rel":"","context":"Article similaire","block_context":{"text":"Article similaire","link":""},"img":{"alt_text":"","src":"https:\/\/i0.wp.com\/docmarket-dz.com\/wp-content\/uploads\/2023\/02\/Bande-elastique-1-e1681028600667.jpg?fit=600%2C600&ssl=1&resize=350%2C200","width":350,"height":200,"srcset":"https:\/\/i0.wp.com\/docmarket-dz.com\/wp-content\/uploads\/2023\/02\/Bande-elastique-1-e1681028600667.jpg?fit=600%2C600&ssl=1&resize=350%2C200 1x, https:\/\/i0.wp.com\/docmarket-dz.com\/wp-content\/uploads\/2023\/02\/Bande-elastique-1-e1681028600667.jpg?fit=600%2C600&ssl=1&resize=525%2C300 1.5x"},"classes":[]},{"id":26472,"url":"https:\/\/docmarket-dz.com\/index.php\/product\/applicateur-adhesif\/","url_meta":{"origin":30561,"position":2},"title":"APPLICATEUR ADHESIF","author":"falek.h","date":"01\/01\/1970","format":false,"excerpt":"","rel":"","context":"Article similaire","block_context":{"text":"Article similaire","link":""},"img":{"alt_text":"","src":"","width":0,"height":0},"classes":[]},{"id":26390,"url":"https:\/\/docmarket-dz.com\/index.php\/product\/trousse-celioscopie-sterile\/","url_meta":{"origin":30561,"position":3},"title":"TROUSSE COELIOSCOPIE STERILE","author":"falek.h","date":"12\/03\/2023","format":false,"excerpt":"Les champs de la trousse de c\u0153lioscopie sont soigneusement con\u00e7us pour garantir la s\u00e9curit\u00e9 et l\u2019efficacit\u00e9 face aux exigences particuli\u00e8res de la chirurgie c\u0153lioscopie, et renforcer l\u2019efficacit\u00e9 au bloc op\u00e9ratoire. Les passes tubulures et bandes adh\u00e9sives permettent d\u2019organiser la zone de travail et de conserver un environnement propre et st\u00e9rile,\u2026","rel":"","context":"Article similaire","block_context":{"text":"Article similaire","link":""},"img":{"alt_text":"","src":"https:\/\/i0.wp.com\/docmarket-dz.com\/wp-content\/uploads\/2023\/03\/Capture-tousse-coeloscopie.png?fit=432%2C267&ssl=1&resize=350%2C200","width":350,"height":200},"classes":[]},{"id":26492,"url":"https:\/\/docmarket-dz.com\/index.php\/product\/bonding-3m-universel\/","url_meta":{"origin":30561,"position":4},"title":"BONDING-3M UNIVERSEL","author":"falek.h","date":"17\/03\/2023","format":false,"excerpt":"Adh\u00e9sif am\u00e9lo-dentinaire automordan\u00e7ant La solution adh\u00e9sive polyvalente qui peut \u00eatre utilis\u00e9e pour toutes les techniques et sur toutes les surfaces dans un seul flacon, r\u00e9sultat : Adh\u00e9sion durable pour les restaurations directes et indirectes. Simplicit\u00e9 : Une seule \u00e9tape, une seule couche pour un temps d\u2019application de 35 secondes. Adh\u00e9sif\u2026","rel":"","context":"Article similaire","block_context":{"text":"Article similaire","link":""},"img":{"alt_text":"","src":"https:\/\/i0.wp.com\/docmarket-dz.com\/wp-content\/uploads\/2023\/03\/BONDING-3M-UNIVERSEL.jpg?fit=600%2C600&ssl=1&resize=350%2C200","width":350,"height":200,"srcset":"https:\/\/i0.wp.com\/docmarket-dz.com\/wp-content\/uploads\/2023\/03\/BONDING-3M-UNIVERSEL.jpg?fit=600%2C600&ssl=1&resize=350%2C200 1x, https:\/\/i0.wp.com\/docmarket-dz.com\/wp-content\/uploads\/2023\/03\/BONDING-3M-UNIVERSEL.jpg?fit=600%2C600&ssl=1&resize=525%2C300 1.5x"},"classes":[]},{"id":24202,"url":"https:\/\/docmarket-dz.com\/index.php\/product\/tampon-sec-2\/","url_meta":{"origin":30561,"position":5},"title":"Boite Tampon sec","author":"falek.h","date":"19\/12\/2022","format":false,"excerpt":"Lingette non tiss\u00e9e 8cm x 6cm Emballage duplex Boite de 150","rel":"","context":"Article similaire","block_context":{"text":"Article similaire","link":""},"img":{"alt_text":"","src":"https:\/\/i0.wp.com\/docmarket-dz.com\/wp-content\/uploads\/2022\/12\/tampon-sec-PhotoRoom2-e1671461162211.jpg?fit=600%2C502&ssl=1&resize=350%2C200","width":350,"height":200,"srcset":"https:\/\/i0.wp.com\/docmarket-dz.com\/wp-content\/uploads\/2022\/12\/tampon-sec-PhotoRoom2-e1671461162211.jpg?fit=600%2C502&ssl=1&resize=350%2C200 1x, https:\/\/i0.wp.com\/docmarket-dz.com\/wp-content\/uploads\/2022\/12\/tampon-sec-PhotoRoom2-e1671461162211.jpg?fit=600%2C502&ssl=1&resize=525%2C300 1.5x"},"classes":[]}],"jetpack_sharing_enabled":true,"tiered_pricing_type":"fixed","tiered_pricing_fixed_rules":[],"tiered_pricing_product_settings":{"layout":"default","base_unit_name":{"singular":null,"plural":null},"default_variation":null},"tiered_pricing_minimum_quantity":null,"tiered_pricing_roles_data":[],"tiered_pricing_percentage_rules":[],"_links":{"self":[{"href":"https:\/\/docmarket-dz.com\/index.php\/wp-json\/wp\/v2\/product\/30561","targetHints":{"allow":["GET"]}}],"collection":[{"href":"https:\/\/docmarket-dz.com\/index.php\/wp-json\/wp\/v2\/product"}],"about":[{"href":"https:\/\/docmarket-dz.com\/index.php\/wp-json\/wp\/v2\/types\/product"}],"replies":[{"embeddable":true,"href":"https:\/\/docmarket-dz.com\/index.php\/wp-json\/wp\/v2\/comments?post=30561"}],"wp:attachment":[{"href":"https:\/\/docmarket-dz.com\/index.php\/wp-json\/wp\/v2\/media?parent=30561"}],"wp:term":[{"taxonomy":"product_brand","embeddable":true,"href":"https:\/\/docmarket-dz.com\/index.php\/wp-json\/wp\/v2\/product_brand?post=30561"},{"taxonomy":"product_cat","embeddable":true,"href":"https:\/\/docmarket-dz.com\/index.php\/wp-json\/wp\/v2\/product_cat?post=30561"},{"taxonomy":"product_tag","embeddable":true,"href":"https:\/\/docmarket-dz.com\/index.php\/wp-json\/wp\/v2\/product_tag?post=30561"}],"curies":[{"name":"wp","href":"https:\/\/api.w.org\/{rel}","templated":true}]}}