{"id":30641,"date":"2026-01-08T14:52:48","date_gmt":"2026-01-08T13:52:48","guid":{"rendered":"https:\/\/docmarket-dz.com\/?post_type=product&#038;p=30641"},"modified":"2026-03-15T23:21:40","modified_gmt":"2026-03-15T22:21:40","slug":"gel-echo-ecg-5kg-local","status":"publish","type":"product","link":"https:\/\/docmarket-dz.com\/index.php\/product\/gel-echo-ecg-5kg-local\/","title":{"rendered":"GEL ECHO\/ ECG 5KG LOCAL"},"content":{"rendered":"","protected":false},"excerpt":{"rendered":"","protected":false},"featured_media":0,"comment_status":"open","ping_status":"closed","template":"","meta":{"content-type":"","om_disable_all_campaigns":false,"_uf_show_specific_survey":0,"_uf_disable_surveys":false,"jetpack_publicize_message":"","jetpack_publicize_feature_enabled":true,"jetpack_social_post_already_shared":true,"jetpack_social_options":{"image_generator_settings":{"template":"highway","default_image_id":0,"font":"","enabled":false},"version":2}},"product_brand":[],"product_cat":[487],"product_tag":[],"class_list":{"0":"post-30641","1":"product","2":"type-product","3":"status-publish","5":"product_cat-medical","7":"first","8":"outofstock","9":"taxable","10":"shipping-taxable","11":"purchasable","12":"product-type-simple"},"supplier_id":24815,"supplier_sku":"","barcode":null,"atum_controlled":true,"out_stock_date":null,"out_stock_threshold":null,"inheritable":false,"inbound_stock":0,"stock_on_hold":0,"sold_today":0,"sales_last_days":0,"reserved_stock":0,"customer_returns":0,"warehouse_damage":0,"lost_in_post":0,"other_logs":0,"out_stock_days":0,"lost_sales":0,"has_location":true,"update_date":"2026-04-17T08:49:01","atum_locations":[{"id":948,"name":"D","slug":"d"}],"atum_stock_status":"outofstock","restock_status":false,"low_stock_amount":"","sales_update_date":"2026-04-17T08:49:01","calc_backorders":null,"aioseo_notices":[],"jetpack_publicize_connections":[],"jetpack-related-posts":[{"id":27857,"url":"https:\/\/docmarket-dz.com\/index.php\/product\/gel-echo-ecg-5l-transparant\/","url_meta":{"origin":30641,"position":0},"title":"GEL ECHO\/ ECG 5L TRANSPARANT","author":"fatmazohra.nasri","date":"20\/11\/2023","format":false,"excerpt":"","rel":"","context":"Article similaire","block_context":{"text":"Article similaire","link":""},"img":{"alt_text":"","src":"https:\/\/i0.wp.com\/docmarket-dz.com\/wp-content\/uploads\/2023\/11\/Sans-titre.png?fit=225%2C225&ssl=1&resize=350%2C200","width":350,"height":200},"classes":[]},{"id":24355,"url":"https:\/\/docmarket-dz.com\/index.php\/product\/gel-echo-250-ml-local\/","url_meta":{"origin":30641,"position":1},"title":"Gel Echo 250 ml","author":"falek.h","date":"23\/12\/2022","format":false,"excerpt":"","rel":"","context":"Article similaire","block_context":{"text":"Article similaire","link":""},"img":{"alt_text":"","src":"https:\/\/i0.wp.com\/docmarket-dz.com\/wp-content\/uploads\/2022\/12\/9e8eaecc1cd65860d73df802170296a0-PhotoRoom-e1697443460320.jpg?fit=600%2C600&ssl=1&resize=350%2C200","width":350,"height":200,"srcset":"https:\/\/i0.wp.com\/docmarket-dz.com\/wp-content\/uploads\/2022\/12\/9e8eaecc1cd65860d73df802170296a0-PhotoRoom-e1697443460320.jpg?fit=600%2C600&ssl=1&resize=350%2C200 1x, https:\/\/i0.wp.com\/docmarket-dz.com\/wp-content\/uploads\/2022\/12\/9e8eaecc1cd65860d73df802170296a0-PhotoRoom-e1697443460320.jpg?fit=600%2C600&ssl=1&resize=525%2C300 1.5x"},"classes":[]},{"id":24515,"url":"https:\/\/docmarket-dz.com\/index.php\/product\/gel-ecg-eec-250-ml\/","url_meta":{"origin":30641,"position":2},"title":"GEL ECG\/EEG 250 ML","author":"falek.h","date":"27\/12\/2022","format":false,"excerpt":"","rel":"","context":"Avec 1 commentaire","block_context":{"text":"Avec 1 commentaire","link":"https:\/\/docmarket-dz.com\/index.php\/product\/gel-ecg-eec-250-ml\/#comments"},"img":{"alt_text":"","src":"https:\/\/i0.wp.com\/docmarket-dz.com\/wp-content\/uploads\/2022\/12\/Capture-PhotoRoom-e1672114967945.jpg?fit=600%2C540&ssl=1&resize=350%2C200","width":350,"height":200,"srcset":"https:\/\/i0.wp.com\/docmarket-dz.com\/wp-content\/uploads\/2022\/12\/Capture-PhotoRoom-e1672114967945.jpg?fit=600%2C540&ssl=1&resize=350%2C200 1x, https:\/\/i0.wp.com\/docmarket-dz.com\/wp-content\/uploads\/2022\/12\/Capture-PhotoRoom-e1672114967945.jpg?fit=600%2C540&ssl=1&resize=525%2C300 1.5x"},"classes":[]},{"id":27541,"url":"https:\/\/docmarket-dz.com\/index.php\/product\/gel-echo-5-kg\/","url_meta":{"origin":30641,"position":3},"title":"GEL ECHO 5 KG","author":"fatmazohra.nasri","date":"03\/12\/2023","format":false,"excerpt":"","rel":"","context":"Article similaire","block_context":{"text":"Article similaire","link":""},"img":{"alt_text":"","src":"https:\/\/i0.wp.com\/docmarket-dz.com\/wp-content\/uploads\/2023\/10\/IMG_1661-1-PhotoRoom.png-PhotoRoom.jpg?fit=598%2C601&ssl=1&resize=350%2C200","width":350,"height":200,"srcset":"https:\/\/i0.wp.com\/docmarket-dz.com\/wp-content\/uploads\/2023\/10\/IMG_1661-1-PhotoRoom.png-PhotoRoom.jpg?fit=598%2C601&ssl=1&resize=350%2C200 1x, https:\/\/i0.wp.com\/docmarket-dz.com\/wp-content\/uploads\/2023\/10\/IMG_1661-1-PhotoRoom.png-PhotoRoom.jpg?fit=598%2C601&ssl=1&resize=525%2C300 1.5x"},"classes":[]},{"id":27871,"url":"https:\/\/docmarket-dz.com\/index.php\/product\/ventouse-pour-ecg-jeu-de-6\/","url_meta":{"origin":30641,"position":4},"title":"Ventouse pour ECG &#8211; Sac de 6 unit\u00e9s","author":"fatmazohra.nasri","date":"25\/11\/2023","format":false,"excerpt":"Ces \u00e9lectrodes (poires) pr\u00e9cordiales sont con\u00e7ues pour l'enregistrement d'\u00e9lectrocardiogrammes de routine. Leur ventouse en m\u00e9tal adh\u00e8re \u00e0 la peau du patient gr\u00e2ce \u00e0 la d\u00e9pression obtenue en pressant la poire. Elles sont adapt\u00e9es \u00e0 des cables dot\u00e9s de diff\u00e9rents types de connexion : fiche banane, pression, pince. R\u00e9utilisables, elles sont\u2026","rel":"","context":"Article similaire","block_context":{"text":"Article similaire","link":""},"img":{"alt_text":"","src":"https:\/\/i0.wp.com\/docmarket-dz.com\/wp-content\/uploads\/2023\/11\/IMG_1995-PhotoRoom.png-PhotoRoom.png?fit=606%2C608&ssl=1&resize=350%2C200","width":350,"height":200,"srcset":"https:\/\/i0.wp.com\/docmarket-dz.com\/wp-content\/uploads\/2023\/11\/IMG_1995-PhotoRoom.png-PhotoRoom.png?fit=606%2C608&ssl=1&resize=350%2C200 1x, https:\/\/i0.wp.com\/docmarket-dz.com\/wp-content\/uploads\/2023\/11\/IMG_1995-PhotoRoom.png-PhotoRoom.png?fit=606%2C608&ssl=1&resize=525%2C300 1.5x"},"classes":[]},{"id":25878,"url":"https:\/\/docmarket-dz.com\/index.php\/product\/appareil-ecg-12-pistes-ecg-200l-avec-interpretation-sur-chariot\/","url_meta":{"origin":30641,"position":5},"title":"Appareil ECG 12 pistes ECG 200L Avec Interpretation Sur Chariot","author":"falek.h","date":"12\/03\/2023","format":false,"excerpt":"","rel":"","context":"Article similaire","block_context":{"text":"Article similaire","link":""},"img":{"alt_text":"","src":"","width":0,"height":0},"classes":[]}],"jetpack_sharing_enabled":true,"tiered_pricing_type":"fixed","tiered_pricing_fixed_rules":[],"tiered_pricing_product_settings":{"layout":"default","base_unit_name":{"singular":null,"plural":null},"default_variation":null},"tiered_pricing_minimum_quantity":null,"tiered_pricing_roles_data":[],"tiered_pricing_percentage_rules":[],"_links":{"self":[{"href":"https:\/\/docmarket-dz.com\/index.php\/wp-json\/wp\/v2\/product\/30641","targetHints":{"allow":["GET"]}}],"collection":[{"href":"https:\/\/docmarket-dz.com\/index.php\/wp-json\/wp\/v2\/product"}],"about":[{"href":"https:\/\/docmarket-dz.com\/index.php\/wp-json\/wp\/v2\/types\/product"}],"replies":[{"embeddable":true,"href":"https:\/\/docmarket-dz.com\/index.php\/wp-json\/wp\/v2\/comments?post=30641"}],"wp:attachment":[{"href":"https:\/\/docmarket-dz.com\/index.php\/wp-json\/wp\/v2\/media?parent=30641"}],"wp:term":[{"taxonomy":"product_brand","embeddable":true,"href":"https:\/\/docmarket-dz.com\/index.php\/wp-json\/wp\/v2\/product_brand?post=30641"},{"taxonomy":"product_cat","embeddable":true,"href":"https:\/\/docmarket-dz.com\/index.php\/wp-json\/wp\/v2\/product_cat?post=30641"},{"taxonomy":"product_tag","embeddable":true,"href":"https:\/\/docmarket-dz.com\/index.php\/wp-json\/wp\/v2\/product_tag?post=30641"}],"curies":[{"name":"wp","href":"https:\/\/api.w.org\/{rel}","templated":true}]}}